{"id":23,"date":"2021-05-20T07:00:41","date_gmt":"2021-05-20T07:00:41","guid":{"rendered":"https:\/\/favourites.migatronic.com\/\/?page_id=23"},"modified":"2022-02-17T15:49:54","modified_gmt":"2022-02-17T14:49:54","slug":"help","status":"publish","type":"page","link":"https:\/\/favourites.migatronic.com\/cz\/help\/","title":{"rendered":"N\u00e1pov\u011bda"},"content":{"rendered":"<p>[et_pb_section fb_built=&#8221;1&#8243; _builder_version=&#8221;4.14.7&#8243; _module_preset=&#8221;default&#8221; background_color=&#8221;#F6F7F9&#8243; custom_padding=&#8221;||150px||false|false&#8221; global_colors_info=&#8221;{}&#8221;][et_pb_row _builder_version=&#8221;4.9.4&#8243; _module_preset=&#8221;default&#8221; global_colors_info=&#8221;{%22gcid-dd211686-4416-4bfc-8c9c-149ca2277c42%22:%91%93}&#8221;][et_pb_column type=&#8221;4_4&#8243; _builder_version=&#8221;4.9.4&#8243; _module_preset=&#8221;default&#8221; global_colors_info=&#8221;{}&#8221;][et_pb_text disabled_on=&#8221;off|on|off&#8221; _builder_version=&#8221;4.9.4&#8243; _module_preset=&#8221;default&#8221; header_font=&#8221;|600|||||||&#8221; header_text_color=&#8221;#16171A&#8221; header_font_size=&#8221;50px&#8221; header_line_height=&#8221;1.3em&#8221; custom_margin=&#8221;20px||30px||false|false&#8221; custom_margin_tablet=&#8221;&#8221; custom_margin_phone=&#8221;&#8221; custom_margin_last_edited=&#8221;on|tablet&#8221; header_text_color_tablet=&#8221;#16171a&#8221; header_text_color_phone=&#8221;&#8221; header_text_color_last_edited=&#8221;on|tablet&#8221; header_font_size_tablet=&#8221;&#8221; header_font_size_phone=&#8221;40px&#8221; header_font_size_last_edited=&#8221;on|tablet&#8221; global_colors_info=&#8221;{}&#8221;]<\/p>\n<h1 style=\"text-align: center;\">\u010casto kladen\u00e9 ot\u00e1zky<\/h1>\n<p>[\/et_pb_text][\/et_pb_column][\/et_pb_row][et_pb_row column_structure=&#8221;1_2,1_2&#8243; use_custom_gutter=&#8221;on&#8221; gutter_width=&#8221;2&#8243; _builder_version=&#8221;4.14.7&#8243; _module_preset=&#8221;default&#8221; hover_enabled=&#8221;0&#8243; global_colors_info=&#8221;{%22gcid-dd211686-4416-4bfc-8c9c-149ca2277c42%22:%91%93}&#8221; sticky_enabled=&#8221;0&#8243;][et_pb_column type=&#8221;1_2&#8243; _builder_version=&#8221;4.9.4&#8243; _module_preset=&#8221;default&#8221; global_colors_info=&#8221;{}&#8221;][et_pb_accordion open_toggle_text_color=&#8221;#1C392A&#8221; open_toggle_background_color=&#8221;#E6F5E7&#8243; closed_toggle_text_color=&#8221;#45494d&#8221; closed_toggle_background_color=&#8221;#ffffff&#8221; toggle_icon=&#8221;&#xf078;||fa||900&#8243; icon_color=&#8221;#0C402A&#8221; use_icon_font_size=&#8221;on&#8221; _builder_version=&#8221;4.14.7&#8243; _module_preset=&#8221;default&#8221; toggle_text_color=&#8221;#16171a&#8221; toggle_font=&#8221;|600|||||||&#8221; toggle_font_size=&#8221;20px&#8221; toggle_line_height=&#8221;1.6em&#8221; closed_toggle_font=&#8221;||||||||&#8221; closed_toggle_font_size=&#8221;20px&#8221; closed_toggle_line_height=&#8221;1.6em&#8221; body_text_color=&#8221;#08442B&#8221; body_line_height=&#8221;1.6em&#8221; custom_margin=&#8221;||||false|false&#8221; custom_margin_tablet=&#8221;&#8221; custom_margin_phone=&#8221;&#8221; custom_margin_last_edited=&#8221;on|desktop&#8221; hover_enabled=&#8221;0&#8243; border_width_all=&#8221;0px&#8221; global_colors_info=&#8221;{}&#8221; open_toggle_text_color__hover_enabled=&#8221;off|desktop&#8221; sticky_enabled=&#8221;0&#8243;][et_pb_accordion_item title=&#8221;Dummy &#8211; Invisible&#8221; open=&#8221;on&#8221; _builder_version=&#8221;4.14.7&#8243; _module_preset=&#8221;default&#8221; custom_margin=&#8221;10px||10px||true|false&#8221; hover_enabled=&#8221;0&#8243; custom_css_main_element=&#8221;display:none;&#8221; global_colors_info=&#8221;{}&#8221; toggle_font_size_tablet=&#8221;&#8221; toggle_font_size_phone=&#8221;&#8221; toggle_font_size_last_edited=&#8221;on|phone&#8221; sticky_enabled=&#8221;0&#8243;][\/et_pb_accordion_item][et_pb_accordion_item title=&#8221;What is a Migatronic Favourite machine? &#8221; _builder_version=&#8221;4.14.7&#8243; _module_preset=&#8221;default&#8221; hover_enabled=&#8221;0&#8243; global_colors_info=&#8221;{}&#8221; toggle_font_size_tablet=&#8221;&#8221; toggle_font_size_phone=&#8221;&#8221; toggle_font_size_last_edited=&#8221;on|phone&#8221; open=&#8221;off&#8221; custom_margin=&#8221;10px||10px||true|false&#8221; sticky_enabled=&#8221;0&#8243;]<\/p>\n<p>Migatronic Favourites jsou na\u0161imi z\u00e1kazn\u00edky obl\u00edben\u00e9 konfigurace na\u0161ich \u0161pi\u010dkov\u00fdch sv\u00e1\u0159e\u010dek pro ka\u017ed\u00fd druh pr\u00e1ce. Vyzna\u010duj\u00ed se vysokou spolehlivost\u00ed, rychlou dostupnost\u00ed a skv\u011blou cenou.<\/p>\n<p>[\/et_pb_accordion_item][et_pb_accordion_item title=\"Mohu zm\u011bnit zahrnut\u00e9 vybaven\u00ed? \" _builder_version=\"4.10.8\u2033 _module_preset=\"default\" custom_margin=\"10px||10px||true|false\" global_colors_info=\"{}\" toggle_font_size_tablet=\"\" toggle_font_size_phone=\"\" toggle_font_size_last_edited=\"on|phone\" open=\"off\"]<\/p>\n<p>Ano, nem\u016f\u017eeme ale zaru\u010dit stejnou cenu a dobu dod\u00e1n\u00ed. Migatronic Favourites jsou p\u0159edkonfigurovan\u00e9 sv\u00e1\u0159e\u010dky s pevnou cenou, co\u017e v\u00e1m zajist\u00ed rychl\u00e9 dod\u00e1n\u00ed a v\u00fdhodnou cenu.<\/p>\n<p>[\/et_pb_accordion_item][et_pb_accordion_item title=\"Mohu si stroj Favourite p\u0159izp\u016fsobit? \" _builder_version=\"4.10.8\u2033 _module_preset=\"default\" custom_margin=\"10px||10px||true|false\" global_colors_info=\"{}\" toggle_font_size_tablet=\"\" toggle_font_size_phone=\"\" toggle_font_size_last_edited=\"on|phone\" title__hover_enabled=\"off|desktop\" open=\"off\"]<\/p>\n<p>N\u00e1\u0161 kompletn\u00ed sortiment v\u00fdrobk\u016f je \u0161irok\u00fd a specializovan\u00fd a ka\u017ed\u00fd den dod\u00e1v\u00e1me \u0159e\u0161en\u00ed pro sva\u0159ov\u00e1n\u00ed na zak\u00e1zku z\u00e1kazn\u00edk\u016fm s vysok\u00fdm nasazen\u00edm. Pokud p\u0159edkonfigurovan\u00fd stroj Favourite neodpov\u00edd\u00e1 va\u0161im pot\u0159eb\u00e1m, pod\u00edvejte se na n\u00e1\u0161 kompletn\u00ed sortiment na str\u00e1nk\u00e1ch migatronic.com.<\/p>\n<p>[\/et_pb_accordion_item][et_pb_accordion_item title=\"Jak objednat stroj Favourite? \" _builder_version=\"4.10.7\u2033 _module_preset=\"default\" custom_margin=\"10px||10px||true|false\" global_colors_info=\"{}\" toggle_font_size_tablet=\"\" toggle_font_size_phone=\"\" toggle_font_size_last_edited=\"on|phone\" open=\"off\"]<\/p>\n<p>Pro objedn\u00e1n\u00ed kontaktujte m\u00edstn\u00edho prodejce Migatronic Favourites. Prodejce najdete zde.<\/p>\n<p>[\/et_pb_accordion_item][et_pb_accordion_item title=\"Jak\u00e9 jsou mo\u017enosti dopravy? \" _builder_version=\"4.10.8\u2033 _module_preset=\"default\" custom_margin=\"10px||10px||true|false\" global_colors_info=\"{}\" toggle_font_size_tablet=\"\" toggle_font_size_phone=\"\" toggle_font_size_last_edited=\"on|phone\" open=\"off\"]<\/p>\n<p>Mo\u017enosti p\u0159epravy z\u00e1vis\u00ed na tom, co v\u00e1m m\u016f\u017ee nab\u00eddnout m\u00edstn\u00ed prodejce.<\/p>\n<p>[\/et_pb_accordion_item][et_pb_accordion_item title=\"Kdo je zodpov\u011bdn\u00fd za slu\u017ebu?\" _builder_version=\"4.10.7\u2033 _module_preset=\"default\" global_colors_info=\"{}\" open=\"off\"]<\/p>\n<p>M\u00e1me rozs\u00e1hlou s\u00ed\u0165 autorizovan\u00fdch servisn\u00edch partner\u016f, kte\u0159\u00ed prov\u00e1d\u011bj\u00ed profesion\u00e1ln\u00ed servis v\u010detn\u011b kalibrace a validace. Obra\u0165te se na m\u00edstn\u00edho prodejce nebo servisn\u00edho partnera. Najdete je zde.<\/p>\n<p>[\/et_pb_accordion_item][\/et_pb_accordion][\/et_pb_column][et_pb_column type=\"1_2\u2033 _builder_version=\"4.9.4\u2033 _module_preset=\"default\" global_colors_info=\"{}\"][et_pb_accordion open_toggle_text_color=\"#1C392A\" open_toggle_background_color=\"#E6F5E7\u2033 closed_toggle_text_color=\"#45494d\" closed_toggle_background_color=\"#ffffff\" toggle_icon=\"||fa||900\u2033 icon_color=\"#0C402A\" use_icon_font_size=\"on\" _builder_version=\"4.14.7\u2033 _module_preset=\"default\" toggle_text_color=\"#16171a\" toggle_font=\"|600|||||||\" toggle_font_size=\"20px\" toggle_line_height=\"1.6em\" closed_toggle_font=\"||||||||\" closed_toggle_font_size=\"20px\" closed_toggle_line_height=\"1.6em\" body_text_color=\"#08442B\" body_line_height=\"1.6em\" custom_margin=\"||||false|false\" custom_margin_tablet=\"\" custom_margin_last_edited=\"on|desktop\" border_width_all=\"0px\" global_colors_info=\"{}\" open_toggle_text_color__hover_enabled=\"off|desktop\" sticky_enabled=\"0\u2033 custom_margin_phone=\"\"][et_pb_accordion_item title=\"Dummy - Invisible\" open=\"on\" _builder_version=\"4.14.7\u2033 _module_preset=\"default\" custom_margin=\"10px||10px||true|false\" hover_enabled=\"0\u2033 custom_css_main_element=\"display:toggle_font_size_tablet=\"\" toggle_font_size_phone=\"\" toggle_font_size_last_edited=\"on|phone\" sticky_enabled=\"0\u2033][\/et_pb_accordion_item][et_pb_accordion_item title=\"Mohu si nechat p\u0159edv\u00e9st konkr\u00e9tn\u00ed stroj?\" _builder_version=\"4.14.7\u2033 _module_preset=\"default\" hover_enabled=\"0\u2033 global_colors_info=\"{}\" open=\"off\" sticky_enabled=\"0\u2033]<\/p>\n<p>S nejv\u011bt\u0161\u00ed pravd\u011bpodobnost\u00ed ano. Obra\u0165te se na m\u00edstn\u00edho prodejce Migatronic Favourites a zadejte dotaz na p\u0159edveden\u00ed.<\/p>\n<p>[\/et_pb_accordion_item][et_pb_accordion_item title=\"M\u016f\u017eete mi pomoci s v\u00fdb\u011brem spr\u00e1vn\u00e9ho stroje pro m\u00e9 pot\u0159eby? \" _builder_version=\"4.14.7\u2033 _module_preset=\"default\" custom_margin=\"10px||10px||true|false\" hover_enabled=\"0\u2033 global_colors_info=\"{}\" toggle_font_size_tablet=\"\" toggle_font_size_phone=\"\" toggle_font_size_last_edited=\"on|phone\" open=\"off\" sticky_enabled=\"0\u2033]<\/p>\n<p>M\u00e1te dv\u011b mo\u017enosti. 1) Odpov\u011bzte na n\u011bkolik ot\u00e1zek v na\u0161em <a href=\"https:\/\/favourites.migatronic.com\/cz\/find-your-favourite\/welding-proces\/\">Vyhled\u00e1va\u010di produkt\u016f Favourites<\/a> k z\u00fa\u017een\u00ed mo\u017enost\u00ed. 2) Obra\u0165te se na m\u00edstn\u00edho prodejce Migatronic Favourites a z\u00edskejte individu\u00e1ln\u00ed poradenstv\u00ed p\u0159i hled\u00e1n\u00ed spr\u00e1vn\u00e9ho Favourite, kter\u00fd odpov\u00edd\u00e1 va\u0161im pot\u0159eb\u00e1m.<\/p>\n<p>[\/et_pb_accordion_item][et_pb_accordion_item title=\"Jak dlouh\u00e1 je z\u00e1ru\u010dn\u00ed doba?\" _builder_version=\"4.10.8\u2033 _module_preset=\"default\" custom_margin=\"10px||10px||true|false\" global_colors_info=\"{}\" toggle_font_size_tablet=\"\" toggle_font_size_phone=\"\" toggle_font_size_last_edited=\"on|phone\" open=\"off\"]<\/p>\n<p>Z\u00e1ru\u010dn\u00ed doba je u nov\u00fdch sv\u00e1\u0159e\u010dek v\u017edy 2 roky. Na n\u011bkter\u00e9 stroje Favourite m\u016f\u017eete z\u00edskat a\u017e 3 nebo 5 let z\u00e1ruky. Pro z\u00edsk\u00e1n\u00ed prodlou\u017een\u00e9 z\u00e1ruky zaregistrujte nov\u011b zakoupenou sv\u00e1\u0159e\u010dku Favourite na str\u00e1nk\u00e1ch migatronic.com\/warranty nejpozd\u011bji do 30 dn\u016f od data n\u00e1kupu.<\/p>\n<p>[\/et_pb_accordion_item][et_pb_accordion_item title=\"Kdo je Migatronic? \" _builder_version=\"4.10.7\u2033 _module_preset=\"default\" custom_margin=\"10px||10px||true|false\" global_colors_info=\"{}\" toggle_font_size_tablet=\"\" toggle_font_size_phone=\"\" toggle_font_size_last_edited=\"on|phone\" open=\"off\"]<\/p>\n<p>Jsme d\u00e1nsk\u00e1 v\u00fdvojov\u00e1 a v\u00fdrobn\u00ed spole\u010dnost zam\u011b\u0159en\u00e1 na sva\u0159ov\u00e1n\u00ed. D\u00edky p\u011bti desetilet\u00edm specializovan\u00e9ho know-how poskytujeme vysoce kvalitn\u00ed sva\u0159ovac\u00ed stroje, kter\u00e9 p\u0159in\u00e1\u0161ej\u00ed na\u0161im z\u00e1kazn\u00edk\u016fm p\u0159idanou hodnotu. P\u0159e\u010dt\u011bte si o n\u00e1s v\u00edce <a href=\"https:\/\/favourites.migatronic.com\/cz\/about\/\">zde.<\/a><\/p>\n<p>[\/et_pb_accordion_item][et_pb_accordion_item title=\"Co je\u0161t\u011b nab\u00edz\u00ed Migatronic? \" _builder_version=\"4.10.7\u2033 _module_preset=\"default\" custom_margin=\"10px||10px||true|false\" global_colors_info=\"{}\" toggle_font_size_tablet=\"\" toggle_font_size_phone=\"\" toggle_font_size_last_edited=\"on|phone\" open=\"off\"]<\/p>\n<p>Nab\u00edz\u00edme \u0161irok\u00fd v\u00fdb\u011br sva\u0159ovac\u00edch stroj\u016f a softwaru, r\u016fzn\u00e9ho p\u0159\u00edslu\u0161enstv\u00ed a spot\u0159ebn\u00edho materi\u00e1lu, jako\u017e i automatizovan\u00e1 sva\u0159ovac\u00ed \u0159e\u0161en\u00ed v\u010detn\u011b kolaborativn\u00edho sva\u0159ovac\u00edho robota CoWelder. Nav\u0161tivte migatronic.com a prohl\u00e9dn\u011bte si v\u0161echny na\u0161e produkty a \u0159e\u0161en\u00ed.<\/p>\n<p>[\/et_pb_accordion_item][et_pb_accordion_item title=\"Jak mohu kontaktovat Migatronic? \" _builder_version=\"4.10.7\u2033 _module_preset=\"default\" custom_margin=\"10px||10px||true|false\" global_colors_info=\"{}\" toggle_font_size_tablet=\"\" toggle_font_size_phone=\"\" toggle_font_size_last_edited=\"on|phone\" open=\"off\"]<\/p>\n<p>M\u016f\u017eete n\u00e1m zavolat, poslat e-mail nebo zpr\u00e1vu prost\u0159ednictv\u00edm kontaktn\u00edho formul\u00e1\u0159e na t\u011bchto str\u00e1nk\u00e1ch. Najd\u011bte v\u0161echny na\u0161e kontaktn\u00ed informace <a href=\"https:\/\/favourites.migatronic.com\/cz\/contact\/\">zde.<\/a><\/p>\n<p>[\/et_pb_accordion_item][\/et_pb_accordion][\/et_pb_column][\/et_pb_row][\/et_pb_section]<\/p>","protected":false},"excerpt":{"rendered":"<p>\u010casto kladen\u00e9 ot\u00e1zkyMigatronic Favourites jsou na\u0161imi z\u00e1kazn\u00edky obl\u00edben\u00e9 konfigurace na\u0161ich \u0161pi\u010dkov\u00fdch sv\u00e1\u0159e\u010dek pro ka\u017ed\u00fd typ pr\u00e1ce. Vyzna\u010duj\u00ed se vysokou spolehlivost\u00ed, rychlou dostupnost\u00ed a skv\u011blou cenou. ano, ale nem\u016f\u017eeme zaru\u010dit stejnou cenu a dodac\u00ed lh\u016ftu. Migatronic Favourites jsou p\u0159edkonfigurovan\u00e9 sva\u0159ovac\u00ed stroje s pevnou cenou, kter\u00e9 zaji\u0161\u0165uj\u00ed rychlou dostupnost a [...]<\/p>","protected":false},"author":1,"featured_media":0,"parent":0,"menu_order":2,"comment_status":"closed","ping_status":"closed","template":"","meta":{"_et_pb_use_builder":"on","_et_pb_old_content":"","_et_gb_content_width":"","footnotes":""},"class_list":["post-23","page","type-page","status-publish","hentry"],"_links":{"self":[{"href":"https:\/\/favourites.migatronic.com\/cz\/wp-json\/wp\/v2\/pages\/23","targetHints":{"allow":["GET"]}}],"collection":[{"href":"https:\/\/favourites.migatronic.com\/cz\/wp-json\/wp\/v2\/pages"}],"about":[{"href":"https:\/\/favourites.migatronic.com\/cz\/wp-json\/wp\/v2\/types\/page"}],"author":[{"embeddable":true,"href":"https:\/\/favourites.migatronic.com\/cz\/wp-json\/wp\/v2\/users\/1"}],"replies":[{"embeddable":true,"href":"https:\/\/favourites.migatronic.com\/cz\/wp-json\/wp\/v2\/comments?post=23"}],"version-history":[{"count":1,"href":"https:\/\/favourites.migatronic.com\/cz\/wp-json\/wp\/v2\/pages\/23\/revisions"}],"predecessor-version":[{"id":6352,"href":"https:\/\/favourites.migatronic.com\/cz\/wp-json\/wp\/v2\/pages\/23\/revisions\/6352"}],"wp:attachment":[{"href":"https:\/\/favourites.migatronic.com\/cz\/wp-json\/wp\/v2\/media?parent=23"}],"curies":[{"name":"wp","href":"https:\/\/api.w.org\/{rel}","templated":true}]}}