{"id":30,"date":"2021-08-12T08:53:30","date_gmt":"2021-05-20T07:19:45","guid":{"rendered":"https:\/\/favourites.migatronic.com\/\/?page_id=30"},"modified":"2022-02-17T06:59:54","modified_gmt":"2022-02-17T05:59:54","slug":"find-your-favourite","status":"publish","type":"page","link":"https:\/\/favourites.migatronic.com\/cz\/favourites\/find-your-favourite\/","title":{"rendered":"Najd\u011bte sv\u016fj Favourite"},"content":{"rendered":"<p>[et_pb_section fb_built=&#8221;1&#8243; _builder_version=&#8221;4.9.11&#8243; _module_preset=&#8221;default&#8221; background_color=&#8221;#f2f3f4&#8243; background_enable_image=&#8221;off&#8221; width_tablet=&#8221;&#8221; width_phone=&#8221;&#8221; width_last_edited=&#8221;on|phone&#8221; global_colors_info=&#8221;{}&#8221;][et_pb_row custom_padding_last_edited=&#8221;on|tablet&#8221; _builder_version=&#8221;4.9.11&#8243; _module_preset=&#8221;default&#8221; custom_padding_tablet=&#8221;&#8221; custom_padding_phone=&#8221;0px|0px|0px|0px|true|true&#8221; animation_style=&#8221;zoom&#8221; animation_intensity_zoom=&#8221;10%&#8221; animation_starting_opacity=&#8221;80%&#8221; hover_enabled=&#8221;0&#8243; global_colors_info=&#8221;{%22gcid-dd211686-4416-4bfc-8c9c-149ca2277c42%22:%91%93}&#8221; custom_padding=&#8221;0px||||false|false&#8221; custom_margin=&#8221;0px||||false|false&#8221; sticky_enabled=&#8221;0&#8243;][et_pb_column type=&#8221;4_4&#8243; _builder_version=&#8221;4.9.11&#8243; _module_preset=&#8221;default&#8221; background_enable_color=&#8221;off&#8221; transform_translate_linked__hover=&#8221;off&#8221; custom_padding=&#8221;41px|20px|41px|20px|true|true&#8221; border_radii=&#8221;on|30px|30px|30px|30px&#8221; global_colors_info=&#8221;{}&#8221; background_color__hover=&#8221;#ffffff&#8221; background_enable_color__hover=&#8221;on&#8221; box_shadow_color__hover=&#8221;rgba(22,23,26,0.15)&#8221; box_shadow_color__hover_enabled=&#8221;on|desktop&#8221;][et_pb_text disabled_on=&#8221;off|off|off&#8221; _builder_version=&#8221;4.9.11&#8243; _module_preset=&#8221;default&#8221; text_font=&#8221;|300|||||||&#8221; text_font_size=&#8221;35px&#8221; text_line_height=&#8221;1.5em&#8221; text_orientation=&#8221;center&#8221; width=&#8221;60%&#8221; width_tablet=&#8221;100%&#8221; width_phone=&#8221;&#8221; width_last_edited=&#8221;on|desktop&#8221; module_alignment=&#8221;center&#8221; custom_padding_tablet=&#8221;&#8221; custom_padding_phone=&#8221;|0px||0px|false|false&#8221; custom_padding_last_edited=&#8221;on|phone&#8221; text_font_size_tablet=&#8221;31px&#8221; text_font_size_phone=&#8221;30px&#8221; text_font_size_last_edited=&#8221;on|desktop&#8221; global_colors_info=&#8221;{}&#8221;]<\/p>\n<p style=\"text-align: center;\">Jak\u00fd <strong>proces sva\u0159ov\u00e1n\u00ed<\/strong> pou\u017e\u00edv\u00e1te nej\u010dast\u011bji?<\/p>\n<p>[\/et_pb_text][\/et_pb_column][\/et_pb_row][et_pb_row column_structure=&#8221;1_3,1_3,1_3&#8243; use_custom_gutter=&#8221;on&#8221; gutter_width=&#8221;2&#8243; make_equal=&#8221;on&#8221; custom_padding_last_edited=&#8221;on|desktop&#8221; disabled_on=&#8221;on|off|off&#8221; _builder_version=&#8221;4.9.11&#8243; _module_preset=&#8221;default&#8221; width_tablet=&#8221;50%&#8221; width_phone=&#8221;100%&#8221; width_last_edited=&#8221;on|tablet&#8221; custom_padding=&#8221;15px||15px||true|false&#8221; custom_padding_tablet=&#8221;0px||||false|false&#8221; custom_padding_phone=&#8221;20px||20px||true|false&#8221; border_radii_tablet=&#8221;&#8221; border_radii_phone=&#8221;on||||&#8221; border_radii_last_edited=&#8221;on|desktop&#8221; global_colors_info=&#8221;{%22gcid-dd211686-4416-4bfc-8c9c-149ca2277c42%22:%91%93}&#8221; filter_saturate__hover_enabled=&#8221;on|desktop&#8221;][et_pb_column type=&#8221;1_3&#8243; _builder_version=&#8221;4.9.11&#8243; _module_preset=&#8221;default&#8221; background_color=&#8221;#ffffff&#8221; background_color_gradient_start=&#8221;#ffffff&#8221; background_color_gradient_end=&#8221;#f2f3f4&#8243; custom_padding=&#8221;80px|20px|40px|20px|false|true&#8221; custom_padding_tablet=&#8221;40px|20px|40px|20px|false|true&#8221; custom_padding_phone=&#8221;&#8221; custom_padding_last_edited=&#8221;on|tablet&#8221; animation_style=&#8221;slide&#8221; animation_direction=&#8221;bottom&#8221; animation_duration=&#8221;750ms&#8221; animation_intensity_slide=&#8221;2%&#8221; background_last_edited=&#8221;on|tablet&#8221; use_background_color_gradient_tablet=&#8221;off&#8221; use_background_color_gradient_phone=&#8221;on&#8221; background_color_gradient_end_phone=&#8221;#ffffff&#8221; border_radii=&#8221;on|12px|12px|12px|12px&#8221; border_radii_tablet=&#8221;&#8221; border_radii_phone=&#8221;on|0px|0px|0px|0px&#8221; border_radii_last_edited=&#8221;on|desktop&#8221; global_colors_info=&#8221;{}&#8221; background__hover_enabled=&#8221;off|hover&#8221; background_color__hover=&#8221;#ffffff&#8221; background_enable_color__hover=&#8221;on&#8221; box_shadow_color__hover_enabled=&#8221;on|desktop&#8221; box_shadow_color__hover=&#8221;rgba(22,23,26,0.15)&#8221;][et_pb_blurb title=&#8221;MIG\/MAG&#8221; _builder_version=&#8221;4.9.11&#8243; _module_preset=&#8221;default&#8221; header_font=&#8221;|600|||||||&#8221; header_text_align=&#8221;center&#8221; header_text_color=&#8221;#16171A&#8221; header_font_size=&#8221;28px&#8221; header_line_height=&#8221;1.4em&#8221; body_text_align=&#8221;center&#8221; body_text_color=&#8221;#1C392A&#8221; body_font_size=&#8221;20px&#8221; body_line_height=&#8221;1.6em&#8221; background_enable_color=&#8221;off&#8221; text_orientation=&#8221;center&#8221; header_font_size_tablet=&#8221;&#8221; header_font_size_phone=&#8221;20px&#8221; header_font_size_last_edited=&#8221;on|phone&#8221; global_colors_info=&#8221;{}&#8221;]<\/p>\n<p><span style=\"font-weight: 400;\">V\u0161echny stroje t\u00e9to kategorie jsou vybaveny tak\u00e9 sva\u0159ov\u00e1n\u00edm MMA\/obalenou elektrodou<\/span><\/p>\n<p>[\/et_pb_blurb][et_pb_button button_url=\"@ET-DC@eyJkeW5hbWljIjp0cnVlLCJjb250ZW50IjoicG9zdF9saW5rX3VybF9wYWdlIiwic2V0dGluZ3MiOnsicG9zdF9pZCI6IjE3OSJ9fQ==@\" button_text=\"Choose\" button_alignment=\"center\" _builder_version=\"4.9.11\u2033 _dynamic_attributes=\"button_url\" _module_preset=\"default\" button_text_color=\"#16171A\" button_bg_color=\"#e9edf2\u2033 custom_margin=\"45px|20px||20px|false|true\" custom_css_main_element=\"width:Box_shadow_style=\"preset3\u2033 box_shadow_vertical=\"7px\" box_shadow_blur=\"5px\" box_shadow_color=\"rgba(22,23,26,0.08)\" global_colors_info=\"{}\" custom_css_main_element_last_edited=\"on|desktop\" custom_css_main_element_tablet=\"width:60%;\" custom_css_main_element_phone=\"width:Tla\u010d\u00edtko_bg_color__hover_enabled=\"on|desktop\" button_bg_color__hover=\"#abe0b8\u2033 button_bg_enable_color__hover=\"on\" button_text_color__hover_enabled=\"on|desktop\" box_shadow_color__hover_enabled=\"on|desktop\" box_shadow_color__hover=\"rgba(171,224,184,0.6)\" box_shadow_spread__hover_enabled=\"on|desktop\" box_shadow_spread__hover=\"0px\" box_shadow_blur__hover_enabled=\"on|hover\" box_shadow_blur__hover=\"17px\" box_shadow_vertical__hover_enabled=\"on|desktop\"][\/et_pb_button][\/et_pb_column][et_pb_column type=\"1_3\u2033 _builder_version=\"4.9.11\u2033 _module_preset=\"default\" background_color=\"#ffffff\" background_color_gradient_start=\"#ffffff\" background_color_gradient_end=\"#f2f3f4\u2033 custom_padding=\"80px|20px|40px|20px|false|true\" custom_padding_tablet=\"40px|20px|40px|20px|false|true\" custom_padding_phone=\"\" custom_padding_last_edited=\"on|tablet\" animation_style=\"slide\" animation_direction=\"bottom\" animation_duration=\"750ms\" animation_delay=\"100ms\" animation_intensity_slide=\"2%\" background_last_edited=\"on|tablet\" use_background_color_gradient_tablet=\"off\" use_background_color_gradient_phone=\"on\" background_color_gradient_end_phone=\"#ffffff\" border_radii=\"on|12px|12px|12px|12px\" border_radii_tablet=\"\" border_radii_phone=\"on|0px|0px|0px|0px\" border_radii_last_edited=\"on|desktop\" global_colors_info=\"{}\" box_shadow_color__hover=\"rgba(22,23,26,0.15)\" box_shadow_color__hover_enabled=\"on|desktop\" background__hover_enabled=\"off|hover\" background_color__hover=\"#ffffff\" background_enable_color__hover=\"on\"][et_pb_blurb title=\"TIG\" _builder_version=\"4.9.11\u2033 _module_preset=\"default\" header_font=\"|600|||||||\" header_text_align=\"center\" header_text_color=\"#16171A\" header_font_size=\"28px\" header_line_height=\"1.4em\" body_text_align=\"center\" body_text_color=\"#1C392A\" body_font_size=\"20px\" body_line_height=\"1.6em\" background_enable_color=\"off\" text_orientation=\"center\" header_font_size_tablet=\"\" header_font_size_phone=\"20px\" header_font_size_last_edited=\"on|phone\" global_colors_info=\"{}\"]<\/p>\n<p><span style=\"font-weight: 400;\">V\u0161echny stroje t\u00e9to kategorie jsou vybaveny tak\u00e9 sva\u0159ov\u00e1n\u00edm MMA\/obalenou elektrodou<\/span><\/p>\n<p>[\/et_pb_blurb][et_pb_button button_url=\"@ET-DC@eyJkeW5hbWljIjp0cnVlLCJjb250ZW50IjoicG9zdF9saW5rX3VybF9wYWdlIiwic2V0dGluZ3MiOnsicG9zdF9pZCI6Ijk3In19@\" button_text=\"Choose\" button_alignment=\"center\" _builder_version=\"4.9.11\u2033 _dynamic_attributes=\"button_url\" _module_preset=\"default\" button_text_color=\"#16171A\" button_bg_color=\"#e9edf2\u2033 custom_margin=\"45px|20px||20px|false|true\" custom_css_main_element=\"width:Box_shadow_style=\"preset3\u2033 box_shadow_vertical=\"7px\" box_shadow_blur=\"5px\" box_shadow_color=\"rgba(22,23,26,0.08)\" global_colors_info=\"{}\" button_text_color__hover=\"#1C392A\" button_text_color__hover_enabled=\"on|desktop\" box_shadow_horizontal__hover_enabled=\"on|desktop\" box_shadow_vertical__hover=\"12px\" box_shadow_vertical__hover_enabled=\"on|desktop\" custom_css_main_element_last_edited=\"on|phone\" custom_css_main_element_tablet=\"width:60%;\" custom_css_main_element_phone=\"width:100%;\" button_bg_color__hover=\"#abe0b8\u2033 button_bg_color__hover_enabled=\"on|desktop\" box_shadow_blur__hover=\"17px\" box_shadow_blur__hover_enabled=\"on|hover\" box_shadow_spread__hover=\"0px\" box_shadow_spread__hover_enabled=\"on|desktop\" box_shadow_color__hover=\"rgba(171,224,184,0.6)\" box_shadow_color__hover_enabled=\"on|desktop\" transform_translate_linked__hover=\"off\"][\/et_pb_button][\/et_pb_column][et_pb_column type=\"1_3\u2033 _builder_version=\"4.9.11\u2033 _module_preset=\"default\" background_color=\"#ffffff\" background_color_gradient_start=\"#ffffff\" background_color_gradient_end=\"#f2f3f4\u2033 custom_padding=\"80px|20px|40px|20px|false|true\" custom_padding_tablet=\"40px|20px|40px|20px|false|true\" custom_padding_phone=\"\" custom_padding_last_edited=\"on|tablet\" animation_style=\"slide\" animation_direction=\"bottom\" animation_duration=\"750ms\" animation_delay=\"200ms\" animation_intensity_slide=\"2%\" background_last_edited=\"on|tablet\" use_background_color_gradient_tablet=\"off\" use_background_color_gradient_phone=\"on\" background_color_gradient_end_phone=\"#ffffff\" border_radii=\"on|12px|12px|12px|12px\" border_radii_tablet=\"\" border_radii_phone=\"on|0px|0px|0px|0px\" border_radii_last_edited=\"on|desktop\" global_colors_info=\"{}\" box_shadow_color__hover=\"rgba(22,23,26,0.15)\" box_shadow_color__hover_enabled=\"on|desktop\" background__hover_enabled=\"off|hover\" background_color__hover=\"#ffffff\" background_enable_color__hover=\"on\"][et_pb_blurb title=\"MMA\" _builder_version=\"4.9.4\u2033 _module_preset=\"default\" header_font=\"|600|||||||\" header_text_align=\"center\" header_text_color=\"#16171A\" header_font_size=\"28px\" header_line_height=\"1.4em\" body_text_align=\"center\" body_text_color=\"#1C392A\" body_font_size=\"20px\" body_line_height=\"1.6em\" background_enable_color=\"off\" text_orientation=\"center\" header_font_size_tablet=\"\" header_font_size_phone=\"20px\" header_font_size_last_edited=\"on|phone\" global_colors_info=\"{}\"]<\/p>\n<p><span style=\"font-weight: 400;\">Tato kategorie obsahuje pouze stroje pro sva\u0159ov\u00e1n\u00ed MMA\/obalenou elektrodou.<\/span><\/p>\n<p>[\/et_pb_blurb][et_pb_button button_url=\"@ET-DC@eyJkeW5hbWljIjp0cnVlLCJjb250ZW50IjoicG9zdF9saW5rX3VybF9wYWdlIiwic2V0dGluZ3MiOnsicG9zdF9pZCI6IjY2MiJ9fQ==@\" button_text=\"Choose\" button_alignment=\"center\" _builder_version=\"4.9.11\u2033 _dynamic_attributes=\"button_url\" _module_preset=\"default\" button_text_color=\"#16171A\" button_bg_color=\"#e9edf2\u2033 custom_margin=\"45px|20px||20px|false|true\" custom_css_main_element=\"width:Box_shadow_style=\"preset3\u2033 box_shadow_vertical=\"7px\" box_shadow_blur=\"5px\" box_shadow_color=\"rgba(22,23,26,0.08)\" global_colors_info=\"{}\" button_text_color__hover=\"#1C392A\" button_text_color__hover_enabled=\"on|desktop\" box_shadow_horizontal__hover_enabled=\"on|desktop\" box_shadow_vertical__hover=\"12px\" box_shadow_vertical__hover_enabled=\"on|desktop\" custom_css_main_element_tablet=\"width:60%;\" custom_css_main_element_phone=\"width:100%;\" custom_css_main_element_last_edited=\"on|phone\" button_bg_color__hover=\"#abe0b8\u2033 button_bg_color__hover_enabled=\"on|desktop\" box_shadow_blur__hover=\"17px\" box_shadow_blur__hover_enabled=\"on|hover\" box_shadow_spread__hover=\"0px\" box_shadow_spread__hover_enabled=\"on|desktop\" box_shadow_color__hover=\"rgba(171,224,184,0.6)\" box_shadow_color__hover_enabled=\"on|desktop\" transform_translate_linked__hover=\"off\"][\/et_pb_button][\/et_pb_column][\/et_pb_row][et_pb_row _builder_version=\"4.9.11\u2033 _module_preset=\"default\" global_colors_info=\"{}\"][et_pb_column type=\"4_4\u2033 _builder_version=\"4.9.11\u2033 _module_preset=\"default\" global_colors_info=\"{}\"][et_pb_cta title=\"MIG\/MAG\" button_url=\"@ET-DC@eyJkeW5hbWljIjp0cnVlLCJjb250ZW50IjoicG9zdF9saW5rX3VybF9wYWdlIiwic2V0dGluZ3MiOnsicG9zdF9pZCI6IjE3OSJ9fQ==@\" button_text=\"Choose\" disabled_on=\"off|on|on\" _builder_version=\"4.9.11\u2033 _dynamic_attributes=\"button_url\" _module_preset=\"default\" header_font=\"|600|||||||\" header_text_align=\"center\" header_text_color=\"#16171A\" body_font_size=\"16px\" body_line_height=\"1.8em\" background_color=\"#ffffff\" custom_button=\"zapnuto\" button_text_size=\"14px\" button_text_color=\"#08442B\" button_bg_color=\"#ABE0B8\u2033 button_border_width=\"0px\" button_border_radius=\"4px\" button_font=\"|700|||on|||||\" button_use_icon=\"vypnuto\" button_alignment=\"center\" button_custom_padding=\"10px|30px|10px|30px|true|true\" text_orientation=\"left\" background_layout=\"light\" module_alignment=\"left\" custom_padding=\"||||false|false\" animation_style=\"slide\" animation_direction=\"bottom\" animation_intensity_slide=\"3%\" custom_css_promo_button=\"min-width:25%;\" border_radii=\"on|8px|8px|8px|8px\" global_colors_info=\"{}\" button_text_color__hover=\"#1C392A\" button_text_color__hover_enabled=\"on|hover\"]<\/p>\n<p style=\"text-align: center;\"><span>V\u0161echny stroje t\u00e9to kategorie jsou vybaveny tak\u00e9 sva\u0159ov\u00e1n\u00edm MMA\/obalenou elektrodou<\/span><\/p>\n<p>[\/et_pb_cta][et_pb_cta title=\"TIG\" button_url=\"@ET-DC@eyJkeW5hbWljIjp0cnVlLCJjb250ZW50IjoicG9zdF9saW5rX3VybF9wYWdlIiwic2V0dGluZ3MiOnsicG9zdF9pZCI6Ijk3In19@\" button_text=\"Choose\" disabled_on=\"off|on|on\" _builder_version=\"4.9.11\u2033 _dynamic_attributes=\"button_url\" _module_preset=\"default\" header_font=\"|600|||||||\" header_text_align=\"center\" header_text_color=\"#16171A\" body_font_size=\"16px\" body_line_height=\"1.8em\" background_color=\"#ffffff\" custom_button=\"zapnuto\" button_text_size=\"14px\" button_text_color=\"#08442B\" button_bg_color=\"#ABE0B8\u2033 button_border_width=\"0px\" button_border_radius=\"4px\" button_font=\"|700|||on|||||\" button_use_icon=\"vypnuto\" button_alignment=\"center\" button_custom_padding=\"10px|30px|10px|30px|true|true\" text_orientation=\"left\" background_layout=\"light\" module_alignment=\"left\" custom_padding=\"||||false|false\" animation_style=\"slide\" animation_direction=\"bottom\" animation_intensity_slide=\"3%\" custom_css_promo_button=\"min-width:25%;\" border_radii=\"on|8px|8px|8px|8px\" global_colors_info=\"{}\" button_text_color__hover=\"#1C392A\" button_text_color__hover_enabled=\"on|hover\"]<\/p>\n<p style=\"text-align: center;\"><span>V\u0161echny stroje t\u00e9to kategorie jsou vybaveny tak\u00e9 sva\u0159ov\u00e1n\u00edm MMA\/obalenou elektrodou<\/span><\/p>\n<p>[\/et_pb_cta][et_pb_cta title=\"MMA\" button_url=\"@ET-DC@eyJkeW5hbWljIjp0cnVlLCJjb250ZW50IjoicG9zdF9saW5rX3VybF9wYWdlIiwic2V0dGluZ3MiOnsicG9zdF9pZCI6IjY2MiJ9fQ==@\" button_text=\"Choose\" disabled_on=\"off|on|on\" _builder_version=\"4.9.11\u2033 _dynamic_attributes=\"button_url\" _module_preset=\"default\" header_font=\"|600|||||||\" header_text_align=\"center\" header_text_color=\"#16171A\" body_font_size=\"16px\" body_line_height=\"1.8em\" background_color=\"#ffffff\" custom_button=\"zapnuto\" button_text_size=\"14px\" button_text_color=\"#08442B\" button_bg_color=\"#ABE0B8\u2033 button_border_width=\"0px\" button_border_radius=\"4px\" button_font=\"|700|||on|||||\" button_use_icon=\"vypnuto\" button_alignment=\"center\" button_custom_padding=\"10px|30px|10px|30px|true|true\" text_orientation=\"left\" background_layout=\"light\" module_alignment=\"left\" custom_padding=\"||||false|false\" animation_style=\"slide\" animation_direction=\"bottom\" animation_intensity_slide=\"3%\" custom_css_promo_button=\"min-width:25%;\" border_radii=\"on|8px|8px|8px|8px\" global_colors_info=\"{}\" button_text_color__hover=\"#1C392A\" button_text_color__hover_enabled=\"on|hover\"]<\/p>\n<p style=\"text-align: center;\"><span style=\"font-weight: 400;\">Tato kategorie obsahuje pouze stroje pro sva\u0159ov\u00e1n\u00ed MMA\/obalenou elektrodou.<\/span><\/p>\n<p>[\/et_pb_cta][\/et_pb_column][\/et_pb_row][et_pb_row _builder_version=\"4.9.11\u2033 _module_preset=\"default\" global_colors_info=\"{}\"][et_pb_column type=\"4_4\u2033 _builder_version=\"4.9.11\u2033 _module_preset=\"default\" global_colors_info=\"{}\"][et_pb_button button_text=\"@ET-DC@eyJkeW5hbWljIjp0cnVlLCJjb250ZW50IjoicG9zdF9tZXRhX2tleSIsInNldHRpbmdzIjp7ImJlZm9yZSI6IjxpIGNsYXNzPVwiZmFzIGZhLWFuZ2xlLWxlZnRcIiBhcmlhLWhpZGRlbj1cInRydWVcIj48L2k+ICIsImFmdGVyIjoiR28gYmFjayIsIm1ldGFfa2V5IjoiIiwiZW5hYmxlX2h0bWwiOiJvZmYifX0=@\u201d button_alignment=\"center\" button_text_tablet=\"\" button_text_phone=\"\" button_text_last_edited=\"on|desktop\" module_id=\"pa-back-button\" _builder_version=\"4.9.11\u2033 _dynamic_attributes=\"button_text\" _module_preset=\"default\" button_text_color=\"#757A80\u2033 button_bg_color=\"#dae0e5\u2033 custom_margin=\"45px|20px||20px|false|true\" box_shadow_style=\"preset3\u2033 box_shadow_vertical=\"7px\" box_shadow_blur=\"5px\" box_shadow_color=\"rgba(22,23,26,0.08)\" locked=\"off\" global_colors_info=\"{}\" button_text_color__hover=\"#1C392A\" button_text_color__hover_enabled=\"on|desktop\" box_shadow_horizontal__hover_enabled=\"on|desktop\" box_shadow_vertical__hover=\"12px\" box_shadow_vertical__hover_enabled=\"on|desktop\" custom_css_main_element_last_edited=\"off|desktop\" custom_css_main_element_phone=\"width:100%;\" button_bg_color__hover=\"#abe0b8\u2033 button_bg_color__hover_enabled=\"on|desktop\" box_shadow_blur__hover=\"17px\" box_shadow_blur__hover_enabled=\"on|hover\" box_shadow_spread__hover=\"0px\" box_shadow_spread__hover_enabled=\"on|desktop\" box_shadow_color__hover=\"rgba(171,224,184,0.6)\" box_shadow_color__hover_enabled=\"on|desktop\" transform_translate_linked__hover=\"off\"][\/et_pb_button][\/et_pb_column][\/et_pb_row][\/et_pb_section]<\/p>","protected":false},"excerpt":{"rendered":"<p>Jak\u00fd sva\u0159ovac\u00ed proces nej\u010dast\u011bji pou\u017e\u00edv\u00e1te?V\u0161echny stroje v t\u00e9to kategorii zahrnuj\u00ed tak\u00e9 sva\u0159ov\u00e1n\u00ed MMA\/stick.V\u0161echny stroje v t\u00e9to kategorii zahrnuj\u00ed tak\u00e9 sva\u0159ov\u00e1n\u00ed MMA\/stick.Tato kategorie upozor\u0148uje pouze na stroje MMA\/stick.V\u0161echny stroje v t\u00e9to kategorii zahrnuj\u00ed tak\u00e9 sva\u0159ov\u00e1n\u00ed MMA\/stick.V\u0161echny stroje v t\u00e9to kategorii zahrnuj\u00ed tak\u00e9 sva\u0159ov\u00e1n\u00ed MMA\/stick.Tato kategorie upozor\u0148uje pouze na stroje MMA\/stick.<\/p>","protected":false},"author":2,"featured_media":0,"parent":17,"menu_order":10,"comment_status":"closed","ping_status":"closed","template":"","meta":{"_et_pb_use_builder":"on","_et_pb_old_content":"","_et_gb_content_width":"","footnotes":""},"class_list":["post-30","page","type-page","status-publish","hentry"],"_links":{"self":[{"href":"https:\/\/favourites.migatronic.com\/cz\/wp-json\/wp\/v2\/pages\/30","targetHints":{"allow":["GET"]}}],"collection":[{"href":"https:\/\/favourites.migatronic.com\/cz\/wp-json\/wp\/v2\/pages"}],"about":[{"href":"https:\/\/favourites.migatronic.com\/cz\/wp-json\/wp\/v2\/types\/page"}],"author":[{"embeddable":true,"href":"https:\/\/favourites.migatronic.com\/cz\/wp-json\/wp\/v2\/users\/2"}],"replies":[{"embeddable":true,"href":"https:\/\/favourites.migatronic.com\/cz\/wp-json\/wp\/v2\/comments?post=30"}],"version-history":[{"count":0,"href":"https:\/\/favourites.migatronic.com\/cz\/wp-json\/wp\/v2\/pages\/30\/revisions"}],"up":[{"embeddable":true,"href":"https:\/\/favourites.migatronic.com\/cz\/wp-json\/wp\/v2\/pages\/17"}],"wp:attachment":[{"href":"https:\/\/favourites.migatronic.com\/cz\/wp-json\/wp\/v2\/media?parent=30"}],"curies":[{"name":"wp","href":"https:\/\/api.w.org\/{rel}","templated":true}]}}