{"id":21,"date":"2021-05-20T07:00:16","date_gmt":"2021-05-20T07:00:16","guid":{"rendered":"https:\/\/favourites.migatronic.com\/\/?page_id=21"},"modified":"2022-02-17T06:49:20","modified_gmt":"2022-02-17T05:49:20","slug":"about","status":"publish","type":"page","link":"https:\/\/favourites.migatronic.com\/da\/om\/","title":{"rendered":"Om"},"content":{"rendered":"<p>[et_pb_section fb_built=&#8221;1&#8243; custom_padding_last_edited=&#8221;on|desktop&#8221; disabled_on=&#8221;off|off|off&#8221; _builder_version=&#8221;4.14.7&#8243; _module_preset=&#8221;default&#8221; background_color_gradient_start=&#8221;#f2f3f4&#8243; background_color_gradient_end=&#8221;#ffffff&#8221; background_color_gradient_direction=&#8221;1deg&#8221; custom_padding=&#8221;||96px||false|false&#8221; custom_padding_tablet=&#8221;||50px||false|false&#8221; custom_padding_phone=&#8221;&#8221; hover_enabled=&#8221;0&#8243; global_colors_info=&#8221;{}&#8221; background_color=&#8221;#F6F7F9&#8243; sticky_enabled=&#8221;0&#8243; title_text=&#8221;overlay&#8221; background_enable_image=&#8221;off&#8221;][et_pb_row column_structure=&#8221;1_2,1_2&#8243; use_custom_gutter=&#8221;on&#8221; gutter_width=&#8221;2&#8243; _builder_version=&#8221;4.14.7&#8243; _module_preset=&#8221;default&#8221; transform_scale_tablet=&#8221;&#8221; transform_scale_phone=&#8221;&#8221; transform_scale_last_edited=&#8221;on|phone&#8221; transform_translate_tablet=&#8221;0px|-150px&#8221; transform_translate_phone=&#8221;0px|-150px&#8221; transform_translate_last_edited=&#8221;on|phone&#8221; transform_translate_linked_tablet=&#8221;off&#8221; transform_translate_linked_phone=&#8221;off&#8221; transform_rotate_tablet=&#8221;&#8221; transform_rotate_phone=&#8221;&#8221; transform_rotate_last_edited=&#8221;on|phone&#8221; transform_skew_tablet=&#8221;&#8221; transform_skew_phone=&#8221;&#8221; transform_skew_last_edited=&#8221;on|phone&#8221; transform_origin_tablet=&#8221;&#8221; transform_origin_phone=&#8221;&#8221; transform_origin_last_edited=&#8221;on|phone&#8221; transform_styles_last_edited=&#8221;on|phone&#8221; width=&#8221;90%&#8221; module_alignment=&#8221;center&#8221; max_height_tablet=&#8221;904px&#8221; max_height_phone=&#8221;589px&#8221; max_height_last_edited=&#8221;on|desktop&#8221; overflow-y=&#8221;visible&#8221; custom_margin=&#8221;||||false|false&#8221; custom_padding=&#8221;|0px||0px|false|true&#8221; hover_enabled=&#8221;0&#8243; transform_styles_tablet=&#8221;&#8221; transform_styles_phone=&#8221;&#8221; global_colors_info=&#8221;{%22gcid-dd211686-4416-4bfc-8c9c-149ca2277c42%22:%91%93}&#8221; sticky_enabled=&#8221;0&#8243; make_equal=&#8221;on&#8221;][et_pb_column type=&#8221;1_2&#8243; _builder_version=&#8221;4.14.7&#8243; _module_preset=&#8221;default&#8221; background_enable_color=&#8221;off&#8221; animation_style=&#8221;fold&#8221; animation_intensity_fold=&#8221;30%&#8221; global_colors_info=&#8221;{}&#8221; hover_enabled=&#8221;0&#8243; sticky_enabled=&#8221;0&#8243;][et_pb_text _builder_version=&#8221;4.14.7&#8243; _module_preset=&#8221;default&#8221; text_text_color=&#8221;RGBA(0,0,0,0.87)&#8221; text_font_size=&#8221;20px&#8221; text_line_height=&#8221;1.5em&#8221; header_font=&#8221;|600|||||||&#8221; header_text_color=&#8221;RGBA(0,0,0,0.87)&#8221; header_font_size=&#8221;36px&#8221; header_line_height=&#8221;1.2em&#8221; header_2_font=&#8221;|600|||||||&#8221; header_2_text_color=&#8221;#16171A&#8221; background_color=&#8221;#ffffff&#8221; background_color_gradient_start=&#8221;#ffffff&#8221; background_color_gradient_end=&#8221;#e3f6e8&#8243; background_blend=&#8221;overlay&#8221; transform_scale_tablet=&#8221;&#8221; transform_scale_phone=&#8221;&#8221; transform_scale_last_edited=&#8221;on|desktop&#8221; transform_translate_tablet=&#8221;0px|0px&#8221; transform_translate_phone=&#8221;&#8221; transform_translate_last_edited=&#8221;on|phone&#8221; transform_rotate_tablet=&#8221;&#8221; transform_rotate_phone=&#8221;&#8221; transform_rotate_last_edited=&#8221;on|desktop&#8221; transform_skew_tablet=&#8221;&#8221; transform_skew_phone=&#8221;&#8221; transform_skew_last_edited=&#8221;on|desktop&#8221; transform_origin_tablet=&#8221;&#8221; transform_origin_phone=&#8221;&#8221; transform_origin_last_edited=&#8221;on|desktop&#8221; transform_styles_last_edited=&#8221;on|phone&#8221; custom_margin_tablet=&#8221;||||false|false&#8221; custom_margin_phone=&#8221;||||false|false&#8221; custom_margin_last_edited=&#8221;on|desktop&#8221; custom_padding=&#8221;64px|64px|128px|64px|false|true&#8221; custom_padding_tablet=&#8221;63px|70px|80px|70px|false|true&#8221; custom_padding_phone=&#8221;40px|25px||25px|false|true&#8221; custom_padding_last_edited=&#8221;on|tablet&#8221; animation_style=&#8221;slide&#8221; animation_direction=&#8221;bottom&#8221; animation_intensity_slide=&#8221;5%&#8221; animation_starting_opacity=&#8221;50%&#8221; text_font_size_tablet=&#8221;20px&#8221; text_font_size_phone=&#8221;16px&#8221; text_font_size_last_edited=&#8221;on|phone&#8221; header_font_size_tablet=&#8221;&#8221; header_font_size_phone=&#8221;32px&#8221; header_font_size_last_edited=&#8221;on|phone&#8221; transform_styles_tablet=&#8221;&#8221; transform_styles_phone=&#8221;&#8221; border_radii=&#8221;on|4px|4px|4px|4px&#8221; border_radii_tablet=&#8221;&#8221; border_radii_phone=&#8221;on|0px|0px|0px|0px&#8221; border_radii_last_edited=&#8221;on|phone&#8221; global_colors_info=&#8221;{%22gcid-dd211686-4416-4bfc-8c9c-149ca2277c42%22:%91%93}&#8221; hover_enabled=&#8221;0&#8243; sticky_enabled=&#8221;0&#8243; background_enable_image=&#8221;off&#8221;]<\/p>\n<h1 style=\"padding-bottom: 1em;\">Vi dedikerer os til svejsning<\/h1>\n<p>Vi er en udviklings- og produktionsvirksomhed ubetinget dedikeret til svejsning. Vi designer og producerer h\u00f8jeffektive svejsemaskiner, der er nemme at bruge.<\/p>\n<p>Vores svejsemaskiner er det nyeste og bedste, b\u00e5de hvad ang\u00e5r software og hardware - og det hele er udviklet og produceret i Danmark igennem mere end 50 \u00e5r.<\/p>\n<p>[\/et_pb_text][\/et_pb_column][et_pb_column type=&#8221;1_2&#8243; _builder_version=&#8221;4.14.7&#8243; _module_preset=&#8221;default&#8221; background_enable_color=&#8221;off&#8221; animation_style=&#8221;fold&#8221; animation_intensity_fold=&#8221;30%&#8221; global_colors_info=&#8221;{}&#8221; hover_enabled=&#8221;0&#8243; sticky_enabled=&#8221;0&#8243; custom_css_main_element=&#8221;margin:auto;&#8221;][et_pb_video src=&#8221;https:\/\/www.youtube.com\/watch?v=ou2V8zQPulc&#038;t&#8221; image_src=&#8221;https:\/\/favourites.migatronic.com\/\/wp-content\/uploads\/2021\/06\/overlay.jpg&#8221; thumbnail_overlay_color=&#8221;rgba(171,224,184,0.37)&#8221; _builder_version=&#8221;4.14.7&#8243; _module_preset=&#8221;default&#8221; custom_margin=&#8221;||||false|false&#8221; custom_margin_tablet=&#8221;30px|||0px|false|false&#8221; custom_margin_phone=&#8221;0px||0px||false|false&#8221; custom_margin_last_edited=&#8221;on|desktop&#8221; custom_padding=&#8221;||||false|false&#8221; animation_style=&#8221;slide&#8221; animation_direction=&#8221;bottom&#8221; animation_duration=&#8221;750ms&#8221; animation_delay=&#8221;250ms&#8221; animation_intensity_slide=&#8221;10%&#8221; hover_enabled=&#8221;0&#8243; border_radii_tablet=&#8221;&#8221; border_radii_phone=&#8221;on|4px|4px|4px|4px&#8221; border_radii_last_edited=&#8221;on|phone&#8221; box_shadow_style=&#8221;preset2&#8243; box_shadow_vertical=&#8221;34px&#8221; box_shadow_blur=&#8221;33px&#8221; box_shadow_spread=&#8221;-35px&#8221; box_shadow_color=&#8221;rgba(8,68,43,0.38)&#8221; global_colors_info=&#8221;{%22gcid-dd211686-4416-4bfc-8c9c-149ca2277c42%22:%91%93}&#8221; sticky_enabled=&#8221;0&#8243; transform_scale=&#8221;120%|120%&#8221; transform_styles_last_edited=&#8221;on|desktop&#8221; transform_scale_last_edited=&#8221;on|desktop&#8221; transform_translate_last_edited=&#8221;on|desktop&#8221; transform_rotate_last_edited=&#8221;on|desktop&#8221; transform_skew_last_edited=&#8221;on|desktop&#8221; transform_origin_last_edited=&#8221;on|desktop&#8221; transform_scale_tablet=&#8221;100%|100%&#8221; transform_scale_phone=&#8221;100%|100%&#8221;][\/et_pb_video][\/et_pb_column][\/et_pb_row][\/et_pb_section][et_pb_section fb_built=&#8221;1&#8243; custom_padding_last_edited=&#8221;on|tablet&#8221; _builder_version=&#8221;4.14.7&#8243; _module_preset=&#8221;default&#8221; transform_scale_tablet=&#8221;&#8221; transform_scale_phone=&#8221;&#8221; transform_scale_last_edited=&#8221;on|phone&#8221; transform_translate_tablet=&#8221;&#8221; transform_translate_phone=&#8221;&#8221; transform_translate_last_edited=&#8221;on|desktop&#8221; transform_rotate_tablet=&#8221;&#8221; transform_rotate_phone=&#8221;&#8221; transform_rotate_last_edited=&#8221;on|phone&#8221; transform_skew_tablet=&#8221;&#8221; transform_skew_phone=&#8221;&#8221; transform_skew_last_edited=&#8221;on|phone&#8221; transform_origin_tablet=&#8221;&#8221; transform_origin_phone=&#8221;&#8221; transform_origin_last_edited=&#8221;on|phone&#8221; transform_styles_last_edited=&#8221;on|desktop&#8221; custom_padding=&#8221;96px||96px||true|false&#8221; custom_padding_tablet=&#8221;8em||8em||true|false&#8221; custom_padding_phone=&#8221;&#8221; hover_enabled=&#8221;0&#8243; transform_styles_tablet=&#8221;&#8221; transform_styles_phone=&#8221;&#8221; global_colors_info=&#8221;{}&#8221; sticky_enabled=&#8221;0&#8243;][et_pb_row custom_padding_last_edited=&#8221;on|tablet&#8221; _builder_version=&#8221;4.9.4&#8243; _module_preset=&#8221;default&#8221; width=&#8221;90%&#8221; width_tablet=&#8221;90%&#8221; width_phone=&#8221;90%&#8221; width_last_edited=&#8221;on|phone&#8221; custom_margin=&#8221;||||false|false&#8221; custom_padding=&#8221;||||false|false&#8221; custom_padding_tablet=&#8221;||0px||false|false&#8221; custom_padding_phone=&#8221;||0px||false|false&#8221; global_colors_info=&#8221;{%22gcid-dd211686-4416-4bfc-8c9c-149ca2277c42%22:%91%93}&#8221;][et_pb_column type=&#8221;4_4&#8243; _builder_version=&#8221;4.9.4&#8243; _module_preset=&#8221;default&#8221; background_enable_color=&#8221;off&#8221; animation_style=&#8221;fold&#8221; animation_intensity_fold=&#8221;30%&#8221; global_colors_info=&#8221;{}&#8221;][et_pb_text _builder_version=&#8221;4.9.4&#8243; _module_preset=&#8221;default&#8221; header_font=&#8221;||||||||&#8221; header_2_font=&#8221;|600|||||||&#8221; header_2_text_align=&#8221;center&#8221; header_2_text_color=&#8221;#16171a&#8221; header_2_font_size=&#8221;30px&#8221; background_enable_color=&#8221;off&#8221; width_tablet=&#8221;55%&#8221; width_phone=&#8221;100%&#8221; width_last_edited=&#8221;on|tablet&#8221; module_alignment=&#8221;center&#8221; custom_padding=&#8221;||30px||false|false&#8221; custom_padding_tablet=&#8221;&#8221; custom_padding_phone=&#8221;&#8221; custom_padding_last_edited=&#8221;on|tablet&#8221; header_2_text_align_tablet=&#8221;left&#8221; header_2_text_align_phone=&#8221;left&#8221; header_2_text_align_last_edited=&#8221;on|tablet&#8221; global_colors_info=&#8221;{}&#8221;]<\/p>\n<h2>Avanceret teknologi.<\/h2>\n<h2>Nem svejsning.<\/h2>\n<p>[\/et_pb_text][\/et_pb_column][\/et_pb_row][et_pb_row column_structure=&#8221;1_3,1_3,1_3&#8243; admin_label=&#8221;Row&#8221; _builder_version=&#8221;4.9.4&#8243; _module_preset=&#8221;default&#8221; background_enable_color=&#8221;off&#8221; width_tablet=&#8221;50%&#8221; width_phone=&#8221;90%&#8221; width_last_edited=&#8221;on|phone&#8221; global_colors_info=&#8221;{%22gcid-dd211686-4416-4bfc-8c9c-149ca2277c42%22:%91%93}&#8221; width__hover_enabled=&#8221;off|desktop&#8221;][et_pb_column type=&#8221;1_3&#8243; _builder_version=&#8221;4.9.4&#8243; _module_preset=&#8221;default&#8221; background_enable_color=&#8221;off&#8221; animation_style=&#8221;fold&#8221; animation_intensity_fold=&#8221;30%&#8221; global_colors_info=&#8221;{}&#8221;][et_pb_blurb title=&#8221;Better welds is better business&#8221; content_max_width_tablet=&#8221;550px&#8221; content_max_width_phone=&#8221;&#8221; content_max_width_last_edited=&#8221;on|phone&#8221; _builder_version=&#8221;4.13.0&#8243; _module_preset=&#8221;default&#8221; header_font=&#8221;|600|||||||&#8221; header_text_color=&#8221;#757A80&#8243; header_font_size=&#8221;24px&#8221; header_line_height=&#8221;1.3em&#8221; body_text_color=&#8221;#16171A&#8221; body_font_size=&#8221;16px&#8221; body_line_height=&#8221;1.5em&#8221; background_enable_color=&#8221;off&#8221; module_alignment=&#8221;center&#8221; header_font_size_tablet=&#8221;&#8221; header_font_size_phone=&#8221;20px&#8221; header_font_size_last_edited=&#8221;on|phone&#8221; body_font_size_tablet=&#8221;&#8221; body_font_size_phone=&#8221;14px&#8221; body_font_size_last_edited=&#8221;on|phone&#8221; custom_css_blurb_title=&#8221;padding-bottom:1.2rem;&#8221; border_color_all=&#8221;#757A80&#8243; global_colors_info=&#8221;{}&#8221;]<\/p>\n<p>Vores m\u00e5l er at g\u00f8re det lettere for alle svejsere at udf\u00f8re de bedste svejsninger - uanset opgave og milj\u00f8.<\/p>\n<p>Det forbedrer kvaliteten og ydeevnen, og p\u00e5 den m\u00e5de forbliver brugere af Migatronic svejseudstyr konkurrencedygtige.<\/p>\n<p>[\/et_pb_blurb][\/et_pb_column][et_pb_column type=\"1_3\u2033 _builder_version=\"4.9.4\u2033 _module_preset=\"default\" background_enable_color=\"off\" animation_style=\"fold\" animation_intensity_fold=\"30%\" global_colors_info=\"{}\"][et_pb_blurb title=\"Eksperter, ogs\u00e5 inden for automatiseret svejsning\" _builder_version=\"4.13.0\u2033 _module_preset=\"default\" header_font=\"|600|||||||\" header_text_color=\"#757A80\u2033 header_font_size=\"24px\" header_line_height=\"1.3em\" body_text_color=\"#16171A\" body_font_size=\"16px\" body_line_height=\"1.5em\" background_enable_color=\"off\" module_alignment=\"center\" header_font_size_tablet=\"\" header_font_size_size_phone=\"20px\" header_font_size_last_edited=\"on|phone\" body_font_size_tablet=\"\"\" body_font_size_phone=\"14px\" body_font_size_last_edited=\"on|phone\" custom_css_blurb_title=\"padding-bottom:1.2rem;\u201d border_color_all=\u201d#757A80\u2033 global_colors_info=\u201d{}\u201d]<\/p>\n<p>N\u00e5r behovet for produktivitet stiger, og n\u00e6ste skridt er en automatiseret svejsel\u00f8sning, afd\u00e6kker vi vores kunders behov.<\/p>\n<p>Baseret p\u00e5 de behov, designer, bygger og servicerer vi alt lige fra kollaborative svejserobotter til komplekse, skr\u00e6ddersyede l\u00f8sninger.<\/p>\n<p>[\/et_pb_blurb][\/et_pb_column][et_pb_column type=\"1_3\u2033 _builder_version=\"4.9.4\u2033 _module_preset=\"default\" background_enable_color=\"off\" animation_style=\"fold\" animation_intensity_fold=\"30%\" global_colors_info=\"{}\"][et_pb_blurb title=\"Unikke og intelligente funktioner\" _builder_version=\"4.13.0\u2033 _module_preset=\"default\" header_font=\"|600|||||||\" header_text_color=\"#757A80\u2033 header_font_size=\"24px\" header_line_height=\"1.3em\" body_text_color=\"#16171A\" body_font_size=\"16px\" body_line_height=\"1.5em\" background_enable_color=\"off\" module_alignment=\"center\" header_font_size_tablet=\"\" header_font_size_size_phone=\"20px\" header_font_size_last_edited=\"on|phone\" body_font_size_tablet=\"\"\" body_font_size_phone=\"14px\" body_font_size_last_edited=\"on|phone\" custom_css_blurb_title=\"padding-bottom:1.2rem;\u201d border_color_all=\u201d#757A80\u2033 global_colors_info=\u201d{}\u201d]<\/p>\n<p>De intelligente svejsefunktioner g\u00f8r det nemt for svejsere at udf\u00f8re ellers komplicerede svejsninger.<\/p>\n<p>Vores egenudviklet software styrer automatisk lysbuen. Det \u00f8ger svejsehastigheden, eliminerer svejsespr\u00f8jt og forbedrer den overordnede kvalitet af hver svejsning.<\/p>\n<p>[\/et_pb_blurb][\/et_pb_column][\/et_pb_row][et_pb_row custom_padding_last_edited=&#8221;on|tablet&#8221; _builder_version=&#8221;4.14.7&#8243; _module_preset=&#8221;default&#8221; width=&#8221;90%&#8221; width_tablet=&#8221;90%&#8221; width_phone=&#8221;90%&#8221; width_last_edited=&#8221;on|phone&#8221; custom_margin=&#8221;64px||||false|false&#8221; custom_padding=&#8221;||||false|false&#8221; custom_padding_tablet=&#8221;||0px||false|false&#8221; custom_padding_phone=&#8221;||0px||false|false&#8221; hover_enabled=&#8221;0&#8243; global_colors_info=&#8221;{%22gcid-dd211686-4416-4bfc-8c9c-149ca2277c42%22:%91%93}&#8221; sticky_enabled=&#8221;0&#8243;][et_pb_column type=&#8221;4_4&#8243; _builder_version=&#8221;4.9.4&#8243; _module_preset=&#8221;default&#8221; background_enable_color=&#8221;off&#8221; animation_style=&#8221;fold&#8221; animation_intensity_fold=&#8221;30%&#8221; global_colors_info=&#8221;{}&#8221;][et_pb_text _builder_version=&#8221;4.14.7&#8243; _module_preset=&#8221;default&#8221; header_font=&#8221;||||||||&#8221; header_2_font=&#8221;|600|||||||&#8221; header_2_text_align=&#8221;center&#8221; header_2_text_color=&#8221;#16171a&#8221; header_2_font_size=&#8221;30px&#8221; background_enable_color=&#8221;off&#8221; width_tablet=&#8221;55%&#8221; width_phone=&#8221;100%&#8221; width_last_edited=&#8221;on|tablet&#8221; module_alignment=&#8221;center&#8221; custom_padding=&#8221;||||false|false&#8221; custom_padding_tablet=&#8221;&#8221; custom_padding_phone=&#8221;&#8221; custom_padding_last_edited=&#8221;on|tablet&#8221; hover_enabled=&#8221;0&#8243; header_2_text_align_tablet=&#8221;left&#8221; header_2_text_align_phone=&#8221;left&#8221; header_2_text_align_last_edited=&#8221;on|tablet&#8221; global_colors_info=&#8221;{}&#8221; sticky_enabled=&#8221;0&#8243;]<\/p>\n<h2>Nyttige links<\/h2>\n<p>[\/et_pb_text][\/et_pb_column][\/et_pb_row][et_pb_row column_structure=&#8221;1_3,1_3,1_3&#8243; admin_label=&#8221;Row&#8221; _builder_version=&#8221;4.9.4&#8243; _module_preset=&#8221;default&#8221; background_enable_color=&#8221;off&#8221; width_tablet=&#8221;50%&#8221; width_phone=&#8221;90%&#8221; width_last_edited=&#8221;on|phone&#8221; global_colors_info=&#8221;{%22gcid-dd211686-4416-4bfc-8c9c-149ca2277c42%22:%91%93}&#8221; width__hover_enabled=&#8221;off|desktop&#8221;][et_pb_column type=&#8221;1_3&#8243; _builder_version=&#8221;4.9.4&#8243; _module_preset=&#8221;default&#8221; background_enable_color=&#8221;off&#8221; animation_style=&#8221;fold&#8221; animation_intensity_fold=&#8221;30%&#8221; global_colors_info=&#8221;{}&#8221;][et_pb_blurb title=&#8221;CoWelder&#8221; _builder_version=&#8221;4.14.7&#8243; _module_preset=&#8221;default&#8221; header_font=&#8221;|600|||||||&#8221; header_text_color=&#8221;#757A80&#8243; header_font_size=&#8221;24px&#8221; header_line_height=&#8221;1.3em&#8221; body_text_color=&#8221;#16171A&#8221; body_font_size=&#8221;16px&#8221; body_line_height=&#8221;1.5em&#8221; background_enable_color=&#8221;off&#8221; module_alignment=&#8221;center&#8221; header_font_size_tablet=&#8221;&#8221; header_font_size_phone=&#8221;20px&#8221; header_font_size_last_edited=&#8221;on|phone&#8221; body_font_size_tablet=&#8221;&#8221; body_font_size_phone=&#8221;14px&#8221; body_font_size_last_edited=&#8221;on|phone&#8221; custom_css_blurb_title=&#8221;padding-bottom:1.2rem;&#8221; border_color_all=&#8221;#757A80&#8243; global_colors_info=&#8221;{}&#8221;]<\/p>\n<p class=\"banner-manchet\">CoWelder er en game-changer for vores kunder med hensyn til at \u00f8ge effektiviteten, kvaliteten, konkurrenceevnen, arbejdsmilj\u00f8et og meget mere.<\/p>\n<p class=\"banner-manchet\">Vi har set over 200 kunder vokse med CoWelder, og vi vil gerne dele fordelene med alle. Derfor har vi skabt en ny oplevelse, kun for CoWelder.<\/p>\n<p><a href=\"https:\/\/cowelder.com\/\" target=\"_blank\" rel=\"noopener\">Bes\u00f8g CoWelder.com<\/a><\/p>\n<p>[\/et_pb_blurb][\/et_pb_column][et_pb_column type=\"1_3\u2033 _builder_version=\"4.9.4\u2033 _module_preset=\"default\" background_enable_color=\"off\" animation_style=\"fold\" animation_intensity_fold=\"30%\" global_colors_info=\"{}\"][et_pb_blurb title=\"Migatronic\" content_max_width_tablet=\"550px\" content_max_width_phone=\"\"\" content_max_width_last_edited=\"on|phone\" _builder_version=\"4.14.7\u2033 _module_preset=\"default\" header_font=\"|600|||||||\" header_text_color=\"#757A80\u2033 header_font_size=\"24px\" header_line_height=\"1.3em\" body_text_color=\"#16171A\" body_font_size=\"16px\" body_line_height=\"1.5em\" background_enable_color=\"off\" module_alignment=\"center\" header_font_size_tablet=\"\" header_font_size_size_phone=\"20px\" header_font_size_last_edited=\"on|phone\" body_font_size_tablet=\"\"\" body_font_size_phone=\"14px\" body_font_size_last_edited=\"on|phone\" custom_css_blurb_title=\"padding-bottom:1.2rem;\u201d border_color_all=\u201d#757A80\u2033 global_colors_info=\u201d{}\u201d]<\/p>\n<p><span>Migatronic er en producent af lysbuesvejseapparater og svejseudstyr. Vi har gjort det nemt at svejse i et halvt \u00e5rhundrede.<\/span><\/p>\n<p><a href=\"https:\/\/www.migatronic.com\/\" target=\"_blank\" rel=\"noopener\">Bes\u00f8g Migatronic<\/a><\/p>\n<p>[\/et_pb_blurb][\/et_pb_column][et_pb_column type=\"1_3\u2033 _builder_version=\"4.9.4\u2033 _module_preset=\"default\" background_enable_color=\"off\" animation_style=\"fold\" animation_intensity_fold=\"30%\" global_colors_info=\"{}\"][et_pb_blurb title=\"Migatronic Automation\" _builder_version=\"4.14.7\u2033 _module_preset=\"default\" header_font=\"|600|||||||\" header_text_color=\"#757A80\u2033 header_font_size=\"24px\" header_line_height=\"1.3em\" body_text_color=\"#16171A\" body_font_size=\"16px\" body_line_height=\"1.5em\" background_enable_color=\"off\" module_alignment=\"center\" header_font_size_tablet=\"\" header_font_size_size_phone=\"20px\" header_font_size_last_edited=\"on|phone\" body_font_size_tablet=\"\"\" body_font_size_phone=\"14px\" body_font_size_last_edited=\"on|phone\" custom_css_blurb_title=\"padding-bottom:1.2rem;\u201d border_color_all=\u201d#757A80\u2033 global_colors_info=\u201d{}\u201d]<\/p>\n<p><span>Vi udvikler de bedste n\u00f8glef\u00e6rdige l\u00f8sninger, du kan f\u00e5 inden for automatiseret svejsning. <\/span><\/p>\n<p><span>De er skr\u00e6ddersyet til dine krav, og du kan kun f\u00e5 dem hos os.<\/span><\/p>\n<p><a href=\"https:\/\/www.migatronic-automation.com\/\" target=\"_blank\" rel=\"noopener\">Bes\u00f8g Migatronic Automation<\/a><\/p>\n<p>[\/et_pb_blurb][\/et_pb_column][\/et_pb_row][\/et_pb_section][\/et_pb_section][et_pb_section fb_built=\"1\u2033 custom_padding_last_edited=\"on|tablet\" _builder_version=\"4.14.7\u2033 _module_preset=\"default\" background_color=\"#E6F5E7\u2033 background_color_gradient_start=\"rgba(212,233,222,222,0.52)\" background_color_gradient_end=\"rgba(0,0,0,0,0)\" background_color_gradient_direction=\"1deg\" custom_padding=\"96px||96px|||true|false\" custom_padding_tablet=\"30px||70px||false|false\" custom_padding_phone=\"30px||80px||false|false\" hover_enabled=\"0\u2033 global_colors_info=\"{}\" sticky_enabled=\"0\u2033 background_enable_image=\"off\"][et_pb_row custom_padding_last_edited=\"on|phone\" _builder_version=\"4.9.4\u2033 _module_preset=\"default\" custom_padding_tablet=\"\"\" custom_padding_phone=\"||0px|||false|false\" global_colors_info=\"{}\"][et_pb_column type=\"4_4\u2033 _builder_version=\"4.9.4\u2033 _module_preset=\"default\" global_colors_info=\"{}\"][et_pb_text _builder_version=\"4.9.4\u2033 _module_preset=\"default\" header_font=\"||||||||\" header_2_font=\"|600|||||||\" header_2_text_color=\"#075A37\u2033 header_2_font_size=\"40px\" background_enable_color=\"off\" custom_padding=\"||2em|||false|false\" custom_padding_tablet=\"||0em|||false|false\" custom_padding_phone=\"||0em||false|false|false\" custom_padding_last_edited=\"on|desktop\" header_2_font_size_tablet=\"36px\" header_2_font_size_size_phone=\"30px\" header_2_font_size_last_edited=\"on|phone\" global_colors_info=\"{}\"]<\/p>\n<h2 style=\"text-align: center;\">Hvad vores kunder siger<\/h2>\n<p>[\/et_pb_text][\/et_pb_column][\/et_pb_row][et_pb_row column_structure=\"1_3,1_3,1_3\u2033 _builder_version=\"4.9.4\u2033 _module_preset=\"default\" custom_padding=\"||||false|false\" global_colors_info=\"{}\"][et_pb_column type=\"1_3\u2033 _builder_version=\"4.9.4\u2033 _module_preset=\"default\" global_colors_info=\"{}\"][et_pb_text _builder_version=\"4.14.7\u2033 _module_preset=\"default\" text_font=\"||||||||\" text_text_color=\"#0C402A\" text_font_size=\"20px\" text_line_height=\"1.5em\" hover_enabled=\"0\u2033 global_colors_info=\"{}\" sticky_enabled=\"0\u2033]<\/p>\n<p style=\"text-align: center;\">\"Vi er meget tilfredse med Migatronics svejsemaskiner og deres avancerede teknologiske funktioner, betragtelige holdbarhed og exceptionelle ydeevne.\"<\/p>\n<p style=\"text-align: center;\"><strong>Nordic Steel\u00a0<\/strong><\/p>\n<p>[\/et_pb_text][\/et_pb_column][et_pb_column type=\"1_3\u2033 _builder_version=\"4.9.4\u2033 _module_preset=\"default\" global_colors_info=\"{}\"][et_pb_text _builder_version=\"4.14.7\u2033 _module_preset=\"default\" text_font=\"||||||||\" text_text_color=\"#0C402A\" text_font_size=\"20px\" text_line_height=\"1.5em\" hover_enabled=\"0\u2033 global_colors_info=\"{}\" sticky_enabled=\"0\u2033]<\/p>\n<p style=\"text-align: center;\">\"Migatronic's h\u00f8jtydende og brugervenlige svejsemaskiner er afg\u00f8rende for vores evne til at udf\u00f8re de stadigt mere komplekse opgaver for vores kunder.\"<\/p>\n<p style=\"text-align: center;\"><strong>Weissenborn<\/strong><\/p>\n<p>[\/et_pb_text][\/et_pb_column][et_pb_column type=\"1_3\u2033 _builder_version=\"4.9.4\u2033 _module_preset=\"default\" global_colors_info=\"{}\"][et_pb_text _builder_version=\"4.14.7\u2033 _module_preset=\"default\" text_font=\"||||||||\" text_text_color=\"#0C402A\" text_font_size=\"20px\" text_line_height=\"1.5em\" hover_enabled=\"0\u2033 global_colors_info=\"{}\" sticky_enabled=\"0\u2033]<\/p>\n<p style=\"text-align: center;\">\"Vi tror p\u00e5, at Migatronic udvikler de bedste svejsel\u00f8sninger p\u00e5 markedet.\"<\/p>\n<p style=\"text-align: center;\"><strong>Nordic Steel Force<\/strong><\/p>\n<p>[\/et_pb_text][\/et_pb_column][\/et_pb_row][\/et_pb_section]<\/p>","protected":false},"excerpt":{"rendered":"<p>Vi engagerer os i svejsning Vi er en dansk udviklings- og produktionsvirksomhed, der er dedikeret til svejsning. Vi designer og producerer meget effektive svejsemaskiner, der er intuitive at bruge. Vores svejsemaskiner repr\u00e6senterer det nyeste og bedste, b\u00e5de med hensyn til software og hardware - alt sammen udviklet i Danmark efter skandinaviske standarder gennem [...]<\/p>","protected":false},"author":1,"featured_media":0,"parent":0,"menu_order":1,"comment_status":"closed","ping_status":"closed","template":"","meta":{"_et_pb_use_builder":"on","_et_pb_old_content":"<!-- wp:divi\/placeholder \/-->","_et_gb_content_width":"","footnotes":""},"class_list":["post-21","page","type-page","status-publish","hentry"],"_links":{"self":[{"href":"https:\/\/favourites.migatronic.com\/da\/wp-json\/wp\/v2\/pages\/21","targetHints":{"allow":["GET"]}}],"collection":[{"href":"https:\/\/favourites.migatronic.com\/da\/wp-json\/wp\/v2\/pages"}],"about":[{"href":"https:\/\/favourites.migatronic.com\/da\/wp-json\/wp\/v2\/types\/page"}],"author":[{"embeddable":true,"href":"https:\/\/favourites.migatronic.com\/da\/wp-json\/wp\/v2\/users\/1"}],"replies":[{"embeddable":true,"href":"https:\/\/favourites.migatronic.com\/da\/wp-json\/wp\/v2\/comments?post=21"}],"version-history":[{"count":0,"href":"https:\/\/favourites.migatronic.com\/da\/wp-json\/wp\/v2\/pages\/21\/revisions"}],"wp:attachment":[{"href":"https:\/\/favourites.migatronic.com\/da\/wp-json\/wp\/v2\/media?parent=21"}],"curies":[{"name":"wp","href":"https:\/\/api.w.org\/{rel}","templated":true}]}}