{"id":23,"date":"2021-05-20T07:00:41","date_gmt":"2021-05-20T07:00:41","guid":{"rendered":"https:\/\/favourites.migatronic.com\/\/?page_id=23"},"modified":"2022-02-17T15:49:54","modified_gmt":"2022-02-17T14:49:54","slug":"help","status":"publish","type":"page","link":"https:\/\/favourites.migatronic.com\/da\/hjaelp\/","title":{"rendered":"Hj\u00e6lp"},"content":{"rendered":"<p>[et_pb_section fb_built=&#8221;1&#8243; _builder_version=&#8221;4.14.7&#8243; _module_preset=&#8221;default&#8221; background_color=&#8221;#F6F7F9&#8243; custom_padding=&#8221;||150px||false|false&#8221; global_colors_info=&#8221;{}&#8221;][et_pb_row _builder_version=&#8221;4.9.4&#8243; _module_preset=&#8221;default&#8221; global_colors_info=&#8221;{%22gcid-dd211686-4416-4bfc-8c9c-149ca2277c42%22:%91%93}&#8221;][et_pb_column type=&#8221;4_4&#8243; _builder_version=&#8221;4.9.4&#8243; _module_preset=&#8221;default&#8221; global_colors_info=&#8221;{}&#8221;][et_pb_text disabled_on=&#8221;off|on|off&#8221; _builder_version=&#8221;4.9.4&#8243; _module_preset=&#8221;default&#8221; header_font=&#8221;|600|||||||&#8221; header_text_color=&#8221;#16171A&#8221; header_font_size=&#8221;50px&#8221; header_line_height=&#8221;1.3em&#8221; custom_margin=&#8221;20px||30px||false|false&#8221; custom_margin_tablet=&#8221;&#8221; custom_margin_phone=&#8221;&#8221; custom_margin_last_edited=&#8221;on|tablet&#8221; header_text_color_tablet=&#8221;#16171a&#8221; header_text_color_phone=&#8221;&#8221; header_text_color_last_edited=&#8221;on|tablet&#8221; header_font_size_tablet=&#8221;&#8221; header_font_size_phone=&#8221;40px&#8221; header_font_size_last_edited=&#8221;on|tablet&#8221; global_colors_info=&#8221;{}&#8221;]<\/p>\n<h1 style=\"text-align: center;\">Ofte stillede sp\u00f8rgsm\u00e5l<\/h1>\n<p>[\/et_pb_text][\/et_pb_column][\/et_pb_row][et_pb_row column_structure=&#8221;1_2,1_2&#8243; use_custom_gutter=&#8221;on&#8221; gutter_width=&#8221;2&#8243; _builder_version=&#8221;4.14.7&#8243; _module_preset=&#8221;default&#8221; hover_enabled=&#8221;0&#8243; global_colors_info=&#8221;{%22gcid-dd211686-4416-4bfc-8c9c-149ca2277c42%22:%91%93}&#8221; sticky_enabled=&#8221;0&#8243;][et_pb_column type=&#8221;1_2&#8243; _builder_version=&#8221;4.9.4&#8243; _module_preset=&#8221;default&#8221; global_colors_info=&#8221;{}&#8221;][et_pb_accordion open_toggle_text_color=&#8221;#1C392A&#8221; open_toggle_background_color=&#8221;#E6F5E7&#8243; closed_toggle_text_color=&#8221;#45494d&#8221; closed_toggle_background_color=&#8221;#ffffff&#8221; toggle_icon=&#8221;&#xf078;||fa||900&#8243; icon_color=&#8221;#0C402A&#8221; use_icon_font_size=&#8221;on&#8221; _builder_version=&#8221;4.14.7&#8243; _module_preset=&#8221;default&#8221; toggle_text_color=&#8221;#16171a&#8221; toggle_font=&#8221;|600|||||||&#8221; toggle_font_size=&#8221;20px&#8221; toggle_line_height=&#8221;1.6em&#8221; closed_toggle_font=&#8221;||||||||&#8221; closed_toggle_font_size=&#8221;20px&#8221; closed_toggle_line_height=&#8221;1.6em&#8221; body_text_color=&#8221;#08442B&#8221; body_line_height=&#8221;1.6em&#8221; custom_margin=&#8221;||||false|false&#8221; custom_margin_tablet=&#8221;&#8221; custom_margin_phone=&#8221;&#8221; custom_margin_last_edited=&#8221;on|desktop&#8221; hover_enabled=&#8221;0&#8243; border_width_all=&#8221;0px&#8221; global_colors_info=&#8221;{}&#8221; open_toggle_text_color__hover_enabled=&#8221;off|desktop&#8221; sticky_enabled=&#8221;0&#8243;][et_pb_accordion_item title=&#8221;Dummy &#8211; Invisible&#8221; open=&#8221;on&#8221; _builder_version=&#8221;4.14.7&#8243; _module_preset=&#8221;default&#8221; custom_margin=&#8221;10px||10px||true|false&#8221; hover_enabled=&#8221;0&#8243; custom_css_main_element=&#8221;display:none;&#8221; global_colors_info=&#8221;{}&#8221; toggle_font_size_tablet=&#8221;&#8221; toggle_font_size_phone=&#8221;&#8221; toggle_font_size_last_edited=&#8221;on|phone&#8221; sticky_enabled=&#8221;0&#8243;][\/et_pb_accordion_item][et_pb_accordion_item title=&#8221;What is a Migatronic Favourite machine? &#8221; _builder_version=&#8221;4.14.7&#8243; _module_preset=&#8221;default&#8221; hover_enabled=&#8221;0&#8243; global_colors_info=&#8221;{}&#8221; toggle_font_size_tablet=&#8221;&#8221; toggle_font_size_phone=&#8221;&#8221; toggle_font_size_last_edited=&#8221;on|phone&#8221; open=&#8221;off&#8221; custom_margin=&#8221;10px||10px||true|false&#8221; sticky_enabled=&#8221;0&#8243;]<\/p>\n<p>Migatronic Favourites er vores kunders foretrukne konfigurationer af vores bedste svejsemaskiner til alle typer af opgaver. De er kendetegnet ved deres h\u00f8je grad af p\u00e5lidelighed, hurtige tilg\u00e6ngelighed og attraktive pris.<\/p>\n<p>[\/et_pb_accordion_item][et_pb_accordion_item title=\"Kan jeg \u00e6ndre det medf\u00f8lgende udstyr? \" _builder_version=\"4.10.8\u2033 _module_preset=\"default\" custom_margin=\"10px||10px||true|false\" global_colors_info=\"{}\" toggle_font_size_tablet=\"\" toggle_font_size_size_phone=\"\"\" toggle_font_size_last_edited=\"on|phone\" open=\"off\"]<\/p>\n<p>Ja, men vi kan ikke garantere den samme pris og leveringstid. Migatronic Favourites er pr\u00e6konfigurerede svejsemaskiner med en fast pris, hvilket sikrer dig en hurtig levering og en attraktiv pris.<\/p>\n<p>[\/et_pb_accordion_item][et_pb_accordion_item title=\"Kan jeg tilpasse min Favourite-maskine? \" _builder_version=\"4.10.8\u2033 _module_preset=\"default\" custom_margin=\"10px||10px||true|false\" global_colors_info=\"{}\" toggle_font_size_tablet=\"\" toggle_font_size_size_phone=\"\"\" toggle_font_size_last_edited=\"on|phone\" title__hover_enabled=\"off|desktop\" open=\"off\"]<\/p>\n<p>Vores komplette produktsortiment er b\u00e5de bredt og specialiseret, og vi leverer tilpassede svejsel\u00f8sninger til yderst dedikerede kunder hver dag. Hvis en pr\u00e6konfigureret Favourite-maskine ikke passer til dine behov, kan du se vores komplette produktsortiment p\u00e5 migatronic.com.<\/p>\n<p>[\/et_pb_accordion_item][et_pb_accordion_item title=\"Hvordan bestiller jeg en Favourite-maskine? \" _builder_version=\"4.10.7\u2033 _module_preset=\"default\" custom_margin=\"10px||10px||true|false\" global_colors_info=\"{}\" toggle_font_size_tablet=\"\" toggle_font_size_size_phone=\"\"\" toggle_font_size_last_edited=\"on|phone\" open=\"off\"]<\/p>\n<p>Kontakt din lokale Migatronic Favourite-forhandler for at afgive din bestilling.<\/p>\n<p>[\/et_pb_accordion_item][et_pb_accordion_item title=\"Hvad er forsendelsesmulighederne? \" _builder_version=\"4.10.8\u2033 _module_preset=\"default\" custom_margin=\"10px||10px||true|false\" global_colors_info=\"{}\" toggle_font_size_tablet=\"\" toggle_font_size_size_phone=\"\"\" toggle_font_size_last_edited=\"on|phone\" open=\"off\"]<\/p>\n<p>Dine forsendelsesmuligheder afh\u00e6nger af, hvad din lokale forhandler kan tilbyde.<\/p>\n<p>[\/et_pb_accordion_item][et_pb_accordion_item title=\"Hvem er ansvarlig for servicen?\" _builder_version=\"4.10.7\u2033 _module_preset=\"default\" global_colors_info=\"{}\" open=\"off\"]<\/p>\n<p>Vi har et stort netv\u00e6rk af autoriserede servicepartnere, som udf\u00f8rer professionel service, herunder kalibrering og validering. Kontakt din lokale forhandler eller servicepartner.<\/p>\n<p>[\/et_pb_accordion_item][\/et_pb_accordion][\/et_pb_accordion][\/et_pb_column][et_pb_column type=\"1_2\u2033 _builder_version=\"4.9.4\u2033 _module_preset=\"default\" global_colors_info=\"{}\"][et_pb_accordion open_toggle_text_color=\"#1C392A\" open_toggle_background_color=\"#E6F5E7\u2033 closed_toggle_text_color=\"#45494d\" closed_toggle_background_color=\"#ffffffffff\" toggle_icon=\"||fa|||900\u2033 icon_color=\"#0C402A\" use_icon_font_size=\"on\" _builder_version=\"4.14.7\u2033 _module_preset=\"default\" toggle_text_color=\"#16171a\" toggle_font=\"|600|||||||\" toggle_font_size=\"20px\" toggle_line_height=\"1.6em\" closed_toggle_font=\"||||||||\" closed_toggle_font_size=\"20px\" closed_toggle_line_height=\"1.6em\" body_text_color=\"#08442B\" body_line_height=\"1.6em\" custom_margin=\"||||false|false\" custom_margin_margin_tablet=\"\"\" custom_margin_last_edited=\"on|desktop\" border_width_all=\"0px\" global_colors_info=\"{}\" open_toggle_text_color__hover_enabled=\"off|desktop\" sticky_enabled=\"0\u2033 custom_margin_phone=\"\"][et_pb_accordion_item title=\"Dummy - Usynlig\" open=\"on\" _builder_version=\"4.14.7\u2033 _module_preset=\"default\" custom_margin=\"10px||10px|||true|false\" hover_enabled=\"0\u2033 custom_css_main_element=\"display:none;\" global_colors_info=\"{}\" toggle_font_size_tablet=\"\" toggle_font_size_size_phone=\"\" toggle_font_size_last_edited=\"on|phone\" sticky_enabled=\"0\u2033][\/et_pb_accordion_item][et_pb_accordion_item title=\"Kan jeg f\u00e5 en demonstration af en bestemt maskine?\" _builder_version=\"4.14.7\u2033 _module_preset=\"default\" hover_enabled=\"0\u2033 global_colors_info=\"{}\" open=\"off\" sticky_enabled=\"0\u2033]<\/p>\n<p>H\u00f8jst sandsynligt, ja. Kontakt din lokale Migatronic Favourites forhandler for at f\u00e5 en foresp\u00f8rgsel om demonstration.<\/p>\n<p>[\/et_pb_accordion_item][et_pb_accordion_item title=\"Kan jeg f\u00e5 hj\u00e6lp til at v\u00e6lge den rigtige maskine til mine behov? \" _builder_version=\"4.14.7\u2033 _module_preset=\"default\" custom_margin=\"10px||10px||true|false\" hover_enabled=\"0\u2033 global_colors_info=\"{}\" toggle_font_size_tablet=\"\"\" toggle_font_size_phone=\"\"\" toggle_font_size_last_edited=\"on|phone\" open=\"off\" sticky_enabled=\"0\u2033]<\/p>\n<p>Du har to muligheder. 1) Du kan besvare et par sp\u00f8rgsm\u00e5l i vores <a href=\"https:\/\/favourites.migatronic.com\/da\/find-your-favourite\/welding-proces\/\">Favourites produktudv\u00e6lger<\/a> for at indsn\u00e6vre dine muligheder. 2) Kontakt din lokale Migatronic Favourites forhandler for at f\u00e5 personlig vejledning i at finde den rigtige Favourite, der passer til dine behov.<\/p>\n<p>[\/et_pb_accordion_item][et_pb_accordion_item title=\"Hvor lang er garantiperioden?\" _builder_version=\"4.10.8\u2033 _module_preset=\"default\" custom_margin=\"10px||10px||true|false\" global_colors_info=\"{}\" toggle_font_size_tablet=\"\" toggle_font_size_size_phone=\"\"\" toggle_font_size_last_edited=\"on|phone\" open=\"off\"]<\/p>\n<p>Garantiperioden er altid 2 \u00e5r for nye svejsemaskiner. Du kan f\u00e5 op til 3 eller 5 \u00e5rs garanti p\u00e5 nogle Favourite-maskiner. Registrer din nyindk\u00f8bte Favourite p\u00e5 migatronic.com\/warranty senest 30 dage fra k\u00f8bsdatoen for at f\u00e5 den udvidede garanti.<\/p>\n<p>[\/et_pb_accordion_item][et_pb_accordion_item title=\"Hvem er Migatronic? \" _builder_version=\"4.10.7\u2033 _module_preset=\"default\" custom_margin=\"10px||10px||true|false\" global_colors_info=\"{}\" toggle_font_size_tablet=\"\" toggle_font_size_size_phone=\"\"\" toggle_font_size_last_edited=\"on|phone\" open=\"off\"]<\/p>\n<p>Vi er en dansk baseret udviklings- og produktionsvirksomhed, der er dedikeret til svejsning. Med fem \u00e5rtiers know-how i ryggen leverer vi svejsel\u00f8sninger af h\u00f8j kvalitet, der tilf\u00f8rer v\u00e6rdi til vores kunders forretning. L\u00e6s mere om os <a href=\"https:\/\/favourites.migatronic.com\/da\/om\/\">her.<\/a><\/p>\n<p>[\/et_pb_accordion_item][et_pb_accordion_item title=\"Hvad tilbyder Migatronic ellers? \" _builder_version=\"4.10.7\u2033 _module_preset=\"default\" custom_margin=\"10px||10px||true|false\" global_colors_info=\"{}\" toggle_font_size_tablet=\"\" toggle_font_size_size_phone=\"\"\" toggle_font_size_last_edited=\"on|phone\" open=\"off\"]<\/p>\n<p>Vi tilbyder et bredt udvalg af svejsemaskiner og software, forskelligt tilbeh\u00f8r og forbrugsvarer samt automatiserede svejsel\u00f8sninger, herunder den kollaborative svejserobot CoWelder. Bes\u00f8g migatronic.com for at se alle vores produkter og l\u00f8sninger.<\/p>\n<p>[\/et_pb_accordion_item][et_pb_accordion_item title=\"Hvordan kontakter jeg Migatronic? \" _builder_version=\"4.10.7\u2033 _module_preset=\"default\" custom_margin=\"10px||10px||true|false\" global_colors_info=\"{}\" toggle_font_size_tablet=\"\" toggle_font_size_size_phone=\"\"\" toggle_font_size_last_edited=\"on|phone\" open=\"off\"]<\/p>\n<p>Du er meget velkommen til at ringe til os, sende os en e-mail eller sende os en besked ved at bruge kontaktformularen her p\u00e5 siden. Find alle vores kontaktoplysninger <a href=\"https:\/\/favourites.migatronic.com\/da\/kontakt\/\">her.<\/a><\/p>\n<p>[\/et_pb_accordion_item][\/et_pb_accordion][\/et_pb_column][\/et_pb_row][\/et_pb_section]<\/p>","protected":false},"excerpt":{"rendered":"<p>Ofte stillede sp\u00f8rgsm\u00e5lMigatronic Favourites er vores kunders foretrukne konfigurationer af vores bedste svejsemaskiner til alle typer opgaver. De er kendetegnet ved deres h\u00f8je p\u00e5lidelighed, hurtige tilg\u00e6ngelighed og gode prisniveau.Ja, men vi kan ikke garantere den samme pris og leveringstid. Migatronic Favourites er pr\u00e6konfigurerede svejsemaskiner med en fast pris, der sikrer en hurtig [...]<\/p>","protected":false},"author":1,"featured_media":0,"parent":0,"menu_order":2,"comment_status":"closed","ping_status":"closed","template":"","meta":{"_et_pb_use_builder":"on","_et_pb_old_content":"","_et_gb_content_width":"","footnotes":""},"class_list":["post-23","page","type-page","status-publish","hentry"],"_links":{"self":[{"href":"https:\/\/favourites.migatronic.com\/da\/wp-json\/wp\/v2\/pages\/23","targetHints":{"allow":["GET"]}}],"collection":[{"href":"https:\/\/favourites.migatronic.com\/da\/wp-json\/wp\/v2\/pages"}],"about":[{"href":"https:\/\/favourites.migatronic.com\/da\/wp-json\/wp\/v2\/types\/page"}],"author":[{"embeddable":true,"href":"https:\/\/favourites.migatronic.com\/da\/wp-json\/wp\/v2\/users\/1"}],"replies":[{"embeddable":true,"href":"https:\/\/favourites.migatronic.com\/da\/wp-json\/wp\/v2\/comments?post=23"}],"version-history":[{"count":1,"href":"https:\/\/favourites.migatronic.com\/da\/wp-json\/wp\/v2\/pages\/23\/revisions"}],"predecessor-version":[{"id":6352,"href":"https:\/\/favourites.migatronic.com\/da\/wp-json\/wp\/v2\/pages\/23\/revisions\/6352"}],"wp:attachment":[{"href":"https:\/\/favourites.migatronic.com\/da\/wp-json\/wp\/v2\/media?parent=23"}],"curies":[{"name":"wp","href":"https:\/\/api.w.org\/{rel}","templated":true}]}}