{"id":23,"date":"2021-05-20T07:00:41","date_gmt":"2021-05-20T07:00:41","guid":{"rendered":"https:\/\/favourites.migatronic.com\/\/?page_id=23"},"modified":"2022-02-17T15:49:54","modified_gmt":"2022-02-17T14:49:54","slug":"help","status":"publish","type":"page","link":"https:\/\/favourites.migatronic.com\/de\/help\/","title":{"rendered":"Hilfe"},"content":{"rendered":"<p>[et_pb_section fb_built=&#8221;1&#8243; _builder_version=&#8221;4.14.7&#8243; _module_preset=&#8221;default&#8221; background_color=&#8221;#F6F7F9&#8243; custom_padding=&#8221;||150px||false|false&#8221; global_colors_info=&#8221;{}&#8221;][et_pb_row _builder_version=&#8221;4.9.4&#8243; _module_preset=&#8221;default&#8221; global_colors_info=&#8221;{%22gcid-dd211686-4416-4bfc-8c9c-149ca2277c42%22:%91%93}&#8221;][et_pb_column type=&#8221;4_4&#8243; _builder_version=&#8221;4.9.4&#8243; _module_preset=&#8221;default&#8221; global_colors_info=&#8221;{}&#8221;][et_pb_text disabled_on=&#8221;off|on|off&#8221; _builder_version=&#8221;4.9.4&#8243; _module_preset=&#8221;default&#8221; header_font=&#8221;|600|||||||&#8221; header_text_color=&#8221;#16171A&#8221; header_font_size=&#8221;50px&#8221; header_line_height=&#8221;1.3em&#8221; custom_margin=&#8221;20px||30px||false|false&#8221; custom_margin_tablet=&#8221;&#8221; custom_margin_phone=&#8221;&#8221; custom_margin_last_edited=&#8221;on|tablet&#8221; header_text_color_tablet=&#8221;#16171a&#8221; header_text_color_phone=&#8221;&#8221; header_text_color_last_edited=&#8221;on|tablet&#8221; header_font_size_tablet=&#8221;&#8221; header_font_size_phone=&#8221;40px&#8221; header_font_size_last_edited=&#8221;on|tablet&#8221; global_colors_info=&#8221;{}&#8221;]<\/p>\n<h1 style=\"text-align: center;\">H\u00e4ufig gestellte Fragen<\/h1>\n<p>[\/et_pb_text][\/et_pb_column][\/et_pb_row][et_pb_row column_structure=&#8221;1_2,1_2&#8243; use_custom_gutter=&#8221;on&#8221; gutter_width=&#8221;2&#8243; _builder_version=&#8221;4.14.7&#8243; _module_preset=&#8221;default&#8221; hover_enabled=&#8221;0&#8243; global_colors_info=&#8221;{%22gcid-dd211686-4416-4bfc-8c9c-149ca2277c42%22:%91%93}&#8221; sticky_enabled=&#8221;0&#8243;][et_pb_column type=&#8221;1_2&#8243; _builder_version=&#8221;4.9.4&#8243; _module_preset=&#8221;default&#8221; global_colors_info=&#8221;{}&#8221;][et_pb_accordion open_toggle_text_color=&#8221;#1C392A&#8221; open_toggle_background_color=&#8221;#E6F5E7&#8243; closed_toggle_text_color=&#8221;#45494d&#8221; closed_toggle_background_color=&#8221;#ffffff&#8221; toggle_icon=&#8221;&#xf078;||fa||900&#8243; icon_color=&#8221;#0C402A&#8221; use_icon_font_size=&#8221;on&#8221; _builder_version=&#8221;4.14.7&#8243; _module_preset=&#8221;default&#8221; toggle_text_color=&#8221;#16171a&#8221; toggle_font=&#8221;|600|||||||&#8221; toggle_font_size=&#8221;20px&#8221; toggle_line_height=&#8221;1.6em&#8221; closed_toggle_font=&#8221;||||||||&#8221; closed_toggle_font_size=&#8221;20px&#8221; closed_toggle_line_height=&#8221;1.6em&#8221; body_text_color=&#8221;#08442B&#8221; body_line_height=&#8221;1.6em&#8221; custom_margin=&#8221;||||false|false&#8221; custom_margin_tablet=&#8221;&#8221; custom_margin_phone=&#8221;&#8221; custom_margin_last_edited=&#8221;on|desktop&#8221; hover_enabled=&#8221;0&#8243; border_width_all=&#8221;0px&#8221; global_colors_info=&#8221;{}&#8221; open_toggle_text_color__hover_enabled=&#8221;off|desktop&#8221; sticky_enabled=&#8221;0&#8243;][et_pb_accordion_item title=&#8221;Dummy &#8211; Invisible&#8221; open=&#8221;on&#8221; _builder_version=&#8221;4.14.7&#8243; _module_preset=&#8221;default&#8221; custom_margin=&#8221;10px||10px||true|false&#8221; hover_enabled=&#8221;0&#8243; custom_css_main_element=&#8221;display:none;&#8221; global_colors_info=&#8221;{}&#8221; toggle_font_size_tablet=&#8221;&#8221; toggle_font_size_phone=&#8221;&#8221; toggle_font_size_last_edited=&#8221;on|phone&#8221; sticky_enabled=&#8221;0&#8243;][\/et_pb_accordion_item][et_pb_accordion_item title=&#8221;What is a Migatronic Favourite machine? &#8221; _builder_version=&#8221;4.14.7&#8243; _module_preset=&#8221;default&#8221; hover_enabled=&#8221;0&#8243; global_colors_info=&#8221;{}&#8221; toggle_font_size_tablet=&#8221;&#8221; toggle_font_size_phone=&#8221;&#8221; toggle_font_size_last_edited=&#8221;on|phone&#8221; open=&#8221;off&#8221; custom_margin=&#8221;10px||10px||true|false&#8221; sticky_enabled=&#8221;0&#8243;]<\/p>\n<p>Die Migatronic Favourites sind die von unseren Kunden bevorzugten Konfigurationen unserer Top-Schwei\u00dfmaschinen, f\u00fcr jede Art von Aufgabe. Sie zeichnen sich durch hohe Zuverl\u00e4ssigkeit, schnelle Verf\u00fcgbarkeit und ein gutes Preis-Leistungs-Verh\u00e4ltnis aus.<\/p>\n<p>[\/et_pb_accordion_item][et_pb_accordion_item title=\"Kann ich die enthaltene Ausstattung \u00e4ndern? \" _builder_version=\"4.10.8\u2033 _module_preset=\"default\" custom_margin=\"10px||10px||true|false\" global_colors_info=\"{}\" toggle_font_size_tablet=\"\" toggle_font_size_phone=\"\" toggle_font_size_last_edited=\"on|phone\" open=\"off\"]<\/p>\n<p>Ja, aber wir k\u00f6nnen nicht denselben Preis und dieselbe Lieferzeit garantieren. Migatronic Favourites sind vorkonfigurierte Schwei\u00dfmaschinen mit einem Festpreis, der eine schnelle Lieferung und einen g\u00fcnstigen Preis f\u00fcr Sie sicherstellt.<\/p>\n<p>[\/et_pb_accordion_item][et_pb_accordion_item title=\"Kann ich mein Favourite-Ger\u00e4t individuell gestalten? \" _builder_version=\"4.10.8\u2033 _module_preset=\"default\" custom_margin=\"10px||10px||true|false\" global_colors_info=\"{}\" toggle_font_size_tablet=\"\" toggle_font_size_phone=\"\" toggle_font_size_last_edited=\"on|phone\" title__hover_enabled=\"off|desktop\" open=\"off\"]<\/p>\n<p>Unser komplettes Produktsortiment ist sowohl umfangreich als auch spezialisiert, und wir liefern jeden Tag ma\u00dfgeschneiderte Schwei\u00dfl\u00f6sungen an unsere Kunden. Wenn eine vorkonfigurierte Favourite-Maschine nicht Ihren Anforderungen entspricht, sehen Sie sich bitte unsere komplette Produktpalette auf migatronic.com an.<\/p>\n<p>[\/et_pb_accordion_item][et_pb_accordion_item title=\"Wie bestelle ich eine Favourite Maschine? \" _builder_version=\"4.10.7\u2033 _module_preset=\"default\" custom_margin=\"10px||10px||true|false\" global_colors_info=\"{}\" toggle_font_size_tablet=\"\" toggle_font_size_phone=\"\" toggle_font_size_last_edited=\"on|phone\" open=\"off\"]<\/p>\n<p>Um eine Bestellung aufzugeben wenden Sie sich bitte an Ihren \u00f6rtlichen Migatronic Favourites-H\u00e4ndler. Die H\u00e4ndler finden Sie hier.<\/p>\n<p>[\/et_pb_accordion_item][et_pb_accordion_item title=\"Was sind die Versandoptionen? \" _builder_version=\"4.10.8\u2033 _module_preset=\"default\" custom_margin=\"10px||10px||true|false\" global_colors_info=\"{}\" toggle_font_size_tablet=\"\" toggle_font_size_phone=\"\" toggle_font_size_last_edited=\"on|phone\" open=\"off\"]<\/p>\n<p>Ihre Versandm\u00f6glichkeiten h\u00e4ngen davon ab, was Ihr lokaler Favourites-H\u00e4ndler am Lager hat.<\/p>\n<p>[\/et_pb_accordion_item][et_pb_accordion_item title=\"Wer ist f\u00fcr den Dienst zust\u00e4ndig?\" _builder_version=\"4.10.7\u2033 _module_preset=\"default\" global_colors_info=\"{}\" open=\"off\"]<\/p>\n<p>Wir verf\u00fcgen \u00fcber ein gro\u00dfes Netz von autorisierten Servicepartnern, die professionellen Service einschlie\u00dflich Kalibrierung und Validierung durchf\u00fchren. Wenden Sie sich an Ihren H\u00e4ndler oder Servicepartner vor Ort. Hier finden Sie eine Liste.<\/p>\n<p>[\/et_pb_accordion_item][\/et_pb_accordion][\/et_pb_column][et_pb_column type=\"1_2\u2033 _builder_version=\"4.9.4\u2033 _module_preset=\"default\" global_colors_info=\"{}\"][et_pb_accordion open_toggle_text_color=\"#1C392A\" open_toggle_background_color=\"#E6F5E7\u2033 closed_toggle_text_color=\"#45494d\" closed_toggle_background_color=\"#ffffff\" toggle_icon=\"||fa||900\u2033 icon_color=\"#0C402A\" use_icon_font_size=\"on\" _builder_version=\"4.14.7\u2033 _module_preset=\"default\" toggle_text_color=\"#16171a\" toggle_font=\"|600|||||||\" toggle_font_size=\"20px\" toggle_line_height=\"1.6em\" closed_toggle_font=\"||||||||\" closed_toggle_font_size=\"20px\" closed_toggle_line_height=\"1.6em\" body_text_color=\"#08442B\" body_line_height=\"1.6em\" custom_margin=\"||||false|false\" custom_margin_tablet=\"\" custom_margin_last_edited=\"on|desktop\" border_width_all=\"0px\" global_colors_info=\"{}\" open_toggle_text_color__hover_enabled=\"off|desktop\" sticky_enabled=\"0\u2033 custom_margin_phone=\"\"][et_pb_accordion_item title=\"Dummy - Unsichtbar\" open=\"on\" _builder_version=\"4.14.7\u2033 _module_preset=\"default\" custom_margin=\"10px||10px||true|false\" hover_enabled=\"0\u2033 custom_css_main_element=\"display:none;\" global_colors_info=\"{}\" toggle_font_size_tablet=\"\" toggle_font_size_phone=\"\" toggle_font_size_last_edited=\"on|phone\" sticky_enabled=\"0\u2033][\/et_pb_accordion_item][et_pb_accordion_item title=\"Kann ich eine Vorf\u00fchrung eines bestimmten Ger\u00e4ts erhalten?\" _builder_version=\"4.14.7\u2033 _module_preset=\"default\" hover_enabled=\"0\u2033 global_colors_info=\"{}\" open=\"off\" sticky_enabled=\"0\u2033]<\/p>\n<p>H\u00f6chstwahrscheinlich, ja. Wenden Sie sich an Ihren \u00f6rtlichen Migatronic Favourites-H\u00e4ndler, um eine Vorf\u00fchranfrage zu stellen.<\/p>\n<p>[\/et_pb_accordion_item][et_pb_accordion_item title=\"Kann ich Hilfe bei der Auswahl der richtigen Maschine f\u00fcr meine Bed\u00fcrfnisse erhalten? \" _builder_version=\"4.14.7\u2033 _module_preset=\"default\" custom_margin=\"10px||10px||true|false\" hover_enabled=\"0\u2033 global_colors_info=\"{}\" toggle_font_size_tablet=\"\" toggle_font_size_phone=\"\" toggle_font_size_last_edited=\"on|phone\" open=\"off\" sticky_enabled=\"0\u2033]<\/p>\n<p>Sie haben zwei M\u00f6glichkeiten. 1) Beantworten Sie ein paar Fragen in unserem <a href=\"https:\/\/favourites.migatronic.com\/de\/find-your-favourite\/welding-proces\/\">Favourites Produkt-Finder<\/a> um Ihre Optionen einzugrenzen. 2) Wenden Sie sich an Ihren Migatronic Favourites-H\u00e4ndler vor Ort, um eine pers\u00f6nliche Beratung bei der Suche nach dem richtigen Favourite f\u00fcr Ihre Bed\u00fcrfnisse zu erhalten.<\/p>\n<p>[\/et_pb_accordion_item][et_pb_accordion_item title=\"Wie lange ist die Garantiezeit?\" _builder_version=\"4.10.8\u2033 _module_preset=\"default\" custom_margin=\"10px||10px||true|false\" global_colors_info=\"{}\" toggle_font_size_tablet=\"\" toggle_font_size_phone=\"\" toggle_font_size_last_edited=\"on|phone\" open=\"off\"]<\/p>\n<p>Die Gew\u00e4hrleistungszeit betr\u00e4gt immer 2 Jahre f\u00fcr neue Schwei\u00dfmaschinen. Auf einige Favourite-Maschinen k\u00f6nnen Sie bis zu 3 oder 5 Jahre Gew\u00e4hrleistung erhalten. Registrieren Sie Ihren neu erworbenen Favourite auf migatronic.com\/warranty innerhalb von 30 Tagen nach dem Kaufdatum, um die verl\u00e4ngerte Gew\u00e4hrleistung zu erhalten.<\/p>\n<p>[\/et_pb_accordion_item][et_pb_accordion_item title=\"Wer ist Migatronic? \" _builder_version=\"4.10.7\u2033 _module_preset=\"default\" custom_margin=\"10px||10px||true|false\" global_colors_info=\"{}\" toggle_font_size_tablet=\"\" toggle_font_size_phone=\"\" toggle_font_size_last_edited=\"on|phone\" open=\"off\"]<\/p>\n<p>Wir sind ein d\u00e4nisches Entwicklungs- und Produktionsunternehmen, das sich dem Schwei\u00dfen verschrieben hat. Gest\u00fctzt auf f\u00fcnf Jahrzehnte engagierten Know-hows liefern wir qualitativ hochwertige Schwei\u00dfmaschinen, die einen Mehrwert f\u00fcr das Gesch\u00e4ft unserer Kunden darstellen. Lesen Sie mehr \u00fcber uns <a href=\"https:\/\/favourites.migatronic.com\/de\/about\/\">hier.<\/a><\/p>\n<p>[\/et_pb_accordion_item][et_pb_accordion_item title=\"Was bietet Migatronic noch? \" _builder_version=\"4.10.7\u2033 _module_preset=\"default\" custom_margin=\"10px||10px||true|false\" global_colors_info=\"{}\" toggle_font_size_tablet=\"\" toggle_font_size_phone=\"\" toggle_font_size_last_edited=\"on|phone\" open=\"off\"]<\/p>\n<p>Wir bieten eine gro\u00dfe Auswahl an Schwei\u00dfmaschinen und Software, diverses Zubeh\u00f6r und Verbrauchsmaterial sowie automatisierte Schwei\u00dfl\u00f6sungen, einschlie\u00dflich des kollaborativen Schwei\u00dfroboters CoWelder. Besuchen Sie migatronic.com, um alle unsere Produkte und L\u00f6sungen zu sehen.<\/p>\n<p>[\/et_pb_accordion_item][et_pb_accordion_item title=\"Wie kann ich Migatronic kontaktieren? \" _builder_version=\"4.10.7\u2033 _module_preset=\"default\" custom_margin=\"10px||10px||true|false\" global_colors_info=\"{}\" toggle_font_size_tablet=\"\" toggle_font_size_phone=\"\" toggle_font_size_last_edited=\"on|phone\" open=\"off\"]<\/p>\n<p>Sie k\u00f6nnen uns gerne anrufen, eine E-Mail schreiben oder uns eine Nachricht \u00fcber das Kontaktformular auf dieser Website zukommen lassen. Finden Sie alle unsere Kontaktinformationen <a href=\"https:\/\/favourites.migatronic.com\/de\/kontakt\/\">hier.<\/a><\/p>\n<p>[\/et_pb_accordion_item][\/et_pb_accordion][\/et_pb_column][\/et_pb_row][\/et_pb_section]<\/p>","protected":false},"excerpt":{"rendered":"<p>H\u00e4ufig gestellte FragenMigatronic Favourites sind die von unseren Kunden bevorzugten Konfigurationen unserer Top-Schwei\u00dfmaschinen f\u00fcr jede Art von Aufgabe. Sie zeichnen sich durch ihre hohe Zuverl\u00e4ssigkeit, ihre schnelle Verf\u00fcgbarkeit und ihren g\u00fcnstigen Preis aus, den wir jedoch nicht garantieren k\u00f6nnen. Migatronic Favourites sind vorkonfigurierte Schwei\u00dfmaschinen mit einem Festpreis, die eine schnelle [...]<\/p>","protected":false},"author":1,"featured_media":0,"parent":0,"menu_order":2,"comment_status":"closed","ping_status":"closed","template":"","meta":{"_et_pb_use_builder":"on","_et_pb_old_content":"","_et_gb_content_width":"","footnotes":""},"class_list":["post-23","page","type-page","status-publish","hentry"],"_links":{"self":[{"href":"https:\/\/favourites.migatronic.com\/de\/wp-json\/wp\/v2\/pages\/23","targetHints":{"allow":["GET"]}}],"collection":[{"href":"https:\/\/favourites.migatronic.com\/de\/wp-json\/wp\/v2\/pages"}],"about":[{"href":"https:\/\/favourites.migatronic.com\/de\/wp-json\/wp\/v2\/types\/page"}],"author":[{"embeddable":true,"href":"https:\/\/favourites.migatronic.com\/de\/wp-json\/wp\/v2\/users\/1"}],"replies":[{"embeddable":true,"href":"https:\/\/favourites.migatronic.com\/de\/wp-json\/wp\/v2\/comments?post=23"}],"version-history":[{"count":1,"href":"https:\/\/favourites.migatronic.com\/de\/wp-json\/wp\/v2\/pages\/23\/revisions"}],"predecessor-version":[{"id":6352,"href":"https:\/\/favourites.migatronic.com\/de\/wp-json\/wp\/v2\/pages\/23\/revisions\/6352"}],"wp:attachment":[{"href":"https:\/\/favourites.migatronic.com\/de\/wp-json\/wp\/v2\/media?parent=23"}],"curies":[{"name":"wp","href":"https:\/\/api.w.org\/{rel}","templated":true}]}}