{"id":550,"date":"2021-05-25T08:55:12","date_gmt":"2021-05-25T06:55:12","guid":{"rendered":"https:\/\/favourites.migatronic.com\/\/?page_id=550"},"modified":"2022-02-17T06:58:33","modified_gmt":"2022-02-17T05:58:33","slug":"result-sigma-select","status":"publish","type":"page","link":"https:\/\/favourites.migatronic.com\/de\/favourites\/find-your-favourite\/mig-mag-movement\/special-functions\/result-sigma-select\/","title":{"rendered":"Suche nach Favourite - Ergebnis: Sigma Select"},"content":{"rendered":"<p>[et_pb_section fb_built=&#8221;1&#8243; _builder_version=&#8221;4.14.7&#8243; _module_preset=&#8221;default&#8221; background_color=&#8221;#F6F7F9&#8243; hover_enabled=&#8221;0&#8243; global_colors_info=&#8221;{}&#8221; sticky_enabled=&#8221;0&#8243;][et_pb_row custom_padding_last_edited=&#8221;on|phone&#8221; _builder_version=&#8221;4.9.4&#8243; _module_preset=&#8221;default&#8221; custom_padding_tablet=&#8221;&#8221; custom_padding_phone=&#8221;0px||||false|false&#8221; locked=&#8221;off&#8221; global_colors_info=&#8221;{%22gcid-dd211686-4416-4bfc-8c9c-149ca2277c42%22:%91%93}&#8221;][et_pb_column type=&#8221;4_4&#8243; _builder_version=&#8221;4.9.4&#8243; _module_preset=&#8221;default&#8221; global_colors_info=&#8221;{}&#8221;][et_pb_text _builder_version=&#8221;4.9.4&#8243; _module_preset=&#8221;default&#8221; header_font=&#8221;|600|||||||&#8221; header_text_color=&#8221;#16171A&#8221; header_font_size=&#8221;52px&#8221; header_line_height=&#8221;1.3em&#8221; custom_margin=&#8221;||17px|||&#8221; header_font_size_tablet=&#8221;&#8221; header_font_size_phone=&#8221;30px&#8221; header_font_size_last_edited=&#8221;on|phone&#8221; global_colors_info=&#8221;{}&#8221;]<\/p>\n<h1 style=\"text-align: center;\">Unsere Empfehlung<\/h1>\n<p>[\/et_pb_text][et_pb_text disabled_on=&#8221;on|off|off&#8221; _builder_version=&#8221;4.10.6&#8243; _module_preset=&#8221;default&#8221; text_font=&#8221;|300|||||||&#8221; text_text_color=&#8221;#16171a&#8221; text_font_size=&#8221;21px&#8221; text_line_height=&#8221;1.5em&#8221; link_text_color=&#8221;#757A80&#8243; link_font_size=&#8221;16px&#8221; text_orientation=&#8221;center&#8221; width=&#8221;60%&#8221; width_tablet=&#8221;100%&#8221; width_phone=&#8221;&#8221; width_last_edited=&#8221;on|desktop&#8221; module_alignment=&#8221;center&#8221; text_font_size_tablet=&#8221;&#8221; text_font_size_phone=&#8221;16px&#8221; text_font_size_last_edited=&#8221;on|phone&#8221; locked=&#8221;off&#8221; global_colors_info=&#8221;{}&#8221; link_text_color__hover_enabled=&#8221;on|hover&#8221; link_text_color__hover=&#8221;#008A46&#8243;]<\/p>\n<p style=\"text-align: center;\">Basierend auf Ihren Entscheidungen;<\/p>\n<p>[\/et_pb_text][\/et_pb_column][\/et_pb_row][et_pb_row disabled_on=&#8221;off|on|on&#8221; _builder_version=&#8221;4.10.5&#8243; _module_preset=&#8221;default&#8221; custom_margin=&#8221;-17px|auto||auto||&#8221; custom_padding=&#8221;0px|||||&#8221; global_colors_info=&#8221;{}&#8221;][et_pb_column type=&#8221;4_4&#8243; _builder_version=&#8221;4.10.5&#8243; _module_preset=&#8221;default&#8221; global_colors_info=&#8221;{}&#8221;][et_pb_button button_url=&#8221;@ET-DC@eyJkeW5hbWljIjp0cnVlLCJjb250ZW50IjoicG9zdF9saW5rX3VybF9wYWdlIiwic2V0dGluZ3MiOnsicG9zdF9pZCI6IjMwIn19@&#8221; button_text=&#8221;Proces: MIG\/MAG     &#8221; button_alignment=&#8221;center&#8221; disabled_on=&#8221;off|on|on&#8221; _builder_version=&#8221;4.10.6&#8243; _dynamic_attributes=&#8221;button_url&#8221; _module_preset=&#8221;default&#8221; button_text_color=&#8221;#757A80&#8243; button_bg_color=&#8221;#ffffff&#8221; button_border_radius=&#8221;-1px&#8221; button_letter_spacing=&#8221;0px&#8221; button_font=&#8221;|300|||||||&#8221; custom_margin=&#8221;7px||7px||true|false&#8221; custom_margin_phone=&#8221;0px||0px||false|false&#8221; custom_padding=&#8221;8px|53px|8px|53px|true|true&#8221; box_shadow_blur=&#8221;19px&#8221; box_shadow_spread=&#8221;-18px&#8221; box_shadow_color=&#8221;#16171A&#8221; global_colors_info=&#8221;{}&#8221; transform_scale__hover_enabled=&#8221;off|desktop&#8221; transform_styles__hover_enabled=&#8221;off|desktop&#8221; transform_translate__hover_enabled=&#8221;off|desktop&#8221; transform_rotate__hover_enabled=&#8221;off|desktop&#8221; transform_skew__hover_enabled=&#8221;off|desktop&#8221; transform_origin__hover_enabled=&#8221;off|desktop&#8221; button_bg_color__hover_enabled=&#8221;on|desktop&#8221; button_bg_color__hover=&#8221;#ABE0B8&#8243; button_bg_enable_color__hover=&#8221;on&#8221;][\/et_pb_button][et_pb_button button_url=&#8221;@ET-DC@eyJkeW5hbWljIjp0cnVlLCJjb250ZW50IjoicG9zdF9saW5rX3VybF9wYWdlIiwic2V0dGluZ3MiOnsicG9zdF9pZCI6IjE3OSJ9fQ==@&#8221; button_text=&#8221;Mobility: Stationary&#8221; button_alignment=&#8221;center&#8221; disabled_on=&#8221;off|on|on&#8221; _builder_version=&#8221;4.10.6&#8243; _dynamic_attributes=&#8221;button_url&#8221; _module_preset=&#8221;default&#8221; button_text_color=&#8221;#757A80&#8243; button_bg_color=&#8221;#ffffff&#8221; button_border_radius=&#8221;-1px&#8221; button_letter_spacing=&#8221;0px&#8221; button_font=&#8221;|300|||||||&#8221; custom_margin=&#8221;7px||7px||true|false&#8221; custom_margin_phone=&#8221;10px||||false|false&#8221; custom_padding=&#8221;8px|49px|8px|49px|true|true&#8221; box_shadow_blur=&#8221;19px&#8221; box_shadow_spread=&#8221;-18px&#8221; box_shadow_color=&#8221;#16171A&#8221; global_colors_info=&#8221;{}&#8221; transform_scale__hover_enabled=&#8221;off|desktop&#8221; transform_styles__hover_enabled=&#8221;off|desktop&#8221; transform_translate__hover_enabled=&#8221;off|desktop&#8221; transform_rotate__hover_enabled=&#8221;off|desktop&#8221; transform_skew__hover_enabled=&#8221;off|desktop&#8221; transform_origin__hover_enabled=&#8221;off|desktop&#8221; button_bg_color__hover_enabled=&#8221;on|desktop&#8221; button_bg_color__hover=&#8221;#ABE0B8&#8243; button_bg_enable_color__hover=&#8221;on&#8221;][\/et_pb_button][et_pb_button button_url=&#8221;@ET-DC@eyJkeW5hbWljIjp0cnVlLCJjb250ZW50IjoicG9zdF9saW5rX3VybF9wYWdlIiwic2V0dGluZ3MiOnsicG9zdF9pZCI6IjIzMCJ9fQ==@&#8221; button_text=&#8221;Functions: Upgradable&#8221; button_alignment=&#8221;center&#8221; disabled_on=&#8221;off|on|on&#8221; _builder_version=&#8221;4.10.6&#8243; _dynamic_attributes=&#8221;button_url&#8221; _module_preset=&#8221;default&#8221; button_text_color=&#8221;#757A80&#8243; button_bg_color=&#8221;#ffffff&#8221; button_border_radius=&#8221;-1px&#8221; button_letter_spacing=&#8221;0px&#8221; button_font=&#8221;|300|||||||&#8221; custom_margin=&#8221;0px||1px||false|false&#8221; custom_margin_phone=&#8221;10px||||false|false&#8221; custom_padding=&#8221;8px|38px|8px|38px|true|true&#8221; box_shadow_blur=&#8221;19px&#8221; box_shadow_spread=&#8221;-18px&#8221; box_shadow_color=&#8221;#16171A&#8221; global_colors_info=&#8221;{}&#8221; transform_scale__hover_enabled=&#8221;off|desktop&#8221; transform_styles__hover_enabled=&#8221;off|desktop&#8221; transform_translate__hover_enabled=&#8221;off|desktop&#8221; transform_rotate__hover_enabled=&#8221;off|desktop&#8221; transform_skew__hover_enabled=&#8221;off|desktop&#8221; transform_origin__hover_enabled=&#8221;off|desktop&#8221; button_bg_color__hover_enabled=&#8221;on|desktop&#8221; button_bg_color__hover=&#8221;#ABE0B8&#8243; button_bg_enable_color__hover=&#8221;on&#8221;][\/et_pb_button][et_pb_text disabled_on=&#8221;off|on|on&#8221; _builder_version=&#8221;4.10.6&#8243; _module_preset=&#8221;default&#8221; text_font=&#8221;|300|||||||&#8221; text_text_color=&#8221;#16171a&#8221; text_font_size=&#8221;21px&#8221; text_line_height=&#8221;1.5em&#8221; link_text_color=&#8221;#757A80&#8243; link_font_size=&#8221;16px&#8221; text_orientation=&#8221;center&#8221; width=&#8221;60%&#8221; width_tablet=&#8221;100%&#8221; width_phone=&#8221;&#8221; width_last_edited=&#8221;on|desktop&#8221; module_alignment=&#8221;center&#8221; custom_margin=&#8221;44px||||false|false&#8221; custom_padding=&#8221;0px|16px||16px|false|true&#8221; text_font_size_tablet=&#8221;&#8221; text_font_size_phone=&#8221;16px&#8221; text_font_size_last_edited=&#8221;on|phone&#8221; locked=&#8221;off&#8221; global_colors_info=&#8221;{}&#8221; link_text_color__hover_enabled=&#8221;on|hover&#8221; link_text_color__hover=&#8221;#008A46&#8243;]<\/p>\n<p><strong>Sigma Select C oder Sigma Select S<\/strong>\u00a0ist der Favourite f\u00fcr Sie.<\/p>\n<p>[\/et_pb_text][\/et_pb_column][\/et_pb_row][et_pb_row column_structure=&#8221;1_3,1_3,1_3&#8243; use_custom_gutter=&#8221;on&#8221; gutter_width=&#8221;1&#8243; disabled_on=&#8221;on|off|off&#8221; _builder_version=&#8221;4.10.5&#8243; _module_preset=&#8221;default&#8221; width=&#8221;100%&#8221; max_width=&#8221;562px&#8221; module_alignment=&#8221;center&#8221; custom_margin=&#8221;||30px||false|false&#8221; custom_padding=&#8221;0px|0px||0px|false|true&#8221; global_colors_info=&#8221;{}&#8221;][et_pb_column type=&#8221;1_3&#8243; _builder_version=&#8221;4.10.5&#8243; _module_preset=&#8221;default&#8221; custom_padding=&#8221;|0px||0px|false|true&#8221; global_colors_info=&#8221;{}&#8221;][et_pb_button button_url=&#8221;@ET-DC@eyJkeW5hbWljIjp0cnVlLCJjb250ZW50IjoicG9zdF9saW5rX3VybF9wYWdlIiwic2V0dGluZ3MiOnsicG9zdF9pZCI6IjMwIn19@&#8221; button_text=&#8221;Proces: MIG\/MAG &#8221; button_alignment=&#8221;right&#8221; _builder_version=&#8221;4.10.6&#8243; _dynamic_attributes=&#8221;button_url&#8221; _module_preset=&#8221;default&#8221; button_text_color=&#8221;#757A80&#8243; button_bg_color=&#8221;#ffffff&#8221; button_border_radius=&#8221;-1px&#8221; button_letter_spacing=&#8221;0px&#8221; button_font=&#8221;|300|||||||&#8221; custom_margin=&#8221;0px||||false|false&#8221; custom_padding=&#8221;12px|15px|12px|15px|true|true&#8221; box_shadow_blur=&#8221;19px&#8221; box_shadow_spread=&#8221;-18px&#8221; box_shadow_color=&#8221;#16171A&#8221; global_colors_info=&#8221;{}&#8221; transform_scale__hover_enabled=&#8221;off|desktop&#8221; transform_styles__hover_enabled=&#8221;off|desktop&#8221; transform_translate__hover_enabled=&#8221;off|desktop&#8221; transform_rotate__hover_enabled=&#8221;off|desktop&#8221; transform_skew__hover_enabled=&#8221;off|desktop&#8221; transform_origin__hover_enabled=&#8221;off|desktop&#8221; button_bg_color__hover_enabled=&#8221;on|desktop&#8221; button_bg_color__hover=&#8221;#ABE0B8&#8243; button_bg_enable_color__hover=&#8221;on&#8221;][\/et_pb_button][\/et_pb_column][et_pb_column type=&#8221;1_3&#8243; _builder_version=&#8221;4.10.5&#8243; _module_preset=&#8221;default&#8221; custom_padding=&#8221;|0px||0px|false|true&#8221; global_colors_info=&#8221;{}&#8221;][et_pb_button button_url=&#8221;@ET-DC@eyJkeW5hbWljIjp0cnVlLCJjb250ZW50IjoicG9zdF9saW5rX3VybF9wYWdlIiwic2V0dGluZ3MiOnsicG9zdF9pZCI6IjE3OSJ9fQ==@&#8221; button_text=&#8221;Mobility: Stationary&#8221; button_alignment=&#8221;center&#8221; _builder_version=&#8221;4.10.6&#8243; _dynamic_attributes=&#8221;button_url&#8221; _module_preset=&#8221;default&#8221; button_text_color=&#8221;#757A80&#8243; button_bg_color=&#8221;#ffffff&#8221; button_border_radius=&#8221;-1px&#8221; button_letter_spacing=&#8221;0px&#8221; button_font=&#8221;|300|||||||&#8221; custom_margin=&#8221;0px|0px|0px|0px|false|true&#8221; custom_margin_tablet=&#8221;&#8221; custom_margin_phone=&#8221;&#8221; custom_margin_last_edited=&#8221;on|desktop&#8221; custom_padding=&#8221;12px|15px|12px|15px|true|false&#8221; box_shadow_blur=&#8221;19px&#8221; box_shadow_spread=&#8221;-18px&#8221; box_shadow_color=&#8221;#16171A&#8221; global_colors_info=&#8221;{}&#8221; transform_scale__hover_enabled=&#8221;off|desktop&#8221; transform_styles__hover_enabled=&#8221;off|desktop&#8221; transform_translate__hover_enabled=&#8221;off|desktop&#8221; transform_rotate__hover_enabled=&#8221;off|desktop&#8221; transform_skew__hover_enabled=&#8221;off|desktop&#8221; transform_origin__hover_enabled=&#8221;off|desktop&#8221; button_bg_color__hover_enabled=&#8221;on|desktop&#8221; button_bg_color__hover=&#8221;#ABE0B8&#8243; button_bg_enable_color__hover=&#8221;on&#8221;][\/et_pb_button][\/et_pb_column][et_pb_column type=&#8221;1_3&#8243; _builder_version=&#8221;4.10.5&#8243; _module_preset=&#8221;default&#8221; custom_padding=&#8221;|0px||0px|false|true&#8221; global_colors_info=&#8221;{}&#8221;][et_pb_button button_url=&#8221;@ET-DC@eyJkeW5hbWljIjp0cnVlLCJjb250ZW50IjoicG9zdF9saW5rX3VybF9wYWdlIiwic2V0dGluZ3MiOnsicG9zdF9pZCI6IjIzMCJ9fQ==@&#8221; button_text=&#8221;Functions: Upgradable&#8221; _builder_version=&#8221;4.10.6&#8243; _dynamic_attributes=&#8221;button_url&#8221; _module_preset=&#8221;default&#8221; button_text_color=&#8221;#757A80&#8243; button_bg_color=&#8221;#ffffff&#8221; button_border_radius=&#8221;-1px&#8221; button_letter_spacing=&#8221;0px&#8221; button_font=&#8221;|300|||||||&#8221; custom_margin=&#8221;0px||||false|false&#8221; custom_padding=&#8221;12px|15px|12px|15px|true|true&#8221; box_shadow_blur=&#8221;19px&#8221; box_shadow_spread=&#8221;-18px&#8221; box_shadow_color=&#8221;#16171A&#8221; global_colors_info=&#8221;{}&#8221; transform_scale__hover_enabled=&#8221;off|desktop&#8221; transform_styles__hover_enabled=&#8221;off|desktop&#8221; transform_translate__hover_enabled=&#8221;off|desktop&#8221; transform_rotate__hover_enabled=&#8221;off|desktop&#8221; transform_skew__hover_enabled=&#8221;off|desktop&#8221; transform_origin__hover_enabled=&#8221;off|desktop&#8221; button_bg_color__hover_enabled=&#8221;on|desktop&#8221; button_bg_color__hover=&#8221;#ABE0B8&#8243; button_bg_enable_color__hover=&#8221;on&#8221;][\/et_pb_button][\/et_pb_column][\/et_pb_row][et_pb_row _builder_version=&#8221;4.10.6&#8243; _module_preset=&#8221;default&#8221; global_colors_info=&#8221;{}&#8221;][et_pb_column type=&#8221;4_4&#8243; _builder_version=&#8221;4.10.6&#8243; _module_preset=&#8221;default&#8221; global_colors_info=&#8221;{}&#8221;][et_pb_text disabled_on=&#8221;on|off|off&#8221; _builder_version=&#8221;4.10.6&#8243; _module_preset=&#8221;default&#8221; text_font=&#8221;|300|||||||&#8221; text_text_color=&#8221;#16171a&#8221; text_font_size=&#8221;21px&#8221; text_line_height=&#8221;1.5em&#8221; link_text_color=&#8221;#757A80&#8243; link_font_size=&#8221;16px&#8221; text_orientation=&#8221;center&#8221; width=&#8221;60%&#8221; width_tablet=&#8221;100%&#8221; width_phone=&#8221;&#8221; width_last_edited=&#8221;on|desktop&#8221; module_alignment=&#8221;center&#8221; text_font_size_tablet=&#8221;&#8221; text_font_size_phone=&#8221;16px&#8221; text_font_size_last_edited=&#8221;on|phone&#8221; locked=&#8221;off&#8221; global_colors_info=&#8221;{}&#8221; link_text_color__hover_enabled=&#8221;on|hover&#8221; link_text_color__hover=&#8221;#008A46&#8243;]<\/p>\n<p><strong>Sigma Select<\/strong>\u00a0ist der Favourite f\u00fcr Sie.<\/p>\n<p>[\/et_pb_text][\/et_pb_column][\/et_pb_row][et_pb_row column_structure=&#8221;1_2,1_2&#8243; use_custom_gutter=&#8221;on&#8221; gutter_width=&#8221;2&#8243; make_equal=&#8221;on&#8221; _builder_version=&#8221;4.9.11&#8243; _module_preset=&#8221;default&#8221; background_enable_color=&#8221;off&#8221; max_width=&#8221;840px&#8221; max_width_tablet=&#8221;&#8221; max_width_phone=&#8221;100%&#8221; max_width_last_edited=&#8221;on|desktop&#8221; global_colors_info=&#8221;{%22gcid-dd211686-4416-4bfc-8c9c-149ca2277c42%22:%91%93}&#8221;][et_pb_column type=&#8221;1_2&#8243; admin_label=&#8221;Sigma Select C&#8221; _builder_version=&#8221;4.9.11&#8243; _module_preset=&#8221;default&#8221; background_color=&#8221;#ffffff&#8221; transform_translate_linked__hover=&#8221;off&#8221; custom_padding=&#8221;41px|20px|41px|20px|true|true&#8221; border_radii=&#8221;on|40px|40px|40px|40px&#8221; box_shadow_style=&#8221;preset3&#8243; box_shadow_vertical=&#8221;10px&#8221; box_shadow_blur=&#8221;10px&#8221; box_shadow_spread=&#8221;-10px&#8221; box_shadow_color=&#8221;rgba(33,35,38,0.1)&#8221; global_colors_info=&#8221;{}&#8221; box_shadow_color__hover=&#8221;rgba(22,23,26,0.15)&#8221; box_shadow_color__hover_enabled=&#8221;on|desktop&#8221; transform_translate__hover=&#8221;0px|-10px&#8221; transform_translate__hover_enabled=&#8221;on|desktop&#8221; transform_rotate__hover_enabled=&#8221;on|desktop&#8221; transform_skew__hover_enabled=&#8221;on|desktop&#8221; transform_origin__hover_enabled=&#8221;on|desktop&#8221; background__hover_enabled=&#8221;off|hover&#8221; box_shadow_horizontal__hover_enabled=&#8221;on|desktop&#8221;][et_pb_text _builder_version=&#8221;4.9.4&#8243; _module_preset=&#8221;default&#8221; text_text_color=&#8221;#757A80&#8243; header_2_font=&#8221;|600|||||||&#8221; header_2_text_align=&#8221;center&#8221; header_2_text_color=&#8221;#16171A&#8221; header_2_font_size=&#8221;30px&#8221; text_orientation=&#8221;center&#8221; locked=&#8221;off&#8221; global_colors_info=&#8221;{}&#8221;]<\/p>\n<h2>Sigma Select C<\/h2>\n<p>15-400 A<\/p>\n<p>[\/et_pb_text][et_pb_blurb image=&#8221;https:\/\/favourites.migatronic.com\/\/wp-content\/uploads\/2021\/05\/Product_SigmaSelectC.png&#8221; _builder_version=&#8221;4.13.0&#8243; _module_preset=&#8221;default&#8221; body_text_color=&#8221;#757A80&#8243; global_colors_info=&#8221;{}&#8221;]<\/p>\n<h3 style=\"text-align: center;\">Wenn Sie an Ort und Stelle bleiben m\u00fcssen<\/h3>\n<p style=\"text-align: center;\"><span>W\u00e4hlen Sie eine Sigma Select compact, wenn Sie station\u00e4r arbeiten, sich in einer Schwei\u00dfkabine aufhalten oder immer in der N\u00e4he des Schwei\u00dftisches sein wollen.<\/span><\/p>\n<p>[\/et_pb_blurb][et_pb_button button_url=&#8221;@ET-DC@eyJkeW5hbWljIjp0cnVlLCJjb250ZW50IjoicG9zdF9saW5rX3VybF9wYWdlIiwic2V0dGluZ3MiOnsicG9zdF9pZCI6IjU5MzgifX0=@&#8221; button_text=&#8221;Check it out&#8221; button_alignment=&#8221;center&#8221; _builder_version=&#8221;4.14.7&#8243; _dynamic_attributes=&#8221;button_url&#8221; _module_preset=&#8221;default&#8221; button_text_color=&#8221;#08442B&#8221; button_border_radius=&#8221;4px&#8221; custom_margin=&#8221;45px|20px||20px|false|true&#8221; hover_enabled=&#8221;0&#8243; custom_css_main_element=&#8221;width:100%;&#8221; box_shadow_style=&#8221;preset3&#8243; box_shadow_vertical=&#8221;7px&#8221; box_shadow_blur=&#8221;5px&#8221; box_shadow_color=&#8221;rgba(22,23,26,0.08)&#8221; locked=&#8221;off&#8221; global_colors_info=&#8221;{}&#8221; custom_css_main_element_last_edited=&#8221;on|desktop&#8221; custom_css_main_element_tablet=&#8221;width:60%;&#8221; custom_css_main_element_phone=&#8221;width:100%;&#8221; button_bg_color__hover_enabled=&#8221;on|desktop&#8221; button_bg_color__hover=&#8221;#abe0b8&#8243; button_bg_enable_color__hover=&#8221;on&#8221; button_text_color__hover_enabled=&#8221;on|hover&#8221; box_shadow_color__hover_enabled=&#8221;on|desktop&#8221; box_shadow_color__hover=&#8221;rgba(171,224,184,0.6)&#8221; box_shadow_spread__hover_enabled=&#8221;on|desktop&#8221; box_shadow_spread__hover=&#8221;0px&#8221; box_shadow_blur__hover_enabled=&#8221;on|hover&#8221; box_shadow_blur__hover=&#8221;17px&#8221; box_shadow_vertical__hover_enabled=&#8221;on|desktop&#8221; button_text_color__hover=&#8221;#1C392A&#8221; button_bg_color=&#8221;#A9D3AB&#8221; button_bg_enable_color=&#8221;on&#8221; sticky_enabled=&#8221;0&#8243; box_shadow_vertical__hover=&#8221;7px&#8221;][\/et_pb_button][\/et_pb_column][et_pb_column type=&#8221;1_2&#8243; admin_label=&#8221;Sigma Select S&#8221; _builder_version=&#8221;4.9.11&#8243; _module_preset=&#8221;default&#8221; background_color=&#8221;#ffffff&#8221; transform_translate_linked__hover=&#8221;off&#8221; custom_padding=&#8221;41px|20px|41px|20px|true|true&#8221; border_radii=&#8221;on|40px|40px|40px|40px&#8221; box_shadow_style=&#8221;preset3&#8243; box_shadow_vertical=&#8221;10px&#8221; box_shadow_blur=&#8221;10px&#8221; box_shadow_spread=&#8221;-10px&#8221; box_shadow_color=&#8221;rgba(33,35,38,0.1)&#8221; global_colors_info=&#8221;{}&#8221; box_shadow_color__hover=&#8221;rgba(22,23,26,0.15)&#8221; box_shadow_color__hover_enabled=&#8221;on|desktop&#8221; transform_translate__hover=&#8221;0px|-10px&#8221; transform_translate__hover_enabled=&#8221;on|desktop&#8221; transform_rotate__hover_enabled=&#8221;on|desktop&#8221; transform_skew__hover_enabled=&#8221;on|desktop&#8221; transform_origin__hover_enabled=&#8221;on|desktop&#8221; background__hover_enabled=&#8221;off|hover&#8221; box_shadow_horizontal__hover_enabled=&#8221;on|desktop&#8221;][et_pb_text _builder_version=&#8221;4.9.4&#8243; _module_preset=&#8221;default&#8221; text_text_color=&#8221;#757A80&#8243; header_2_font=&#8221;|600|||||||&#8221; header_2_text_align=&#8221;center&#8221; header_2_text_color=&#8221;#16171A&#8221; header_2_font_size=&#8221;30px&#8221; text_orientation=&#8221;center&#8221; locked=&#8221;off&#8221; global_colors_info=&#8221;{}&#8221;]<\/p>\n<h2>Sigma Select S<\/h2>\n<p>15-400 A<\/p>\n<p>[\/et_pb_text][et_pb_blurb image=&#8221;https:\/\/favourites.migatronic.com\/\/wp-content\/uploads\/2021\/05\/Product_SigmaSelectS.png&#8221; _builder_version=&#8221;4.13.0&#8243; _dynamic_attributes=&#8221;link_option_url&#8221; _module_preset=&#8221;default&#8221; header_font=&#8221;|600|||||||&#8221; header_text_color=&#8221;#16171A&#8221; header_font_size=&#8221;28px&#8221; header_line_height=&#8221;1.4em&#8221; body_text_color=&#8221;#757A80&#8243; background_enable_color=&#8221;off&#8221; text_orientation=&#8221;center&#8221; custom_padding=&#8221;||3px|||&#8221; link_option_url=&#8221;@ET-DC@eyJkeW5hbWljIjp0cnVlLCJjb250ZW50IjoicG9zdF9saW5rX3VybF9wcm9kdWN0Iiwic2V0dGluZ3MiOnsicG9zdF9pZCI6IjQzMCJ9fQ==@&#8221; global_colors_info=&#8221;{}&#8221;]<\/p>\n<h3>Wenn Sie sich bewegen m\u00fcssen<\/h3>\n<p>W\u00e4hlen Sie eine Sigma Select mit separatem Drahtvorschub, wenn Sie sich beim Schwei\u00dfen gro\u00dfer Werkst\u00fccke bewegen m\u00fcssen, z. B. in Beh\u00e4ltern oder engen Durchg\u00e4ngen.<\/p>\n<p>[\/et_pb_blurb][et_pb_button button_url=&#8221;@ET-DC@eyJkeW5hbWljIjp0cnVlLCJjb250ZW50IjoicG9zdF9saW5rX3VybF9wYWdlIiwic2V0dGluZ3MiOnsicG9zdF9pZCI6IjU5NDAifX0=@&#8221; button_text=&#8221;Check it out&#8221; button_alignment=&#8221;center&#8221; _builder_version=&#8221;4.14.7&#8243; _dynamic_attributes=&#8221;button_url&#8221; _module_preset=&#8221;default&#8221; button_text_color=&#8221;#08442B&#8221; button_border_radius=&#8221;4px&#8221; custom_margin=&#8221;45px|20px||20px|false|true&#8221; hover_enabled=&#8221;0&#8243; custom_css_main_element=&#8221;width:100%;&#8221; box_shadow_style=&#8221;preset3&#8243; box_shadow_vertical=&#8221;7px&#8221; box_shadow_blur=&#8221;5px&#8221; box_shadow_color=&#8221;rgba(22,23,26,0.08)&#8221; locked=&#8221;off&#8221; global_colors_info=&#8221;{}&#8221; custom_css_main_element_last_edited=&#8221;on|desktop&#8221; custom_css_main_element_tablet=&#8221;width:60%;&#8221; custom_css_main_element_phone=&#8221;width:100%;&#8221; button_bg_color__hover_enabled=&#8221;on|desktop&#8221; button_bg_color__hover=&#8221;#abe0b8&#8243; button_bg_enable_color__hover=&#8221;on&#8221; button_text_color__hover_enabled=&#8221;on|hover&#8221; box_shadow_color__hover_enabled=&#8221;on|desktop&#8221; box_shadow_color__hover=&#8221;rgba(171,224,184,0.6)&#8221; box_shadow_spread__hover_enabled=&#8221;on|desktop&#8221; box_shadow_spread__hover=&#8221;0px&#8221; box_shadow_blur__hover_enabled=&#8221;on|hover&#8221; box_shadow_blur__hover=&#8221;17px&#8221; box_shadow_vertical__hover_enabled=&#8221;on|desktop&#8221; button_text_color__hover=&#8221;#1C392A&#8221; button_bg_color=&#8221;#A9D3AB&#8221; button_bg_enable_color=&#8221;on&#8221; sticky_enabled=&#8221;0&#8243; box_shadow_vertical__hover=&#8221;7px&#8221;][\/et_pb_button][\/et_pb_column][\/et_pb_row][et_pb_row _builder_version=&#8221;4.9.4&#8243; _module_preset=&#8221;default&#8221; locked=&#8221;off&#8221; global_colors_info=&#8221;{%22gcid-dd211686-4416-4bfc-8c9c-149ca2277c42%22:%91%93}&#8221;][et_pb_column type=&#8221;4_4&#8243; _builder_version=&#8221;4.9.4&#8243; _module_preset=&#8221;default&#8221; global_colors_info=&#8221;{}&#8221;][et_pb_button button_url=&#8221;@ET-DC@eyJkeW5hbWljIjp0cnVlLCJjb250ZW50IjoicG9zdF9saW5rX3VybF9wYWdlIiwic2V0dGluZ3MiOnsicG9zdF9pZCI6IjIzMCJ9fQ==@&#8221; button_text=&#8221;@ET-DC@eyJkeW5hbWljIjp0cnVlLCJjb250ZW50IjoicG9zdF9tZXRhX2tleSIsInNldHRpbmdzIjp7ImJlZm9yZSI6IjxpIGNsYXNzPVwiZmFzIGZhLWFuZ2xlLWxlZnRcIiBhcmlhLWhpZGRlbj1cInRydWVcIj48L2k+ICIsImFmdGVyIjoiR28gYmFjayIsIm1ldGFfa2V5IjoiIiwiZW5hYmxlX2h0bWwiOiJvZmYifX0=@&#8221; button_alignment=&#8221;center&#8221; button_text_tablet=&#8221;&#8221; button_text_phone=&#8221;&#8221; button_text_last_edited=&#8221;on|desktop&#8221; _builder_version=&#8221;4.10.4&#8243; _dynamic_attributes=&#8221;button_text,button_url&#8221; _module_preset=&#8221;default&#8221; button_text_color=&#8221;#757A80&#8243; button_bg_color=&#8221;#dae0e5&#8243; custom_margin=&#8221;45px|20px||20px|false|true&#8221; box_shadow_style=&#8221;preset3&#8243; box_shadow_vertical=&#8221;7px&#8221; box_shadow_blur=&#8221;5px&#8221; box_shadow_color=&#8221;rgba(22,23,26,0.08)&#8221; locked=&#8221;off&#8221; global_colors_info=&#8221;{}&#8221; button_text_color__hover=&#8221;#1C392A&#8221; button_text_color__hover_enabled=&#8221;on|desktop&#8221; box_shadow_horizontal__hover_enabled=&#8221;on|desktop&#8221; box_shadow_vertical__hover=&#8221;12px&#8221; box_shadow_vertical__hover_enabled=&#8221;on|desktop&#8221; custom_css_main_element_last_edited=&#8221;off|desktop&#8221; custom_css_main_element_phone=&#8221;width:100%;&#8221; button_bg_color__hover=&#8221;#abe0b8&#8243; button_bg_color__hover_enabled=&#8221;on|desktop&#8221; box_shadow_blur__hover=&#8221;17px&#8221; box_shadow_blur__hover_enabled=&#8221;on|hover&#8221; box_shadow_spread__hover=&#8221;0px&#8221; box_shadow_spread__hover_enabled=&#8221;on|desktop&#8221; box_shadow_color__hover=&#8221;rgba(171,224,184,0.6)&#8221; box_shadow_color__hover_enabled=&#8221;on|desktop&#8221; transform_translate_linked__hover=&#8221;off&#8221;][\/et_pb_button][\/et_pb_column][\/et_pb_row][\/et_pb_section]<\/p>","protected":false},"excerpt":{"rendered":"<p>Our recommendationBased on your choices;Sigma Select C or Sigma Select S\u00a0is the Favourite for you.Sigma Select\u00a0is the Favourite for you.Sigma Select C 15-400 AIf you have to stay put Choose a Sigma Select compact if you intend to be stationary, stay in a welding booth or be right next to the working table at all [&hellip;]<\/p>","protected":false},"author":1,"featured_media":0,"parent":230,"menu_order":0,"comment_status":"closed","ping_status":"closed","template":"","meta":{"_et_pb_use_builder":"on","_et_pb_old_content":"","_et_gb_content_width":"","footnotes":""},"class_list":["post-550","page","type-page","status-publish","hentry"],"_links":{"self":[{"href":"https:\/\/favourites.migatronic.com\/de\/wp-json\/wp\/v2\/pages\/550","targetHints":{"allow":["GET"]}}],"collection":[{"href":"https:\/\/favourites.migatronic.com\/de\/wp-json\/wp\/v2\/pages"}],"about":[{"href":"https:\/\/favourites.migatronic.com\/de\/wp-json\/wp\/v2\/types\/page"}],"author":[{"embeddable":true,"href":"https:\/\/favourites.migatronic.com\/de\/wp-json\/wp\/v2\/users\/1"}],"replies":[{"embeddable":true,"href":"https:\/\/favourites.migatronic.com\/de\/wp-json\/wp\/v2\/comments?post=550"}],"version-history":[{"count":0,"href":"https:\/\/favourites.migatronic.com\/de\/wp-json\/wp\/v2\/pages\/550\/revisions"}],"up":[{"embeddable":true,"href":"https:\/\/favourites.migatronic.com\/de\/wp-json\/wp\/v2\/pages\/230"}],"wp:attachment":[{"href":"https:\/\/favourites.migatronic.com\/de\/wp-json\/wp\/v2\/media?parent=550"}],"curies":[{"name":"wp","href":"https:\/\/api.w.org\/{rel}","templated":true}]}}