{"id":23,"date":"2021-05-20T07:00:41","date_gmt":"2021-05-20T07:00:41","guid":{"rendered":"https:\/\/favourites.migatronic.com\/\/?page_id=23"},"modified":"2022-02-17T15:49:54","modified_gmt":"2022-02-17T14:49:54","slug":"help","status":"publish","type":"page","link":"https:\/\/favourites.migatronic.com\/es\/help\/","title":{"rendered":"Ayuda"},"content":{"rendered":"<p>[et_pb_section fb_built=&#8221;1&#8243; _builder_version=&#8221;4.14.7&#8243; _module_preset=&#8221;default&#8221; background_color=&#8221;#F6F7F9&#8243; custom_padding=&#8221;||150px||false|false&#8221; global_colors_info=&#8221;{}&#8221;][et_pb_row _builder_version=&#8221;4.9.4&#8243; _module_preset=&#8221;default&#8221; global_colors_info=&#8221;{%22gcid-dd211686-4416-4bfc-8c9c-149ca2277c42%22:%91%93}&#8221;][et_pb_column type=&#8221;4_4&#8243; _builder_version=&#8221;4.9.4&#8243; _module_preset=&#8221;default&#8221; global_colors_info=&#8221;{}&#8221;][et_pb_text disabled_on=&#8221;off|on|off&#8221; _builder_version=&#8221;4.9.4&#8243; _module_preset=&#8221;default&#8221; header_font=&#8221;|600|||||||&#8221; header_text_color=&#8221;#16171A&#8221; header_font_size=&#8221;50px&#8221; header_line_height=&#8221;1.3em&#8221; custom_margin=&#8221;20px||30px||false|false&#8221; custom_margin_tablet=&#8221;&#8221; custom_margin_phone=&#8221;&#8221; custom_margin_last_edited=&#8221;on|tablet&#8221; header_text_color_tablet=&#8221;#16171a&#8221; header_text_color_phone=&#8221;&#8221; header_text_color_last_edited=&#8221;on|tablet&#8221; header_font_size_tablet=&#8221;&#8221; header_font_size_phone=&#8221;40px&#8221; header_font_size_last_edited=&#8221;on|tablet&#8221; global_colors_info=&#8221;{}&#8221;]<\/p>\n<h1 style=\"text-align: center;\">Preguntas frecuentes<\/h1>\n<p>[\/et_pb_text][\/et_pb_column][\/et_pb_row][et_pb_row column_structure=&#8221;1_2,1_2&#8243; use_custom_gutter=&#8221;on&#8221; gutter_width=&#8221;2&#8243; _builder_version=&#8221;4.14.7&#8243; _module_preset=&#8221;default&#8221; hover_enabled=&#8221;0&#8243; global_colors_info=&#8221;{%22gcid-dd211686-4416-4bfc-8c9c-149ca2277c42%22:%91%93}&#8221; sticky_enabled=&#8221;0&#8243;][et_pb_column type=&#8221;1_2&#8243; _builder_version=&#8221;4.9.4&#8243; _module_preset=&#8221;default&#8221; global_colors_info=&#8221;{}&#8221;][et_pb_accordion open_toggle_text_color=&#8221;#1C392A&#8221; open_toggle_background_color=&#8221;#E6F5E7&#8243; closed_toggle_text_color=&#8221;#45494d&#8221; closed_toggle_background_color=&#8221;#ffffff&#8221; toggle_icon=&#8221;&#xf078;||fa||900&#8243; icon_color=&#8221;#0C402A&#8221; use_icon_font_size=&#8221;on&#8221; _builder_version=&#8221;4.14.7&#8243; _module_preset=&#8221;default&#8221; toggle_text_color=&#8221;#16171a&#8221; toggle_font=&#8221;|600|||||||&#8221; toggle_font_size=&#8221;20px&#8221; toggle_line_height=&#8221;1.6em&#8221; closed_toggle_font=&#8221;||||||||&#8221; closed_toggle_font_size=&#8221;20px&#8221; closed_toggle_line_height=&#8221;1.6em&#8221; body_text_color=&#8221;#08442B&#8221; body_line_height=&#8221;1.6em&#8221; custom_margin=&#8221;||||false|false&#8221; custom_margin_tablet=&#8221;&#8221; custom_margin_phone=&#8221;&#8221; custom_margin_last_edited=&#8221;on|desktop&#8221; hover_enabled=&#8221;0&#8243; border_width_all=&#8221;0px&#8221; global_colors_info=&#8221;{}&#8221; open_toggle_text_color__hover_enabled=&#8221;off|desktop&#8221; sticky_enabled=&#8221;0&#8243;][et_pb_accordion_item title=&#8221;Dummy &#8211; Invisible&#8221; open=&#8221;on&#8221; _builder_version=&#8221;4.14.7&#8243; _module_preset=&#8221;default&#8221; custom_margin=&#8221;10px||10px||true|false&#8221; hover_enabled=&#8221;0&#8243; custom_css_main_element=&#8221;display:none;&#8221; global_colors_info=&#8221;{}&#8221; toggle_font_size_tablet=&#8221;&#8221; toggle_font_size_phone=&#8221;&#8221; toggle_font_size_last_edited=&#8221;on|phone&#8221; sticky_enabled=&#8221;0&#8243;][\/et_pb_accordion_item][et_pb_accordion_item title=&#8221;What is a Migatronic Favourite machine? &#8221; _builder_version=&#8221;4.14.7&#8243; _module_preset=&#8221;default&#8221; hover_enabled=&#8221;0&#8243; global_colors_info=&#8221;{}&#8221; toggle_font_size_tablet=&#8221;&#8221; toggle_font_size_phone=&#8221;&#8221; toggle_font_size_last_edited=&#8221;on|phone&#8221; open=&#8221;off&#8221; custom_margin=&#8221;10px||10px||true|false&#8221; sticky_enabled=&#8221;0&#8243;]<\/p>\n<p>Las Migatronic Favoritas son las configuraciones favoritas de nuestros clientes de nuestras m\u00e1quinas de soldadura m\u00e1s importantes para todo tipo de trabajos. Se caracterizan por su alta fiabilidad, su r\u00e1pida disponibilidad y su excelente relaci\u00f3n calidad-precio.<\/p>\n<p>[\/et_pb_accordion_item][et_pb_accordion_item title=\"\u00bfPuedo cambiar el equipamiento incluido? \"_builder_version=\"4.10.8\u2033 _module_preset=\"default\" custom_margin=\"10px||10px||true|false\" global_colors_info=\"{}\" toggle_font_size_tablet=\"\" toggle_font_size_phone=\"\" toggle_font_size_last_edited=\"on|phone\" open=\"off\"]<\/p>\n<p>S\u00ed, pero no podemos garantizar el mismo precio y plazo de entrega. Las Migatronic Favourite son m\u00e1quinas de soldar preconfiguradas con un precio fijo, lo que garantiza una entrega r\u00e1pida y un precio excelente para usted.<\/p>\n<p>[\/et_pb_accordion_item][et_pb_accordion_item title=\"\u00bfPuedo personalizar mi m\u00e1quina Favourite? \"_builder_version=\"4.10.8\u2033 _module_preset=\"default\" custom_margin=\"10px||10px||true|false\" global_colors_info=\"{}\" toggle_font_size_tablet=\"\" toggle_font_size_phone=\"\" toggle_font_size_last_edited=\"on|phone\" title__hover_enabled=\"off|desktop\" open=\"off\"]<\/p>\n<p>Nuestra completa gama de productos es amplia y especializada, y cada d\u00eda ofrecemos soluciones de soldadura personalizadas a clientes muy comprometidos. Si una m\u00e1quina Favourite preconfigurada no se ajusta a sus necesidades, consulte nuestra gama completa de productos en migatronic.com.<\/p>\n<p>[\/et_pb_accordion_item][et_pb_accordion_item title=\"\u00bfC\u00f3mo puedo pedir una m\u00e1quina Favourite? \"_builder_version=\"4.10.7\u2033 _module_preset=\"default\" custom_margin=\"10px||10px||true|false\" global_colors_info=\"{}\" toggle_font_size_tablet=\"\" toggle_font_size_phone=\"\" toggle_font_size_last_edited=\"on|phone\" open=\"off\"]<\/p>\n<p>P\u00f3ngase en contacto con su distribuidor local de Migatronic Favourites para hacer un pedido. Encuentre un distribuidor aqu\u00ed.<\/p>\n<p>[\/et_pb_accordion_item][et_pb_accordion_item title=\"\u00bfCu\u00e1les son las opciones de env\u00edo? \"_builder_version=\"4.10.8\u2033 _module_preset=\"default\" custom_margin=\"10px||10px||true|false\" global_colors_info=\"{}\" toggle_font_size_tablet=\"\" toggle_font_size_phone=\"\" toggle_font_size_last_edited=\"on|phone\" open=\"off\"]<\/p>\n<p>Las opciones de env\u00edo dependen de lo que pueda ofrecer su distribuidor local.<\/p>\n<p>[\/et_pb_accordion_item][et_pb_accordion_item title=\"\u00bfQui\u00e9n es el responsable del servicio?\" _builder_version=\"4.10.7\u2033 _module_preset=\"default\" global_colors_info=\"{}\" open=\"off\"]<\/p>\n<p>Contamos con una amplia red de socios de servicio autorizados que llevan a cabo un servicio profesional que incluye la calibraci\u00f3n y la validaci\u00f3n. P\u00f3ngase en contacto con su distribuidor o socio de servicio local. Encu\u00e9ntrelos aqu\u00ed.<\/p>\n<p>[\/et_pb_accordion_item][\/et_pb_accordion][\/et_pb_column][et_pb_column type=\"1_2\u2033 _builder_version=\"4.9.4\u2033 _module_preset=\"default\" global_colors_info=\"{}\"][et_pb_accordion open_toggle_text_color=\"#1C392A\" open_toggle_background_color=\"#E6F5E7\u2033 closed_toggle_text_color=\"#45494d\" closed_toggle_background_color=\"#ffff\" toggle_icon=\"|fa||900\u2033 icon_color=\"#0C402A\" use_icon_font_size=\"on\" _builder_version=\"4.14.7\u2033 _module_preset=\"default\" toggle_text_color=\"#16171a\" toggle_font=\"|600|||||||\" toggle_font_size=\"20px\" toggle_line_height=\"1.6em\" closed_toggle_font=\"||||||||\" closed_toggle_font_size=\"20px\" closed_toggle_line_height=\"1.6em\" body_text_color=\"#08442B\" body_line_height=\"1.6em\" custom_margin=\"||||false|false\" custom_margin_tablet=\"\" custom_margin_last_edited=\"on|desktop\" border_width_all=\"0px\" global_colors_info=\"{}\" open_toggle_text_color__hover_enabled=\"off|desktop\" sticky_enabled=\"0\u2033 custom_margin_phone=\"\"][et_p_accordion_item title=\"Maniqu\u00ed - Invisible\" open=\"on\" _builder_version=\"4.14.7\u2033 _module_preset=\"default\" custom_margin=\"10px||10px||true|false\" hover_enabled=\"0\u2033 custom_css_main_element=\"display:none;\" global_colors_info=\"{}\" toggle_font_size_tablet=\"\" toggle_font_size_phone=\"\" toggle_font_size_last_edited=\"on|phone\" sticky_enabled=\"0\u2033][\/et_pb_accordion_item][et_pb_accordion_item title=\"\u00bfPuedo obtener una demostraci\u00f3n de una m\u00e1quina espec\u00edfica?\" _builder_version=\"4.14.7\u2033 _module_preset=\"default\" hover_enabled=\"0\u2033 global_colors_info=\"{}\" open=\"off\" sticky_enabled=\"0\u2033]<\/p>\n<p>Lo m\u00e1s probable es que s\u00ed. P\u00f3ngase en contacto con su distribuidor local de Migatronic Favourites para solicitar una demostraci\u00f3n.<\/p>\n<p>[\/et_pb_accordion_item][et_pb_accordion_item title=\"\u00bfPuedo obtener ayuda para elegir la m\u00e1quina adecuada a mis necesidades? \"_builder_version=\"4.14.7\u2033 _module_preset=\"default\" custom_margin=\"10px||10px||true|false\" hover_enabled=\"0\u2033 global_colors_info=\"{}\" toggle_font_size_tablet=\"\" toggle_font_size_phone=\"\" toggle_font_size_last_edited=\"on|phone\" open=\"off\" sticky_enabled=\"0\u2033]<\/p>\n<p>Tienes dos opciones. 1) Responder a algunas preguntas en nuestro <a href=\"https:\/\/favourites.migatronic.com\/es\/find-your-favourite\/welding-proces\/\">Buscador de productos Favourites<\/a> para reducir sus opciones. 2) P\u00f3ngase en contacto con su distribuidor local de Migatronic Favourites para que le asesore personalmente en la b\u00fasqueda del Favourite que mejor se adapte a sus necesidades.<\/p>\n<p>[\/et_pb_accordion_item][et_pb_accordion_item title=\"\u00bfCu\u00e1l es el periodo de garant\u00eda?\" _builder_version=\"4.10.8\u2033 _module_preset=\"default\" custom_margin=\"10px||10px||true|false\" global_colors_info=\"{}\" toggle_font_size_tablet=\"\" toggle_font_size_phone=\"\" toggle_font_size_last_edited=\"on|phone\" open=\"off\"]<\/p>\n<p>El periodo de garant\u00eda es siempre de 2 a\u00f1os para las m\u00e1quinas de soldar nuevas. Puede obtener hasta 3 \u00f3 5 a\u00f1os de garant\u00eda en algunas m\u00e1quinas Favourite. Registre su Favourite reci\u00e9n comprada en migatronic.com\/warranty en un plazo m\u00e1ximo de 30 d\u00edas desde la fecha de compra para obtener la garant\u00eda ampliada.<\/p>\n<p>[\/et_pb_accordion_item][et_pb_accordion_item title=\"\u00bfQui\u00e9n es Migatronic? \"_builder_version=\"4.10.7\u2033 _module_preset=\"default\" custom_margin=\"10px||10px||true|false\" global_colors_info=\"{}\" toggle_font_size_tablet=\"\" toggle_font_size_phone=\"\" toggle_font_size_last_edited=\"on|phone\" open=\"off\"]<\/p>\n<p>Somos una empresa de desarrollo y fabricaci\u00f3n con sede en Dinamarca dedicada a la soldadura. Con el respaldo de cinco d\u00e9cadas de conocimientos especializados, proporcionamos m\u00e1quinas de soldadura de alta calidad que a\u00f1aden valor al negocio de nuestros clientes. Lea m\u00e1s sobre nosotros <a href=\"https:\/\/favourites.migatronic.com\/es\/about\/\">aqu\u00ed.<\/a><\/p>\n<p>[\/et_pb_accordion_item][et_pb_accordion_item title=\"\u00bfQu\u00e9 m\u00e1s ofrece Migatronic? \"_builder_version=\"4.10.7\u2033 _module_preset=\"default\" custom_margin=\"10px||10px||true|false\" global_colors_info=\"{}\" toggle_font_size_tablet=\"\" toggle_font_size_phone=\"\" toggle_font_size_last_edited=\"on|phone\" open=\"off\"]<\/p>\n<p>Ofrecemos una amplia gama de m\u00e1quinas de soldar y software, diversos accesorios y consumibles, as\u00ed como soluciones de soldadura automatizada, incluido el robot de soldadura colaborativa CoWelder. Visite migatronic.com para ver todos nuestros productos y soluciones.<\/p>\n<p>[\/et_pb_accordion_item][et_pb_accordion_item title=\"\u00bfC\u00f3mo puedo contactar con Migatronic? \"_builder_version=\"4.10.7\u2033 _module_preset=\"default\" custom_margin=\"10px||10px||true|false\" global_colors_info=\"{}\" toggle_font_size_tablet=\"\" toggle_font_size_phone=\"\" toggle_font_size_last_edited=\"on|phone\" open=\"off\"]<\/p>\n<p>Le invitamos a llamarnos, enviarnos un correo electr\u00f3nico o un mensaje mediante el formulario de contacto de este sitio. Encuentre toda nuestra informaci\u00f3n de contacto <a href=\"https:\/\/favourites.migatronic.com\/es\/contact\/\">aqu\u00ed.<\/a><\/p>\n<p>[\/et_pb_accordion_item][\/et_pb_accordion][\/et_pb_column][\/et_pb_row][\/et_pb_section]<\/p>","protected":false},"excerpt":{"rendered":"<p>Preguntas frecuentesMigatronic Favourites son las configuraciones favoritas de nuestros clientes de nuestras mejores m\u00e1quinas de soldar para cada tipo de trabajo. Se caracterizan por su alta fiabilidad, r\u00e1pida disponibilidad y gran relaci\u00f3n calidad-precio. Migatronic Favourites son m\u00e1quinas de soldar preconfiguradas con un precio fijo, asegurando una r\u00e1pida [...]<\/p>","protected":false},"author":1,"featured_media":0,"parent":0,"menu_order":2,"comment_status":"closed","ping_status":"closed","template":"","meta":{"_et_pb_use_builder":"on","_et_pb_old_content":"","_et_gb_content_width":"","footnotes":""},"class_list":["post-23","page","type-page","status-publish","hentry"],"_links":{"self":[{"href":"https:\/\/favourites.migatronic.com\/es\/wp-json\/wp\/v2\/pages\/23","targetHints":{"allow":["GET"]}}],"collection":[{"href":"https:\/\/favourites.migatronic.com\/es\/wp-json\/wp\/v2\/pages"}],"about":[{"href":"https:\/\/favourites.migatronic.com\/es\/wp-json\/wp\/v2\/types\/page"}],"author":[{"embeddable":true,"href":"https:\/\/favourites.migatronic.com\/es\/wp-json\/wp\/v2\/users\/1"}],"replies":[{"embeddable":true,"href":"https:\/\/favourites.migatronic.com\/es\/wp-json\/wp\/v2\/comments?post=23"}],"version-history":[{"count":1,"href":"https:\/\/favourites.migatronic.com\/es\/wp-json\/wp\/v2\/pages\/23\/revisions"}],"predecessor-version":[{"id":6352,"href":"https:\/\/favourites.migatronic.com\/es\/wp-json\/wp\/v2\/pages\/23\/revisions\/6352"}],"wp:attachment":[{"href":"https:\/\/favourites.migatronic.com\/es\/wp-json\/wp\/v2\/media?parent=23"}],"curies":[{"name":"wp","href":"https:\/\/api.w.org\/{rel}","templated":true}]}}