{"id":3,"date":"2021-05-20T06:23:27","date_gmt":"2021-05-20T06:23:27","guid":{"rendered":"https:\/\/favourites.migatronic.com\/\/?page_id=3"},"modified":"2021-08-13T10:34:30","modified_gmt":"2021-08-13T08:34:30","slug":"privacy-policy","status":"publish","type":"page","link":"https:\/\/favourites.migatronic.com\/es\/privacy-policy\/","title":{"rendered":"Pol\u00edtica de privacidad"},"content":{"rendered":"<p>[et_pb_section fb_built=&#8221;1&#8243; next_background_color=&#8221;#ffffff&#8221; admin_label=&#8221;section&#8221; _builder_version=&#8221;4.9.4&#8243; background_image=&#8221;https:\/\/favourites.migatronic.com\/\/wp-content\/uploads\/2021\/06\/background_darker.jpg&#8221; min_height=&#8221;500px&#8221; min_height_tablet=&#8221;300px&#8221; min_height_phone=&#8221;280px&#8221; min_height_last_edited=&#8221;on|tablet&#8221; custom_margin=&#8221;||||false|false&#8221; bottom_divider_style=&#8221;waves2&#8243; bottom_divider_repeat=&#8221;1x&#8221; bottom_divider_style_tablet=&#8221;waves2&#8243; bottom_divider_style_phone=&#8221;none&#8221; bottom_divider_style_last_edited=&#8221;on|phone&#8221; global_colors_info=&#8221;{}&#8221;][\/et_pb_section][et_pb_section fb_built=&#8221;1&#8243; _builder_version=&#8221;4.9.4&#8243; _module_preset=&#8221;default&#8221; use_background_color_gradient=&#8221;on&#8221; background_color_gradient_start=&#8221;#f2f3f4&#8243; background_color_gradient_end=&#8221;#ffffff&#8221; background_color_gradient_direction=&#8221;1deg&#8221; custom_padding=&#8221;||130px||false|false&#8221; global_colors_info=&#8221;{}&#8221;][et_pb_row _builder_version=&#8221;4.9.10&#8243; _module_preset=&#8221;default&#8221; global_colors_info=&#8221;{%22gcid-dd211686-4416-4bfc-8c9c-149ca2277c42%22:%91%93}&#8221;][et_pb_column type=&#8221;4_4&#8243; _builder_version=&#8221;4.9.10&#8243; _module_preset=&#8221;default&#8221; global_colors_info=&#8221;{}&#8221;][et_pb_text _builder_version=&#8221;4.9.11&#8243; _module_preset=&#8221;default&#8221; text_font=&#8221;||||||||&#8221; text_text_color=&#8221;#16171A&#8221; text_font_size=&#8221;18px&#8221; text_line_height=&#8221;1.5em&#8221; header_font=&#8221;|600|||||||&#8221; header_text_color=&#8221;#08442B&#8221; header_font_size=&#8221;50px&#8221; header_line_height=&#8221;1.2em&#8221; header_2_font=&#8221;|600|||||||&#8221; header_2_text_color=&#8221;#16171A&#8221; background_color=&#8221;#ffffff&#8221; background_blend=&#8221;overlay&#8221; width=&#8221;100%&#8221; width_tablet=&#8221;100%&#8221; width_phone=&#8221;&#8221; width_last_edited=&#8221;on|phone&#8221; module_alignment=&#8221;center&#8221; custom_margin=&#8221;-437px||||false|false&#8221; custom_margin_tablet=&#8221;-200px||||false|false&#8221; custom_margin_phone=&#8221;-190px||||false|false&#8221; custom_margin_last_edited=&#8221;on|phone&#8221; custom_padding=&#8221;80px|80px|150px|80px|false|true&#8221; custom_padding_tablet=&#8221;63px|70px|80px|70px|false|true&#8221; custom_padding_phone=&#8221;40px|25px||25px|false|true&#8221; custom_padding_last_edited=&#8221;on|tablet&#8221; animation_style=&#8221;slide&#8221; animation_direction=&#8221;bottom&#8221; animation_intensity_slide=&#8221;5%&#8221; animation_starting_opacity=&#8221;50%&#8221; hover_enabled=&#8221;0&#8243; text_font_size_tablet=&#8221;20px&#8221; text_font_size_phone=&#8221;16px&#8221; text_font_size_last_edited=&#8221;on|phone&#8221; header_font_size_tablet=&#8221;&#8221; header_font_size_phone=&#8221;32px&#8221; header_font_size_last_edited=&#8221;on|phone&#8221; border_radii=&#8221;on|15px|15px|15px|15px&#8221; box_shadow_style=&#8221;preset3&#8243; box_shadow_color=&#8221;rgba(8,68,43,0.38)&#8221; global_colors_info=&#8221;{%22gcid-dd211686-4416-4bfc-8c9c-149ca2277c42%22:%91%93}&#8221; background_enable_image=&#8221;off&#8221; sticky_enabled=&#8221;0&#8243;]<\/p>\n<h1>Pol\u00edtica de privacidad<\/h1>\n<p style=\"color: rgba(0, 0, 0, 0.67);\"><span class=\"display-text body1\">Nos alegramos mucho de que se haya interesado por nuestra empresa. La protecci\u00f3n de datos es un tema de especial importancia para nosotros.<\/span><span class=\"display-text body1\">gh prioridad para Migatronic A\/S. Esta pol\u00edtica de privacidad pretende ayudarle a entender qu\u00e9 datos recogemos, por qu\u00e9 los recogemos y qu\u00e9 hacemos con ellos. Esto es importante, no solo para garantizar la seguridad de sus datos personales, sino tambi\u00e9n para asegurar que Migatronic A\/S cumple con el Reglamento General de Protecci\u00f3n de Datos (GDPR) que entrar\u00e1 en vigor a partir del 25 de mayo de 2018.<\/span><span style=\"font-family: Roboto, sans-serif; font-size: 1.2rem;\"><br \/><\/span><\/p>\n<p style=\"color: rgba(0, 0, 0, 0.67);\"><span class=\"display-text body1\"><\/span><\/p>\n<p style=\"color: rgba(0, 0, 0, 0.67);\"><span class=\"display-text body1\"><\/span><\/p>\n<h2><span class=\"subtitle1\">\u00bfQu\u00e9 es el Reglamento General de Protecci\u00f3n de Datos?<\/span><\/h2>\n<p>En t\u00e9rminos jur\u00eddicos, el RGPD es una ley de la Uni\u00f3n Europea que pretende reforzar y unificar las normas y derechos de protecci\u00f3n de datos en beneficio de los ciudadanos de la UE. Dicho de otro modo, devolver el control de los datos personales al usuario. Aunque es una gran noticia para los individuos, presenta problemas complejos para las empresas.<\/p>\n<p>Las nuevas normas se aplican a todas las organizaciones (de cualquier tama\u00f1o) que suministran bienes y servicios a la UE o que utilizan tecnolog\u00edas de seguimiento (como cookies o p\u00edxeles de seguimiento) para controlar el comportamiento de los usuarios de la UE.<\/p>\n<p>Aunque es sencilla en teor\u00eda, la ley es densa y compleja y requiere una comprensi\u00f3n exhaustiva de los datos que recopila, si son personales o no, c\u00f3mo los almacena y utiliza, y c\u00f3mo expone o elimina los datos cuando se le solicitan. Para ello, debe examinar cada uno de los procesos y l\u00edneas de c\u00f3digo del software para perfilar sus procesos de datos.<\/p>\n<p>En la mayor\u00eda de los casos, la recopilaci\u00f3n de datos requerir\u00e1 un consentimiento v\u00e1lido a partir del 25 de mayo, no solo de cara al futuro, sino tambi\u00e9n de todos sus usuarios actuales. Seg\u00fan el RGPD, el consentimiento no puede ser impl\u00edcito o inferirse de las acciones de alguien. En cambio, el consentimiento v\u00e1lido debe ser espec\u00edfico para los datos que se recogen, mediante una acci\u00f3n afirmativa que no sea ambigua.<\/p>\n<p>&nbsp;<\/p>\n<h2>1. Informaci\u00f3n personal - Qu\u00e9 recogemos y por qu\u00e9<\/h2>\n<p>Ofrecemos ciertas funciones, servicios, aplicaciones y herramientas del sitio que s\u00f3lo est\u00e1n disponibles mediante el uso de las siguientes tecnolog\u00edas de seguimiento. Usted es siempre libre de bloquear, eliminar o desactivar estas tecnolog\u00edas si su navegador, aplicaci\u00f3n instalada o dispositivo lo permiten. Sin embargo, si rechaza las cookies u otras tecnolog\u00edas similares, es posible que no pueda aprovechar ciertas funciones, servicios, aplicaciones o herramientas del sitio.<\/p>\n<p>Por lo general, estas tecnolog\u00edas permiten a nuestros sitios, servicios, aplicaciones y herramientas almacenar informaci\u00f3n relevante en su navegador o dispositivo y leer posteriormente esa informaci\u00f3n para identificarle ante nuestros servidores o sistemas internos. Cuando procede, protegemos nuestras cookies y otras tecnolog\u00edas similares para ayudar a garantizar que solo nosotros y\/o nuestros proveedores de servicios autorizados puedan interpretarlas, asign\u00e1ndoles un identificador \u00fanico que est\u00e1 dise\u00f1ado para ser interpretado solo por nosotros.<\/p>\n<p>Este sitio web recoge y utiliza informaci\u00f3n personal por los siguientes motivos:<\/p>\n<p>&nbsp;<\/p>\n<h2><span class=\"subtitle1\">1.1. Google Analytics<\/span><\/h2>\n<p>Al igual que la mayor\u00eda de los sitios web, este sitio utiliza Google Analytics (GA) para realizar un seguimiento de la interacci\u00f3n de los usuarios. Utilizamos estos datos para determinar el n\u00famero de personas que utilizan nuestro sitio, para entender mejor c\u00f3mo encuentran y utilizan nuestras p\u00e1ginas web y para ver su recorrido por el sitio web.<\/p>\n<p>Aunque GA registra datos como la ubicaci\u00f3n geogr\u00e1fica, el dispositivo, el navegador de Internet y el sistema operativo, ninguna de esta informaci\u00f3n nos permite identificarle personalmente. GA tambi\u00e9n registra la direcci\u00f3n IP de su ordenador, que podr\u00eda utilizarse para identificarle personalmente, pero Google no nos permite acceder a ella. Consideramos que Google es un procesador de datos de terceros (v\u00e9ase la secci\u00f3n 2 m\u00e1s abajo).<\/p>\n<p>GA utiliza cookies, cuyos detalles se pueden encontrar en <a rel=\"noopener\" href=\"https:\/\/developers.google.com\/analytics\/devguides\/collection\/analyticsjs\/cookie-usage\" target=\"_blank\">Gu\u00edas para desarrolladores de Google<\/a>.<\/p>\n<p>Si desactiva las cookies en su navegador de Internet, GA dejar\u00e1 de rastrear cualquier parte de su visita a las p\u00e1ginas de este sitio web.<\/p>\n<p>M\u00e1s informaci\u00f3n sobre <a rel=\"noopener\" href=\"https:\/\/www.google.com\/analytics\/\" target=\"_blank\">Google Analytics.<\/a><\/p>\n<p>&nbsp;<\/p>\n<h2><span class=\"subtitle1\">1.2. Google Tag Manager<\/span><\/h2>\n<p>Intentamos constantemente mejorar la experiencia del cliente en nuestro sitio web proporcionando a los visitantes campa\u00f1as y ofertas m\u00e1s personalizadas y espec\u00edficas. Para ello, utilizamos Google Tag Manager (GTM).<\/p>\n<p>GTM es un peque\u00f1o fragmento de c\u00f3digo que nos ayuda a rastrear el comportamiento de los usuarios en nuestros sitios y luego env\u00eda los datos a nuestra cuenta de Google Analytics. A continuaci\u00f3n, todos los datos est\u00e1n perfectamente organizados y listos para que los evaluemos y revisemos para posibles mejoras del sitio y campa\u00f1as de remarketing.<\/p>\n<p>Consideramos que Google es un procesador de datos de terceros (v\u00e9ase la secci\u00f3n 2 m\u00e1s abajo).<\/p>\n<p>M\u00e1s informaci\u00f3n sobre <a rel=\"noopener\" href=\"https:\/\/www.google.com\/analytics\/tag-manager\/\" target=\"_blank\">Google Tag Manager.<\/a><\/p>\n<p>&nbsp;<\/p>\n<h2><span class=\"subtitle1\">1.3. Formularios de contacto, inscripci\u00f3n y descarga, etc.<\/span><\/h2>\n<p>Si decide ponerse en contacto con nosotros, por ejemplo, a trav\u00e9s del formulario de contacto\/registro de nuestras p\u00e1ginas o de la descarga de contenidos cerrados de nuestro sitio web, su informaci\u00f3n se almacenar\u00e1 en nuestro backend y se recopilar\u00e1 en un correo electr\u00f3nico que se nos enviar\u00e1 a trav\u00e9s del <a rel=\"noopener\" href=\"https:\/\/en.wikipedia.org\/wiki\/Simple_Mail_Transfer_Protocol\" target=\"_blank\">Protocolo simple de transferencia de correo (SMTP)<\/a>.<\/p>\n<p>&nbsp;<\/p>\n<h2><span class=\"subtitle1\">1.4. Bolet\u00edn electr\u00f3nico<\/span><\/h2>\n<p>En el sitio web de Migatronic A\/S, los usuarios tienen la oportunidad de suscribirse al bolet\u00edn de noticias de nuestra empresa. Se enviar\u00e1 un correo electr\u00f3nico de confirmaci\u00f3n a la direcci\u00f3n de correo electr\u00f3nico registrada por un sujeto de datos por primera vez para el env\u00edo del bolet\u00edn, por razones legales, en el procedimiento de doble opt-in. Este correo electr\u00f3nico de confirmaci\u00f3n sirve para comprobar si el titular de la direcci\u00f3n de correo electr\u00f3nico como sujeto de los datos est\u00e1 autorizado a recibir el bolet\u00edn.<\/p>\n<p>Los datos personales recogidos en el marco de una inscripci\u00f3n al bolet\u00edn informativo s\u00f3lo se utilizar\u00e1n para enviar nuestro bolet\u00edn. Adem\u00e1s, los suscriptores del bolet\u00edn pueden ser informados por correo electr\u00f3nico, siempre y cuando sea necesario para el funcionamiento del servicio del bolet\u00edn o de un registro en cuesti\u00f3n, como podr\u00eda ser el caso en caso de modificaciones de la oferta del bolet\u00edn, o en caso de un cambio en las circunstancias t\u00e9cnicas.<\/p>\n<p>La suscripci\u00f3n a nuestro bolet\u00edn puede ser cancelada por el interesado en cualquier momento. El consentimiento para el almacenamiento de datos personales, que el interesado ha dado para el env\u00edo del bolet\u00edn, puede ser revocado en cualquier momento. Para la revocaci\u00f3n del consentimiento, se encuentra un enlace correspondiente en cada bolet\u00edn. Tambi\u00e9n es posible darse de baja del bolet\u00edn en cualquier momento poni\u00e9ndose en contacto con nosotros.<\/p>\n<p>El bolet\u00edn de noticias de Migatronic A\/S contiene los llamados p\u00edxeles de seguimiento. Un p\u00edxel de seguimiento es un gr\u00e1fico en miniatura incrustado en dichos correos electr\u00f3nicos, que se env\u00edan en formato HTML para permitir el registro y el an\u00e1lisis de archivos de registro. Esto permite un an\u00e1lisis estad\u00edstico del \u00e9xito o fracaso de las campa\u00f1as de marketing online. Sobre la base del p\u00edxel de seguimiento incrustado, Migatronic A\/S puede ver si un correo electr\u00f3nico fue abierto por un sujeto de datos y cu\u00e1ndo lo fue, y qu\u00e9 enlaces del correo electr\u00f3nico fueron llamados por los sujetos de datos.<\/p>\n<p>Dichos datos personales recogidos en los p\u00edxeles de seguimiento contenidos en los boletines informativos son almacenados y analizados por el responsable del tratamiento con el fin de optimizar el env\u00edo del bolet\u00edn informativo, as\u00ed como para adaptar el contenido de futuros boletines a\u00fan mejor a los intereses del interesado. Estos datos personales no se transmitir\u00e1n a terceros. Los titulares de los datos tienen derecho a revocar en cualquier momento la respectiva declaraci\u00f3n de consentimiento emitida por separado mediante el procedimiento de doble aceptaci\u00f3n. Despu\u00e9s de una revocaci\u00f3n, estos datos personales ser\u00e1n eliminados por el responsable del tratamiento. Migatronic A\/S considera autom\u00e1ticamente la renuncia a recibir el bolet\u00edn informativo como una revocaci\u00f3n.<\/p>\n<p>&nbsp;<\/p>\n<h2><span class=\"subtitle1\">1.5. Cookies del sitio web - <a data-udi=\"umb:\/\/document\/88878c0eb66e470fa58303395e43838e\" href=\"https:\/\/www.migatronic.com\/en\/privacy-policy\/cookies\/\" title=\"Galletas\" target=\"_blank\" rel=\"noopener\">Vea y gestione sus cookies aqu\u00ed (enlace)<\/a><\/span><\/h2>\n<p>Tratamos la informaci\u00f3n recogida por las cookies y otras tecnolog\u00edas como informaci\u00f3n no personal. Sin embargo, en la medida en que las direcciones de Protocolo de Internet (IP) o identificadores similares sean considerados informaci\u00f3n personal por la legislaci\u00f3n local, tambi\u00e9n tratamos estos identificadores como informaci\u00f3n personal. Del mismo modo, en la medida en que la informaci\u00f3n no personal se combina con la informaci\u00f3n personal, tratamos la informaci\u00f3n combinada como informaci\u00f3n personal a los efectos de esta Pol\u00edtica de Privacidad.<\/p>\n<hr style=\"margin: 2rem 0rem; border: 1px solid #e8ebed;\" \/>\n<h2>2. Nuestros procesadores de datos de terceros<\/h2>\n<p>Utilizamos una serie de terceros para procesar los datos personales en nuestro nombre. Estos terceros han sido cuidadosamente seleccionados y todos ellos cumplen con la legislaci\u00f3n establecida en el Reglamento General de Protecci\u00f3n de Datos de la UE de 2018 (GDPR).<\/p>\n<ul>\n<li><a rel=\"noopener\" href=\"https:\/\/policies.google.com\/privacy?hl=en-GB\" target=\"_blank\">Google (Pol\u00edtica de privacidad)<\/a><\/li>\n<li><a rel=\"noopener\" href=\"https:\/\/www.jcd.dk\/jcd-as\/privatlivsbeskyttelse\/\" target=\"_blank\" title=\"JCD A\/S\">JCD A\/S (Pol\u00edtica de privacidad)<\/a><\/li>\n<li><a rel=\"noopener\" href=\"https:\/\/products.office.com\/en-us\/business\/office-365-trust-center-privacy\" target=\"_blank\">Microsoft Office 365 (Declaraci\u00f3n de privacidad)<\/a><\/li>\n<li><a rel=\"noopener\" href=\"https:\/\/www.microsoft.com\/en-us\/trustcenter\/cloudservices\/dynamics365\" target=\"_blank\">Microsoft Dynamics 365 (seguridad y cumplimiento)<\/a><\/li>\n<\/ul>\n<hr style=\"margin: 2rem 0rem; border: 1px solid #e8ebed;\" \/>\n<h2>3. \u00bfCu\u00e1nto tiempo almacenamos su informaci\u00f3n?<\/h2>\n<p>Conservaremos sus datos personales durante el periodo necesario para cumplir los fines indicados en nuestra \"P\u00e1gina de consentimiento\". Siempre puede ponerse en contacto con nosotros si desea que sus datos personales sean \"borrados\" de nuestras bases de datos (v\u00e9ase la secci\u00f3n 6). Le responderemos sin demora (y, en cualquier caso, en el plazo de un mes, aunque puede ampliarse en casos dif\u00edciles).<\/p>\n<hr style=\"margin: 2rem 0rem; border: 1px solid #e8ebed;\" \/>\n<h2>4. Violaci\u00f3n de datos<\/h2>\n<p>Informaremos de cualquier violaci\u00f3n ilegal de la base de datos de este sitio web o de la(s) base(s) de datos de cualquiera de nuestros procesadores de datos de terceros a todas las personas y autoridades pertinentes dentro de las 72 horas siguientes a la violaci\u00f3n si es evidente que los datos personales almacenados de manera identificable han sido robados.<\/p>\n<hr style=\"margin: 2rem 0rem; border: 1px solid #e8ebed;\" \/>\n<h2>5. Controlador de datos<\/h2>\n<p>El responsable del tratamiento de datos de este sitio web es Svejsemaskinefabrikken Migatronic A\/S, con n\u00famero de empresa (CVR): 34485216 cuyo domicilio social es:<\/p>\n<p>Migatronic A\/S<br \/>Aggersundvej 33<br \/>9690 Fjerritslev<\/p>\n<p>Dinamarca<br \/>Tel\u00e9fono: +45 96 500 600<br \/>Correo electr\u00f3nico: <a rel=\"noopener\" href=\"mailto:sales@migatronic.dk\" target=\"_blank\">sales@migatronic.dk<\/a><br \/>P\u00e1gina web: <a rel=\"noopener\" href=\"https:\/\/migatronic.com\" target=\"_blank\">www.migatronic.com<\/a><\/p>\n<hr style=\"margin: 2rem 0rem; border: 1px solid #e8ebed;\" \/>\n<h2>6. Derecho de acceso y al olvido<\/h2>\n<p>P\u00f3ngase en contacto con nosotros si desea solicitar el acceso a su informaci\u00f3n personal almacenada en nuestras bases de datos, o si quiere que sus datos personales sean \"borrados\" de nuestras bases de datos. Le responderemos sin demora (y, en cualquier caso, en el plazo de un mes desde la recepci\u00f3n de su solicitud, aunque puede ampliarse en casos dif\u00edciles).<\/p>\n<hr style=\"margin: 2rem 0rem; border: 1px solid #e8ebed;\" \/>\n<h2>7. Cuestiones de privacidad<\/h2>\n<p>Si tiene alguna pregunta o duda sobre la pol\u00edtica de privacidad o el tratamiento de datos, o si desea presentar una queja sobre una posible infracci\u00f3n de la legislaci\u00f3n local en materia de privacidad, p\u00f3ngase en contacto con nosotros:<\/p>\n<p>Cuando se recibe una pregunta sobre privacidad o una solicitud de acceso\/descarga, contamos con un equipo especializado que clasifica los contactos y trata de abordar la preocupaci\u00f3n o consulta espec\u00edfica que usted desea plantear. Si el problema es m\u00e1s importante, es posible que se le pida m\u00e1s informaci\u00f3n.<\/p>\n<p>[\/et_pb_text][\/et_pb_column][\/et_pb_row][\/et_pb_section]<\/p>","protected":false},"excerpt":{"rendered":"<p>Privacy Policy We are very delighted that you have shown interest in our enterprise. Data protection is of a particularly high priority for Migatronic A\/S. This Privacy Policy is meant to help you understand what data we collect, why we collect it and what we do with it. This is important, not only to ensure [&hellip;]<\/p>","protected":false},"author":1,"featured_media":0,"parent":0,"menu_order":6,"comment_status":"closed","ping_status":"open","template":"","meta":{"_et_pb_use_builder":"on","_et_pb_old_content":"<!-- wp:heading --><h2>Who we are<\/h2><!-- \/wp:heading --><!-- wp:paragraph --><p><strong class=\"privacy-policy-tutorial\">Suggested text: <\/strong>Our website address is: https:\/\/favourites.migatronic.com\/.<\/p><!-- \/wp:paragraph --><!-- wp:heading --><h2>Comments<\/h2><!-- \/wp:heading --><!-- wp:paragraph --><p><strong class=\"privacy-policy-tutorial\">Suggested text: <\/strong>When visitors leave comments on the site we collect the data shown in the comments form, and also the visitor&#8217;s IP address and browser user agent string to help spam detection.<\/p><!-- \/wp:paragraph --><!-- wp:paragraph --><p>An anonymized string created from your email address (also called a hash) may be provided to the Gravatar service to see if you are using it. The Gravatar service privacy policy is available here: https:\/\/automattic.com\/privacy\/. After approval of your comment, your profile picture is visible to the public in the context of your comment.<\/p><!-- \/wp:paragraph --><!-- wp:heading --><h2>Media<\/h2><!-- \/wp:heading --><!-- wp:paragraph --><p><strong class=\"privacy-policy-tutorial\">Suggested text: <\/strong>If you upload images to the website, you should avoid uploading images with embedded location data (EXIF GPS) included. Visitors to the website can download and extract any location data from images on the website.<\/p><!-- \/wp:paragraph --><!-- wp:heading --><h2>Cookies<\/h2><!-- \/wp:heading --><!-- wp:paragraph --><p><strong class=\"privacy-policy-tutorial\">Suggested text: <\/strong>If you leave a comment on our site you may opt-in to saving your name, email address and website in cookies. These are for your convenience so that you do not have to fill in your details again when you leave another comment. These cookies will last for one year.<\/p><!-- \/wp:paragraph --><!-- wp:paragraph --><p>If you visit our login page, we will set a temporary cookie to determine if your browser accepts cookies. This cookie contains no personal data and is discarded when you close your browser.<\/p><!-- \/wp:paragraph --><!-- wp:paragraph --><p>When you log in, we will also set up several cookies to save your login information and your screen display choices. Login cookies last for two days, and screen options cookies last for a year. If you select &quot;Remember Me&quot;, your login will persist for two weeks. If you log out of your account, the login cookies will be removed.<\/p><!-- \/wp:paragraph --><!-- wp:paragraph --><p>If you edit or publish an article, an additional cookie will be saved in your browser. This cookie includes no personal data and simply indicates the post ID of the article you just edited. It expires after 1 day.<\/p><!-- \/wp:paragraph --><!-- wp:heading --><h2>Embedded content from other websites<\/h2><!-- \/wp:heading --><!-- wp:paragraph --><p><strong class=\"privacy-policy-tutorial\">Suggested text: <\/strong>Articles on this site may include embedded content (e.g. videos, images, articles, etc.). Embedded content from other websites behaves in the exact same way as if the visitor has visited the other website.<\/p><!-- \/wp:paragraph --><!-- wp:paragraph --><p>These websites may collect data about you, use cookies, embed additional third-party tracking, and monitor your interaction with that embedded content, including tracking your interaction with the embedded content if you have an account and are logged in to that website.<\/p><!-- \/wp:paragraph --><!-- wp:heading --><h2>Who we share your data with<\/h2><!-- \/wp:heading --><!-- wp:paragraph --><p><strong class=\"privacy-policy-tutorial\">Suggested text: <\/strong>If you request a password reset, your IP address will be included in the reset email.<\/p><!-- \/wp:paragraph --><!-- wp:heading --><h2>How long we retain your data<\/h2><!-- \/wp:heading --><!-- wp:paragraph --><p><strong class=\"privacy-policy-tutorial\">Suggested text: <\/strong>If you leave a comment, the comment and its metadata are retained indefinitely. This is so we can recognize and approve any follow-up comments automatically instead of holding them in a moderation queue.<\/p><!-- \/wp:paragraph --><!-- wp:paragraph --><p>For users that register on our website (if any), we also store the personal information they provide in their user profile. All users can see, edit, or delete their personal information at any time (except they cannot change their username). Website administrators can also see and edit that information.<\/p><!-- \/wp:paragraph --><!-- wp:heading --><h2>What rights you have over your data<\/h2><!-- \/wp:heading --><!-- wp:paragraph --><p><strong class=\"privacy-policy-tutorial\">Suggested text: <\/strong>If you have an account on this site, or have left comments, you can request to receive an exported file of the personal data we hold about you, including any data you have provided to us. You can also request that we erase any personal data we hold about you. This does not include any data we are obliged to keep for administrative, legal, or security purposes.<\/p><!-- \/wp:paragraph --><!-- wp:heading --><h2>Where we send your data<\/h2><!-- \/wp:heading --><!-- wp:paragraph --><p><strong class=\"privacy-policy-tutorial\">Suggested text: <\/strong>Visitor comments may be checked through an automated spam detection service.<\/p><!-- \/wp:paragraph -->","_et_gb_content_width":"","footnotes":""},"class_list":["post-3","page","type-page","status-publish","hentry"],"_links":{"self":[{"href":"https:\/\/favourites.migatronic.com\/es\/wp-json\/wp\/v2\/pages\/3","targetHints":{"allow":["GET"]}}],"collection":[{"href":"https:\/\/favourites.migatronic.com\/es\/wp-json\/wp\/v2\/pages"}],"about":[{"href":"https:\/\/favourites.migatronic.com\/es\/wp-json\/wp\/v2\/types\/page"}],"author":[{"embeddable":true,"href":"https:\/\/favourites.migatronic.com\/es\/wp-json\/wp\/v2\/users\/1"}],"replies":[{"embeddable":true,"href":"https:\/\/favourites.migatronic.com\/es\/wp-json\/wp\/v2\/comments?post=3"}],"version-history":[{"count":0,"href":"https:\/\/favourites.migatronic.com\/es\/wp-json\/wp\/v2\/pages\/3\/revisions"}],"wp:attachment":[{"href":"https:\/\/favourites.migatronic.com\/es\/wp-json\/wp\/v2\/media?parent=3"}],"curies":[{"name":"wp","href":"https:\/\/api.w.org\/{rel}","templated":true}]}}