{"id":23,"date":"2021-05-20T07:00:41","date_gmt":"2021-05-20T07:00:41","guid":{"rendered":"https:\/\/favourites.migatronic.com\/\/?page_id=23"},"modified":"2022-02-17T15:49:54","modified_gmt":"2022-02-17T14:49:54","slug":"help","status":"publish","type":"page","link":"https:\/\/favourites.migatronic.com\/fi\/help\/","title":{"rendered":"Apua"},"content":{"rendered":"<p>[et_pb_section fb_built=&#8221;1&#8243; _builder_version=&#8221;4.14.7&#8243; _module_preset=&#8221;default&#8221; background_color=&#8221;#F6F7F9&#8243; custom_padding=&#8221;||150px||false|false&#8221; global_colors_info=&#8221;{}&#8221;][et_pb_row _builder_version=&#8221;4.9.4&#8243; _module_preset=&#8221;default&#8221; global_colors_info=&#8221;{%22gcid-dd211686-4416-4bfc-8c9c-149ca2277c42%22:%91%93}&#8221;][et_pb_column type=&#8221;4_4&#8243; _builder_version=&#8221;4.9.4&#8243; _module_preset=&#8221;default&#8221; global_colors_info=&#8221;{}&#8221;][et_pb_text disabled_on=&#8221;off|on|off&#8221; _builder_version=&#8221;4.9.4&#8243; _module_preset=&#8221;default&#8221; header_font=&#8221;|600|||||||&#8221; header_text_color=&#8221;#16171A&#8221; header_font_size=&#8221;50px&#8221; header_line_height=&#8221;1.3em&#8221; custom_margin=&#8221;20px||30px||false|false&#8221; custom_margin_tablet=&#8221;&#8221; custom_margin_phone=&#8221;&#8221; custom_margin_last_edited=&#8221;on|tablet&#8221; header_text_color_tablet=&#8221;#16171a&#8221; header_text_color_phone=&#8221;&#8221; header_text_color_last_edited=&#8221;on|tablet&#8221; header_font_size_tablet=&#8221;&#8221; header_font_size_phone=&#8221;40px&#8221; header_font_size_last_edited=&#8221;on|tablet&#8221; global_colors_info=&#8221;{}&#8221;]<\/p>\n<h1 style=\"text-align: center;\">Usein kysytyt kysymykset<\/h1>\n<p>[\/et_pb_text][\/et_pb_column][\/et_pb_row][et_pb_row column_structure=&#8221;1_2,1_2&#8243; use_custom_gutter=&#8221;on&#8221; gutter_width=&#8221;2&#8243; _builder_version=&#8221;4.14.7&#8243; _module_preset=&#8221;default&#8221; hover_enabled=&#8221;0&#8243; global_colors_info=&#8221;{%22gcid-dd211686-4416-4bfc-8c9c-149ca2277c42%22:%91%93}&#8221; sticky_enabled=&#8221;0&#8243;][et_pb_column type=&#8221;1_2&#8243; _builder_version=&#8221;4.9.4&#8243; _module_preset=&#8221;default&#8221; global_colors_info=&#8221;{}&#8221;][et_pb_accordion open_toggle_text_color=&#8221;#1C392A&#8221; open_toggle_background_color=&#8221;#E6F5E7&#8243; closed_toggle_text_color=&#8221;#45494d&#8221; closed_toggle_background_color=&#8221;#ffffff&#8221; toggle_icon=&#8221;&#xf078;||fa||900&#8243; icon_color=&#8221;#0C402A&#8221; use_icon_font_size=&#8221;on&#8221; _builder_version=&#8221;4.14.7&#8243; _module_preset=&#8221;default&#8221; toggle_text_color=&#8221;#16171a&#8221; toggle_font=&#8221;|600|||||||&#8221; toggle_font_size=&#8221;20px&#8221; toggle_line_height=&#8221;1.6em&#8221; closed_toggle_font=&#8221;||||||||&#8221; closed_toggle_font_size=&#8221;20px&#8221; closed_toggle_line_height=&#8221;1.6em&#8221; body_text_color=&#8221;#08442B&#8221; body_line_height=&#8221;1.6em&#8221; custom_margin=&#8221;||||false|false&#8221; custom_margin_tablet=&#8221;&#8221; custom_margin_phone=&#8221;&#8221; custom_margin_last_edited=&#8221;on|desktop&#8221; hover_enabled=&#8221;0&#8243; border_width_all=&#8221;0px&#8221; global_colors_info=&#8221;{}&#8221; open_toggle_text_color__hover_enabled=&#8221;off|desktop&#8221; sticky_enabled=&#8221;0&#8243;][et_pb_accordion_item title=&#8221;Dummy &#8211; Invisible&#8221; open=&#8221;on&#8221; _builder_version=&#8221;4.14.7&#8243; _module_preset=&#8221;default&#8221; custom_margin=&#8221;10px||10px||true|false&#8221; hover_enabled=&#8221;0&#8243; custom_css_main_element=&#8221;display:none;&#8221; global_colors_info=&#8221;{}&#8221; toggle_font_size_tablet=&#8221;&#8221; toggle_font_size_phone=&#8221;&#8221; toggle_font_size_last_edited=&#8221;on|phone&#8221; sticky_enabled=&#8221;0&#8243;][\/et_pb_accordion_item][et_pb_accordion_item title=&#8221;What is a Migatronic Favourite machine? &#8221; _builder_version=&#8221;4.14.7&#8243; _module_preset=&#8221;default&#8221; hover_enabled=&#8221;0&#8243; global_colors_info=&#8221;{}&#8221; toggle_font_size_tablet=&#8221;&#8221; toggle_font_size_phone=&#8221;&#8221; toggle_font_size_last_edited=&#8221;on|phone&#8221; open=&#8221;off&#8221; custom_margin=&#8221;10px||10px||true|false&#8221; sticky_enabled=&#8221;0&#8243;]<\/p>\n<p>Migatronic Favourite on valikoima asiakkaidemme suosikkikokoonpanoja huippuhitsauskoneistamme kaikenlaisiin t\u00f6ihin. Niille on tunnusomaista niiden korkea luotettavuus, nopea saatavuus ja hyv\u00e4 hinta.<\/p>\n<p>[\/et_pb_accordion_item][et_pb_accordion_item title=\"Voinko vaihtaa mukana tulevia varusteita? \" _builder_version=\"4.10.8\u2033 _module_preset=\"default\" custom_margin=\"10px||10px||true|false\" global_colors_info=\"{}\" toggle_font_size_tablet=\"\" toggle_font_size_phone=\"\" toggle_font_size_last_edited=\"on|phone\" open=\"off\"]<\/p>\n<p>Kyll\u00e4, mutta emme voi taata samaa hintaa ja toimitusaikaa. Migatronic Favourite -valikoima on valmiiksi konfiguroituja hitsauskoneita, joilla on kiinte\u00e4 hinta ja jotka takaavat nopean toimituksen ja edullisen hinnan sinulle.<\/p>\n<p>[\/et_pb_accordion_item][et_pb_accordion_item title=\"Voinko muokata Favourite-konettani? \" _builder_version=\"4.10.8\u2033 _module_preset=\"default\" custom_margin=\"10px||10px||true|false\" global_colors_info=\"{}\" toggle_font_size_tablet=\"\" toggle_font_size_phone=\"\" toggle_font_size_last_edited=\"on|phone\" title__hover_enabled=\"off|desktop\" open=\"off\"]<\/p>\n<p>T\u00e4ydellinen tuotevalikoimamme on sek\u00e4 laaja ett\u00e4 erikoistunut, ja toimitamme p\u00e4ivitt\u00e4in r\u00e4\u00e4t\u00e4l\u00f6ityj\u00e4 hitsausratkaisuja eritt\u00e4in omistautuneille asiakkaillemme. Jos valmiiksi konfiguroitu Favourite-kone ei vastaa tarpeitasi, tutustu koko tuotevalikoimaamme osoitteessa migatronic.com.<\/p>\n<p>[\/et_pb_accordion_item][et_pb_accordion_item title=\"Miten tilaan Favourite-koneen? \" _builder_version=\"4.10.7\u2033 _module_preset=\"default\" custom_margin=\"10px||10px||true|false\" global_colors_info=\"{}\" toggle_font_size_tablet=\"\" toggle_font_size_phone=\"\" toggle_font_size_last_edited=\"on|phone\" open=\"off\"]<\/p>\n<p>Ota yhteytt\u00e4 paikalliseen Migatronic Favourites-j\u00e4lleenmyyj\u00e4\u00e4n tilausta varten. Etsi j\u00e4lleenmyyj\u00e4 t\u00e4\u00e4lt\u00e4.<\/p>\n<p>[\/et_pb_accordion_item][et_pb_accordion_item title=\"Mitk\u00e4 ovat toimitusvaihtoehdot? \" _builder_version=\"4.10.8\u2033 _module_preset=\"default\" custom_margin=\"10px||10px||true|false\" global_colors_info=\"{}\" toggle_font_size_tablet=\"\" toggle_font_size_phone=\"\" toggle_font_size_last_edited=\"on|phone\" open=\"off\"]<\/p>\n<p>Toimitusvaihtoehdot riippuvat siit\u00e4, mit\u00e4 paikallinen j\u00e4lleenmyyj\u00e4si voi tarjota.<\/p>\n<p>[\/et_pb_accordion_item][et_pb_accordion_item title=\"Kuka vastaa palvelusta?\" _builder_version=\"4.10.7\u2033 _module_preset=\"default\" global_colors_info=\"{}\" open=\"off\"]<\/p>\n<p>Meill\u00e4 on laaja valtuutettujen huoltokumppaneiden verkosto, joka tarjoaa ammattitaitoista palvelua, mukaan lukien kalibrointi ja validointi. Ota yhteytt\u00e4 paikalliseen j\u00e4lleenmyyj\u00e4\u00e4n tai huoltokumppaniin. L\u00f6yd\u00e4t ne t\u00e4\u00e4lt\u00e4.<\/p>\n<p>[\/et_pb_accordion_item][\/et_pb_accordion][\/et_pb_column][et_pb_column type=\"1_2\u2033 _builder_version=\"4.9.4\u2033 _module_preset=\"default\" global_colors_info=\"{}\"][et_pb_accordion open_toggle_text_color=\"#1C392A\" open_toggle_background_color=\"#E6F5E7\u2033 closed_toggle_text_color=\"#45494d\" closed_toggle_background_color=\"#ffffffff\" toggle_icon=\"||fa||900\u2033 icon_color=\"#0C402A\" use_icon_font_size=\"on\" _builder_version=\"4.14.7\u2033 _module_preset=\"default\" toggle_text_color=\"#16171a\" toggle_font=\"|600|||||||\" toggle_font_size=\"20px\" toggle_line_height=\"1.6em\" closed_toggle_font=\"||||||||\" closed_toggle_font_size=\"20px\" closed_toggle_line_height=\"1.6em\" body_text_color=\"#08442B\" body_line_height=\"1.6em\" custom_margin=\"||||false|false\" custom_margin_tablet=\"\" custom_margin_last_edited=\"on|desktop\" border_width_all=\"0px\" global_colors_info=\"{}\" open_toggle_text_color__hover_enabled=\"off|desktop\" sticky_enabled=\"0\u2033 custom_margin_phone=\"\"][et_pb_accordion_item title=\"Dummy - N\u00e4kym\u00e4t\u00f6n\" open=\"on\" _builder_version=\"4.14.7\u2033 _module_preset=\"default\" custom_margin=\"10px||10px||true|false\" hover_enabled=\"0\u2033 custom_css_main_element=\"display:none;\" global_colors_info=\"{}\" toggle_font_size_tablet=\"\" toggle_font_size_phone=\"\" toggle_font_size_last_edited=\"on|phone\" sticky_enabled=\"0\u2033][\/et_pb_accordion_item][et_pb_accordion_item title=\"Voinko saada esittelyn tietyst\u00e4 koneesta?\" _builder_version=\"4.14.7\u2033 _module_preset=\"default\" hover_enabled=\"0\u2033 global_colors_info=\"{}\" open=\"off\" sticky_enabled=\"0\u2033]<\/p>\n<p>Todenn\u00e4k\u00f6isesti kyll\u00e4. Ota yhteytt\u00e4 paikalliseen Migatronic Favourites-j\u00e4lleenmyyj\u00e4\u00e4n esittelykysely\u00e4 varten.<\/p>\n<p>[\/et_pb_accordion_item][et_pb_accordion_item title=\"Voinko saada apua oikean koneen valitsemisessa tarpeisiini? \" _builder_version=\"4.14.7\u2033 _module_preset=\"default\" custom_margin=\"10px||10px||true|false\" hover_enabled=\"0\u2033 global_colors_info=\"{}\" toggle_font_size_tablet=\"\" toggle_font_size_phone=\"\" toggle_font_size_last_edited=\"on|phone\" open=\"off\" sticky_enabled=\"0\u2033]<\/p>\n<p>Sinulla on kaksi vaihtoehtoa. 1) Vastaa muutamaan kysymykseen <a href=\"https:\/\/favourites.migatronic.com\/fi\/find-your-favourite\/welding-proces\/\">Favourites-tuotehaku<\/a> kaventaa vaihtoehtoja. 2) Ota yhteytt\u00e4 paikalliseen Migatronic Favourites-j\u00e4lleenmyyj\u00e4\u00e4n, jotta saat henkil\u00f6kohtaista opastusta tarpeisiisi sopivan Favourite:n l\u00f6yt\u00e4miseksi.<\/p>\n<p>[\/et_pb_accordion_item][et_pb_accordion_item title=\"Kuinka pitk\u00e4 takuuaika on?\" _builder_version=\"4.10.8\u2033 _module_preset=\"default\" custom_margin=\"10px||10px||true|false\" global_colors_info=\"{}\" toggle_font_size_tablet=\"\" toggle_font_size_phone=\"\" toggle_font_size_last_edited=\"on|phone\" open=\"off\"]<\/p>\n<p>Uusien hitsauskoneiden takuuaika on aina 2 vuotta. Joillekin Favourite-koneille voi saada jopa 3 tai 5 vuoden takuun. Rekister\u00f6i vastik\u00e4\u00e4n ostamasi Favourite-kone migatronic.com\/warranty-sivustolla viimeist\u00e4\u00e4n 30 p\u00e4iv\u00e4n kuluessa ostop\u00e4iv\u00e4st\u00e4 saadaksesi pidennetyn takuun.<\/p>\n<p>[\/et_pb_accordion_item][et_pb_accordion_item title=\"Kuka on Migatronic? \" _builder_version=\"4.10.7\u2033 _module_preset=\"default\" custom_margin=\"10px||10px||true|false\" global_colors_info=\"{}\" toggle_font_size_tablet=\"\" toggle_font_size_phone=\"\" toggle_font_size_last_edited=\"on|phone\" open=\"off\"]<\/p>\n<p>Olemme tanskalainen hitsaukseen erikoistunut kehitys- ja valmistusyritys. Viiden vuosikymmenen tietotaidon tukemana tarjoamme korkealaatuisia hitsauskoneita, jotka tuovat lis\u00e4arvoa asiakkaidemme liiketoimintaan. Lue lis\u00e4\u00e4 meist\u00e4 <a href=\"https:\/\/favourites.migatronic.com\/fi\/about\/\">t\u00e4\u00e4ll\u00e4.<\/a><\/p>\n<p>[\/et_pb_accordion_item][et_pb_accordion_item title=\"Mit\u00e4 muuta Migatronic tarjoaa? \" _builder_version=\"4.10.7\u2033 _module_preset=\"default\" custom_margin=\"10px||10px||true|false\" global_colors_info=\"{}\" toggle_font_size_tablet=\"\" toggle_font_size_phone=\"\" toggle_font_size_last_edited=\"on|phone\" open=\"off\"]<\/p>\n<p>Tarjoamme laajan valikoiman hitsauskoneita ja -ohjelmistoja, erilaisia lis\u00e4varusteita ja tarvikkeita sek\u00e4 automatisoituja hitsausratkaisuja, kuten yhteistoiminnallisen hitsausrobotin CoWelderin. K\u00e4y osoitteessa migatronic.com tutustumassa kaikkiin tuotteisiimme ja ratkaisuihimme.<\/p>\n<p>[\/et_pb_accordion_item][et_pb_accordion_item title=\"Miten otan yhteytt\u00e4 Migatronic:hen? \" _builder_version=\"4.10.7\u2033 _module_preset=\"default\" custom_margin=\"10px||10px||true|false\" global_colors_info=\"{}\" toggle_font_size_tablet=\"\" toggle_font_size_phone=\"\" toggle_font_size_last_edited=\"on|phone\" open=\"off\"]<\/p>\n<p>Olet tervetullut soittamaan meille, l\u00e4hett\u00e4m\u00e4\u00e4n meille s\u00e4hk\u00f6postia tai viestin t\u00e4m\u00e4n sivuston yhteydenottolomakkeella. L\u00f6yd\u00e4t kaikki yhteystietomme <a href=\"https:\/\/favourites.migatronic.com\/fi\/ota-yhteytta\/\">t\u00e4\u00e4ll\u00e4.<\/a><\/p>\n<p>[\/et_pb_accordion_item][\/et_pb_accordion][\/et_pb_column][\/et_pb_row][\/et_pb_section][\/et_pb_section][\/et_pb_section]<\/p>","protected":false},"excerpt":{"rendered":"<p>Usein kysytyt kysymyksetMigatronic Favourites ovat asiakkaidemme suosikkikokoonpanoja huippuhitsauskoneistamme kaikenlaisiin t\u00f6ihin. Niille on tunnusomaista niiden korkea luotettavuus, nopea saatavuus ja hyv\u00e4 hinta.Kyll\u00e4, mutta emme voi taata samaa hintaa ja toimitusaikaa. Migatronic Favourites ovat valmiiksi konfiguroituja hitsauskoneita, joilla on kiinte\u00e4 hinta ja jotka takaavat nopean [...]<\/p>","protected":false},"author":1,"featured_media":0,"parent":0,"menu_order":2,"comment_status":"closed","ping_status":"closed","template":"","meta":{"_et_pb_use_builder":"on","_et_pb_old_content":"","_et_gb_content_width":"","footnotes":""},"class_list":["post-23","page","type-page","status-publish","hentry"],"_links":{"self":[{"href":"https:\/\/favourites.migatronic.com\/fi\/wp-json\/wp\/v2\/pages\/23","targetHints":{"allow":["GET"]}}],"collection":[{"href":"https:\/\/favourites.migatronic.com\/fi\/wp-json\/wp\/v2\/pages"}],"about":[{"href":"https:\/\/favourites.migatronic.com\/fi\/wp-json\/wp\/v2\/types\/page"}],"author":[{"embeddable":true,"href":"https:\/\/favourites.migatronic.com\/fi\/wp-json\/wp\/v2\/users\/1"}],"replies":[{"embeddable":true,"href":"https:\/\/favourites.migatronic.com\/fi\/wp-json\/wp\/v2\/comments?post=23"}],"version-history":[{"count":1,"href":"https:\/\/favourites.migatronic.com\/fi\/wp-json\/wp\/v2\/pages\/23\/revisions"}],"predecessor-version":[{"id":6352,"href":"https:\/\/favourites.migatronic.com\/fi\/wp-json\/wp\/v2\/pages\/23\/revisions\/6352"}],"wp:attachment":[{"href":"https:\/\/favourites.migatronic.com\/fi\/wp-json\/wp\/v2\/media?parent=23"}],"curies":[{"name":"wp","href":"https:\/\/api.w.org\/{rel}","templated":true}]}}