{"id":3,"date":"2021-05-20T06:23:27","date_gmt":"2021-05-20T06:23:27","guid":{"rendered":"https:\/\/favourites.migatronic.com\/\/?page_id=3"},"modified":"2021-08-13T10:34:30","modified_gmt":"2021-08-13T08:34:30","slug":"privacy-policy","status":"publish","type":"page","link":"https:\/\/favourites.migatronic.com\/fi\/privacy-policy\/","title":{"rendered":"Tietosuojak\u00e4yt\u00e4nt\u00f6"},"content":{"rendered":"<p>[et_pb_section fb_built=&#8221;1&#8243; next_background_color=&#8221;#ffffff&#8221; admin_label=&#8221;section&#8221; _builder_version=&#8221;4.9.4&#8243; background_image=&#8221;https:\/\/favourites.migatronic.com\/\/wp-content\/uploads\/2021\/06\/background_darker.jpg&#8221; min_height=&#8221;500px&#8221; min_height_tablet=&#8221;300px&#8221; min_height_phone=&#8221;280px&#8221; min_height_last_edited=&#8221;on|tablet&#8221; custom_margin=&#8221;||||false|false&#8221; bottom_divider_style=&#8221;waves2&#8243; bottom_divider_repeat=&#8221;1x&#8221; bottom_divider_style_tablet=&#8221;waves2&#8243; bottom_divider_style_phone=&#8221;none&#8221; bottom_divider_style_last_edited=&#8221;on|phone&#8221; global_colors_info=&#8221;{}&#8221;][\/et_pb_section][et_pb_section fb_built=&#8221;1&#8243; _builder_version=&#8221;4.9.4&#8243; _module_preset=&#8221;default&#8221; use_background_color_gradient=&#8221;on&#8221; background_color_gradient_start=&#8221;#f2f3f4&#8243; background_color_gradient_end=&#8221;#ffffff&#8221; background_color_gradient_direction=&#8221;1deg&#8221; custom_padding=&#8221;||130px||false|false&#8221; global_colors_info=&#8221;{}&#8221;][et_pb_row _builder_version=&#8221;4.9.10&#8243; _module_preset=&#8221;default&#8221; global_colors_info=&#8221;{%22gcid-dd211686-4416-4bfc-8c9c-149ca2277c42%22:%91%93}&#8221;][et_pb_column type=&#8221;4_4&#8243; _builder_version=&#8221;4.9.10&#8243; _module_preset=&#8221;default&#8221; global_colors_info=&#8221;{}&#8221;][et_pb_text _builder_version=&#8221;4.9.11&#8243; _module_preset=&#8221;default&#8221; text_font=&#8221;||||||||&#8221; text_text_color=&#8221;#16171A&#8221; text_font_size=&#8221;18px&#8221; text_line_height=&#8221;1.5em&#8221; header_font=&#8221;|600|||||||&#8221; header_text_color=&#8221;#08442B&#8221; header_font_size=&#8221;50px&#8221; header_line_height=&#8221;1.2em&#8221; header_2_font=&#8221;|600|||||||&#8221; header_2_text_color=&#8221;#16171A&#8221; background_color=&#8221;#ffffff&#8221; background_blend=&#8221;overlay&#8221; width=&#8221;100%&#8221; width_tablet=&#8221;100%&#8221; width_phone=&#8221;&#8221; width_last_edited=&#8221;on|phone&#8221; module_alignment=&#8221;center&#8221; custom_margin=&#8221;-437px||||false|false&#8221; custom_margin_tablet=&#8221;-200px||||false|false&#8221; custom_margin_phone=&#8221;-190px||||false|false&#8221; custom_margin_last_edited=&#8221;on|phone&#8221; custom_padding=&#8221;80px|80px|150px|80px|false|true&#8221; custom_padding_tablet=&#8221;63px|70px|80px|70px|false|true&#8221; custom_padding_phone=&#8221;40px|25px||25px|false|true&#8221; custom_padding_last_edited=&#8221;on|tablet&#8221; animation_style=&#8221;slide&#8221; animation_direction=&#8221;bottom&#8221; animation_intensity_slide=&#8221;5%&#8221; animation_starting_opacity=&#8221;50%&#8221; hover_enabled=&#8221;0&#8243; text_font_size_tablet=&#8221;20px&#8221; text_font_size_phone=&#8221;16px&#8221; text_font_size_last_edited=&#8221;on|phone&#8221; header_font_size_tablet=&#8221;&#8221; header_font_size_phone=&#8221;32px&#8221; header_font_size_last_edited=&#8221;on|phone&#8221; border_radii=&#8221;on|15px|15px|15px|15px&#8221; box_shadow_style=&#8221;preset3&#8243; box_shadow_color=&#8221;rgba(8,68,43,0.38)&#8221; global_colors_info=&#8221;{%22gcid-dd211686-4416-4bfc-8c9c-149ca2277c42%22:%91%93}&#8221; background_enable_image=&#8221;off&#8221; sticky_enabled=&#8221;0&#8243;]<\/p>\n<h1>Tietosuojak\u00e4yt\u00e4nt\u00f6<\/h1>\n<p style=\"color: rgba(0, 0, 0, 0.67);\"><span class=\"display-text body1\">Olemme eritt\u00e4in iloisia siit\u00e4, ett\u00e4 olette osoittaneet kiinnostusta yrityst\u00e4mme kohtaan. Tietosuoja on meille erityisen t\u00e4rke\u00e4\u00e4.<\/span><span class=\"display-text body1\">gh prioriteetti Migatronic A\/S:lle. T\u00e4m\u00e4n tietosuojak\u00e4yt\u00e4nn\u00f6n tarkoituksena on auttaa sinua ymm\u00e4rt\u00e4m\u00e4\u00e4n, mit\u00e4 tietoja ker\u00e4\u00e4mme, miksi ker\u00e4\u00e4mme niit\u00e4 ja mit\u00e4 teemme niill\u00e4. T\u00e4m\u00e4 on t\u00e4rke\u00e4\u00e4 paitsi henkil\u00f6tietojesi turvallisuuden varmistamiseksi my\u00f6s sen varmistamiseksi, ett\u00e4 Migatronic A\/S noudattaa yleist\u00e4 tietosuoja-asetusta (GDPR), joka tulee voimaan 25. toukokuuta 2018 alkaen.<\/span><span style=\"font-family: Roboto, sans-serif; font-size: 1.2rem;\"><br \/><\/span><\/p>\n<p style=\"color: rgba(0, 0, 0, 0.67);\"><span class=\"display-text body1\"><\/span><\/p>\n<p style=\"color: rgba(0, 0, 0, 0.67);\"><span class=\"display-text body1\"><\/span><\/p>\n<h2><span class=\"subtitle1\">Mik\u00e4 on yleinen tietosuoja-asetus?<\/span><\/h2>\n<p>Oikeudellisesti sanottuna tietosuoja-asetus on Euroopan unionin laki, jonka tarkoituksena on vahvistaa ja yhdenmukaistaa tietosuojas\u00e4\u00e4nt\u00f6j\u00e4 ja -oikeuksia EU:n kansalaisten hyv\u00e4ksi. Toisin sanoen henkil\u00f6tietojen hallinnan palauttaminen takaisin k\u00e4ytt\u00e4j\u00e4lle. Vaikka se on hyv\u00e4 uutinen yksityishenkil\u00f6ille, se aiheuttaa monimutkaisia ongelmia yrityksille.<\/p>\n<p>Uusia s\u00e4\u00e4nt\u00f6j\u00e4 sovelletaan kaikkiin (kaikenkokoisiin) organisaatioihin, jotka tarjoavat tavaroita ja palveluja EU:n alueelle tai jotka k\u00e4ytt\u00e4v\u00e4t seurantatekniikoita (kuten ev\u00e4steit\u00e4 tai seurantapikseli\u00e4) EU:n k\u00e4ytt\u00e4jien k\u00e4ytt\u00e4ytymisen seuraamiseen.<\/p>\n<p>Vaikka laki on teoriassa yksinkertainen, se on tihe\u00e4 ja monimutkainen ja edellytt\u00e4\u00e4 kattavaa ymm\u00e4rryst\u00e4 siit\u00e4, mit\u00e4 tietoja ker\u00e4\u00e4t, ovatko ne henkil\u00f6kohtaisia vai eiv\u00e4t, miten tallennat ja k\u00e4yt\u00e4t niit\u00e4 ja miten paljastat tai poistat tietoja pyynn\u00f6st\u00e4. T\u00e4t\u00e4 varten sinun on tarkasteltava jokaista yksitt\u00e4ist\u00e4 prosessia ja ohjelmakoodirivi\u00e4 hahmotellaksesi tietoprosessisi.<\/p>\n<p>Useimmissa tapauksissa tiedonkeruu edellytt\u00e4\u00e4 voimassa olevaa suostumusta toukokuun 25. p\u00e4iv\u00e4n j\u00e4lkeen - ei vain jatkossa, vaan my\u00f6s kaikilta nykyisilt\u00e4 k\u00e4ytt\u00e4jilt\u00e4. GDPR:n mukaan suostumusta ei voi antaa hiljaisesti tai p\u00e4\u00e4tell\u00e4 jonkun toimista. Sen sijaan p\u00e4tev\u00e4n suostumuksen on koskettava nimenomaisesti ker\u00e4tt\u00e4vi\u00e4 tietoja, ja sen on oltava yksiselitteinen.<\/p>\n<p>&nbsp;<\/p>\n<h2>1. Henkil\u00f6kohtaiset tiedot - Mit\u00e4 ker\u00e4\u00e4mme ja miksi<\/h2>\n<p>Tarjoamme tiettyj\u00e4 sivuston ominaisuuksia, palveluita, sovelluksia ja ty\u00f6kaluja, jotka ovat k\u00e4ytett\u00e4viss\u00e4 vain seuraavien seurantatekniikoiden avulla. Voit aina vapaasti est\u00e4\u00e4, poistaa tai poistaa k\u00e4yt\u00f6st\u00e4 n\u00e4m\u00e4 tekniikat, jos selaimesi, asennettu sovelluksesi tai laitteesi sallii sen. Jos kuitenkin kielt\u00e4ydyt ev\u00e4steiden tai muiden vastaavien tekniikoiden k\u00e4yt\u00f6st\u00e4, et ehk\u00e4 pysty hy\u00f6dynt\u00e4m\u00e4\u00e4n tiettyj\u00e4 sivuston ominaisuuksia, palveluja, sovelluksia tai ty\u00f6kaluja.<\/p>\n<p>Yleens\u00e4 n\u00e4m\u00e4 tekniikat mahdollistavat sen, ett\u00e4 sivustomme, palvelumme, sovelluksemme ja ty\u00f6kalumme voivat tallentaa asiaankuuluvia tietoja selaimeesi tai laitteeseesi ja lukea n\u00e4it\u00e4 tietoja my\u00f6hemmin, jotta sinut voidaan tunnistaa palvelimillamme tai sis\u00e4isiss\u00e4 j\u00e4rjestelmiss\u00e4mme. Tarvittaessa suojaamme ev\u00e4steet ja muut vastaavat teknologiat varmistaaksemme, ett\u00e4 vain me ja\/tai valtuutetut palveluntarjoajamme voivat tulkita niit\u00e4 antamalla niille yksil\u00f6llisen tunnisteen, joka on suunniteltu vain meid\u00e4n tulkittavaksemme.<\/p>\n<p>T\u00e4m\u00e4 verkkosivusto ker\u00e4\u00e4 ja k\u00e4ytt\u00e4\u00e4 henkil\u00f6tietoja seuraavista syist\u00e4:<\/p>\n<p>&nbsp;<\/p>\n<h2><span class=\"subtitle1\">1.1. Google Analytics<\/span><\/h2>\n<p>Kuten useimmat verkkosivustot, t\u00e4m\u00e4kin sivusto k\u00e4ytt\u00e4\u00e4 Google Analyticsia (GA) k\u00e4ytt\u00e4jien vuorovaikutuksen seurantaan. K\u00e4yt\u00e4mme n\u00e4it\u00e4 tietoja m\u00e4\u00e4ritt\u00e4\u00e4ksemme sivustoa k\u00e4ytt\u00e4vien ihmisten m\u00e4\u00e4r\u00e4n, ymm\u00e4rt\u00e4\u00e4ksemme paremmin, miten he l\u00f6yt\u00e4v\u00e4t ja k\u00e4ytt\u00e4v\u00e4t verkkosivujamme, ja n\u00e4hd\u00e4ksemme heid\u00e4n matkansa verkkosivuston kautta.<\/p>\n<p>Vaikka GA tallentaa tietoja, kuten maantieteellisen sijaintisi, laitteesi, internet-selaimesi ja k\u00e4ytt\u00f6j\u00e4rjestelm\u00e4si, mik\u00e4\u00e4n n\u00e4ist\u00e4 tiedoista ei tunnista sinua henkil\u00f6kohtaisesti. GA tallentaa my\u00f6s tietokoneesi IP-osoitteen, jota voidaan k\u00e4ytt\u00e4\u00e4 henkil\u00f6llisyytesi tunnistamiseen, mutta Google ei anna meille p\u00e4\u00e4sy\u00e4 t\u00e4h\u00e4n tietoon. Pid\u00e4mme Googlea kolmannen osapuolen tietojenk\u00e4sittelij\u00e4n\u00e4 (ks. kohta 2 j\u00e4ljemp\u00e4n\u00e4).<\/p>\n<p>GA k\u00e4ytt\u00e4\u00e4 ev\u00e4steit\u00e4, joista on lis\u00e4tietoja osoitteessa <a rel=\"noopener\" href=\"https:\/\/developers.google.com\/analytics\/devguides\/collection\/analyticsjs\/cookie-usage\" target=\"_blank\">Googlen kehitt\u00e4j\u00e4oppaat<\/a>.<\/p>\n<p>Ev\u00e4steiden poistaminen k\u00e4yt\u00f6st\u00e4 internet-selaimessasi est\u00e4\u00e4 GA:ta seuraamasta mit\u00e4\u00e4n osaa t\u00e4m\u00e4n verkkosivuston sivuilla vierailustasi.<\/p>\n<p>Lis\u00e4tietoja <a rel=\"noopener\" href=\"https:\/\/www.google.com\/analytics\/\" target=\"_blank\">Google Analytics.<\/a><\/p>\n<p>&nbsp;<\/p>\n<h2><span class=\"subtitle1\">1.2. Google Tag Manager<\/span><\/h2>\n<p>Pyrimme jatkuvasti parantamaan asiakaskokemusta verkkosivustollamme tarjoamalla k\u00e4vij\u00f6ille entist\u00e4 henkil\u00f6kohtaisempia ja kohdennetumpia kampanjoita ja tarjouksia. T\u00e4t\u00e4 varten k\u00e4yt\u00e4mme Google Tag Manageria (GTM).<\/p>\n<p>GTM on pieni koodinp\u00e4tk\u00e4, joka auttaa meit\u00e4 seuraamaan k\u00e4ytt\u00e4jien k\u00e4ytt\u00e4ytymist\u00e4 sivustoillamme ja l\u00e4hett\u00e4\u00e4 tiedot Google Analytics -tilillemme. Sitten kaikki tiedot ovat t\u00e4ydellisesti j\u00e4rjestettyin\u00e4 ja valmiina arvioitaviksi ja tarkasteltaviksi mahdollisia sivuston parannuksia ja uudelleenmarkkinointikampanjoita varten.<\/p>\n<p>Pid\u00e4mme Googlea kolmannen osapuolen tietojenk\u00e4sittelij\u00e4n\u00e4 (ks. kohta 2 j\u00e4ljemp\u00e4n\u00e4).<\/p>\n<p>Lis\u00e4tietoja <a rel=\"noopener\" href=\"https:\/\/www.google.com\/analytics\/tag-manager\/\" target=\"_blank\">Google Tag Manager.<\/a><\/p>\n<p>&nbsp;<\/p>\n<h2><span class=\"subtitle1\">1.3. Yhteydenotto-, rekister\u00f6itymis- ja latauslomakkeet jne.<\/span><\/h2>\n<p>Jos p\u00e4\u00e4t\u00e4t ottaa meihin yhteytt\u00e4 esim. sivuillamme olevan yhteydenotto-\/kirjoittautumislomakkeen avulla tai lataat verkkosivuiltamme portitoitua sis\u00e4lt\u00f6\u00e4, tietosi tallennetaan taustaj\u00e4rjestelm\u00e4\u00e4mme ja kootaan s\u00e4hk\u00f6postiviestiksi, joka l\u00e4hetet\u00e4\u00e4n meille verkkosivuston kautta. <a rel=\"noopener\" href=\"https:\/\/en.wikipedia.org\/wiki\/Simple_Mail_Transfer_Protocol\" target=\"_blank\">SMTP (Simple Mail Transfer Protocol)<\/a>.<\/p>\n<p>&nbsp;<\/p>\n<h2><span class=\"subtitle1\">1.4. S\u00e4hk\u00f6postitse l\u00e4hetett\u00e4v\u00e4 uutiskirje<\/span><\/h2>\n<p>Migatronic A\/S:n verkkosivustolla k\u00e4ytt\u00e4jille tarjotaan mahdollisuus tilata yrityksemme uutiskirje. Vahvistuss\u00e4hk\u00f6posti l\u00e4hetet\u00e4\u00e4n s\u00e4hk\u00f6postiosoitteeseen, jonka rekister\u00f6ity on rekister\u00f6inyt ensimm\u00e4ist\u00e4 kertaa uutiskirjeen l\u00e4hett\u00e4mist\u00e4 varten, oikeudellisista syist\u00e4 kaksinkertaisen suostumuksen menettelyss\u00e4. T\u00e4t\u00e4 vahvistuss\u00e4hk\u00f6postia k\u00e4ytet\u00e4\u00e4n osoittamaan, onko s\u00e4hk\u00f6postiosoitteen omistaja rekister\u00f6ityn\u00e4 oikeutettu vastaanottamaan uutiskirjeen.<\/p>\n<p>Uutiskirjeeseen rekister\u00f6itymisen yhteydess\u00e4 ker\u00e4ttyj\u00e4 henkil\u00f6tietoja k\u00e4ytet\u00e4\u00e4n ainoastaan uutiskirjeen l\u00e4hett\u00e4miseen. Lis\u00e4ksi uutiskirjeen tilaajille voidaan ilmoittaa asiasta s\u00e4hk\u00f6postitse, jos se on tarpeen uutiskirjepalvelun tai rekister\u00f6innin toiminnan kannalta, kuten esimerkiksi uutiskirjetarjouksen muutosten tai teknisten olosuhteiden muuttuessa.<\/p>\n<p>Rekister\u00f6ity voi milloin tahansa lopettaa uutiskirjeemme tilaamisen. Henkil\u00f6tietojen tallentamista koskevan suostumuksen, jonka rekister\u00f6ity on antanut uutiskirjeen l\u00e4hett\u00e4mist\u00e4 varten, voi peruuttaa milloin tahansa. Suostumuksen peruuttamista varten jokaisessa uutiskirjeess\u00e4 on vastaava linkki. Uutiskirjeen tilauksen voi my\u00f6s peruuttaa milloin tahansa ottamalla meihin yhteytt\u00e4.<\/p>\n<p>Migatronic A\/S:n uutiskirje sis\u00e4lt\u00e4\u00e4 niin sanottuja seurantapikseleit\u00e4. Seurantapikseli on t\u00e4llaisiin s\u00e4hk\u00f6postiviesteihin upotettu minigrafiikka, joka l\u00e4hetet\u00e4\u00e4n HTML-muodossa lokitiedostojen tallentamisen ja analysoinnin mahdollistamiseksi. N\u00e4in voidaan analysoida tilastollisesti verkkomarkkinointikampanjoiden onnistumista tai ep\u00e4onnistumista. Upotetun seurantapikselin perusteella Migatronic A\/S voi n\u00e4hd\u00e4, onko rekister\u00f6ity avannut s\u00e4hk\u00f6postiviestin ja milloin rekister\u00f6ity on avannut sen ja mit\u00e4 linkkej\u00e4 rekister\u00f6idyt ovat k\u00e4ytt\u00e4neet s\u00e4hk\u00f6postiviestiss\u00e4.<\/p>\n<p>Rekisterinpit\u00e4j\u00e4 tallentaa ja analysoi t\u00e4llaiset uutiskirjeisiin sis\u00e4ltyviin seurantapikseleihin ker\u00e4tyt henkil\u00f6tiedot, jotta uutiskirjeen l\u00e4hett\u00e4minen voidaan optimoida ja jotta tulevien uutiskirjeiden sis\u00e4lt\u00f6 voidaan mukauttaa entist\u00e4 paremmin rekister\u00f6idyn kiinnostuksen kohteisiin. N\u00e4it\u00e4 henkil\u00f6tietoja ei luovuteta kolmansille osapuolille. Rekister\u00f6idyll\u00e4 on milloin tahansa oikeus peruuttaa erillinen suostumus, joka on annettu kaksinkertaisen suostumuksen menettelyn avulla. Peruuttamisen j\u00e4lkeen rekisterinpit\u00e4j\u00e4 poistaa kyseiset henkil\u00f6tiedot. Migatronic A\/S pit\u00e4\u00e4 uutiskirjeen vastaanottamisesta luopumista automaattisesti peruutuksena.<\/p>\n<p>&nbsp;<\/p>\n<h2><span class=\"subtitle1\">1.5. Verkkosivuston ev\u00e4steet - <a data-udi=\"umb:\/\/document\/88878c0eb66e470fa58303395e43838e\" href=\"https:\/\/www.migatronic.com\/en\/privacy-policy\/cookies\/\" title=\"Ev\u00e4steet\" target=\"_blank\" rel=\"noopener\">Katso ja hallitse ev\u00e4steit\u00e4si t\u00e4\u00e4ll\u00e4 (linkki)<\/a><\/span><\/h2>\n<p>K\u00e4sittelemme ev\u00e4steiden ja muiden tekniikoiden ker\u00e4\u00e4mi\u00e4 tietoja muina kuin henkil\u00f6kohtaisina tietoina. Silt\u00e4 osin kuin IP-osoitteita tai muita vastaavia tunnisteita pidet\u00e4\u00e4n paikallisen lains\u00e4\u00e4d\u00e4nn\u00f6n mukaan henkil\u00f6tietoina, k\u00e4sittelemme my\u00f6s n\u00e4it\u00e4 tunnisteita henkil\u00f6tietoina. Vastaavasti silt\u00e4 osin kuin ei-henkil\u00f6kohtaisia tietoja yhdistet\u00e4\u00e4n henkil\u00f6kohtaisiin tietoihin, k\u00e4sittelemme yhdistettyj\u00e4 tietoja henkil\u00f6kohtaisina tietoina t\u00e4t\u00e4 tietosuojak\u00e4yt\u00e4nt\u00f6\u00e4 sovellettaessa.<\/p>\n<hr style=\"margin: 2rem 0rem; border: 1px solid #e8ebed;\" \/>\n<h2>2. Kolmannen osapuolen tietojen k\u00e4sittelij\u00e4t<\/h2>\n<p>K\u00e4yt\u00e4mme useita kolmansia osapuolia k\u00e4sittelem\u00e4\u00e4n henkil\u00f6tietoja puolestamme. N\u00e4m\u00e4 kolmannet osapuolet on valittu huolellisesti, ja kaikki ne noudattavat EU:n yleisen tietosuoja-asetuksen 2018 (GDPR) mukaista lains\u00e4\u00e4d\u00e4nt\u00f6\u00e4.<\/p>\n<ul>\n<li><a rel=\"noopener\" href=\"https:\/\/policies.google.com\/privacy?hl=en-GB\" target=\"_blank\">Google (Tietosuojak\u00e4yt\u00e4nt\u00f6)<\/a><\/li>\n<li><a rel=\"noopener\" href=\"https:\/\/www.jcd.dk\/jcd-as\/privatlivsbeskyttelse\/\" target=\"_blank\" title=\"JCD A\/S\">JCD A\/S (Tietosuojaseloste)<\/a><\/li>\n<li><a rel=\"noopener\" href=\"https:\/\/products.office.com\/en-us\/business\/office-365-trust-center-privacy\" target=\"_blank\">Microsoft Office 365 (tietosuojaseloste)<\/a><\/li>\n<li><a rel=\"noopener\" href=\"https:\/\/www.microsoft.com\/en-us\/trustcenter\/cloudservices\/dynamics365\" target=\"_blank\">Microsoft Dynamics 365 (tietoturva ja vaatimustenmukaisuus)<\/a><\/li>\n<\/ul>\n<hr style=\"margin: 2rem 0rem; border: 1px solid #e8ebed;\" \/>\n<h2>3. Kuinka kauan s\u00e4ilyt\u00e4mme tietojasi<\/h2>\n<p>S\u00e4ilyt\u00e4mme henkil\u00f6tietojasi niin kauan kuin se on tarpeen suostumussivullamme esitettyjen tarkoitusten t\u00e4ytt\u00e4miseksi. Voit aina ottaa meihin yhteytt\u00e4, jos haluat, ett\u00e4 henkil\u00f6tietosi \"poistetaan\" tietokannoistamme (ks. kohta 6). Vastaamme ilman aiheetonta viivytyst\u00e4 (ja joka tapauksessa yhden kuukauden kuluessa, vaikka t\u00e4t\u00e4 voidaankin pident\u00e4\u00e4 vaikeissa tapauksissa).<\/p>\n<hr style=\"margin: 2rem 0rem; border: 1px solid #e8ebed;\" \/>\n<h2>4. Tietomurrot<\/h2>\n<p>Ilmoitamme kaikista t\u00e4m\u00e4n verkkosivuston tietokantaan tai mink\u00e4 tahansa kolmannen osapuolen tietojenk\u00e4sittelij\u00e4n tietokantaan (tietokantoihin) kohdistuvista laittomista tietomurroista kaikille asianomaisille henkil\u00f6ille ja viranomaisille 72 tunnin kuluessa tietomurrosta, jos on ilmeist\u00e4, ett\u00e4 tunnistettavalla tavalla tallennettuja henkil\u00f6tietoja on varastettu.<\/p>\n<hr style=\"margin: 2rem 0rem; border: 1px solid #e8ebed;\" \/>\n<h2>5. Rekisterinpit\u00e4j\u00e4<\/h2>\n<p>T\u00e4m\u00e4n verkkosivuston rekisterinpit\u00e4j\u00e4 on: Svejsemaskinefabrikken Migatronic A\/S, yritysnumero (CVR): 34485216, jonka rekister\u00f6ity toimipaikka on:<\/p>\n<p>Migatronic A\/S<br \/>Aggersundvej 33<br \/>9690 Fjerritslev<\/p>\n<p>Tanska<br \/>Puhelin: +45 96 500 600<br \/>S\u00e4hk\u00f6posti: <a rel=\"noopener\" href=\"mailto:sales@migatronic.dk\" target=\"_blank\">sales@migatronic.dk<\/a><br \/>Verkkosivusto: <a rel=\"noopener\" href=\"https:\/\/migatronic.com\" target=\"_blank\">www.migatronic.com<\/a><\/p>\n<hr style=\"margin: 2rem 0rem; border: 1px solid #e8ebed;\" \/>\n<h2>6. Oikeus saada p\u00e4\u00e4sy tietoihin ja oikeus tulla unohdetuksi<\/h2>\n<p>Ota meihin yhteytt\u00e4, jos haluat pyyt\u00e4\u00e4 p\u00e4\u00e4sy\u00e4 tietokantoihin tallennettuihin henkil\u00f6tietoihisi tai jos haluat, ett\u00e4 henkil\u00f6tietosi \"poistetaan\" tietokannoistamme. Vastaamme pyynt\u00f6\u00f6n ilman aiheetonta viivytyst\u00e4 (ja joka tapauksessa kuukauden kuluessa pyynn\u00f6n vastaanottamisesta, vaikka t\u00e4t\u00e4 voidaankin pident\u00e4\u00e4 vaikeissa tapauksissa).<\/p>\n<hr style=\"margin: 2rem 0rem; border: 1px solid #e8ebed;\" \/>\n<h2>7. Yksityisyyden suojaa koskevat kysymykset<\/h2>\n<p>Jos sinulla on kysytt\u00e4v\u00e4\u00e4 tai huolenaiheita tietosuojak\u00e4yt\u00e4nn\u00f6st\u00e4 tai tietojenk\u00e4sittelyst\u00e4 tai jos haluat tehd\u00e4 valituksen paikallisen tietosuojalains\u00e4\u00e4d\u00e4nn\u00f6n mahdollisesta rikkomisesta, ota meihin yhteytt\u00e4:<\/p>\n<p>Kun tietosuojaa koskeva kysymys tai pyynt\u00f6 saada p\u00e4\u00e4sy tietoihin tai niiden lataaminen on vastaanotettu, meill\u00e4 on oma tiimimme, joka k\u00e4sittelee yhteydenotot ja pyrkii k\u00e4sittelem\u00e4\u00e4n nimenomaista huolenaihetta tai kysely\u00e4, jonka haluatte esitt\u00e4\u00e4. Jos kysymyksesi voi olla luonteeltaan olennaisempi, sinulta saatetaan pyyt\u00e4\u00e4 lis\u00e4tietoja.<\/p>\n<p>[\/et_pb_text][\/et_pb_column][\/et_pb_row][\/et_pb_section][\/et_pb_section][\/et_pb_section]<\/p>","protected":false},"excerpt":{"rendered":"<p>Privacy Policy We are very delighted that you have shown interest in our enterprise. Data protection is of a particularly high priority for Migatronic A\/S. This Privacy Policy is meant to help you understand what data we collect, why we collect it and what we do with it. This is important, not only to ensure [&hellip;]<\/p>","protected":false},"author":1,"featured_media":0,"parent":0,"menu_order":6,"comment_status":"closed","ping_status":"open","template":"","meta":{"_et_pb_use_builder":"on","_et_pb_old_content":"<!-- wp:heading --><h2>Who we are<\/h2><!-- \/wp:heading --><!-- wp:paragraph --><p><strong class=\"privacy-policy-tutorial\">Suggested text: <\/strong>Our website address is: https:\/\/favourites.migatronic.com\/.<\/p><!-- \/wp:paragraph --><!-- wp:heading --><h2>Comments<\/h2><!-- \/wp:heading --><!-- wp:paragraph --><p><strong class=\"privacy-policy-tutorial\">Suggested text: <\/strong>When visitors leave comments on the site we collect the data shown in the comments form, and also the visitor&#8217;s IP address and browser user agent string to help spam detection.<\/p><!-- \/wp:paragraph --><!-- wp:paragraph --><p>An anonymized string created from your email address (also called a hash) may be provided to the Gravatar service to see if you are using it. The Gravatar service privacy policy is available here: https:\/\/automattic.com\/privacy\/. After approval of your comment, your profile picture is visible to the public in the context of your comment.<\/p><!-- \/wp:paragraph --><!-- wp:heading --><h2>Media<\/h2><!-- \/wp:heading --><!-- wp:paragraph --><p><strong class=\"privacy-policy-tutorial\">Suggested text: <\/strong>If you upload images to the website, you should avoid uploading images with embedded location data (EXIF GPS) included. Visitors to the website can download and extract any location data from images on the website.<\/p><!-- \/wp:paragraph --><!-- wp:heading --><h2>Cookies<\/h2><!-- \/wp:heading --><!-- wp:paragraph --><p><strong class=\"privacy-policy-tutorial\">Suggested text: <\/strong>If you leave a comment on our site you may opt-in to saving your name, email address and website in cookies. These are for your convenience so that you do not have to fill in your details again when you leave another comment. These cookies will last for one year.<\/p><!-- \/wp:paragraph --><!-- wp:paragraph --><p>If you visit our login page, we will set a temporary cookie to determine if your browser accepts cookies. This cookie contains no personal data and is discarded when you close your browser.<\/p><!-- \/wp:paragraph --><!-- wp:paragraph --><p>When you log in, we will also set up several cookies to save your login information and your screen display choices. Login cookies last for two days, and screen options cookies last for a year. If you select &quot;Remember Me&quot;, your login will persist for two weeks. If you log out of your account, the login cookies will be removed.<\/p><!-- \/wp:paragraph --><!-- wp:paragraph --><p>If you edit or publish an article, an additional cookie will be saved in your browser. This cookie includes no personal data and simply indicates the post ID of the article you just edited. It expires after 1 day.<\/p><!-- \/wp:paragraph --><!-- wp:heading --><h2>Embedded content from other websites<\/h2><!-- \/wp:heading --><!-- wp:paragraph --><p><strong class=\"privacy-policy-tutorial\">Suggested text: <\/strong>Articles on this site may include embedded content (e.g. videos, images, articles, etc.). Embedded content from other websites behaves in the exact same way as if the visitor has visited the other website.<\/p><!-- \/wp:paragraph --><!-- wp:paragraph --><p>These websites may collect data about you, use cookies, embed additional third-party tracking, and monitor your interaction with that embedded content, including tracking your interaction with the embedded content if you have an account and are logged in to that website.<\/p><!-- \/wp:paragraph --><!-- wp:heading --><h2>Who we share your data with<\/h2><!-- \/wp:heading --><!-- wp:paragraph --><p><strong class=\"privacy-policy-tutorial\">Suggested text: <\/strong>If you request a password reset, your IP address will be included in the reset email.<\/p><!-- \/wp:paragraph --><!-- wp:heading --><h2>How long we retain your data<\/h2><!-- \/wp:heading --><!-- wp:paragraph --><p><strong class=\"privacy-policy-tutorial\">Suggested text: <\/strong>If you leave a comment, the comment and its metadata are retained indefinitely. This is so we can recognize and approve any follow-up comments automatically instead of holding them in a moderation queue.<\/p><!-- \/wp:paragraph --><!-- wp:paragraph --><p>For users that register on our website (if any), we also store the personal information they provide in their user profile. All users can see, edit, or delete their personal information at any time (except they cannot change their username). Website administrators can also see and edit that information.<\/p><!-- \/wp:paragraph --><!-- wp:heading --><h2>What rights you have over your data<\/h2><!-- \/wp:heading --><!-- wp:paragraph --><p><strong class=\"privacy-policy-tutorial\">Suggested text: <\/strong>If you have an account on this site, or have left comments, you can request to receive an exported file of the personal data we hold about you, including any data you have provided to us. You can also request that we erase any personal data we hold about you. This does not include any data we are obliged to keep for administrative, legal, or security purposes.<\/p><!-- \/wp:paragraph --><!-- wp:heading --><h2>Where we send your data<\/h2><!-- \/wp:heading --><!-- wp:paragraph --><p><strong class=\"privacy-policy-tutorial\">Suggested text: <\/strong>Visitor comments may be checked through an automated spam detection service.<\/p><!-- \/wp:paragraph -->","_et_gb_content_width":"","footnotes":""},"class_list":["post-3","page","type-page","status-publish","hentry"],"_links":{"self":[{"href":"https:\/\/favourites.migatronic.com\/fi\/wp-json\/wp\/v2\/pages\/3","targetHints":{"allow":["GET"]}}],"collection":[{"href":"https:\/\/favourites.migatronic.com\/fi\/wp-json\/wp\/v2\/pages"}],"about":[{"href":"https:\/\/favourites.migatronic.com\/fi\/wp-json\/wp\/v2\/types\/page"}],"author":[{"embeddable":true,"href":"https:\/\/favourites.migatronic.com\/fi\/wp-json\/wp\/v2\/users\/1"}],"replies":[{"embeddable":true,"href":"https:\/\/favourites.migatronic.com\/fi\/wp-json\/wp\/v2\/comments?post=3"}],"version-history":[{"count":0,"href":"https:\/\/favourites.migatronic.com\/fi\/wp-json\/wp\/v2\/pages\/3\/revisions"}],"wp:attachment":[{"href":"https:\/\/favourites.migatronic.com\/fi\/wp-json\/wp\/v2\/media?parent=3"}],"curies":[{"name":"wp","href":"https:\/\/api.w.org\/{rel}","templated":true}]}}