{"id":23,"date":"2021-05-20T07:00:41","date_gmt":"2021-05-20T07:00:41","guid":{"rendered":"https:\/\/favourites.migatronic.com\/\/?page_id=23"},"modified":"2022-02-17T15:49:54","modified_gmt":"2022-02-17T14:49:54","slug":"help","status":"publish","type":"page","link":"https:\/\/favourites.migatronic.com\/fr\/help\/","title":{"rendered":"Aide"},"content":{"rendered":"<p>[et_pb_section fb_built=&#8221;1&#8243; _builder_version=&#8221;4.14.7&#8243; _module_preset=&#8221;default&#8221; background_color=&#8221;#F6F7F9&#8243; custom_padding=&#8221;||150px||false|false&#8221; global_colors_info=&#8221;{}&#8221;][et_pb_row _builder_version=&#8221;4.9.4&#8243; _module_preset=&#8221;default&#8221; global_colors_info=&#8221;{%22gcid-dd211686-4416-4bfc-8c9c-149ca2277c42%22:%91%93}&#8221;][et_pb_column type=&#8221;4_4&#8243; _builder_version=&#8221;4.9.4&#8243; _module_preset=&#8221;default&#8221; global_colors_info=&#8221;{}&#8221;][et_pb_text disabled_on=&#8221;off|on|off&#8221; _builder_version=&#8221;4.9.4&#8243; _module_preset=&#8221;default&#8221; header_font=&#8221;|600|||||||&#8221; header_text_color=&#8221;#16171A&#8221; header_font_size=&#8221;50px&#8221; header_line_height=&#8221;1.3em&#8221; custom_margin=&#8221;20px||30px||false|false&#8221; custom_margin_tablet=&#8221;&#8221; custom_margin_phone=&#8221;&#8221; custom_margin_last_edited=&#8221;on|tablet&#8221; header_text_color_tablet=&#8221;#16171a&#8221; header_text_color_phone=&#8221;&#8221; header_text_color_last_edited=&#8221;on|tablet&#8221; header_font_size_tablet=&#8221;&#8221; header_font_size_phone=&#8221;40px&#8221; header_font_size_last_edited=&#8221;on|tablet&#8221; global_colors_info=&#8221;{}&#8221;]<\/p>\n<h1 style=\"text-align: center;\">Questions fr\u00e9quemment pos\u00e9es<\/h1>\n<p>[\/et_pb_text][\/et_pb_column][\/et_pb_row][et_pb_row column_structure=&#8221;1_2,1_2&#8243; use_custom_gutter=&#8221;on&#8221; gutter_width=&#8221;2&#8243; _builder_version=&#8221;4.14.7&#8243; _module_preset=&#8221;default&#8221; hover_enabled=&#8221;0&#8243; global_colors_info=&#8221;{%22gcid-dd211686-4416-4bfc-8c9c-149ca2277c42%22:%91%93}&#8221; sticky_enabled=&#8221;0&#8243;][et_pb_column type=&#8221;1_2&#8243; _builder_version=&#8221;4.9.4&#8243; _module_preset=&#8221;default&#8221; global_colors_info=&#8221;{}&#8221;][et_pb_accordion open_toggle_text_color=&#8221;#1C392A&#8221; open_toggle_background_color=&#8221;#E6F5E7&#8243; closed_toggle_text_color=&#8221;#45494d&#8221; closed_toggle_background_color=&#8221;#ffffff&#8221; toggle_icon=&#8221;&#xf078;||fa||900&#8243; icon_color=&#8221;#0C402A&#8221; use_icon_font_size=&#8221;on&#8221; _builder_version=&#8221;4.14.7&#8243; _module_preset=&#8221;default&#8221; toggle_text_color=&#8221;#16171a&#8221; toggle_font=&#8221;|600|||||||&#8221; toggle_font_size=&#8221;20px&#8221; toggle_line_height=&#8221;1.6em&#8221; closed_toggle_font=&#8221;||||||||&#8221; closed_toggle_font_size=&#8221;20px&#8221; closed_toggle_line_height=&#8221;1.6em&#8221; body_text_color=&#8221;#08442B&#8221; body_line_height=&#8221;1.6em&#8221; custom_margin=&#8221;||||false|false&#8221; custom_margin_tablet=&#8221;&#8221; custom_margin_phone=&#8221;&#8221; custom_margin_last_edited=&#8221;on|desktop&#8221; hover_enabled=&#8221;0&#8243; border_width_all=&#8221;0px&#8221; global_colors_info=&#8221;{}&#8221; open_toggle_text_color__hover_enabled=&#8221;off|desktop&#8221; sticky_enabled=&#8221;0&#8243;][et_pb_accordion_item title=&#8221;Dummy &#8211; Invisible&#8221; open=&#8221;on&#8221; _builder_version=&#8221;4.14.7&#8243; _module_preset=&#8221;default&#8221; custom_margin=&#8221;10px||10px||true|false&#8221; hover_enabled=&#8221;0&#8243; custom_css_main_element=&#8221;display:none;&#8221; global_colors_info=&#8221;{}&#8221; toggle_font_size_tablet=&#8221;&#8221; toggle_font_size_phone=&#8221;&#8221; toggle_font_size_last_edited=&#8221;on|phone&#8221; sticky_enabled=&#8221;0&#8243;][\/et_pb_accordion_item][et_pb_accordion_item title=&#8221;What is a Migatronic Favourite machine? &#8221; _builder_version=&#8221;4.14.7&#8243; _module_preset=&#8221;default&#8221; hover_enabled=&#8221;0&#8243; global_colors_info=&#8221;{}&#8221; toggle_font_size_tablet=&#8221;&#8221; toggle_font_size_phone=&#8221;&#8221; toggle_font_size_last_edited=&#8221;on|phone&#8221; open=&#8221;off&#8221; custom_margin=&#8221;10px||10px||true|false&#8221; sticky_enabled=&#8221;0&#8243;]<\/p>\n<p>Les Favoris sont les configurations pr\u00e9f\u00e9r\u00e9es de nos clients parmi nos meilleurs postes \u00e0 souder pour tous les types de travaux. Elles se caract\u00e9risent par leur grande fiabilit\u00e9, leur disponibilit\u00e9, leur livraison rapide et leur excellent rapport qualit\u00e9-prix.<\/p>\n<p>[\/et_pb_accordion_item][et_pb_accordion_item title=&#8221;Can I change the included equipment? &#8221; _builder_version=&#8221;4.10.8&#8243; _module_preset=&#8221;default&#8221; custom_margin=&#8221;10px||10px||true|false&#8221; global_colors_info=&#8221;{}&#8221; toggle_font_size_tablet=&#8221;&#8221; toggle_font_size_phone=&#8221;&#8221; toggle_font_size_last_edited=&#8221;on|phone&#8221; open=&#8221;off&#8221;]<\/p>\n<p>Oui, mais nous ne pouvons pas garantir le m\u00eame prix et le m\u00eame d\u00e9lai de livraison. Les  Favoris sont des machines \u00e0 souder pr\u00e9configur\u00e9es \u00e0 prix fixe, qui vous garantissent une livraison rapide et un excellent rapport qualit\u00e9-prix.<\/p>\n<p>[\/et_pb_accordion_item][et_pb_accordion_item title=&#8221;Can I customize my Favourite machine? &#8221; _builder_version=&#8221;4.10.8&#8243; _module_preset=&#8221;default&#8221; custom_margin=&#8221;10px||10px||true|false&#8221; global_colors_info=&#8221;{}&#8221; toggle_font_size_tablet=&#8221;&#8221; toggle_font_size_phone=&#8221;&#8221; toggle_font_size_last_edited=&#8221;on|phone&#8221; title__hover_enabled=&#8221;off|desktop&#8221; open=&#8221;off&#8221;]<\/p>\n<p>Notre gamme compl\u00e8te de produits est \u00e0 la fois large et sp\u00e9cialis\u00e9e, et nous fournissons chaque jour des solutions de soudage sur mesure \u00e0 des clients tr\u00e8s motiv\u00e9s. Si une machine Favori pr\u00e9configur\u00e9e ne correspond pas \u00e0 vos besoins, veuillez consulter notre gamme compl\u00e8te de produits sur migatronic.com.<\/p>\n<p>[\/et_pb_accordion_item][et_pb_accordion_item title=&#8221;How do I order a Favourite machine? &#8221; _builder_version=&#8221;4.10.7&#8243; _module_preset=&#8221;default&#8221; custom_margin=&#8221;10px||10px||true|false&#8221; global_colors_info=&#8221;{}&#8221; toggle_font_size_tablet=&#8221;&#8221; toggle_font_size_phone=&#8221;&#8221; toggle_font_size_last_edited=&#8221;on|phone&#8221; open=&#8221;off&#8221;]<\/p>\n<p>Contactez votre revendeur  local Migatronic pour passer une commande. \nTrouvez un revendeur ici.<\/p>\n<p>[\/et_pb_accordion_item][et_pb_accordion_item title=&#8221;What are the shipping options? &#8221; _builder_version=&#8221;4.10.8&#8243; _module_preset=&#8221;default&#8221; custom_margin=&#8221;10px||10px||true|false&#8221; global_colors_info=&#8221;{}&#8221; toggle_font_size_tablet=&#8221;&#8221; toggle_font_size_phone=&#8221;&#8221; toggle_font_size_last_edited=&#8221;on|phone&#8221; open=&#8221;off&#8221;]<\/p>\n<p>Vos options d'exp\u00e9dition d\u00e9pendent de ce que votre revendeur local peut vous proposer.<\/p>\n<p>[\/et_pb_accordion_item][et_pb_accordion_item title=&#8221;Who is responsible for service?&#8221; _builder_version=&#8221;4.10.7&#8243; _module_preset=&#8221;default&#8221; global_colors_info=&#8221;{}&#8221; open=&#8221;off&#8221;]<\/p>\n<p>Nous disposons d'un vaste r\u00e9seau de partenaires de service agr\u00e9\u00e9s qui assurent un service professionnel, y compris l'\u00e9talonnage et la validation. Contactez votre revendeur ou partenaire de service local. Vous les trouverez ici.<\/p>\n<p>[\/et_pb_accordion_item][\/et_pb_accordion][\/et_pb_column][et_pb_column type=&#8221;1_2&#8243; _builder_version=&#8221;4.9.4&#8243; _module_preset=&#8221;default&#8221; global_colors_info=&#8221;{}&#8221;][et_pb_accordion open_toggle_text_color=&#8221;#1C392A&#8221; open_toggle_background_color=&#8221;#E6F5E7&#8243; closed_toggle_text_color=&#8221;#45494d&#8221; closed_toggle_background_color=&#8221;#ffffff&#8221; toggle_icon=&#8221;&#xf078;||fa||900&#8243; icon_color=&#8221;#0C402A&#8221; use_icon_font_size=&#8221;on&#8221; _builder_version=&#8221;4.14.7&#8243; _module_preset=&#8221;default&#8221; toggle_text_color=&#8221;#16171a&#8221; toggle_font=&#8221;|600|||||||&#8221; toggle_font_size=&#8221;20px&#8221; toggle_line_height=&#8221;1.6em&#8221; closed_toggle_font=&#8221;||||||||&#8221; closed_toggle_font_size=&#8221;20px&#8221; closed_toggle_line_height=&#8221;1.6em&#8221; body_text_color=&#8221;#08442B&#8221; body_line_height=&#8221;1.6em&#8221; custom_margin=&#8221;||||false|false&#8221; custom_margin_tablet=&#8221;&#8221; custom_margin_last_edited=&#8221;on|desktop&#8221; border_width_all=&#8221;0px&#8221; global_colors_info=&#8221;{}&#8221; open_toggle_text_color__hover_enabled=&#8221;off|desktop&#8221; sticky_enabled=&#8221;0&#8243; custom_margin_phone=&#8221;&#8221;][et_pb_accordion_item title=&#8221;Dummy &#8211; Invisible&#8221; open=&#8221;on&#8221; _builder_version=&#8221;4.14.7&#8243; _module_preset=&#8221;default&#8221; custom_margin=&#8221;10px||10px||true|false&#8221; hover_enabled=&#8221;0&#8243; custom_css_main_element=&#8221;display:none;&#8221; global_colors_info=&#8221;{}&#8221; toggle_font_size_tablet=&#8221;&#8221; toggle_font_size_phone=&#8221;&#8221; toggle_font_size_last_edited=&#8221;on|phone&#8221; sticky_enabled=&#8221;0&#8243;][\/et_pb_accordion_item][et_pb_accordion_item title=&#8221;Can I get a demonstration of a specific machine?&#8221; _builder_version=&#8221;4.14.7&#8243; _module_preset=&#8221;default&#8221; hover_enabled=&#8221;0&#8243; global_colors_info=&#8221;{}&#8221; open=&#8221;off&#8221; sticky_enabled=&#8221;0&#8243;]<\/p>\n<p>Certainement, oui. Contactez votre revendeur local Migatronic pour demander une d\u00e9monstration.<\/p>\n<p>[\/et_pb_accordion_item][et_pb_accordion_item title=&#8221;Can I get help choosing the right machine for my needs? &#8221; _builder_version=&#8221;4.14.7&#8243; _module_preset=&#8221;default&#8221; custom_margin=&#8221;10px||10px||true|false&#8221; hover_enabled=&#8221;0&#8243; global_colors_info=&#8221;{}&#8221; toggle_font_size_tablet=&#8221;&#8221; toggle_font_size_phone=&#8221;&#8221; toggle_font_size_last_edited=&#8221;on|phone&#8221; open=&#8221;off&#8221; sticky_enabled=&#8221;0&#8243;]<\/p>\n<p>Vous avez deux possibilit\u00e9s. 1) R\u00e9pondre \u00e0 quelques questions dans notre <a href=\"https:\/\/favourites.migatronic.com\/fr\/find-your-favourite\/welding-proces\/\">Recherche de produits Favoris<\/a> pour r\u00e9duire le nombre de vos options. 2) Contactez votre revendeur local Migatronic  pour obtenir des conseils personnalis\u00e9s afin de trouver  le Favori  qui correspond \u00e0 vos besoins.<\/p>\n<p>[\/et_pb_accordion_item][et_pb_accordion_item title=&#8221;How long is the warranty period?&#8221; _builder_version=&#8221;4.10.8&#8243; _module_preset=&#8221;default&#8221; custom_margin=&#8221;10px||10px||true|false&#8221; global_colors_info=&#8221;{}&#8221; toggle_font_size_tablet=&#8221;&#8221; toggle_font_size_phone=&#8221;&#8221; toggle_font_size_last_edited=&#8221;on|phone&#8221; open=&#8221;off&#8221;]<\/p>\n<p>La p\u00e9riode de garantie est toujours de 2 ans pour les nouvelles machines \u00e0 souder. Vous pouvez obtenir jusqu'\u00e0 3 ou 5 ans de garantie sur certaines machines Favoris. Enregistrez votre Favori nouvellement achet\u00e9 sur migatronic.com\/warranty au plus tard 30 jours apr\u00e8s la date d'achat pour b\u00e9n\u00e9ficier de l'extension de garantie.<\/p>\n<p>[\/et_pb_accordion_item][et_pb_accordion_item title=&#8221;Who is Migatronic? &#8221; _builder_version=&#8221;4.10.7&#8243; _module_preset=&#8221;default&#8221; custom_margin=&#8221;10px||10px||true|false&#8221; global_colors_info=&#8221;{}&#8221; toggle_font_size_tablet=&#8221;&#8221; toggle_font_size_phone=&#8221;&#8221; toggle_font_size_last_edited=&#8221;on|phone&#8221; open=&#8221;off&#8221;]<\/p>\n<p>Nous sommes une entreprise danoise de d\u00e9veloppement et de fabrication d\u00e9di\u00e9e au soudage. Forts de cinq d\u00e9cennies de savoir-faire et sp\u00e9cialis\u00e9, nous fournissons des machines de soudage de haute qualit\u00e9 qui apportent une valeur ajout\u00e9e aux activit\u00e9s de nos clients. En savoir plus sur nous <a href=\"https:\/\/favourites.migatronic.com\/fr\/about\/\">ici.<\/a><\/p>\n<p>[\/et_pb_accordion_item][et_pb_accordion_item title=&#8221;What else do Migatronic offer? &#8221; _builder_version=&#8221;4.10.7&#8243; _module_preset=&#8221;default&#8221; custom_margin=&#8221;10px||10px||true|false&#8221; global_colors_info=&#8221;{}&#8221; toggle_font_size_tablet=&#8221;&#8221; toggle_font_size_phone=&#8221;&#8221; toggle_font_size_last_edited=&#8221;on|phone&#8221; open=&#8221;off&#8221;]<\/p>\n<p>Nous proposons un large choix de machines et de logiciels de soudage, divers accessoires et consommables ainsi que des solutions de soudage automatis\u00e9, notamment le robot de soudage collaboratif CoWelder. Visitez migatronic.com pour voir tous nos produits et solutions.<\/p>\n<p>[\/et_pb_accordion_item][et_pb_accordion_item title=&#8221;How do I contact Migatronic? &#8221; _builder_version=&#8221;4.10.7&#8243; _module_preset=&#8221;default&#8221; custom_margin=&#8221;10px||10px||true|false&#8221; global_colors_info=&#8221;{}&#8221; toggle_font_size_tablet=&#8221;&#8221; toggle_font_size_phone=&#8221;&#8221; toggle_font_size_last_edited=&#8221;on|phone&#8221; open=&#8221;off&#8221;]<\/p>\n<p>Vous \u00eates les bienvenus pour nous appeler, nous envoyer un courriel ou un message en utilisant le formulaire de contact de ce site. Retrouvez toutes nos informations de contact <a href=\"https:\/\/favourites.migatronic.com\/fr\/contact\/\">ici.<\/a><\/p>\n<p>[\/et_pb_accordion_item][\/et_pb_accordion][\/et_pb_column][\/et_pb_row][\/et_pb_section]<\/p>","protected":false},"excerpt":{"rendered":"<p>Frequently asked questionsMigatronic Favourites are our customers\u2019 favourite configurations of our top welding machines for every type of job. They are signified by their high reliability, fast availability and great price point.Yes, but we cannot guarantee the same price and delivery time. Migatronic Favourites are preconfigured welding machines with a fixed price, securing a fast [&hellip;]<\/p>","protected":false},"author":1,"featured_media":0,"parent":0,"menu_order":2,"comment_status":"closed","ping_status":"closed","template":"","meta":{"_et_pb_use_builder":"on","_et_pb_old_content":"","_et_gb_content_width":"","footnotes":""},"class_list":["post-23","page","type-page","status-publish","hentry"],"_links":{"self":[{"href":"https:\/\/favourites.migatronic.com\/fr\/wp-json\/wp\/v2\/pages\/23","targetHints":{"allow":["GET"]}}],"collection":[{"href":"https:\/\/favourites.migatronic.com\/fr\/wp-json\/wp\/v2\/pages"}],"about":[{"href":"https:\/\/favourites.migatronic.com\/fr\/wp-json\/wp\/v2\/types\/page"}],"author":[{"embeddable":true,"href":"https:\/\/favourites.migatronic.com\/fr\/wp-json\/wp\/v2\/users\/1"}],"replies":[{"embeddable":true,"href":"https:\/\/favourites.migatronic.com\/fr\/wp-json\/wp\/v2\/comments?post=23"}],"version-history":[{"count":1,"href":"https:\/\/favourites.migatronic.com\/fr\/wp-json\/wp\/v2\/pages\/23\/revisions"}],"predecessor-version":[{"id":6352,"href":"https:\/\/favourites.migatronic.com\/fr\/wp-json\/wp\/v2\/pages\/23\/revisions\/6352"}],"wp:attachment":[{"href":"https:\/\/favourites.migatronic.com\/fr\/wp-json\/wp\/v2\/media?parent=23"}],"curies":[{"name":"wp","href":"https:\/\/api.w.org\/{rel}","templated":true}]}}