{"id":23,"date":"2021-05-20T07:00:41","date_gmt":"2021-05-20T07:00:41","guid":{"rendered":"https:\/\/favourites.migatronic.com\/\/?page_id=23"},"modified":"2022-02-17T15:49:54","modified_gmt":"2022-02-17T14:49:54","slug":"help","status":"publish","type":"page","link":"https:\/\/favourites.migatronic.com\/it\/help\/","title":{"rendered":"Aiuto"},"content":{"rendered":"<p>[et_pb_section fb_built=&#8221;1&#8243; _builder_version=&#8221;4.14.7&#8243; _module_preset=&#8221;default&#8221; background_color=&#8221;#F6F7F9&#8243; custom_padding=&#8221;||150px||false|false&#8221; global_colors_info=&#8221;{}&#8221;][et_pb_row _builder_version=&#8221;4.9.4&#8243; _module_preset=&#8221;default&#8221; global_colors_info=&#8221;{%22gcid-dd211686-4416-4bfc-8c9c-149ca2277c42%22:%91%93}&#8221;][et_pb_column type=&#8221;4_4&#8243; _builder_version=&#8221;4.9.4&#8243; _module_preset=&#8221;default&#8221; global_colors_info=&#8221;{}&#8221;][et_pb_text disabled_on=&#8221;off|on|off&#8221; _builder_version=&#8221;4.9.4&#8243; _module_preset=&#8221;default&#8221; header_font=&#8221;|600|||||||&#8221; header_text_color=&#8221;#16171A&#8221; header_font_size=&#8221;50px&#8221; header_line_height=&#8221;1.3em&#8221; custom_margin=&#8221;20px||30px||false|false&#8221; custom_margin_tablet=&#8221;&#8221; custom_margin_phone=&#8221;&#8221; custom_margin_last_edited=&#8221;on|tablet&#8221; header_text_color_tablet=&#8221;#16171a&#8221; header_text_color_phone=&#8221;&#8221; header_text_color_last_edited=&#8221;on|tablet&#8221; header_font_size_tablet=&#8221;&#8221; header_font_size_phone=&#8221;40px&#8221; header_font_size_last_edited=&#8221;on|tablet&#8221; global_colors_info=&#8221;{}&#8221;]<\/p>\n<h1 style=\"text-align: center;\">Domande frequenti<\/h1>\n<p>[\/et_pb_text][\/et_pb_column][\/et_pb_row][et_pb_row column_structure=&#8221;1_2,1_2&#8243; use_custom_gutter=&#8221;on&#8221; gutter_width=&#8221;2&#8243; _builder_version=&#8221;4.14.7&#8243; _module_preset=&#8221;default&#8221; hover_enabled=&#8221;0&#8243; global_colors_info=&#8221;{%22gcid-dd211686-4416-4bfc-8c9c-149ca2277c42%22:%91%93}&#8221; sticky_enabled=&#8221;0&#8243;][et_pb_column type=&#8221;1_2&#8243; _builder_version=&#8221;4.9.4&#8243; _module_preset=&#8221;default&#8221; global_colors_info=&#8221;{}&#8221;][et_pb_accordion open_toggle_text_color=&#8221;#1C392A&#8221; open_toggle_background_color=&#8221;#E6F5E7&#8243; closed_toggle_text_color=&#8221;#45494d&#8221; closed_toggle_background_color=&#8221;#ffffff&#8221; toggle_icon=&#8221;&#xf078;||fa||900&#8243; icon_color=&#8221;#0C402A&#8221; use_icon_font_size=&#8221;on&#8221; _builder_version=&#8221;4.14.7&#8243; _module_preset=&#8221;default&#8221; toggle_text_color=&#8221;#16171a&#8221; toggle_font=&#8221;|600|||||||&#8221; toggle_font_size=&#8221;20px&#8221; toggle_line_height=&#8221;1.6em&#8221; closed_toggle_font=&#8221;||||||||&#8221; closed_toggle_font_size=&#8221;20px&#8221; closed_toggle_line_height=&#8221;1.6em&#8221; body_text_color=&#8221;#08442B&#8221; body_line_height=&#8221;1.6em&#8221; custom_margin=&#8221;||||false|false&#8221; custom_margin_tablet=&#8221;&#8221; custom_margin_phone=&#8221;&#8221; custom_margin_last_edited=&#8221;on|desktop&#8221; hover_enabled=&#8221;0&#8243; border_width_all=&#8221;0px&#8221; global_colors_info=&#8221;{}&#8221; open_toggle_text_color__hover_enabled=&#8221;off|desktop&#8221; sticky_enabled=&#8221;0&#8243;][et_pb_accordion_item title=&#8221;Dummy &#8211; Invisible&#8221; open=&#8221;on&#8221; _builder_version=&#8221;4.14.7&#8243; _module_preset=&#8221;default&#8221; custom_margin=&#8221;10px||10px||true|false&#8221; hover_enabled=&#8221;0&#8243; custom_css_main_element=&#8221;display:none;&#8221; global_colors_info=&#8221;{}&#8221; toggle_font_size_tablet=&#8221;&#8221; toggle_font_size_phone=&#8221;&#8221; toggle_font_size_last_edited=&#8221;on|phone&#8221; sticky_enabled=&#8221;0&#8243;][\/et_pb_accordion_item][et_pb_accordion_item title=&#8221;What is a Migatronic Favourite machine? &#8221; _builder_version=&#8221;4.14.7&#8243; _module_preset=&#8221;default&#8221; hover_enabled=&#8221;0&#8243; global_colors_info=&#8221;{}&#8221; toggle_font_size_tablet=&#8221;&#8221; toggle_font_size_phone=&#8221;&#8221; toggle_font_size_last_edited=&#8221;on|phone&#8221; open=&#8221;off&#8221; custom_margin=&#8221;10px||10px||true|false&#8221; sticky_enabled=&#8221;0&#8243;]<\/p>\n<p>Le Migatronic Favourite sono le configurazioni preferite dai nostri clienti delle nostre saldatrici top per ogni tipo di lavoro. Sono caratterizzate da un'alta affidabilit\u00e0, da una rapida disponibilit\u00e0 e da un ottimo prezzo.<\/p>\n<p>[\/et_pb_accordion_item][et_pb_accordion_item title=\"Posso cambiare l'attrezzatura inclusa? \" _builder_version=\"4.10.8\u2033 _module_preset=\"default\" custom_margin=\"10px||10px||true|false\" global_colors_info=\"{}\" toggle_font_size_tablet=\"\" toggle_font_size_phone=\"\" toggle_font_size_last_edited=\"on|phone\" open=\"off\"]<\/p>\n<p>S\u00ec, ma non possiamo garantire lo stesso prezzo e lo stesso tempo di consegna. Le Migatronic Favourite sono saldatrici preconfigurate con un prezzo fisso, assicurando una consegna veloce e un ottimo prezzo per te.<\/p>\n<p>[et_pb_accordion_item][et_pb_accordion_item title=\"Posso personalizzare la mia macchina Favourite? \" _builder_version=\"4.10.8\u2033 _module_preset=\"default\" custom_margin=\"10px||10px||true|false\" global_colors_info=\"{}\" toggle_font_size_tablet=\"\" toggle_font_size_phone=\"\" toggle_font_size_last_edited=\"on|phone\" title__hover_enabled=\"off|desktop\" open=\"off\"]<\/p>\n<p>La nostra gamma completa di prodotti \u00e8 ampia e specializzata, e ogni giorno forniamo soluzioni di saldatura personalizzate a clienti altamente dediti. Se una macchina preconfigurata Favourite non soddisfa le vostre esigenze, controllate la nostra gamma completa di prodotti su migatronic.com.<\/p>\n<p>[et_pb_accordion_item][et_pb_accordion_item title=\"Come si ordina una macchina Favourite? \" _builder_version=\"4.10.7\u2033 _module_preset=\"default\" custom_margin=\"10px||10px||true|false\" global_colors_info=\"{}\" toggle_font_size_tablet=\"\" toggle_font_size_phone=\"\" toggle_font_size_last_edited=\"on|phone\" open=\"off\"]<\/p>\n<p>Contatta il tuo rivenditore locale Migatronic Favourites per effettuare un ordine. Trova un rivenditore qui.<\/p>\n<p>[\/et_pb_accordion_item][et_pb_accordion_item title=\"Quali sono le opzioni di spedizione? \" _builder_version=\"4.10.8\u2033 _module_preset=\"default\" custom_margin=\"10px||10px||true|false\" global_colors_info=\"{}\" toggle_font_size_tablet=\"\" toggle_font_size_phone=\"\" toggle_font_size_last_edited=\"on|phone\" open=\"off\"]<\/p>\n<p>Le tue opzioni di spedizione dipendono da ci\u00f2 che il tuo rivenditore locale pu\u00f2 offrire.<\/p>\n<p>[\/et_pb_accordion_item][et_pb_accordion_item title=\"Chi \u00e8 responsabile del servizio?\" _builder_version=\"4.10.7\u2033 _module_preset=\"default\" global_colors_info=\"{}\" open=\"off\"]<\/p>\n<p>Abbiamo una vasta rete di partner di assistenza autorizzati che eseguono un servizio professionale, compresa la calibrazione e la convalida. Contatta il tuo rivenditore locale o il tuo partner di servizio. Trovali qui.<\/p>\n<p>[\/et_pb_accordion_item][\/et_pb_accordion][\/et_pb_column][et_pb_column type=\"1_2\u2033 _builder_version=\"4.9.4\u2033 _module_preset=\"default\" global_colors_info=\"{}\"][et_pb_accordion open_toggle_text_color=\"#1C392A\" open_toggle_background_color=\"#E6F5E7\u2033 closed_toggle_text_color=\"#45494d\" closed_toggle_background_color=\"#ffffff\" toggle_icon=\"||fa||900\u2033 icon_color=\"#0C402A\" use_icon_font_size=\"on\" _builder_version=\"4.14.7\u2033 _module_preset=\"default\" toggle_text_color=\"#16171a\" toggle_font=\"|600|||||||\" toggle_font_size=\"20px\" toggle_line_height=\"1.6em\" closed_toggle_font=\"||||||||\" closed_toggle_font_size=\"20px\" closed_toggle_line_height=\"1.6em\" body_text_color=\"#08442B\" body_line_height=\"1. 6em\" custom_margin=\"|600||||||||6em\" custom_margin=\"||||false|false\" custom_margin_tablet=\"\" custom_margin_last_edited=\"on|desktop\" border_width_all=\"0px\" global_colors_info=\"{}\" open_toggle_text_color__hover_enabled=\"off|desktop\" sticky_enabled=\"0\u2033 custom_margin_phone=\"\"[et_pb_accordion_item title=\"Dummy - Invisibile\" open=\"on\" _builder_version=\"4.14.7\u2033 _module_preset=\"default\" custom_margin=\"10px||10px||true|false\" hover_enabled=\"0\u2033 custom_css_main_element=\"display:none;\" global_colors_info=\"{}\" toggle_font_size_tablet=\"\" toggle_font_size_phone=\"\" toggle_font_size_last_edited=\"on|phone\" sticky_enabled=\"0\u2033][\/et_pb_accordion_item][et_pb_accordion_item title=\"Posso avere una dimostrazione di una macchina specifica?\" _builder_version=\"4.14.7\u2033 _module_preset=\"default\" hover_enabled=\"0\u2033 global_colors_info=\"{}\" open=\"off\" sticky_enabled=\"0\u2033]<\/p>\n<p>Molto probabilmente s\u00ec. Contatta il tuo rivenditore locale Migatronic Favourites per fare una richiesta di dimostrazione.<\/p>\n<p>[et_pb_accordion_item][et_pb_accordion_item title=\"Posso ricevere assistenza nella scelta della macchina giusta per le mie esigenze? \" _builder_version=\"4.14.7\u2033 _module_preset=\"default\" custom_margin=\"10px||10px||true|false\" hover_enabled=\"0\u2033 global_colors_info=\"{}\" toggle_font_size_tablet=\"\" toggle_font_size_phone=\"\" toggle_font_size_last_edited=\"on|phone\" open=\"off\" sticky_enabled=\"0\u2033]<\/p>\n<p>Hai due opzioni. 1) Rispondere ad alcune domande nel nostro <a href=\"https:\/\/favourites.migatronic.com\/it\/find-your-favourite\/welding-proces\/\">Cercatore di prodotti Favourites<\/a> per restringere le opzioni. 2) Contatta il tuo rivenditore locale di Migatronic Favourites per ottenere una guida individuale per trovare il giusto Favourite che corrisponde alle tue esigenze.<\/p>\n<p>[\/et_pb_accordion_item][et_pb_accordion_item title=\"Quanto dura il periodo di garanzia?\" _builder_version=\"4.10.8\u2033 _module_preset=\"default\" custom_margin=\"10px||10px||true|false\" global_colors_info=\"{}\" toggle_font_size_tablet=\"\" toggle_font_size_phone=\"\" toggle_font_size_last_edited=\"on|phone\" open=\"off\"]<\/p>\n<p>Il periodo di garanzia \u00e8 sempre di 2 anni per le saldatrici nuove. \u00c8 possibile ottenere fino a 3 o 5 anni di garanzia su alcune macchine Favourite. Registra il tuo nuovo acquisto Favourite su migatronic.com\/warranty entro e non oltre 30 giorni dalla data di acquisto per ottenere la garanzia estesa.<\/p>\n<p>[\/et_pb_accordion_item][et_pb_accordion_item title=\"Chi \u00e8 Migatronic? \" _builder_version=\"4.10.7\u2033 _module_preset=\"default\" custom_margin=\"10px||10px||true|false\" global_colors_info=\"{}\" toggle_font_size_tablet=\"\" toggle_font_size_phone=\"\" toggle_font_size_last_edited=\"on|phone\" open=\"off\"]<\/p>\n<p>Siamo un'azienda danese di sviluppo e produzione dedicata alla saldatura. Sostenuti da cinque decenni di know-how dedicato, forniamo saldatrici di alta qualit\u00e0 che aggiungono valore al business dei nostri clienti. Leggi di pi\u00f9 su di noi <a href=\"https:\/\/favourites.migatronic.com\/it\/about\/\">qui.<\/a><\/p>\n<p>[et_pb_accordion_item][et_pb_accordion_item title=\"Cos'altro offrono gli Migatronic? \" _builder_version=\"4.10.7\u2033 _module_preset=\"default\" custom_margin=\"10px||10px||true|false\" global_colors_info=\"{}\" toggle_font_size_tablet=\"\" toggle_font_size_phone=\"\" toggle_font_size_last_edited=\"on|phone\" open=\"off\"]<\/p>\n<p>Offriamo un'ampia scelta di saldatrici e software, vari accessori e materiali di consumo, nonch\u00e9 soluzioni di saldatura automatizzate tra cui il robot di saldatura collaborativo CoWelder. Visita migatronic.com per vedere tutti i nostri prodotti e soluzioni.<\/p>\n<p>[\/et_pb_accordion_item][et_pb_accordion_item title=\"Come posso contattare Migatronic? \" _builder_version=\"4.10.7\u2033 _module_preset=\"default\" custom_margin=\"10px||10px||true|false\" global_colors_info=\"{}\" toggle_font_size_tablet=\"\" toggle_font_size_phone=\"\" toggle_font_size_last_edited=\"on|phone\" open=\"off\"]<\/p>\n<p>Sei il benvenuto a chiamarci, mandarci un'email o un messaggio usando il modulo di contatto su questo sito. Trova tutte le nostre informazioni di contatto <a href=\"https:\/\/favourites.migatronic.com\/it\/contact\/\">qui.<\/a><\/p>\n<p>[\/et_pb_accordion_item][\/et_pb_accordion][\/et_pb_column][\/et_pb_row][\/et_pb_section]<\/p>","protected":false},"excerpt":{"rendered":"<p>Domande frequentiMigatronic Favourites sono le configurazioni preferite dai nostri clienti delle nostre saldatrici di punta per ogni tipo di lavoro. Si distinguono per l'elevata affidabilit\u00e0, la rapida disponibilit\u00e0 e l'ottimo rapporto qualit\u00e0\/prezzo. Migatronic Favourites sono saldatrici preconfigurate a prezzo fisso, che garantiscono una rapida [...]<\/p>","protected":false},"author":1,"featured_media":0,"parent":0,"menu_order":2,"comment_status":"closed","ping_status":"closed","template":"","meta":{"_et_pb_use_builder":"on","_et_pb_old_content":"","_et_gb_content_width":"","footnotes":""},"class_list":["post-23","page","type-page","status-publish","hentry"],"_links":{"self":[{"href":"https:\/\/favourites.migatronic.com\/it\/wp-json\/wp\/v2\/pages\/23","targetHints":{"allow":["GET"]}}],"collection":[{"href":"https:\/\/favourites.migatronic.com\/it\/wp-json\/wp\/v2\/pages"}],"about":[{"href":"https:\/\/favourites.migatronic.com\/it\/wp-json\/wp\/v2\/types\/page"}],"author":[{"embeddable":true,"href":"https:\/\/favourites.migatronic.com\/it\/wp-json\/wp\/v2\/users\/1"}],"replies":[{"embeddable":true,"href":"https:\/\/favourites.migatronic.com\/it\/wp-json\/wp\/v2\/comments?post=23"}],"version-history":[{"count":1,"href":"https:\/\/favourites.migatronic.com\/it\/wp-json\/wp\/v2\/pages\/23\/revisions"}],"predecessor-version":[{"id":6352,"href":"https:\/\/favourites.migatronic.com\/it\/wp-json\/wp\/v2\/pages\/23\/revisions\/6352"}],"wp:attachment":[{"href":"https:\/\/favourites.migatronic.com\/it\/wp-json\/wp\/v2\/media?parent=23"}],"curies":[{"name":"wp","href":"https:\/\/api.w.org\/{rel}","templated":true}]}}