{"id":3,"date":"2021-05-20T06:23:27","date_gmt":"2021-05-20T06:23:27","guid":{"rendered":"https:\/\/favourites.migatronic.com\/\/?page_id=3"},"modified":"2021-08-13T10:34:30","modified_gmt":"2021-08-13T08:34:30","slug":"privacy-policy","status":"publish","type":"page","link":"https:\/\/favourites.migatronic.com\/nl\/privacy-policy\/","title":{"rendered":"Privacybeleid"},"content":{"rendered":"<p>[et_pb_section fb_built=&#8221;1&#8243; next_background_color=&#8221;#ffffff&#8221; admin_label=&#8221;section&#8221; _builder_version=&#8221;4.9.4&#8243; background_image=&#8221;https:\/\/favourites.migatronic.com\/\/wp-content\/uploads\/2021\/06\/background_darker.jpg&#8221; min_height=&#8221;500px&#8221; min_height_tablet=&#8221;300px&#8221; min_height_phone=&#8221;280px&#8221; min_height_last_edited=&#8221;on|tablet&#8221; custom_margin=&#8221;||||false|false&#8221; bottom_divider_style=&#8221;waves2&#8243; bottom_divider_repeat=&#8221;1x&#8221; bottom_divider_style_tablet=&#8221;waves2&#8243; bottom_divider_style_phone=&#8221;none&#8221; bottom_divider_style_last_edited=&#8221;on|phone&#8221; global_colors_info=&#8221;{}&#8221;][\/et_pb_section][et_pb_section fb_built=&#8221;1&#8243; _builder_version=&#8221;4.9.4&#8243; _module_preset=&#8221;default&#8221; use_background_color_gradient=&#8221;on&#8221; background_color_gradient_start=&#8221;#f2f3f4&#8243; background_color_gradient_end=&#8221;#ffffff&#8221; background_color_gradient_direction=&#8221;1deg&#8221; custom_padding=&#8221;||130px||false|false&#8221; global_colors_info=&#8221;{}&#8221;][et_pb_row _builder_version=&#8221;4.9.10&#8243; _module_preset=&#8221;default&#8221; global_colors_info=&#8221;{%22gcid-dd211686-4416-4bfc-8c9c-149ca2277c42%22:%91%93}&#8221;][et_pb_column type=&#8221;4_4&#8243; _builder_version=&#8221;4.9.10&#8243; _module_preset=&#8221;default&#8221; global_colors_info=&#8221;{}&#8221;][et_pb_text _builder_version=&#8221;4.9.11&#8243; _module_preset=&#8221;default&#8221; text_font=&#8221;||||||||&#8221; text_text_color=&#8221;#16171A&#8221; text_font_size=&#8221;18px&#8221; text_line_height=&#8221;1.5em&#8221; header_font=&#8221;|600|||||||&#8221; header_text_color=&#8221;#08442B&#8221; header_font_size=&#8221;50px&#8221; header_line_height=&#8221;1.2em&#8221; header_2_font=&#8221;|600|||||||&#8221; header_2_text_color=&#8221;#16171A&#8221; background_color=&#8221;#ffffff&#8221; background_blend=&#8221;overlay&#8221; width=&#8221;100%&#8221; width_tablet=&#8221;100%&#8221; width_phone=&#8221;&#8221; width_last_edited=&#8221;on|phone&#8221; module_alignment=&#8221;center&#8221; custom_margin=&#8221;-437px||||false|false&#8221; custom_margin_tablet=&#8221;-200px||||false|false&#8221; custom_margin_phone=&#8221;-190px||||false|false&#8221; custom_margin_last_edited=&#8221;on|phone&#8221; custom_padding=&#8221;80px|80px|150px|80px|false|true&#8221; custom_padding_tablet=&#8221;63px|70px|80px|70px|false|true&#8221; custom_padding_phone=&#8221;40px|25px||25px|false|true&#8221; custom_padding_last_edited=&#8221;on|tablet&#8221; animation_style=&#8221;slide&#8221; animation_direction=&#8221;bottom&#8221; animation_intensity_slide=&#8221;5%&#8221; animation_starting_opacity=&#8221;50%&#8221; hover_enabled=&#8221;0&#8243; text_font_size_tablet=&#8221;20px&#8221; text_font_size_phone=&#8221;16px&#8221; text_font_size_last_edited=&#8221;on|phone&#8221; header_font_size_tablet=&#8221;&#8221; header_font_size_phone=&#8221;32px&#8221; header_font_size_last_edited=&#8221;on|phone&#8221; border_radii=&#8221;on|15px|15px|15px|15px&#8221; box_shadow_style=&#8221;preset3&#8243; box_shadow_color=&#8221;rgba(8,68,43,0.38)&#8221; global_colors_info=&#8221;{%22gcid-dd211686-4416-4bfc-8c9c-149ca2277c42%22:%91%93}&#8221; background_enable_image=&#8221;off&#8221; sticky_enabled=&#8221;0&#8243;]<\/p>\n<h1>Privacybeleid<\/h1>\n<p style=\"color: rgba(0, 0, 0, 0.67);\"><span class=\"display-text body1\">Het verheugt ons zeer dat u belangstelling hebt getoond voor onze onderneming. Gegevensbescherming is van bijzonder hoog<\/span><span class=\"display-text body1\">gh prioriteit voor Migatronic A\/S. Dit Privacybeleid is bedoeld om u te helpen begrijpen welke gegevens we verzamelen, waarom we ze verzamelen en wat we ermee doen. Dit is belangrijk, niet alleen om de veiligheid van uw persoonlijke gegevens te waarborgen, maar ook om u ervan te verzekeren dat Migatronic A\/S voldoet aan de General Data Protection Regulation (GDPR) die vanaf 25 mei 2018 van kracht zal zijn.<\/span><span style=\"font-family: Roboto, sans-serif; font-size: 1.2rem;\"><br \/><\/span><\/p>\n<p style=\"color: rgba(0, 0, 0, 0.67);\"><span class=\"display-text body1\"><\/span><\/p>\n<p style=\"color: rgba(0, 0, 0, 0.67);\"><span class=\"display-text body1\"><\/span><\/p>\n<h2><span class=\"subtitle1\">Wat is de algemene verordening gegevensbescherming?<\/span><\/h2>\n<p>In juridische termen is de GDPR een wet van de Europese Unie die bedoeld is om de regels en rechten inzake gegevensbescherming ten behoeve van de EU-burgers te versterken en te harmoniseren. Met andere woorden, om de controle over persoonsgegevens terug te geven aan de gebruiker. Hoewel dit geweldig nieuws is voor individuen, brengt het complexe problemen met zich mee voor bedrijven.<\/p>\n<p>De nieuwe regels gelden voor alle organisaties (ongeacht hun omvang) die goederen en diensten leveren aan de EU of die gebruik maken van traceringstechnologie\u00ebn (zoals cookies of trackingpixels) om het gedrag van EU-gebruikers te volgen.<\/p>\n<p>Hoewel de wet in theorie eenvoudig is, is zij dicht en complex en vereist zij een volledig inzicht in de gegevens die u verzamelt, of deze al dan niet persoonlijk zijn, hoe u ze opslaat en gebruikt, en hoe u gegevens op verzoek openbaar maakt of verwijdert. Daartoe moet u elk afzonderlijk proces en elke regel softwarecode onder de loep nemen om uw gegevensprocessen in kaart te brengen.<\/p>\n<p>In de meeste gevallen zal uw gegevensverzameling na 25 mei geldige toestemming vereisen - niet alleen voor de toekomst, maar ook van al uw bestaande gebruikers. Volgens de GDPR kan toestemming niet worden ge\u00efmpliceerd of afgeleid uit iemands handelingen. In plaats daarvan moet geldige toestemming specifiek zijn voor de gegevens die worden verzameld, door middel van een bevestigende handeling die ondubbelzinnig is.<\/p>\n<p>&nbsp;<\/p>\n<h2>1. Persoonlijke informatie - Wat wij verzamelen en waarom<\/h2>\n<p>Wij bieden bepaalde functies, diensten, toepassingen en hulpmiddelen van de site aan die alleen beschikbaar zijn door het gebruik van de volgende traceringstechnologie\u00ebn. Het staat u altijd vrij deze technologie\u00ebn te blokkeren, te verwijderen of uit te schakelen indien uw browser, ge\u00efnstalleerde applicatie of apparaat dit toestaat. Als u echter cookies of andere soortgelijke technologie\u00ebn weigert, kunt u mogelijk niet profiteren van bepaalde functies, diensten, toepassingen of hulpmiddelen van de site.<\/p>\n<p>Over het algemeen stellen deze technologie\u00ebn onze sites, diensten, applicaties en hulpmiddelen in staat om relevante informatie in uw browser of apparaat op te slaan en die informatie later uit te lezen om u te identificeren bij onze servers of interne systemen. Waar van toepassing, beschermen wij onze cookies en andere soortgelijke technologie\u00ebn om ervoor te zorgen dat alleen wij en\/of onze geautoriseerde dienstverleners ze kunnen interpreteren door ze een unieke identificatiecode toe te wijzen die alleen door ons kan worden ge\u00efnterpreteerd.<\/p>\n<p>Deze website verzamelt en gebruikt persoonlijke informatie om de volgende redenen:<\/p>\n<p>&nbsp;<\/p>\n<h2><span class=\"subtitle1\">1.1. Google Analytics<\/span><\/h2>\n<p>Zoals de meeste websites, maakt deze site gebruik van Google Analytics (GA) om gebruikersinteractie bij te houden. Wij gebruiken deze gegevens om te bepalen hoeveel mensen onze site gebruiken, om beter te begrijpen hoe zij onze webpagina's vinden en gebruiken en om hun reis door de website te zien.<\/p>\n<p>Hoewel GA gegevens vastlegt zoals uw geografische locatie, apparaat, internetbrowser en besturingssysteem, wordt u door geen van deze gegevens persoonlijk ge\u00efdentificeerd. GA registreert ook het IP-adres van uw computer dat kan worden gebruikt om u persoonlijk te identificeren, maar Google geeft ons hier geen toegang toe. Wij beschouwen Google als een derde partij gegevensverwerker (zie sectie 2 hieronder).<\/p>\n<p>GA maakt gebruik van cookies, waarvan de details te vinden zijn op <a rel=\"noopener\" href=\"https:\/\/developers.google.com\/analytics\/devguides\/collection\/analyticsjs\/cookie-usage\" target=\"_blank\">Google's gidsen voor ontwikkelaars<\/a>.<\/p>\n<p>Als u cookies in uw internetbrowser uitschakelt, kan GA geen enkel deel van uw bezoek aan pagina's op deze website volgen.<\/p>\n<p>Meer weten over <a rel=\"noopener\" href=\"https:\/\/www.google.com\/analytics\/\" target=\"_blank\">Google Analytics.<\/a><\/p>\n<p>&nbsp;<\/p>\n<h2><span class=\"subtitle1\">1.2. Google Tag Manager<\/span><\/h2>\n<p>Wij proberen voortdurend de klantervaring op onze website te verbeteren door bezoekers meer gepersonaliseerde en gerichte campagnes en aanbiedingen aan te bieden. Om dit te doen, gebruiken wij Google Tag Manager (GTM).<\/p>\n<p>GTM is een klein stukje code dat ons helpt bij het bijhouden van gebruikersgedrag op onze sites en de gegevens vervolgens doorstuurt naar onze Google Analytics-account. Dan zijn alle gegevens perfect georganiseerd en klaar voor ons om te beoordelen en te herzien voor potenti\u00eble siteverbeteringen en remarketingcampagnes.<\/p>\n<p>Wij beschouwen Google als een derde gegevensverwerker (zie punt 2 hieronder).<\/p>\n<p>Meer weten over <a rel=\"noopener\" href=\"https:\/\/www.google.com\/analytics\/tag-manager\/\" target=\"_blank\">Google Tag Manager.<\/a><\/p>\n<p>&nbsp;<\/p>\n<h2><span class=\"subtitle1\">1.3. Contact-, aanmeld- en downloadformulieren enz.<\/span><\/h2>\n<p>Als u ervoor kiest om contact met ons op te nemen via het contact-\/aanmeldformulier op onze pagina's of als u content downloadt van onze website, wordt uw informatie opgeslagen in onze backend en verwerkt in een e-mail die naar ons wordt verzonden via de <a rel=\"noopener\" href=\"https:\/\/en.wikipedia.org\/wiki\/Simple_Mail_Transfer_Protocol\" target=\"_blank\">Simple Mail Transfer Protocol (SMTP)<\/a>.<\/p>\n<p>&nbsp;<\/p>\n<h2><span class=\"subtitle1\">1.4. Nieuwsbrief per e-mail<\/span><\/h2>\n<p>Op de website van Migatronic A\/S wordt gebruikers de mogelijkheid geboden zich in te schrijven voor de nieuwsbrief van onze onderneming. Naar het e-mailadres dat door een betrokkene voor de eerste keer voor verzending van de nieuwsbrief is geregistreerd, wordt om juridische redenen een bevestigingse-mail gestuurd in het kader van de double opt-in procedure. Deze bevestigingse-mail wordt gebruikt om aan te tonen of de eigenaar van het e-mailadres als betrokkene gemachtigd is om de nieuwsbrief te ontvangen.<\/p>\n<p>De persoonsgegevens die in het kader van een inschrijving voor de nieuwsbrief worden verzameld, worden uitsluitend gebruikt voor de verzending van onze nieuwsbrief. Daarnaast kunnen abonnees op de nieuwsbrief per e-mail worden ge\u00efnformeerd, voor zover dit noodzakelijk is voor de werking van de nieuwsbriefdienst of een registratie in kwestie, zoals het geval kan zijn bij wijzigingen in het nieuwsbriefaanbod, of bij een wijziging in de technische omstandigheden.<\/p>\n<p>Het abonnement op onze nieuwsbrief kan door de betrokkene te allen tijde worden opgezegd. De toestemming voor de opslag van persoonsgegevens, die de betrokkene voor de verzending van de nieuwsbrief heeft gegeven, kan te allen tijde worden herroepen. Voor het herroepen van de toestemming is in elke nieuwsbrief een overeenkomstige link te vinden. U kunt zich ook te allen tijde afmelden voor de nieuwsbrief door contact met ons op te nemen.<\/p>\n<p>De nieuwsbrief van Migatronic A\/S bevat zogenaamde tracking pixels. Een tracking pixel is een miniatuur grafiek ingebed in dergelijke e-mails, die worden verzonden in HTML-formaat om log file registratie en analyse mogelijk te maken. Dit maakt een statistische analyse van het succes of falen van online marketing campagnes mogelijk. Op basis van de ingebedde trackingpixel kan Migatronic A\/S zien of en wanneer een e-mail door een betrokkene werd geopend, en welke links in de e-mail door betrokkenen werden opgeroepen.<\/p>\n<p>Dergelijke persoonsgegevens die worden verzameld in de trackingpixels die in de nieuwsbrieven zijn opgenomen, worden door de controller opgeslagen en geanalyseerd om de verzending van de nieuwsbrief te optimaliseren en om de inhoud van toekomstige nieuwsbrieven nog beter af te stemmen op de interesses van de betrokkene. Deze persoonsgegevens worden niet aan derden doorgegeven. Betrokkenen hebben te allen tijde het recht om de desbetreffende afzonderlijke verklaring van toestemming, afgegeven door middel van de double-opt-in procedure, te herroepen. Na een herroeping worden deze persoonsgegevens door de verantwoordelijke voor de verwerking gewist. Migatronic A\/S beschouwt een opzegging van de ontvangst van de nieuwsbrief automatisch als een herroeping.<\/p>\n<p>&nbsp;<\/p>\n<h2><span class=\"subtitle1\">1.5. Website cookies - <a data-udi=\"umb:\/\/document\/88878c0eb66e470fa58303395e43838e\" href=\"https:\/\/www.migatronic.com\/en\/privacy-policy\/cookies\/\" title=\"Cookies\" target=\"_blank\" rel=\"noopener\">Bekijk en beheer uw cookies hier (link)<\/a><\/span><\/h2>\n<p>Wij behandelen door cookies en andere technologie\u00ebn verzamelde informatie als niet-persoonlijke informatie. Echter, voor zover Internet Protocol (IP)-adressen of soortgelijke identificatoren door de lokale wetgeving als persoonlijke informatie worden beschouwd, behandelen wij ook deze identificatoren als persoonlijke informatie. Evenzo, voor zover niet-persoonlijke informatie wordt gecombineerd met persoonlijke informatie, behandelen wij de gecombineerde informatie als persoonlijke informatie voor de doeleinden van dit Privacybeleid.<\/p>\n<hr style=\"margin: 2rem 0rem; border: 1px solid #e8ebed;\" \/>\n<h2>2. Onze derde gegevensverwerkers<\/h2>\n<p>Wij maken gebruik van een aantal derde partijen om persoonsgegevens namens ons te verwerken. Deze derde partijen zijn zorgvuldig gekozen en voldoen allemaal aan de wetgeving zoals uiteengezet in de EU General Data Protection Regulation 2018 (GDPR).<\/p>\n<ul>\n<li><a rel=\"noopener\" href=\"https:\/\/policies.google.com\/privacy?hl=en-GB\" target=\"_blank\">Google (Privacybeleid)<\/a><\/li>\n<li><a rel=\"noopener\" href=\"https:\/\/www.jcd.dk\/jcd-as\/privatlivsbeskyttelse\/\" target=\"_blank\" title=\"JCD A\/S\">JCD A\/S (Privacybeleid)<\/a><\/li>\n<li><a rel=\"noopener\" href=\"https:\/\/products.office.com\/en-us\/business\/office-365-trust-center-privacy\" target=\"_blank\">Microsoft Office 365 (privacyverklaring)<\/a><\/li>\n<li><a rel=\"noopener\" href=\"https:\/\/www.microsoft.com\/en-us\/trustcenter\/cloudservices\/dynamics365\" target=\"_blank\">Microsoft Dynamics 365 (Beveiliging en conformiteit)<\/a><\/li>\n<\/ul>\n<hr style=\"margin: 2rem 0rem; border: 1px solid #e8ebed;\" \/>\n<h2>3. Hoe lang bewaren wij uw informatie<\/h2>\n<p>Wij bewaren uw persoonsgegevens gedurende de periode die nodig is om de op onze 'Toestemming pagina' beschreven doeleinden te vervullen. U kunt altijd contact met ons opnemen als u wilt dat uw persoonsgegevens uit onze databases worden 'gewist' (zie punt 6). Wij zullen zonder onnodige vertraging reageren (en in ieder geval binnen een maand, hoewel dit in moeilijke gevallen kan worden verlengd).<\/p>\n<hr style=\"margin: 2rem 0rem; border: 1px solid #e8ebed;\" \/>\n<h2>4. Datalekken<\/h2>\n<p>Wij zullen elke onwettige inbreuk op de gegevens in de database van deze website of in de database(s) van een van onze derde gegevensverwerkers binnen 72 uur na de inbreuk melden aan alle relevante personen en autoriteiten indien blijkt dat persoonsgegevens die op een identificeerbare manier zijn opgeslagen, zijn gestolen.<\/p>\n<hr style=\"margin: 2rem 0rem; border: 1px solid #e8ebed;\" \/>\n<h2>5. Gegevenscontroleur<\/h2>\n<p>De gegevensbeheerder van deze website is: Svejsemaskinefabrikken Migatronic A\/S, met ondernemingsnummer (CVR): 34485216, waarvan de maatschappelijke zetel gevestigd is:<\/p>\n<p>Migatronic A\/S<br \/>Aggersundvej 33<br \/>9690 Fjerritslev<\/p>\n<p>Denemarken<br \/>Telefoon: +45 96 500 600<br \/>E-mail: <a rel=\"noopener\" href=\"mailto:sales@migatronic.dk\" target=\"_blank\">sales@migatronic.dk<\/a><br \/>Website: <a rel=\"noopener\" href=\"https:\/\/migatronic.com\" target=\"_blank\">www.migatronic.com<\/a><\/p>\n<hr style=\"margin: 2rem 0rem; border: 1px solid #e8ebed;\" \/>\n<h2>6. Recht op toegang en op vergetelheid<\/h2>\n<p>Neem contact met ons op als u toegang wilt tot uw persoonlijke gegevens die in onze databanken zijn opgeslagen, of als u wilt dat uw persoonlijke gegevens uit onze databanken worden \"gewist\". Wij zullen zonder onnodige vertraging reageren (en in ieder geval binnen een maand na ontvangst van uw verzoek, hoewel dit in moeilijke gevallen kan worden verlengd).<\/p>\n<hr style=\"margin: 2rem 0rem; border: 1px solid #e8ebed;\" \/>\n<h2>7. Privacyvraagstukken<\/h2>\n<p>Als u vragen of zorgen hebt over het privacybeleid of de gegevensverwerking, of als u een klacht wilt indienen over een mogelijke schending van de lokale privacywetgeving, kunt u contact met ons opnemen:<\/p>\n<p>Wanneer wij een privacyvraag of een verzoek om toegang\/download ontvangen, hebben wij een speciaal team dat de contacten triageert en tracht in te gaan op het specifieke punt van zorg of de vraag die u aan de orde wilt stellen. Wanneer uw vraag meer inhoudelijk van aard is, kan het zijn dat u om meer informatie wordt gevraagd.<\/p>\n<p>[\/et_pb_text][\/et_pb_column][\/et_pb_row][\/et_pb_section]<\/p>","protected":false},"excerpt":{"rendered":"<p>Privacy Policy We are very delighted that you have shown interest in our enterprise. Data protection is of a particularly high priority for Migatronic A\/S. This Privacy Policy is meant to help you understand what data we collect, why we collect it and what we do with it. This is important, not only to ensure [&hellip;]<\/p>","protected":false},"author":1,"featured_media":0,"parent":0,"menu_order":6,"comment_status":"closed","ping_status":"open","template":"","meta":{"_et_pb_use_builder":"on","_et_pb_old_content":"<!-- wp:heading --><h2>Who we are<\/h2><!-- \/wp:heading --><!-- wp:paragraph --><p><strong class=\"privacy-policy-tutorial\">Suggested text: <\/strong>Our website address is: https:\/\/favourites.migatronic.com\/.<\/p><!-- \/wp:paragraph --><!-- wp:heading --><h2>Comments<\/h2><!-- \/wp:heading --><!-- wp:paragraph --><p><strong class=\"privacy-policy-tutorial\">Suggested text: <\/strong>When visitors leave comments on the site we collect the data shown in the comments form, and also the visitor&#8217;s IP address and browser user agent string to help spam detection.<\/p><!-- \/wp:paragraph --><!-- wp:paragraph --><p>An anonymized string created from your email address (also called a hash) may be provided to the Gravatar service to see if you are using it. The Gravatar service privacy policy is available here: https:\/\/automattic.com\/privacy\/. After approval of your comment, your profile picture is visible to the public in the context of your comment.<\/p><!-- \/wp:paragraph --><!-- wp:heading --><h2>Media<\/h2><!-- \/wp:heading --><!-- wp:paragraph --><p><strong class=\"privacy-policy-tutorial\">Suggested text: <\/strong>If you upload images to the website, you should avoid uploading images with embedded location data (EXIF GPS) included. Visitors to the website can download and extract any location data from images on the website.<\/p><!-- \/wp:paragraph --><!-- wp:heading --><h2>Cookies<\/h2><!-- \/wp:heading --><!-- wp:paragraph --><p><strong class=\"privacy-policy-tutorial\">Suggested text: <\/strong>If you leave a comment on our site you may opt-in to saving your name, email address and website in cookies. These are for your convenience so that you do not have to fill in your details again when you leave another comment. These cookies will last for one year.<\/p><!-- \/wp:paragraph --><!-- wp:paragraph --><p>If you visit our login page, we will set a temporary cookie to determine if your browser accepts cookies. This cookie contains no personal data and is discarded when you close your browser.<\/p><!-- \/wp:paragraph --><!-- wp:paragraph --><p>When you log in, we will also set up several cookies to save your login information and your screen display choices. Login cookies last for two days, and screen options cookies last for a year. If you select &quot;Remember Me&quot;, your login will persist for two weeks. If you log out of your account, the login cookies will be removed.<\/p><!-- \/wp:paragraph --><!-- wp:paragraph --><p>If you edit or publish an article, an additional cookie will be saved in your browser. This cookie includes no personal data and simply indicates the post ID of the article you just edited. It expires after 1 day.<\/p><!-- \/wp:paragraph --><!-- wp:heading --><h2>Embedded content from other websites<\/h2><!-- \/wp:heading --><!-- wp:paragraph --><p><strong class=\"privacy-policy-tutorial\">Suggested text: <\/strong>Articles on this site may include embedded content (e.g. videos, images, articles, etc.). Embedded content from other websites behaves in the exact same way as if the visitor has visited the other website.<\/p><!-- \/wp:paragraph --><!-- wp:paragraph --><p>These websites may collect data about you, use cookies, embed additional third-party tracking, and monitor your interaction with that embedded content, including tracking your interaction with the embedded content if you have an account and are logged in to that website.<\/p><!-- \/wp:paragraph --><!-- wp:heading --><h2>Who we share your data with<\/h2><!-- \/wp:heading --><!-- wp:paragraph --><p><strong class=\"privacy-policy-tutorial\">Suggested text: <\/strong>If you request a password reset, your IP address will be included in the reset email.<\/p><!-- \/wp:paragraph --><!-- wp:heading --><h2>How long we retain your data<\/h2><!-- \/wp:heading --><!-- wp:paragraph --><p><strong class=\"privacy-policy-tutorial\">Suggested text: <\/strong>If you leave a comment, the comment and its metadata are retained indefinitely. This is so we can recognize and approve any follow-up comments automatically instead of holding them in a moderation queue.<\/p><!-- \/wp:paragraph --><!-- wp:paragraph --><p>For users that register on our website (if any), we also store the personal information they provide in their user profile. All users can see, edit, or delete their personal information at any time (except they cannot change their username). Website administrators can also see and edit that information.<\/p><!-- \/wp:paragraph --><!-- wp:heading --><h2>What rights you have over your data<\/h2><!-- \/wp:heading --><!-- wp:paragraph --><p><strong class=\"privacy-policy-tutorial\">Suggested text: <\/strong>If you have an account on this site, or have left comments, you can request to receive an exported file of the personal data we hold about you, including any data you have provided to us. You can also request that we erase any personal data we hold about you. This does not include any data we are obliged to keep for administrative, legal, or security purposes.<\/p><!-- \/wp:paragraph --><!-- wp:heading --><h2>Where we send your data<\/h2><!-- \/wp:heading --><!-- wp:paragraph --><p><strong class=\"privacy-policy-tutorial\">Suggested text: <\/strong>Visitor comments may be checked through an automated spam detection service.<\/p><!-- \/wp:paragraph -->","_et_gb_content_width":"","footnotes":""},"class_list":["post-3","page","type-page","status-publish","hentry"],"_links":{"self":[{"href":"https:\/\/favourites.migatronic.com\/nl\/wp-json\/wp\/v2\/pages\/3","targetHints":{"allow":["GET"]}}],"collection":[{"href":"https:\/\/favourites.migatronic.com\/nl\/wp-json\/wp\/v2\/pages"}],"about":[{"href":"https:\/\/favourites.migatronic.com\/nl\/wp-json\/wp\/v2\/types\/page"}],"author":[{"embeddable":true,"href":"https:\/\/favourites.migatronic.com\/nl\/wp-json\/wp\/v2\/users\/1"}],"replies":[{"embeddable":true,"href":"https:\/\/favourites.migatronic.com\/nl\/wp-json\/wp\/v2\/comments?post=3"}],"version-history":[{"count":0,"href":"https:\/\/favourites.migatronic.com\/nl\/wp-json\/wp\/v2\/pages\/3\/revisions"}],"wp:attachment":[{"href":"https:\/\/favourites.migatronic.com\/nl\/wp-json\/wp\/v2\/media?parent=3"}],"curies":[{"name":"wp","href":"https:\/\/api.w.org\/{rel}","templated":true}]}}