{"id":3,"date":"2021-05-20T06:23:27","date_gmt":"2021-05-20T06:23:27","guid":{"rendered":"https:\/\/favourites.migatronic.com\/\/?page_id=3"},"modified":"2021-08-13T10:34:30","modified_gmt":"2021-08-13T08:34:30","slug":"privacy-policy","status":"publish","type":"page","link":"https:\/\/favourites.migatronic.com\/pl\/privacy-policy\/","title":{"rendered":"Polityka prywatno\u015bci"},"content":{"rendered":"<p>[et_pb_section fb_built=&#8221;1&#8243; next_background_color=&#8221;#ffffff&#8221; admin_label=&#8221;section&#8221; _builder_version=&#8221;4.9.4&#8243; background_image=&#8221;https:\/\/favourites.migatronic.com\/\/wp-content\/uploads\/2021\/06\/background_darker.jpg&#8221; min_height=&#8221;500px&#8221; min_height_tablet=&#8221;300px&#8221; min_height_phone=&#8221;280px&#8221; min_height_last_edited=&#8221;on|tablet&#8221; custom_margin=&#8221;||||false|false&#8221; bottom_divider_style=&#8221;waves2&#8243; bottom_divider_repeat=&#8221;1x&#8221; bottom_divider_style_tablet=&#8221;waves2&#8243; bottom_divider_style_phone=&#8221;none&#8221; bottom_divider_style_last_edited=&#8221;on|phone&#8221; global_colors_info=&#8221;{}&#8221;][\/et_pb_section][et_pb_section fb_built=&#8221;1&#8243; _builder_version=&#8221;4.9.4&#8243; _module_preset=&#8221;default&#8221; use_background_color_gradient=&#8221;on&#8221; background_color_gradient_start=&#8221;#f2f3f4&#8243; background_color_gradient_end=&#8221;#ffffff&#8221; background_color_gradient_direction=&#8221;1deg&#8221; custom_padding=&#8221;||130px||false|false&#8221; global_colors_info=&#8221;{}&#8221;][et_pb_row _builder_version=&#8221;4.9.10&#8243; _module_preset=&#8221;default&#8221; global_colors_info=&#8221;{%22gcid-dd211686-4416-4bfc-8c9c-149ca2277c42%22:%91%93}&#8221;][et_pb_column type=&#8221;4_4&#8243; _builder_version=&#8221;4.9.10&#8243; _module_preset=&#8221;default&#8221; global_colors_info=&#8221;{}&#8221;][et_pb_text _builder_version=&#8221;4.9.11&#8243; _module_preset=&#8221;default&#8221; text_font=&#8221;||||||||&#8221; text_text_color=&#8221;#16171A&#8221; text_font_size=&#8221;18px&#8221; text_line_height=&#8221;1.5em&#8221; header_font=&#8221;|600|||||||&#8221; header_text_color=&#8221;#08442B&#8221; header_font_size=&#8221;50px&#8221; header_line_height=&#8221;1.2em&#8221; header_2_font=&#8221;|600|||||||&#8221; header_2_text_color=&#8221;#16171A&#8221; background_color=&#8221;#ffffff&#8221; background_blend=&#8221;overlay&#8221; width=&#8221;100%&#8221; width_tablet=&#8221;100%&#8221; width_phone=&#8221;&#8221; width_last_edited=&#8221;on|phone&#8221; module_alignment=&#8221;center&#8221; custom_margin=&#8221;-437px||||false|false&#8221; custom_margin_tablet=&#8221;-200px||||false|false&#8221; custom_margin_phone=&#8221;-190px||||false|false&#8221; custom_margin_last_edited=&#8221;on|phone&#8221; custom_padding=&#8221;80px|80px|150px|80px|false|true&#8221; custom_padding_tablet=&#8221;63px|70px|80px|70px|false|true&#8221; custom_padding_phone=&#8221;40px|25px||25px|false|true&#8221; custom_padding_last_edited=&#8221;on|tablet&#8221; animation_style=&#8221;slide&#8221; animation_direction=&#8221;bottom&#8221; animation_intensity_slide=&#8221;5%&#8221; animation_starting_opacity=&#8221;50%&#8221; hover_enabled=&#8221;0&#8243; text_font_size_tablet=&#8221;20px&#8221; text_font_size_phone=&#8221;16px&#8221; text_font_size_last_edited=&#8221;on|phone&#8221; header_font_size_tablet=&#8221;&#8221; header_font_size_phone=&#8221;32px&#8221; header_font_size_last_edited=&#8221;on|phone&#8221; border_radii=&#8221;on|15px|15px|15px|15px&#8221; box_shadow_style=&#8221;preset3&#8243; box_shadow_color=&#8221;rgba(8,68,43,0.38)&#8221; global_colors_info=&#8221;{%22gcid-dd211686-4416-4bfc-8c9c-149ca2277c42%22:%91%93}&#8221; background_enable_image=&#8221;off&#8221; sticky_enabled=&#8221;0&#8243;]<\/p>\n<h1>Polityka prywatno\u015bci<\/h1>\n<p style=\"color: rgba(0, 0, 0, 0.67);\"><span class=\"display-text body1\">Bardzo si\u0119 cieszymy, \u017ce zainteresowali si\u0119 Pa\u0144stwo naszym przedsi\u0119biorstwem. Ochrona danych jest dla nas szczeg\u00f3lnie istotna.<\/span><span class=\"display-text body1\">gh priorytetem dla Migatronic A\/S. Niniejsza Polityka prywatno\u015bci ma pom\u00f3c Ci zrozumie\u0107, jakie dane gromadzimy, dlaczego je gromadzimy i co z nimi robimy. Jest to wa\u017cne nie tylko dla zapewnienia bezpiecze\u0144stwa Pa\u0144stwa danych osobowych, ale r\u00f3wnie\u017c dla zapewnienia zgodno\u015bci Migatronic A\/S z Og\u00f3lnym Rozporz\u0105dzeniem o Ochronie Danych (GDPR), kt\u00f3re zacznie obowi\u0105zywa\u0107 od 25 maja 2018 roku.<\/span><span style=\"font-family: Roboto, sans-serif; font-size: 1.2rem;\"><br \/><\/span><\/p>\n<p style=\"color: rgba(0, 0, 0, 0.67);\"><span class=\"display-text body1\"><\/span><\/p>\n<p style=\"color: rgba(0, 0, 0, 0.67);\"><span class=\"display-text body1\"><\/span><\/p>\n<h2><span class=\"subtitle1\">Co to jest og\u00f3lne rozporz\u0105dzenie o ochronie danych?<\/span><\/h2>\n<p>Pod wzgl\u0119dem prawnym GDPR jest aktem prawnym Unii Europejskiej maj\u0105cym na celu wzmocnienie i ujednolicenie zasad i praw ochrony danych z korzy\u015bci\u0105 dla obywateli UE. Innymi s\u0142owy, ma odda\u0107 kontrol\u0119 nad danymi osobowymi z powrotem w r\u0119ce u\u017cytkownika. O ile jest to \u015bwietna wiadomo\u015b\u0107 dla os\u00f3b prywatnych, o tyle dla firm stanowi ona z\u0142o\u017cony problem.<\/p>\n<p>Nowe przepisy maj\u0105 zastosowanie do wszystkich organizacji (niezale\u017cnie od ich wielko\u015bci), kt\u00f3re dostarczaj\u0105 towary i us\u0142ugi do UE lub kt\u00f3re wykorzystuj\u0105 technologie \u015bledzenia (takie jak pliki cookie lub piksele \u015bledz\u0105ce) do monitorowania zachowa\u0144 u\u017cytkownik\u00f3w z UE.<\/p>\n<p>Prawo, cho\u0107 proste w teorii, jest g\u0119ste i z\u0142o\u017cone i wymaga kompleksowego zrozumienia gromadzonych danych, tego, czy s\u0105 one osobiste czy nie, jak je przechowujesz i wykorzystujesz oraz jak ujawniasz lub usuwasz dane na \u017c\u0105danie. Aby to zrobi\u0107, musisz przyjrze\u0107 si\u0119 ka\u017cdemu pojedynczemu procesowi i linii kodu oprogramowania, aby nakre\u015bli\u0107 swoje procesy zwi\u0105zane z danymi.<\/p>\n<p>W wi\u0119kszo\u015bci przypadk\u00f3w gromadzenie danych b\u0119dzie wymaga\u0142o uzyskania wa\u017cnej zgody po 25 maja - nie tylko w przysz\u0142o\u015bci, ale tak\u017ce od wszystkich dotychczasowych u\u017cytkownik\u00f3w. Zgodnie z GDPR, zgoda nie mo\u017ce by\u0107 domniemana lub wywnioskowana z czyich\u015b dzia\u0142a\u0144. Zamiast tego, wa\u017cna zgoda musi odnosi\u0107 si\u0119 do gromadzonych danych, poprzez jednoznaczne dzia\u0142anie potwierdzaj\u0105ce.<\/p>\n<p>&nbsp;<\/p>\n<h2>1. Dane osobowe - co gromadzimy i dlaczego<\/h2>\n<p>Oferujemy pewne funkcje witryny, us\u0142ugi, aplikacje i narz\u0119dzia, kt\u00f3re s\u0105 dost\u0119pne wy\u0142\u0105cznie przy u\u017cyciu nast\u0119puj\u0105cych technologii \u015bledzenia. U\u017cytkownik mo\u017ce zawsze zablokowa\u0107, usun\u0105\u0107 lub wy\u0142\u0105czy\u0107 te technologie, je\u015bli pozwala na to przegl\u0105darka, zainstalowana aplikacja lub urz\u0105dzenie. Jednak\u017ce, je\u015bli odrzucisz pliki cookie lub inne podobne technologie, mo\u017cesz nie by\u0107 w stanie korzysta\u0107 z niekt\u00f3rych funkcji witryny, us\u0142ug, aplikacji lub narz\u0119dzi.<\/p>\n<p>Og\u00f3lnie rzecz bior\u0105c, technologie te umo\u017cliwiaj\u0105 naszym witrynom, us\u0142ugom, aplikacjom i narz\u0119dziom przechowywanie odpowiednich informacji w przegl\u0105darce lub urz\u0105dzeniu u\u017cytkownika, a nast\u0119pnie odczytanie tych informacji w celu zidentyfikowania u\u017cytkownika na naszych serwerach lub w systemach wewn\u0119trznych. Tam, gdzie ma to zastosowanie, chronimy nasze pliki cookie i inne podobne technologie, aby zapewni\u0107, \u017ce tylko my i\/lub nasi autoryzowani dostawcy us\u0142ug mog\u0105 je interpretowa\u0107, przypisuj\u0105c im unikalny identyfikator, kt\u00f3ry jest przeznaczony do interpretacji tylko przez nas.<\/p>\n<p>Ta strona internetowa gromadzi i wykorzystuje dane osobowe z nast\u0119puj\u0105cych powod\u00f3w:<\/p>\n<p>&nbsp;<\/p>\n<h2><span class=\"subtitle1\">1.1. Google Analytics<\/span><\/h2>\n<p>Podobnie jak wi\u0119kszo\u015b\u0107 stron internetowych, ta strona korzysta z Google Analytics (GA) do \u015bledzenia interakcji z u\u017cytkownikiem. U\u017cywamy tych danych, aby okre\u015bli\u0107 liczb\u0119 os\u00f3b korzystaj\u0105cych z naszej witryny, aby lepiej zrozumie\u0107, w jaki spos\u00f3b znajduj\u0105 i korzystaj\u0105 z naszych stron internetowych oraz aby zobaczy\u0107 ich podr\u00f3\u017c przez witryn\u0119.<\/p>\n<p>Chocia\u017c GA rejestruje dane, takie jak lokalizacja geograficzna, urz\u0105dzenie, przegl\u0105darka internetowa i system operacyjny, \u017cadna z tych informacji nie identyfikuje u\u017cytkownika osobi\u015bcie dla nas. GA rejestruje r\u00f3wnie\u017c adres IP komputera, kt\u00f3ry mo\u017ce by\u0107 wykorzystany do identyfikacji u\u017cytkownika, ale Google nie daje nam dost\u0119pu do tego. Uwa\u017camy Google za podmiot przetwarzaj\u0105cy dane strony trzeciej (patrz sekcja 2 poni\u017cej).<\/p>\n<p>GA korzysta z plik\u00f3w cookie, kt\u00f3rych szczeg\u00f3\u0142y mo\u017cna znale\u017a\u0107 na stronie <a rel=\"noopener\" href=\"https:\/\/developers.google.com\/analytics\/devguides\/collection\/analyticsjs\/cookie-usage\" target=\"_blank\">Przewodniki Google dla programist\u00f3w<\/a>.<\/p>\n<p>Wy\u0142\u0105czenie plik\u00f3w cookie w przegl\u0105darce internetowej uniemo\u017cliwi GA \u015bledzenie jakiejkolwiek cz\u0119\u015bci wizyty u\u017cytkownika na stronach w tej witrynie.<\/p>\n<p>Dowiedz si\u0119 wi\u0119cej o <a rel=\"noopener\" href=\"https:\/\/www.google.com\/analytics\/\" target=\"_blank\">Google Analytics.<\/a><\/p>\n<p>&nbsp;<\/p>\n<h2><span class=\"subtitle1\">1.2. Google Tag Manager<\/span><\/h2>\n<p>Nieustannie staramy si\u0119 poprawi\u0107 do\u015bwiadczenia klient\u00f3w na naszej stronie internetowej, zapewniaj\u0105c odwiedzaj\u0105cym bardziej spersonalizowane i ukierunkowane kampanie i oferty. Aby to osi\u0105gn\u0105\u0107, korzystamy z Google Tag Manager (GTM).<\/p>\n<p>GTM to ma\u0142y wycinek kodu, kt\u00f3ry pomaga nam \u015bledzi\u0107 zachowania u\u017cytkownik\u00f3w w naszych witrynach, a nast\u0119pnie przesy\u0142a dane do naszego konta Google Analytics. W ten spos\u00f3b wszystkie dane s\u0105 doskonale zorganizowane i gotowe do oceny i przegl\u0105du pod k\u0105tem potencjalnych ulepsze\u0144 witryny i kampanii remarketingowych.<\/p>\n<p>Uwa\u017camy Google za podmiot zewn\u0119trzny przetwarzaj\u0105cy dane (patrz sekcja 2 poni\u017cej).<\/p>\n<p>Dowiedz si\u0119 wi\u0119cej o <a rel=\"noopener\" href=\"https:\/\/www.google.com\/analytics\/tag-manager\/\" target=\"_blank\">Google Tag Manager.<\/a><\/p>\n<p>&nbsp;<\/p>\n<h2><span class=\"subtitle1\">1.3. Formularze kontaktowe, zapisu, pobierania itp.<\/span><\/h2>\n<p>Je\u015bli zdecydujesz si\u0119 skontaktowa\u0107 si\u0119 z nami za pomoc\u0105 np. formularza kontaktowego\/rejestracyjnego na naszych stronach lub pobra\u0107 materia\u0142y z naszej strony internetowej, Twoje dane b\u0119d\u0105 przechowywane w naszym zapleczu i zebrane w wiadomo\u015bci e-mail i wys\u0142ane do nas przez <a rel=\"noopener\" href=\"https:\/\/en.wikipedia.org\/wiki\/Simple_Mail_Transfer_Protocol\" target=\"_blank\">Protok\u00f3\u0142 SMTP (Simple Mail Transfer Protocol)<\/a>.<\/p>\n<p>&nbsp;<\/p>\n<h2><span class=\"subtitle1\">1.4. Biuletyn e-mailowy<\/span><\/h2>\n<p>Na stronie internetowej Migatronic A\/S u\u017cytkownicy maj\u0105 mo\u017cliwo\u015b\u0107 zapisania si\u0119 do newslettera naszego przedsi\u0119biorstwa. Ze wzgl\u0119d\u00f3w prawnych, w ramach procedury double opt-in, na adres e-mail zarejestrowany przez osob\u0119, kt\u00f3rej dane dotycz\u0105, po raz pierwszy w celu wysy\u0142ki newslettera, zostanie wys\u0142ana wiadomo\u015b\u0107 potwierdzaj\u0105ca. Ten e-mail potwierdzaj\u0105cy s\u0142u\u017cy do udowodnienia, czy w\u0142a\u015bciciel adresu e-mail jako osoba, kt\u00f3rej dane dotycz\u0105, jest uprawniony do otrzymywania newslettera.<\/p>\n<p>Dane osobowe zebrane w ramach rejestracji do newslettera b\u0119d\u0105 wykorzystywane wy\u0142\u0105cznie do wysy\u0142ania naszego newslettera. Ponadto subskrybenci newslettera mog\u0105 by\u0107 informowani poczt\u0105 elektroniczn\u0105, o ile jest to niezb\u0119dne do funkcjonowania us\u0142ugi newslettera lub danej rejestracji, jak np. w przypadku zmian w ofercie newslettera lub w przypadku zmiany warunk\u00f3w technicznych.<\/p>\n<p>Subskrypcja naszego newslettera mo\u017ce zosta\u0107 w ka\u017cdej chwili zako\u0144czona przez osob\u0119, kt\u00f3rej dane dotycz\u0105. Zgoda na przechowywanie danych osobowych, kt\u00f3rej podmiot danych udzieli\u0142 w celu wysy\u0142ki newslettera, mo\u017ce zosta\u0107 w ka\u017cdej chwili odwo\u0142ana. W celu odwo\u0142ania zgody w ka\u017cdym newsletterze znajduje si\u0119 odpowiedni link. W ka\u017cdej chwili mo\u017cna r\u00f3wnie\u017c zrezygnowa\u0107 z otrzymywania newslettera, kontaktuj\u0105c si\u0119 z nami.<\/p>\n<p>Newsletter firmy Migatronic A\/S zawiera tak zwane piksele \u015bledz\u0105ce. Piksel \u015bledz\u0105cy to miniaturowa grafika osadzona w takich e-mailach, kt\u00f3re s\u0105 wysy\u0142ane w formacie HTML w celu umo\u017cliwienia zapisu i analizy pliku dziennika. Pozwala to na statystyczn\u0105 analiz\u0119 sukcesu lub pora\u017cki kampanii marketingowych online. Na podstawie wbudowanego piksela \u015bledz\u0105cego, Migatronic A\/S mo\u017ce sprawdzi\u0107, czy i kiedy wiadomo\u015b\u0107 e-mail zosta\u0142a otwarta przez osob\u0119, kt\u00f3rej dane dotycz\u0105, oraz kt\u00f3re linki w wiadomo\u015bci e-mail zosta\u0142y wywo\u0142ane przez osoby, kt\u00f3rych dane dotycz\u0105.<\/p>\n<p>Takie dane osobowe zebrane w pikselach \u015bledz\u0105cych zawartych w newsletterach s\u0105 przechowywane i analizowane przez administratora w celu optymalizacji wysy\u0142ki newslettera, jak r\u00f3wnie\u017c w celu jeszcze lepszego dostosowania tre\u015bci przysz\u0142ych newsletter\u00f3w do zainteresowa\u0144 osoby, kt\u00f3rej dane dotycz\u0105. Te dane osobowe nie s\u0105 przekazywane osobom trzecim. Osoby, kt\u00f3rych dane dotycz\u0105, maj\u0105 w ka\u017cdej chwili prawo do odwo\u0142ania odr\u0119bnego o\u015bwiadczenia o wyra\u017ceniu zgody, wydanego w ramach procedury double-opt-in. Po odwo\u0142aniu, dane osobowe zostan\u0105 usuni\u0119te przez administratora danych. Migatronic A\/S automatycznie traktuje rezygnacj\u0119 z otrzymywania newslettera jako odwo\u0142anie.<\/p>\n<p>&nbsp;<\/p>\n<h2><span class=\"subtitle1\">1.5. Pliki cookie strony internetowej - <a data-udi=\"umb:\/\/document\/88878c0eb66e470fa58303395e43838e\" href=\"https:\/\/www.migatronic.com\/en\/privacy-policy\/cookies\/\" title=\"Cookies\" target=\"_blank\" rel=\"noopener\">Zobacz i zarz\u0105dzaj swoimi plikami cookie tutaj (link)<\/a><\/span><\/h2>\n<p>Informacje gromadzone za pomoc\u0105 plik\u00f3w cookie i innych technologii traktujemy jako dane nieosobowe. Jednak\u017ce, w zakresie, w jakim adresy Protoko\u0142u Internetowego (IP) lub podobne identyfikatory s\u0105 uwa\u017cane za dane osobowe przez prawo lokalne, traktujemy je r\u00f3wnie\u017c jako dane osobowe. Podobnie, w zakresie, w jakim informacje nieosobowe s\u0105 \u0142\u0105czone z danymi osobowymi, traktujemy takie \u0142\u0105czone informacje jako dane osobowe dla cel\u00f3w niniejszej Polityki Prywatno\u015bci.<\/p>\n<hr style=\"margin: 2rem 0rem; border: 1px solid #e8ebed;\" \/>\n<h2>2. Nasze podmioty zewn\u0119trzne przetwarzaj\u0105ce dane<\/h2>\n<p>Korzystamy z szeregu stron trzecich do przetwarzania danych osobowych w naszym imieniu. Te strony trzecie zosta\u0142y starannie wybrane i wszystkie s\u0105 zgodne z przepisami okre\u015blonymi w unijnym og\u00f3lnym rozporz\u0105dzeniu o ochronie danych 2018 (GDPR).<\/p>\n<ul>\n<li><a rel=\"noopener\" href=\"https:\/\/policies.google.com\/privacy?hl=en-GB\" target=\"_blank\">Google (Polityka prywatno\u015bci)<\/a><\/li>\n<li><a rel=\"noopener\" href=\"https:\/\/www.jcd.dk\/jcd-as\/privatlivsbeskyttelse\/\" target=\"_blank\" title=\"JCD A\/S\">JCD A\/S (Polityka prywatno\u015bci)<\/a><\/li>\n<li><a rel=\"noopener\" href=\"https:\/\/products.office.com\/en-us\/business\/office-365-trust-center-privacy\" target=\"_blank\">Microsoft Office 365 (O\u015bwiadczenie o ochronie prywatno\u015bci)<\/a><\/li>\n<li><a rel=\"noopener\" href=\"https:\/\/www.microsoft.com\/en-us\/trustcenter\/cloudservices\/dynamics365\" target=\"_blank\">Microsoft Dynamics 365 (Bezpiecze\u0144stwo i Zgodno\u015b\u0107)<\/a><\/li>\n<\/ul>\n<hr style=\"margin: 2rem 0rem; border: 1px solid #e8ebed;\" \/>\n<h2>3. Jak d\u0142ugo przechowujemy Twoje informacje<\/h2>\n<p>B\u0119dziemy przechowywa\u0107 Twoje dane osobowe przez okres niezb\u0119dny do realizacji cel\u00f3w okre\u015blonych na naszej stronie \"Zgoda\". Zawsze mo\u017cesz si\u0119 z nami skontaktowa\u0107, je\u015bli chcesz, aby Twoje dane osobowe zosta\u0142y \"usuni\u0119te\" z naszych baz danych (patrz punkt 6). Odpowiemy bez zb\u0119dnej zw\u0142oki (a w ka\u017cdym razie w ci\u0105gu jednego miesi\u0105ca, cho\u0107 w trudnych przypadkach okres ten mo\u017ce zosta\u0107 przed\u0142u\u017cony).<\/p>\n<hr style=\"margin: 2rem 0rem; border: 1px solid #e8ebed;\" \/>\n<h2>4. Naruszenia danych<\/h2>\n<p>Ka\u017cde bezprawne naruszenie danych w bazie danych tej strony internetowej lub w bazie (bazach) danych naszych zewn\u0119trznych procesor\u00f3w danych zg\u0142osimy wszystkim odpowiednim osobom i w\u0142adzom w ci\u0105gu 72 godzin od naruszenia, je\u015bli oka\u017ce si\u0119, \u017ce dane osobowe przechowywane w spos\u00f3b umo\u017cliwiaj\u0105cy identyfikacj\u0119 zosta\u0142y skradzione.<\/p>\n<hr style=\"margin: 2rem 0rem; border: 1px solid #e8ebed;\" \/>\n<h2>5. Administrator danych<\/h2>\n<p>Administratorem danych na tej stronie jest: Svejsemaskinefabrikken Migatronic A\/S, o numerze firmy (CVR): 34485216, kt\u00f3rej siedzib\u0105 jest:<\/p>\n<p>Migatronic A\/S<br \/>Aggersundvej 33<br \/>9690 Fjerritslev<\/p>\n<p>Dania<br \/>Telefon: +45 96 500 600<br \/>Email: <a rel=\"noopener\" href=\"mailto:sales@migatronic.dk\" target=\"_blank\">sales@migatronic.dk<\/a><br \/>Strona internetowa: <a rel=\"noopener\" href=\"https:\/\/migatronic.com\" target=\"_blank\">www.migatronic.com<\/a><\/p>\n<hr style=\"margin: 2rem 0rem; border: 1px solid #e8ebed;\" \/>\n<h2>6. Prawo dost\u0119pu i prawo do bycia zapomnianym<\/h2>\n<p>Prosimy o kontakt z nami, je\u015bli chc\u0105 Pa\u0144stwo uzyska\u0107 dost\u0119p do swoich danych osobowych przechowywanych w naszych bazach danych lub je\u015bli chc\u0105 Pa\u0144stwo, aby Pa\u0144stwa dane osobowe zosta\u0142y \"usuni\u0119te\" z naszych baz danych. Odpowiemy bez zb\u0119dnej zw\u0142oki (a w ka\u017cdym razie w ci\u0105gu miesi\u0105ca od otrzymania Twojego \u017c\u0105dania, cho\u0107 w trudnych przypadkach termin ten mo\u017ce ulec wyd\u0142u\u017ceniu).<\/p>\n<hr style=\"margin: 2rem 0rem; border: 1px solid #e8ebed;\" \/>\n<h2>7. Pytania dotycz\u0105ce prywatno\u015bci<\/h2>\n<p>Je\u015bli masz jakiekolwiek pytania lub w\u0105tpliwo\u015bci dotycz\u0105ce Polityki Prywatno\u015bci lub przetwarzania danych, lub je\u015bli chcesz z\u0142o\u017cy\u0107 skarg\u0119 dotycz\u0105c\u0105 mo\u017cliwego naruszenia lokalnych przepis\u00f3w dotycz\u0105cych prywatno\u015bci, skontaktuj si\u0119 z nami:<\/p>\n<p>Po otrzymaniu pytania dotycz\u0105cego prywatno\u015bci lub pro\u015bby o dost\u0119p\/pobieranie danych, nasz specjalny zesp\u00f3\u0142 zajmuje si\u0119 rozwi\u0105zywaniem problem\u00f3w i stara si\u0119 zaj\u0105\u0107 konkretn\u0105 kwesti\u0105 lub zapytaniem, kt\u00f3re chc\u0105 Pa\u0144stwo zg\u0142osi\u0107. Je\u015bli sprawa ma charakter bardziej merytoryczny, mo\u017cemy poprosi\u0107 o wi\u0119cej informacji.<\/p>\n<p>[\/et_pb_text][\/et_pb_column][\/et_pb_row][\/et_pb_section]<\/p>","protected":false},"excerpt":{"rendered":"<p>Privacy Policy We are very delighted that you have shown interest in our enterprise. Data protection is of a particularly high priority for Migatronic A\/S. This Privacy Policy is meant to help you understand what data we collect, why we collect it and what we do with it. This is important, not only to ensure [&hellip;]<\/p>","protected":false},"author":1,"featured_media":0,"parent":0,"menu_order":6,"comment_status":"closed","ping_status":"open","template":"","meta":{"_et_pb_use_builder":"on","_et_pb_old_content":"<!-- wp:heading --><h2>Who we are<\/h2><!-- \/wp:heading --><!-- wp:paragraph --><p><strong class=\"privacy-policy-tutorial\">Suggested text: <\/strong>Our website address is: https:\/\/favourites.migatronic.com\/.<\/p><!-- \/wp:paragraph --><!-- wp:heading --><h2>Comments<\/h2><!-- \/wp:heading --><!-- wp:paragraph --><p><strong class=\"privacy-policy-tutorial\">Suggested text: <\/strong>When visitors leave comments on the site we collect the data shown in the comments form, and also the visitor&#8217;s IP address and browser user agent string to help spam detection.<\/p><!-- \/wp:paragraph --><!-- wp:paragraph --><p>An anonymized string created from your email address (also called a hash) may be provided to the Gravatar service to see if you are using it. The Gravatar service privacy policy is available here: https:\/\/automattic.com\/privacy\/. After approval of your comment, your profile picture is visible to the public in the context of your comment.<\/p><!-- \/wp:paragraph --><!-- wp:heading --><h2>Media<\/h2><!-- \/wp:heading --><!-- wp:paragraph --><p><strong class=\"privacy-policy-tutorial\">Suggested text: <\/strong>If you upload images to the website, you should avoid uploading images with embedded location data (EXIF GPS) included. Visitors to the website can download and extract any location data from images on the website.<\/p><!-- \/wp:paragraph --><!-- wp:heading --><h2>Cookies<\/h2><!-- \/wp:heading --><!-- wp:paragraph --><p><strong class=\"privacy-policy-tutorial\">Suggested text: <\/strong>If you leave a comment on our site you may opt-in to saving your name, email address and website in cookies. These are for your convenience so that you do not have to fill in your details again when you leave another comment. These cookies will last for one year.<\/p><!-- \/wp:paragraph --><!-- wp:paragraph --><p>If you visit our login page, we will set a temporary cookie to determine if your browser accepts cookies. This cookie contains no personal data and is discarded when you close your browser.<\/p><!-- \/wp:paragraph --><!-- wp:paragraph --><p>When you log in, we will also set up several cookies to save your login information and your screen display choices. Login cookies last for two days, and screen options cookies last for a year. If you select &quot;Remember Me&quot;, your login will persist for two weeks. If you log out of your account, the login cookies will be removed.<\/p><!-- \/wp:paragraph --><!-- wp:paragraph --><p>If you edit or publish an article, an additional cookie will be saved in your browser. This cookie includes no personal data and simply indicates the post ID of the article you just edited. It expires after 1 day.<\/p><!-- \/wp:paragraph --><!-- wp:heading --><h2>Embedded content from other websites<\/h2><!-- \/wp:heading --><!-- wp:paragraph --><p><strong class=\"privacy-policy-tutorial\">Suggested text: <\/strong>Articles on this site may include embedded content (e.g. videos, images, articles, etc.). Embedded content from other websites behaves in the exact same way as if the visitor has visited the other website.<\/p><!-- \/wp:paragraph --><!-- wp:paragraph --><p>These websites may collect data about you, use cookies, embed additional third-party tracking, and monitor your interaction with that embedded content, including tracking your interaction with the embedded content if you have an account and are logged in to that website.<\/p><!-- \/wp:paragraph --><!-- wp:heading --><h2>Who we share your data with<\/h2><!-- \/wp:heading --><!-- wp:paragraph --><p><strong class=\"privacy-policy-tutorial\">Suggested text: <\/strong>If you request a password reset, your IP address will be included in the reset email.<\/p><!-- \/wp:paragraph --><!-- wp:heading --><h2>How long we retain your data<\/h2><!-- \/wp:heading --><!-- wp:paragraph --><p><strong class=\"privacy-policy-tutorial\">Suggested text: <\/strong>If you leave a comment, the comment and its metadata are retained indefinitely. This is so we can recognize and approve any follow-up comments automatically instead of holding them in a moderation queue.<\/p><!-- \/wp:paragraph --><!-- wp:paragraph --><p>For users that register on our website (if any), we also store the personal information they provide in their user profile. All users can see, edit, or delete their personal information at any time (except they cannot change their username). Website administrators can also see and edit that information.<\/p><!-- \/wp:paragraph --><!-- wp:heading --><h2>What rights you have over your data<\/h2><!-- \/wp:heading --><!-- wp:paragraph --><p><strong class=\"privacy-policy-tutorial\">Suggested text: <\/strong>If you have an account on this site, or have left comments, you can request to receive an exported file of the personal data we hold about you, including any data you have provided to us. You can also request that we erase any personal data we hold about you. This does not include any data we are obliged to keep for administrative, legal, or security purposes.<\/p><!-- \/wp:paragraph --><!-- wp:heading --><h2>Where we send your data<\/h2><!-- \/wp:heading --><!-- wp:paragraph --><p><strong class=\"privacy-policy-tutorial\">Suggested text: <\/strong>Visitor comments may be checked through an automated spam detection service.<\/p><!-- \/wp:paragraph -->","_et_gb_content_width":"","footnotes":""},"class_list":["post-3","page","type-page","status-publish","hentry"],"_links":{"self":[{"href":"https:\/\/favourites.migatronic.com\/pl\/wp-json\/wp\/v2\/pages\/3","targetHints":{"allow":["GET"]}}],"collection":[{"href":"https:\/\/favourites.migatronic.com\/pl\/wp-json\/wp\/v2\/pages"}],"about":[{"href":"https:\/\/favourites.migatronic.com\/pl\/wp-json\/wp\/v2\/types\/page"}],"author":[{"embeddable":true,"href":"https:\/\/favourites.migatronic.com\/pl\/wp-json\/wp\/v2\/users\/1"}],"replies":[{"embeddable":true,"href":"https:\/\/favourites.migatronic.com\/pl\/wp-json\/wp\/v2\/comments?post=3"}],"version-history":[{"count":0,"href":"https:\/\/favourites.migatronic.com\/pl\/wp-json\/wp\/v2\/pages\/3\/revisions"}],"wp:attachment":[{"href":"https:\/\/favourites.migatronic.com\/pl\/wp-json\/wp\/v2\/media?parent=3"}],"curies":[{"name":"wp","href":"https:\/\/api.w.org\/{rel}","templated":true}]}}