{"id":17,"date":"2021-05-20T06:59:10","date_gmt":"2021-05-20T04:59:10","guid":{"rendered":"https:\/\/favourites.migatronic.com\/\/?page_id=17"},"modified":"2022-12-15T15:36:27","modified_gmt":"2022-12-15T14:36:27","slug":"favourites","status":"publish","type":"page","link":"https:\/\/favourites.migatronic.com\/se\/","title":{"rendered":"Favourites"},"content":{"rendered":"<p>[et_pb_section fb_built=\"1\u2033 custom_padding_last_edited=\"on|phone\" module_id=\"favourite-hero\" _builder_version=\"4.16\u2033 _module_preset=\"default\" background_color=\"#E6F5E7\u2033 background_color_gradient_direction=\"0deg\" background_color_gradient_start=\"#f6f7f9\u2033 background_color_gradient_end=\"#e6f5e7\u2033 background_image=\"https:\/\/favourites.migatronic.com\/wp-content\/uploads\/2022\/02\/herofav.jpg\" min_height=\"900px\" min_height_tablet=\"\" min_height_phone=\"\" min_height_last_edited=\"on|desktop\" custom_margin=\"0px||0px||false|false\" custom_margin_tablet=\"0px||0px||false|false\" custom_margin_phone=\"0px||0px||false|false\" custom_margin_last_edited=\"on|tablet\" custom_padding=\"128px||128px||true|false\" custom_padding_tablet=\"128px||128px||true|false\" custom_padding_phone=\"0px||0px|true|false\" bottom_divider_height_tablet=\"60px\" bottom_divider_height_phone=\"0px\" bottom_divider_height_last_edited=\"on|tablet\" background_color_tablet=\"#0B261B\" background_last_edited=\"on|phone\" background_enable_color_tablet=\"on\" background_image_tablet=\"https:\/\/favourites.migatronic.com\/wp-content\/uploads\/2022\/02\/herofav.jpg\" background_image_phone=\"https:\/\/favourites.migatronic.com\/wp-content\/uploads\/2022\/02\/herofav.jpg\" background_enable_image_tablet=\"on\" background_enable_image_phone=\"on\" parallax_phone=\"off\" background_blend_phone=\"normal\" global_colors_info=\"{}\"][et_pb_row column_structure=\"3_5,2_5\u2033 custom_padding_last_edited=\"on|tablet\" _builder_version=\"4.16\u2033 _module_preset=\"default\" background_enable_color=\"off\" use_background_color_gradient=\"on\" background_color_gradient_direction=\"90deg\" background_color_gradient_stops=\"rgba(11,38,27,0.9) 50%|rgba(255,255,255,255,0) 100%\" background_color_gradient_start=\"rgba(11,38,27,0.9)\" background_color_gradient_start_position=\"50%\" background_color_gradient_end=\"rgba(255,255,255,255,0)\" width_tablet=\"90%\" width_phone=\"100%\" width_last_edited=\"on|phone\" custom_margin=\"||||false|false\" custom_padding=\"64px|64px|64px|64px|64px|true|true\" custom_padding_tablet=\"||||false|false\" custom_padding_phone=\"16px|32px|16px|32px|32px|true|true\" animation_direction=\"bottom\" background_last_edited=\"on|tablet\" use_background_color_gradient_tablet=\"on\" use_background_color_gradient_phone=\"on\" background_color_gradient_direction_tablet=\"180deg\" background_color_gradient_stops_tablet=\"rgba(11,38,27,0.95) 50%|rgba(11,38,27,0.72) 100%\u201d background_color_gradient_start_tablet=\u201drgba(11,38,27,0.95)\" background_color_gradient_start_position_tablet=\"50%\" background_color_gradient_end_tablet=\"rgba(11,38,27,0.72)\" background_color_gradient_end_phone=\"rgba(11,38,27,0.9)\" border_radii=\"on|8px|8px|8px|8px|8px\" border_radii_tablet=\"on|8px|8px|8px|8px|8px\" border_radii_phone=\"on|0px|0px|0px|0px|0px\" border_radii_last_edited=\"on|desktop\" global_colors_info=\"{}\"][et_pb_column type=\"3_5\u2033 _builder_version=\"4.16\u2033 _module_preset=\"default\" global_colors_info=\"{}\"][et_pb_text _builder_version=\"4.16\u2033 _module_preset=\"default\" text_font=\"||||||||\" text_text_color=\"#E6F5E7\u2033 text_font_size=\"24px\" header_font=\"|600|||||||\" header_text_align=\"left\" header_text_color=\"#A9D3AB\" header_font_size=\"56px\" header_line_height=\"1.1em\" header_3_font=\"||||||||\" header_3_text_align=\"left\" header_3_font_size=\"32px\" header_3_line_height=\"1.3em\" custom_padding=\"||||false|false\" custom_padding_tablet=\"\" custom_padding_phone=\"10%||||false|false\" custom_padding_last_edited=\"on|phone\" text_font_size_tablet=\"22px\" text_font_size_phone=\"20px\" text_font_size_last_edited=\"on|phone\" header_text_align_tablet=\"left\" header_text_align_phone=\"left\" header_text_align_last_edited=\"on|tablet\" header_font_size_tablet=\"56px\" header_font_size_phone=\"36px\" header_font_size_last_edited=\"on|phone\" header_line_height_tablet=\"1em\" header_line_height_phone=\"\" header_line_height_last_edited=\"on|tablet\" header_3_font_tablet=\"||||||||\" header_3_font_phone=\"\" header_3_font_last_edited=\"on|desktop\" header_3_text_align_tablet=\"left\" header_3_text_align_phone=\"center\" header_3_text_align_last_edited=\"on|desktop\" header_3_font_size_tablet=\"27px\" header_3_font_size_phone=\"20px\" header_3_font_size_last_edited=\"on|desktop\" custom_css_main_element=\"font-familj: nya-haas-grotesk-text, sans-serif;\" global_colors_info=\"{}\"]<\/p>\n<h1>Hitta din Favourite<\/h1>\n<p><span>Favourite \u00e4r v\u00e5ra kunders favoritkonfigurationer av v\u00e5ra b\u00e4sta svetsmaskiner f\u00f6r alla typer av jobb. De k\u00e4nnetecknas av h\u00f6g tillf\u00f6rlitlighet, snabb tillg\u00e4nglighet och ett bra pris.<\/span><\/p>\n<p>Oavsett vad du svetsar finns det en Favourite f\u00f6r dig.<\/p>\n<p>[\/et_pb_text][et_pb_button button_url=\"@ET-DC@eyJkeW5hbWljIjp0cnVlLCJjb250ZW50IjoicG9zdF9saW5rX3VybF9wYWdlIiwic2V0dGluZ3MiOnsicG9zdF9pZCI6IjMwIn19@\" button_text=\"L\u00e5t oss hitta din Favourite\" button_alignment_tablet=\"left\" button_alignment_phone=\"left\" button_alignment_last_edited=\"on|phone\" module_id=\"#lets-find-you-a-favourite\" module_class=\".fav-button\" _builder_version=\"4.16\u2033 _dynamic_attributes=\"button_url\" _module_preset=\"default\" button_text_size=\"18px\" button_text_color=\"#08442B\" button_bg_color=\"#a9d3ab\" button_bg_color_gradient_direction=\"90deg\" button_bg_color_gradient_stops=\"#e6f5e7 0%|#e6f5e7 100%\" button_bg_color_gradient_start=\"#e6f5e7\u2033 button_bg_color_gradient_end=\"#e6f5e7\u2033 button_border_radius=\"4px\" button_letter_spacing=\"0px\" button_font=\"||||||||\" custom_padding=\"12px|42px|12px|42px|true|true\" custom_padding_tablet=\"10px|30px|10px|30px|true|true\" custom_padding_phone=\"10px|36px|10px|36px|true|true\" custom_padding_last_edited=\"on|phone\" button_text_size_tablet=\"19px\" button_text_size_phone=\"\" button_text_size_last_edited=\"on|phone\" box_shadow_style=\"none\" global_colors_info=\"{}\" box_shadow_horizontal__hover_enabled=\"on|hover\" box_shadow_vertical__hover=\"24px\" box_shadow_vertical__hover_enabled=\"on|hover\" box_shadow_color__hover=\"rgba(171,224,184,0.64)\" box_shadow_color__hover_enabled=\"on|desktop\" custom_css_main_element_last_edited=\"on|tablet\"][\/et_pb_button][\/et_pb_column][et_pb_column type=\"2_5\u2033 _builder_version=\"4.16\u2033 _module_preset=\"default\" global_colors_info=\"{}\"][\/et_pb_column][\/et_pb_row][\/et_pb_section][et_pb_section fb_built=\"1\u2033 _builder_version=\"4.16\u2033 _module_preset=\"default\" max_width=\"1280px\" module_alignment=\"center\" custom_margin=\"-60px||128px||false|false|false\" custom_margin_tablet=\"0px||||false|false\" custom_margin_phone=\"0px||||false|false\" custom_margin_last_edited=\"on|desktop\" custom_css_main_element=\"box-shadow: rgba(0, 0, 0, 0, 0.045) 0px 2px 1px, rgba(0, 0, 0, 0, 0.045) 0px 4px 2px, rgba(0, 0, 0, 0, 0.045) 0px 8px 4px, rgba(0, 0, 0, 0, 0.045) 0px 16px 8px, rgba(0, 0, 0, 0, 0.045) 0px 32px 16px;\" border_radii=\"on|4px|4px|4px|4px|4px\" border_radii_tablet=\"on|0px|0px|0px|0px|0px\" border_radii_phone=\"on|0px|0px|0px|0px|0px\" border_radii_last_edited=\"on|desktop\" global_colors_info=\"{}\"][et_pb_row _builder_version=\"4.16\u2033 _module_preset=\"default\" global_colors_info=\"{}\"][et_pb_column type=\"4_4\u2033 _builder_version=\"4.16\u2033 _module_preset=\"default\" global_colors_info=\"{}\"][et_pb_text _builder_version=\"4.16\u2033 _module_preset=\"default\" header_2_font=\"|600|||||||\" global_colors_info=\"{}\"]<\/p>\n<h2 style=\"text-align: center;\">Bl\u00e4ddra bland alla Favourites<\/h2>\n<p>[\/et_pb_text][\/et_pb_column][\/et_pb_row][et_pb_row column_structure=\u201d1_5,1_5,1_5,1_5,1_5\u2033 use_custom_gutter=\u201don\u201d gutter_width=\u201d2\u2033 _builder_version=\u201d4.16\u2033 _module_preset=\"default\" width=\"90%\" global_colors_info=\"{}\"][et_pb_column type=\"1_5\u2033 _builder_version=\"4.16\u2033 _module_preset=\"default\" global_colors_info=\"{}\"][et_pb_blurb title=\"Sigma Select 400 C\" image=\"https:\/\/favourites.migatronic.com\/wp-content\/uploads\/2021\/05\/Product_SigmaSelectC.png\" _builder_version=\"4.17.4\u2033 _dynamic_attributes=\"link_option_url\" _module_preset=\"default\" header_font=\"|600|||||||\" header_text_align=\"center\" body_text_align=\"center\" body_text_color=\"rgba(0,0,0,0,0.6)\" body_font_size=\"14px\" use_background_color_gradient=\"on\" background_color_gradient_stops=\"#e4e5e7 0%|rgba(255,255,255,255,0) 100%\" background_color_gradient_start=\"#e4e5e7\u2033 background_color_gradient_end=\"rgba(255,255,255,0)\" transform_translate_linked=\"off\" link_option_url=\"@ET-DC@eyJkeW5hbWljIjp0cnVlLCJjb250ZW50IjoicG9zdF9saW5rX3VybF9wYWdlIiwic2V0dGluZ3MiOnsicG9zdF9pZCI6IjU5MzgifX0=@\" border_radii=\"on|4px|4px|4px|4px|4px\" global_colors_info=\"{}\" background__hover_enabled=\"on|hover\" background_color_gradient_start__hover=\"#e6f5e7\u2033 use_background_color_gradient__hover=\"on\" transform_styles__hover_enabled=\"on|hover\" transform_scale__hover_enabled=\"on|hover\" transform_translate__hover_enabled=\"on|hover\" transform_rotate__hover_enabled=\"on|desktop\" transform_skew__hover_enabled=\"on|desktop\" transform_origin__hover_enabled=\"on|desktop\" transform_translate__hover=\"0px|-5px\" background_color_gradient_stops__hover=\"#e6f5e7 1%|#a9d3ab 100%\"]<\/p>\n<p>MIG\/MAG<\/p>\n<p>[\/et_pb_blurb][et_pb_blurb title=&#8221;PI 250 DC&#8221; image=&#8221;https:\/\/favourites.migatronic.com\/wp-content\/uploads\/2021\/05\/Product_Pi-250-DC.png&#8221; _builder_version=&#8221;4.19.1&#8243; _dynamic_attributes=&#8221;link_option_url&#8221; _module_preset=&#8221;default&#8221; header_font=&#8221;|600|||||||&#8221; header_text_align=&#8221;center&#8221; body_text_align=&#8221;center&#8221; body_text_color=&#8221;rgba(0,0,0,0.6)&#8221; body_font_size=&#8221;14px&#8221; use_background_color_gradient=&#8221;on&#8221; background_color_gradient_stops=&#8221;#e4e5e7 0%|rgba(255,255,255,0) 100%&#8221; background_color_gradient_start=&#8221;#e4e5e7&#8243; background_color_gradient_end=&#8221;rgba(255,255,255,0)&#8221; transform_translate_linked=&#8221;off&#8221; link_option_url=&#8221;@ET-DC@eyJkeW5hbWljIjp0cnVlLCJjb250ZW50IjoicG9zdF9saW5rX3VybF9wYWdlIiwic2V0dGluZ3MiOnsicG9zdF9pZCI6IjU5NDgifX0=@&#8221; hover_enabled=&#8221;0&#8243; border_radii=&#8221;on|4px|4px|4px|4px&#8221; global_colors_info=&#8221;{}&#8221; background__hover_enabled=&#8221;on|desktop&#8221; background_color_gradient_start__hover=&#8221;#e6f5e7&#8243; use_background_color_gradient__hover=&#8221;on&#8221; transform_styles__hover_enabled=&#8221;on|hover&#8221; transform_scale__hover_enabled=&#8221;on|hover&#8221; transform_translate__hover=&#8221;0px|-5px&#8221; transform_translate__hover_enabled=&#8221;on|hover&#8221; transform_rotate__hover_enabled=&#8221;on|desktop&#8221; transform_skew__hover_enabled=&#8221;on|desktop&#8221; transform_origin__hover_enabled=&#8221;on|desktop&#8221; background_color_gradient_stops__hover=&#8221;#e6f5e7 1%|#a9d3ab 100%&#8221; sticky_enabled=&#8221;0&#8243;]<\/p>\n<p>TIG<\/p>\n<p>[\/et_pb_blurb][\/et_pb_column][et_pb_column type=\"1_5\u2033 _builder_version=\"4.16\u2033 _module_preset=\"default\" global_colors_info=\"{}\"][et_pb_blurb title=\"Sigma Select 400 S\" image=\"https:\/\/favourites.migatronic.com\/wp-content\/uploads\/2021\/05\/Product_SigmaSelectS.png\" _builder_version=\"4.17.4\u2033 _dynamic_attributes=\"link_option_url\" _module_preset=\"default\" header_font=\"|600|||||||\" header_text_align=\"center\" body_text_align=\"center\" body_text_color=\"rgba(0,0,0,0,0.6)\" body_font_size=\"14px\" use_background_color_gradient=\"on\" background_color_gradient_stops=\"#e4e5e7 0%|rgba(255,255,255,255,0) 100%\" background_color_gradient_start=\"#e4e5e7\u2033 background_color_gradient_end=\"rgba(255,255,255,0)\" transform_translate_linked=\"off\" link_option_url=\"@ET-DC@eyJkeW5hbWljIjp0cnVlLCJjb250ZW50IjoicG9zdF9saW5rX3VybF9wYWdlIiwic2V0dGluZ3MiOnsicG9zdF9pZCI6IjU5NDAifX0=@\" border_radii=\"on|4px|4px|4px|4px|4px|4px\" global_colors_info=\"{}\" background__hover_enabled=\"on|desktop\" background_color_gradient_start__hover=\"#e6f5e7\u2033 use_background_color_gradient__hover=\"on\" transform_styles__hover_enabled=\"on|hover\" transform_scale__hover_enabled=\"on|hover\" transform_translate__hover=\"0px|-5px\" transform_translate__hover_enabled=\"on|hover\" transform_rotate__hover_enabled=\"on|desktop\" transform_skew__hover_enabled=\"on|desktop\" transform_origin__hover_enabled=\"on|desktop\" background_color_gradient_stops__hover=\"#e6f5e7 1%|#a9d3ab 100%\"]<\/p>\n<p>MIG\/MAG<\/p>\n<p>[\/et_pb_blurb][et_pb_blurb title=\"Focus TIG 200 AC\/DC\" image=\"https:\/\/favourites.migatronic.com\/wp-content\/uploads\/2021\/06\/product_focus-tig-200-acdc.png\" _builder_version=\"4.16\u2033 _dynamic_attributes=\"link_option_url\" _module_preset=\"default\" header_font=\"|600|||||||\" header_text_align=\"center\" body_text_align=\"center\" body_text_color=\"rgba(0,0,0,0,0.6)\" body_font_size=\"14px\" use_background_color_gradient=\"on\" background_color_gradient_stops=\"#e4e5e7 0%|rgba(255,255,255,255,0) 100%\" background_color_gradient_start=\"#e4e5e7\u2033 background_color_gradient_end=\"rgba(255,255,255,0)\" transform_translate_linked=\"off\" link_option_url=\"@ET-DC@eyJkeW5hbWljIjp0cnVlLCJjb250ZW50IjoicG9zdF9saW5rX3VybF9wYWdlIiwic2V0dGluZ3MiOnsicG9zdF9pZCI6IjU5NTAifX0=@\" border_radii=\"on|4px|4px|4px|4px|4px|4px\" global_colors_info=\"{}\" background__hover_enabled=\"on|desktop\" background_color_gradient_start__hover=\"#e6f5e7\u2033 use_background_color_gradient__hover=\"on\" transform_styles__hover_enabled=\"on|hover\" transform_scale__hover_enabled=\"on|hover\" transform_translate__hover=\"0px|-5px\" transform_translate__hover_enabled=\"on|hover\" transform_rotate__hover_enabled=\"on|desktop\" transform_skew__hover_enabled=\"on|desktop\" transform_origin__hover_enabled=\"on|desktop\" background_color_gradient_stops__hover=\"#e6f5e7 1%|#a9d3ab 100%\"]<\/p>\n<p>TIG<\/p>\n<p>[\/et_pb_blurb][\/et_pb_column][et_pb_column type=\"1_5\u2033 _builder_version=\"4.16\u2033 _module_preset=\"default\" global_colors_info=\"{}\"][et_pb_blurb title=\"Sigma One 400 S\" image=\"https:\/\/favourites.migatronic.com\/wp-content\/uploads\/2021\/05\/product_Sigma-one.png\" _builder_version=\"4.16\u2033 _dynamic_attributes=\"link_option_url\" _module_preset=\"default\" header_font=\"|600|||||||\" header_text_align=\"center\" body_text_align=\"center\" body_text_color=\"rgba(0,0,0,0,0.6)\" body_font_size=\"14px\" use_background_color_gradient=\"on\" background_color_gradient_stops=\"#e4e5e7 0%|rgba(255,255,255,255,0) 100%\" background_color_gradient_start=\"#e4e5e7\u2033 background_color_gradient_end=\"rgba(255,255,255,0)\" transform_translate_linked=\"off\" link_option_url=\"@ET-DC@eyJkeW5hbWljIjp0cnVlLCJjb250ZW50IjoicG9zdF9saW5rX3VybF9wYWdlIiwic2V0dGluZ3MiOnsicG9zdF9pZCI6IjU5NDIifX0=@\" border_radii=\"on|4px|4px|4px|4px|4px|4px\" global_colors_info=\"{}\" background__hover_enabled=\"on|desktop\" background_color_gradient_start__hover=\"#e6f5e7\u2033 use_background_color_gradient__hover=\"on\" transform_styles__hover_enabled=\"on|hover\" transform_scale__hover_enabled=\"on|hover\" transform_translate__hover=\"0px|-5px\" transform_translate__hover_enabled=\"on|hover\" transform_rotate__hover_enabled=\"on|desktop\" transform_skew__hover_enabled=\"on|desktop\" transform_origin__hover_enabled=\"on|desktop\" background_color_gradient_stops__hover=\"#e6f5e7 1%|#a9d3ab 100%\"]<\/p>\n<p>MIG\/MAG<\/p>\n<p>[\/et_pb_blurb][et_pb_blurb title=\"Focus TIG 161 DC HP\" image=\"https:\/\/favourites.migatronic.com\/wp-content\/uploads\/2021\/05\/product_Focus-tig-161-dc.png\" _builder_version=\"4.16\u2033 _dynamic_attributes=\"link_option_url\" _module_preset=\"default\" header_font=\"|600|||||||\" header_text_align=\"center\" body_text_align=\"center\" body_text_color=\"rgba(0,0,0,0,0.6)\" body_font_size=\"14px\" use_background_color_gradient=\"on\" background_color_gradient_stops=\"#e4e5e7 0%|rgba(255,255,255,255,0) 100%\" background_color_gradient_start=\"#e4e5e7\u2033 background_color_gradient_end=\"rgba(255,255,255,0)\" transform_translate_linked=\"off\" link_option_url=\"@ET-DC@eyJkeW5hbWljIjp0cnVlLCJjb250ZW50IjoicG9zdF9saW5rX3VybF9wYWdlIiwic2V0dGluZ3MiOnsicG9zdF9pZCI6IjU5NTIifX0=@\" border_radii=\"on|4px|4px|4px|4px|4px|4px\" global_colors_info=\"{}\" background__hover_enabled=\"on|desktop\" background_color_gradient_start__hover=\"#e6f5e7\u2033 use_background_color_gradient__hover=\"on\" transform_styles__hover_enabled=\"on|hover\" transform_scale__hover_enabled=\"on|hover\" transform_translate__hover=\"0px|-5px\" transform_translate__hover_enabled=\"on|hover\" transform_rotate__hover_enabled=\"on|desktop\" transform_skew__hover_enabled=\"on|desktop\" transform_origin__hover_enabled=\"on|desktop\" background_color_gradient_stops__hover=\"#e6f5e7 1%|#a9d3ab 100%\"]<\/p>\n<p>TIG<\/p>\n<p>[\/et_pb_blurb][\/et_pb_column][et_pb_column type=\"1_5\u2033 _builder_version=\"4.16\u2033 _module_preset=\"default\" global_colors_info=\"{}\"][et_pb_blurb title=\"Omega Yard 300\u2033 image=\"https:\/\/favourites.migatronic.com\/wp-content\/uploads\/2021\/05\/omega-yard-300-1.png\" _builder_version=\"4.16\u2033 _dynamic_attributes=\"link_option_url\" _module_preset=\"default\" header_font=\"|600|||||||\" header_text_align=\"center\" body_text_align=\"center\" body_text_color=\"rgba(0,0,0,0,0.6)\" body_font_size=\"14px\" use_background_color_gradient=\"on\" background_color_gradient_stops=\"#e4e5e7 0%|rgba(255,255,255,255,0) 100%\" background_color_gradient_start=\"#e4e5e7\u2033 background_color_gradient_end=\"rgba(255,255,255,0)\" transform_translate_linked=\"off\" link_option_url=\"@ET-DC@eyJkeW5hbWljIjp0cnVlLCJjb250ZW50IjoicG9zdF9saW5rX3VybF9wYWdlIiwic2V0dGluZ3MiOnsicG9zdF9pZCI6IjU5NDQifX0=@\" border_radii=\"on|4px|4px|4px|4px|4px|4px\" global_colors_info=\"{}\" background__hover_enabled=\"on|desktop\" background_color_gradient_start__hover=\"#e6f5e7\u2033 use_background_color_gradient__hover=\"on\" transform_styles__hover_enabled=\"on|hover\" transform_scale__hover_enabled=\"on|hover\" transform_translate__hover=\"0px|-5px\" transform_translate__hover_enabled=\"on|hover\" transform_rotate__hover_enabled=\"on|desktop\" transform_skew__hover_enabled=\"on|desktop\" transform_origin__hover_enabled=\"on|desktop\" background_color_gradient_stops__hover=\"#e6f5e7 1%|#a9d3ab 100%\"]<\/p>\n<p>MIG\/MAG<\/p>\n<p>[\/et_pb_blurb][et_pb_blurb title=\"Focus Stick 161E\" image=\"https:\/\/favourites.migatronic.com\/wp-content\/uploads\/2021\/06\/Product_Focus-Stick.png\" _builder_version=\"4.16\u2033 _dynamic_attributes=\"link_option_url\" _module_preset=\"default\" header_font=\"|600|||||||\" header_text_align=\"center\" body_text_align=\"center\" body_text_color=\"rgba(0,0,0,0,0.6)\" body_font_size=\"14px\" use_background_color_gradient=\"on\" background_color_gradient_stops=\"#e4e5e7 0%|rgba(255,255,255,255,0) 100%\" background_color_gradient_start=\"#e4e5e7\u2033 background_color_gradient_end=\"rgba(255,255,255,0)\" transform_translate_linked=\"off\" link_option_url=\"@ET-DC@eyJkeW5hbWljIjp0cnVlLCJjb250ZW50IjoicG9zdF9saW5rX3VybF9wYWdlIiwic2V0dGluZ3MiOnsicG9zdF9pZCI6IjU5NTQifX0=@\" border_radii=\"on|4px|4px|4px|4px|4px|4px\" global_colors_info=\"{}\" background__hover_enabled=\"on|desktop\" background_color_gradient_start__hover=\"#e6f5e7\u2033 use_background_color_gradient__hover=\"on\" transform_styles__hover_enabled=\"on|hover\" transform_scale__hover_enabled=\"on|hover\" transform_translate__hover=\"0px|-5px\" transform_translate__hover_enabled=\"on|hover\" transform_rotate__hover_enabled=\"on|desktop\" transform_skew__hover_enabled=\"on|desktop\" transform_origin__hover_enabled=\"on|desktop\" background_color_gradient_stops__hover=\"#e6f5e7 1%|#a9d3ab 100%\"]<\/p>\n<p>MMA<\/p>\n<p>[\/et_pb_blurb][\/et_pb_column][et_pb_column type=&#8221;1_5&#8243; _builder_version=&#8221;4.16&#8243; _module_preset=&#8221;default&#8221; global_colors_info=&#8221;{}&#8221;][et_pb_blurb title=&#8221;PI 350 AC\/DC&#8221; image=&#8221;https:\/\/favourites.migatronic.com\/wp-content\/uploads\/2021\/05\/Product_Pi-350-ac-dc.png&#8221; _builder_version=&#8221;4.19.1&#8243; _dynamic_attributes=&#8221;link_option_url&#8221; _module_preset=&#8221;default&#8221; header_font=&#8221;|600|||||||&#8221; header_text_align=&#8221;center&#8221; body_text_align=&#8221;center&#8221; body_text_color=&#8221;rgba(0,0,0,0.6)&#8221; body_font_size=&#8221;14px&#8221; use_background_color_gradient=&#8221;on&#8221; background_color_gradient_stops=&#8221;#e4e5e7 0%|rgba(255,255,255,0) 100%&#8221; background_color_gradient_start=&#8221;#e4e5e7&#8243; background_color_gradient_end=&#8221;rgba(255,255,255,0)&#8221; transform_translate_linked=&#8221;off&#8221; link_option_url=&#8221;@ET-DC@eyJkeW5hbWljIjp0cnVlLCJjb250ZW50IjoicG9zdF9saW5rX3VybF9wYWdlIiwic2V0dGluZ3MiOnsicG9zdF9pZCI6IjU5NDYifX0=@&#8221; hover_enabled=&#8221;0&#8243; border_radii=&#8221;on|4px|4px|4px|4px&#8221; global_colors_info=&#8221;{}&#8221; background__hover_enabled=&#8221;on|desktop&#8221; background_color_gradient_start__hover=&#8221;#e6f5e7&#8243; use_background_color_gradient__hover=&#8221;on&#8221; transform_styles__hover_enabled=&#8221;on|hover&#8221; transform_scale__hover_enabled=&#8221;on|hover&#8221; transform_translate__hover=&#8221;0px|-5px&#8221; transform_translate__hover_enabled=&#8221;on|hover&#8221; transform_rotate__hover_enabled=&#8221;on|desktop&#8221; transform_skew__hover_enabled=&#8221;on|desktop&#8221; transform_origin__hover_enabled=&#8221;on|desktop&#8221; background_color_gradient_stops__hover=&#8221;#e6f5e7 1%|#a9d3ab 100%&#8221; sticky_enabled=&#8221;0&#8243;]<\/p>\n<p>TIG<\/p>\n<p>[\/et_pb_blurb][et_pb_blurb title=\"RallyMIG 161i\" image=\"https:\/\/favourites.migatronic.com\/wp-content\/uploads\/2021\/05\/Product_RallyMig.png\" _builder_version=\"4.16\u2033 _dynamic_attributes=\"link_option_url\" _module_preset=\"default\" header_font=\"|600|||||||\" header_text_align=\"center\" body_text_align=\"center\" body_text_color=\"rgba(0,0,0,0,0.6)\" body_font_size=\"14px\" use_background_color_gradient=\"on\" background_color_gradient_stops=\"#e4e5e7 0%|rgba(255,255,255,255,0) 100%\" background_color_gradient_start=\"#e4e5e7\u2033 background_color_gradient_end=\"rgba(255,255,255,0)\" transform_translate_linked=\"off\" link_option_url=\"@ET-DC@eyJkeW5hbWljIjp0cnVlLCJjb250ZW50IjoicG9zdF9saW5rX3VybF9wYWdlIiwic2V0dGluZ3MiOnsicG9zdF9pZCI6IjU5NTYifX0=@\" border_radii=\"on|4px|4px|4px|4px|4px|4px\" global_colors_info=\"{}\" background__hover_enabled=\"on|desktop\" background_color_gradient_start__hover=\"#e6f5e7\u2033 use_background_color_gradient__hover=\"on\" transform_styles__hover_enabled=\"on|hover\" transform_scale__hover_enabled=\"on|hover\" transform_translate__hover=\"0px|-5px\" transform_translate__hover_enabled=\"on|hover\" transform_rotate__hover_enabled=\"on|desktop\" transform_skew__hover_enabled=\"on|desktop\" transform_origin__hover_enabled=\"on|desktop\" background_color_gradient_stops__hover=\"#e6f5e7 1%|#a9d3ab 100%\"]<\/p>\n<p>MIG\/MAG \/ TIG \/ MMA<\/p>\n<p>[\/et_pb_blurb][\/et_pb_column][\/et_pb_row][\/et_pb_section]<\/p>","protected":false},"excerpt":{"rendered":"<p>Hitta din Favourite Favourites \u00e4r v\u00e5ra kunders favoritkonfigurationer av v\u00e5ra b\u00e4sta svetsmaskiner f\u00f6r alla typer av jobb. De k\u00e4nnetecknas av h\u00f6g tillf\u00f6rlitlighet, snabb tillg\u00e4nglighet och ett bra pris. Oavsett vad du svetsar finns det en Favourite f\u00f6r dig.Bl\u00e4ddra bland alla FavouritesMIG\/MAGTIGMIG\/MAGTIGMIG\/MAGTIGMIG\/MAGTIGMIG\/MAGMMATIGMIG\/MAG \/ TIG \/ MMA<\/p>","protected":false},"author":1,"featured_media":0,"parent":0,"menu_order":0,"comment_status":"closed","ping_status":"closed","template":"","meta":{"_et_pb_use_builder":"on","_et_pb_old_content":"","_et_gb_content_width":"","footnotes":""},"class_list":["post-17","page","type-page","status-publish","hentry"],"_links":{"self":[{"href":"https:\/\/favourites.migatronic.com\/se\/wp-json\/wp\/v2\/pages\/17","targetHints":{"allow":["GET"]}}],"collection":[{"href":"https:\/\/favourites.migatronic.com\/se\/wp-json\/wp\/v2\/pages"}],"about":[{"href":"https:\/\/favourites.migatronic.com\/se\/wp-json\/wp\/v2\/types\/page"}],"author":[{"embeddable":true,"href":"https:\/\/favourites.migatronic.com\/se\/wp-json\/wp\/v2\/users\/1"}],"replies":[{"embeddable":true,"href":"https:\/\/favourites.migatronic.com\/se\/wp-json\/wp\/v2\/comments?post=17"}],"version-history":[{"count":21,"href":"https:\/\/favourites.migatronic.com\/se\/wp-json\/wp\/v2\/pages\/17\/revisions"}],"predecessor-version":[{"id":6609,"href":"https:\/\/favourites.migatronic.com\/se\/wp-json\/wp\/v2\/pages\/17\/revisions\/6609"}],"wp:attachment":[{"href":"https:\/\/favourites.migatronic.com\/se\/wp-json\/wp\/v2\/media?parent=17"}],"curies":[{"name":"wp","href":"https:\/\/api.w.org\/{rel}","templated":true}]}}