{"id":3,"date":"2021-05-20T06:23:27","date_gmt":"2021-05-20T06:23:27","guid":{"rendered":"https:\/\/favourites.migatronic.com\/\/?page_id=3"},"modified":"2021-08-13T10:34:30","modified_gmt":"2021-08-13T08:34:30","slug":"privacy-policy","status":"publish","type":"page","link":"https:\/\/favourites.migatronic.com\/se\/privacy-policy\/","title":{"rendered":"Integritetspolicy"},"content":{"rendered":"<p>[et_pb_section fb_built=&#8221;1&#8243; next_background_color=&#8221;#ffffff&#8221; admin_label=&#8221;section&#8221; _builder_version=&#8221;4.9.4&#8243; background_image=&#8221;https:\/\/favourites.migatronic.com\/\/wp-content\/uploads\/2021\/06\/background_darker.jpg&#8221; min_height=&#8221;500px&#8221; min_height_tablet=&#8221;300px&#8221; min_height_phone=&#8221;280px&#8221; min_height_last_edited=&#8221;on|tablet&#8221; custom_margin=&#8221;||||false|false&#8221; bottom_divider_style=&#8221;waves2&#8243; bottom_divider_repeat=&#8221;1x&#8221; bottom_divider_style_tablet=&#8221;waves2&#8243; bottom_divider_style_phone=&#8221;none&#8221; bottom_divider_style_last_edited=&#8221;on|phone&#8221; global_colors_info=&#8221;{}&#8221;][\/et_pb_section][et_pb_section fb_built=&#8221;1&#8243; _builder_version=&#8221;4.9.4&#8243; _module_preset=&#8221;default&#8221; use_background_color_gradient=&#8221;on&#8221; background_color_gradient_start=&#8221;#f2f3f4&#8243; background_color_gradient_end=&#8221;#ffffff&#8221; background_color_gradient_direction=&#8221;1deg&#8221; custom_padding=&#8221;||130px||false|false&#8221; global_colors_info=&#8221;{}&#8221;][et_pb_row _builder_version=&#8221;4.9.10&#8243; _module_preset=&#8221;default&#8221; global_colors_info=&#8221;{%22gcid-dd211686-4416-4bfc-8c9c-149ca2277c42%22:%91%93}&#8221;][et_pb_column type=&#8221;4_4&#8243; _builder_version=&#8221;4.9.10&#8243; _module_preset=&#8221;default&#8221; global_colors_info=&#8221;{}&#8221;][et_pb_text _builder_version=&#8221;4.9.11&#8243; _module_preset=&#8221;default&#8221; text_font=&#8221;||||||||&#8221; text_text_color=&#8221;#16171A&#8221; text_font_size=&#8221;18px&#8221; text_line_height=&#8221;1.5em&#8221; header_font=&#8221;|600|||||||&#8221; header_text_color=&#8221;#08442B&#8221; header_font_size=&#8221;50px&#8221; header_line_height=&#8221;1.2em&#8221; header_2_font=&#8221;|600|||||||&#8221; header_2_text_color=&#8221;#16171A&#8221; background_color=&#8221;#ffffff&#8221; background_blend=&#8221;overlay&#8221; width=&#8221;100%&#8221; width_tablet=&#8221;100%&#8221; width_phone=&#8221;&#8221; width_last_edited=&#8221;on|phone&#8221; module_alignment=&#8221;center&#8221; custom_margin=&#8221;-437px||||false|false&#8221; custom_margin_tablet=&#8221;-200px||||false|false&#8221; custom_margin_phone=&#8221;-190px||||false|false&#8221; custom_margin_last_edited=&#8221;on|phone&#8221; custom_padding=&#8221;80px|80px|150px|80px|false|true&#8221; custom_padding_tablet=&#8221;63px|70px|80px|70px|false|true&#8221; custom_padding_phone=&#8221;40px|25px||25px|false|true&#8221; custom_padding_last_edited=&#8221;on|tablet&#8221; animation_style=&#8221;slide&#8221; animation_direction=&#8221;bottom&#8221; animation_intensity_slide=&#8221;5%&#8221; animation_starting_opacity=&#8221;50%&#8221; hover_enabled=&#8221;0&#8243; text_font_size_tablet=&#8221;20px&#8221; text_font_size_phone=&#8221;16px&#8221; text_font_size_last_edited=&#8221;on|phone&#8221; header_font_size_tablet=&#8221;&#8221; header_font_size_phone=&#8221;32px&#8221; header_font_size_last_edited=&#8221;on|phone&#8221; border_radii=&#8221;on|15px|15px|15px|15px&#8221; box_shadow_style=&#8221;preset3&#8243; box_shadow_color=&#8221;rgba(8,68,43,0.38)&#8221; global_colors_info=&#8221;{%22gcid-dd211686-4416-4bfc-8c9c-149ca2277c42%22:%91%93}&#8221; background_enable_image=&#8221;off&#8221; sticky_enabled=&#8221;0&#8243;]<\/p>\n<h1>Integritetspolicy<\/h1>\n<p style=\"color: rgba(0, 0, 0, 0.67);\"><span class=\"display-text body1\">Vi \u00e4r mycket glada \u00f6ver att du har visat intresse f\u00f6r v\u00e5rt f\u00f6retag. Dataskyddet \u00e4r s\u00e4rskilt viktigt f\u00f6r oss.<\/span><span class=\"display-text body1\">gh prioritet f\u00f6r Migatronic A\/S. Denna sekretesspolicy \u00e4r avsedd att hj\u00e4lpa dig att f\u00f6rst\u00e5 vilka uppgifter vi samlar in, varf\u00f6r vi samlar in dem och vad vi g\u00f6r med dem. Detta \u00e4r viktigt, inte bara f\u00f6r att garantera s\u00e4kerheten f\u00f6r dina personuppgifter, utan ocks\u00e5 f\u00f6r att s\u00e4kerst\u00e4lla att Migatronic A\/S f\u00f6ljer den allm\u00e4nna dataskyddsf\u00f6rordningen (GDPR) som kommer att till\u00e4mpas fr\u00e5n och med den 25 maj 2018.<\/span><span style=\"font-family: Roboto, sans-serif; font-size: 1.2rem;\"><br \/><\/span><\/p>\n<p style=\"color: rgba(0, 0, 0, 0.67);\"><span class=\"display-text body1\"><\/span><\/p>\n<p style=\"color: rgba(0, 0, 0, 0.67);\"><span class=\"display-text body1\"><\/span><\/p>\n<h2><span class=\"subtitle1\">Vad \u00e4r den allm\u00e4nna dataskyddsf\u00f6rordningen?<\/span><\/h2>\n<p>Juridiskt sett \u00e4r GDPR en EU-lag som syftar till att st\u00e4rka och f\u00f6renhetliga dataskyddsreglerna och r\u00e4ttigheterna till f\u00f6rm\u00e5n f\u00f6r EU-medborgarna. Med andra ord, att ge kontrollen \u00f6ver personuppgifter tillbaka till anv\u00e4ndaren. \u00c4ven om det \u00e4r goda nyheter f\u00f6r enskilda personer inneb\u00e4r det komplexa problem f\u00f6r f\u00f6retag.<\/p>\n<p>De nya reglerna g\u00e4ller alla organisationer (oavsett storlek) som tillhandah\u00e5ller varor och tj\u00e4nster till EU eller som anv\u00e4nder sp\u00e5rningsteknik (som cookies eller pixlar) f\u00f6r att \u00f6vervaka EU-anv\u00e4ndares beteende.<\/p>\n<p>Lagen \u00e4r enkel i teorin, men den \u00e4r komplex och kr\u00e4ver en omfattande f\u00f6rst\u00e5else f\u00f6r vilka uppgifter du samlar in, om de \u00e4r personliga eller inte, hur du lagrar och anv\u00e4nder dem och hur du exponerar eller tar bort uppgifter p\u00e5 beg\u00e4ran. F\u00f6r att g\u00f6ra detta m\u00e5ste du titta p\u00e5 varje enskild process och programkodlinje f\u00f6r att beskriva dina dataprocesser.<\/p>\n<p>I de flesta fall kommer din datainsamling att kr\u00e4va giltigt samtycke efter den 25 maj - inte bara f\u00f6r framtiden, utan \u00e4ven fr\u00e5n alla dina befintliga anv\u00e4ndare. Enligt GDPR kan samtycke inte vara underf\u00f6rst\u00e5tt eller h\u00e4rledas fr\u00e5n n\u00e5gons handlingar. I st\u00e4llet m\u00e5ste ett giltigt samtycke vara specifikt f\u00f6r de uppgifter som samlas in, genom en bekr\u00e4ftande handling som \u00e4r otvetydig.<\/p>\n<p>&nbsp;<\/p>\n<h2>1. Personlig information - Vad vi samlar in och varf\u00f6r<\/h2>\n<p>Vi erbjuder vissa funktioner, tj\u00e4nster, applikationer och verktyg p\u00e5 webbplatsen som endast \u00e4r tillg\u00e4ngliga genom anv\u00e4ndning av f\u00f6ljande sp\u00e5rningstekniker. Det st\u00e5r dig alltid fritt att blockera, radera eller inaktivera dessa tekniker om din webbl\u00e4sare, installerade applikation eller enhet till\u00e5ter det. Men om du avvisar cookies eller annan liknande teknik kan det h\u00e4nda att du inte kan dra nytta av vissa funktioner, tj\u00e4nster, till\u00e4mpningar eller verktyg p\u00e5 webbplatsen.<\/p>\n<p>Generellt sett g\u00f6r dessa tekniker det m\u00f6jligt f\u00f6r v\u00e5ra webbplatser, tj\u00e4nster, applikationer och verktyg att lagra relevant information i din webbl\u00e4sare eller enhet och senare l\u00e4sa den informationen f\u00f6r att identifiera dig p\u00e5 v\u00e5ra servrar eller interna system. I till\u00e4mpliga fall skyddar vi v\u00e5ra cookies och annan liknande teknik f\u00f6r att se till att endast vi och\/eller v\u00e5ra auktoriserade tj\u00e4nsteleverant\u00f6rer kan tolka dem genom att tilldela dem en unik identifierare som \u00e4r utformad f\u00f6r att endast tolkas av oss.<\/p>\n<p>Denna webbplats samlar in och anv\u00e4nder personlig information av f\u00f6ljande sk\u00e4l:<\/p>\n<p>&nbsp;<\/p>\n<h2><span class=\"subtitle1\">1.1. Google Analytics<\/span><\/h2>\n<p>Liksom de flesta webbplatser anv\u00e4nder den h\u00e4r webbplatsen Google Analytics (GA) f\u00f6r att sp\u00e5ra anv\u00e4ndarnas interaktion. Vi anv\u00e4nder dessa uppgifter f\u00f6r att fastst\u00e4lla antalet personer som anv\u00e4nder v\u00e5r webbplats, f\u00f6r att b\u00e4ttre f\u00f6rst\u00e5 hur de hittar och anv\u00e4nder v\u00e5ra webbsidor och f\u00f6r att se deras resa genom webbplatsen.<\/p>\n<p>\u00c4ven om GA registrerar uppgifter om t.ex. din geografiska plats, enhet, webbl\u00e4sare och operativsystem \u00e4r det ingen av dessa uppgifter som identifierar dig personligen f\u00f6r oss. GA registrerar ocks\u00e5 din dators IP-adress som kan anv\u00e4ndas f\u00f6r att identifiera dig personligen, men Google ger oss inte tillg\u00e5ng till denna. Vi anser att Google \u00e4r ett tredjepartsdatabehandlare (se avsnitt 2 nedan).<\/p>\n<p>GA anv\u00e4nder sig av cookies, som du hittar mer information om p\u00e5 f\u00f6ljande webbplats <a rel=\"noopener\" href=\"https:\/\/developers.google.com\/analytics\/devguides\/collection\/analyticsjs\/cookie-usage\" target=\"_blank\">Googles guider f\u00f6r utvecklare<\/a>.<\/p>\n<p>Om du inaktiverar cookies i din webbl\u00e4sare kan GA inte sp\u00e5ra n\u00e5gon del av ditt bes\u00f6k p\u00e5 sidorna p\u00e5 denna webbplats.<\/p>\n<p>L\u00e4s mer om <a rel=\"noopener\" href=\"https:\/\/www.google.com\/analytics\/\" target=\"_blank\">Google Analytics.<\/a><\/p>\n<p>&nbsp;<\/p>\n<h2><span class=\"subtitle1\">1.2. Google Tag Manager<\/span><\/h2>\n<p>Vi f\u00f6rs\u00f6ker st\u00e4ndigt f\u00f6rb\u00e4ttra kundupplevelsen p\u00e5 v\u00e5r webbplats genom att ge bes\u00f6karna mer personliga och riktade kampanjer och erbjudanden. F\u00f6r att g\u00f6ra detta anv\u00e4nder vi Google Tag Manager (GTM).<\/p>\n<p>GTM \u00e4r ett litet kodstycke som hj\u00e4lper oss att sp\u00e5ra anv\u00e4ndarnas beteende p\u00e5 v\u00e5ra webbplatser och skickar sedan uppgifterna till v\u00e5rt Google Analytics-konto. D\u00e5 \u00e4r all data perfekt organiserad och redo f\u00f6r oss att bed\u00f6ma och granska f\u00f6r potentiella f\u00f6rb\u00e4ttringar av webbplatsen och remarketingkampanjer.<\/p>\n<p>Vi anser att Google \u00e4r ett tredjepartsdatabehandlare (se avsnitt 2 nedan).<\/p>\n<p>L\u00e4s mer om <a rel=\"noopener\" href=\"https:\/\/www.google.com\/analytics\/tag-manager\/\" target=\"_blank\">Google Tag Manager.<\/a><\/p>\n<p>&nbsp;<\/p>\n<h2><span class=\"subtitle1\">1.3. Kontaktformul\u00e4r, anm\u00e4lningsformul\u00e4r, nedladdningsformul\u00e4r etc.<\/span><\/h2>\n<p>Om du v\u00e4ljer att kontakta oss genom att anv\u00e4nda t.ex. kontaktformul\u00e4ret\/anm\u00e4lningsformul\u00e4ret p\u00e5 v\u00e5ra sidor eller ladda ner inneh\u00e5ll fr\u00e5n v\u00e5r webbplats, kommer din information att lagras i v\u00e5r backend och sammanst\u00e4llas i ett e-postmeddelande som skickas till oss via <a rel=\"noopener\" href=\"https:\/\/en.wikipedia.org\/wiki\/Simple_Mail_Transfer_Protocol\" target=\"_blank\">Protokoll f\u00f6r enkel post\u00f6verf\u00f6ring (SMTP)<\/a>.<\/p>\n<p>&nbsp;<\/p>\n<h2><span class=\"subtitle1\">1.4. Nyhetsbrev via e-post<\/span><\/h2>\n<p>P\u00e5 Migatronic A\/S:s webbplats har anv\u00e4ndarna m\u00f6jlighet att prenumerera p\u00e5 v\u00e5rt f\u00f6retags nyhetsbrev. Ett bekr\u00e4ftelsemail kommer att skickas till den e-postadress som registrerats av en registrerad person f\u00f6r f\u00f6rsta g\u00e5ngen f\u00f6r utskick av nyhetsbrev, av juridiska sk\u00e4l i f\u00f6rfarandet med dubbel opt-in. Detta bekr\u00e4ftelse-e-postmeddelande anv\u00e4nds f\u00f6r att bevisa om \u00e4garen av e-postadressen som registrerad person \u00e4r beh\u00f6rig att ta emot nyhetsbrevet.<\/p>\n<p>De personuppgifter som samlas in i samband med registreringen f\u00f6r nyhetsbrevet kommer endast att anv\u00e4ndas f\u00f6r att skicka v\u00e5rt nyhetsbrev. Dessutom kan prenumeranter p\u00e5 nyhetsbrevet informeras via e-post, s\u00e5 l\u00e4nge detta \u00e4r n\u00f6dv\u00e4ndigt f\u00f6r att nyhetsbrevstj\u00e4nsten eller registreringen i fr\u00e5ga ska fungera, vilket kan vara fallet vid \u00e4ndringar av nyhetsbrevserbjudandet eller vid f\u00f6r\u00e4ndrade tekniska omst\u00e4ndigheter.<\/p>\n<p>Den registrerade kan n\u00e4r som helst s\u00e4ga upp prenumerationen p\u00e5 v\u00e5rt nyhetsbrev. Samtycket till lagring av personuppgifter som den registrerade har gett f\u00f6r att skicka nyhetsbrevet kan \u00e5terkallas n\u00e4r som helst. F\u00f6r \u00e5terkallande av samtycke finns en motsvarande l\u00e4nk i varje nyhetsbrev. Det \u00e4r ocks\u00e5 m\u00f6jligt att n\u00e4r som helst avregistrera sig fr\u00e5n nyhetsbrevet genom att kontakta oss.<\/p>\n<p>Nyhetsbrevet fr\u00e5n Migatronic A\/S inneh\u00e5ller s\u00e5 kallade sp\u00e5rningspixlar. En sp\u00e5rningspixel \u00e4r en miniatyrgrafik som \u00e4r inb\u00e4ddad i s\u00e5dana e-postmeddelanden, som skickas i HTML-format f\u00f6r att m\u00f6jligg\u00f6ra registrering och analys av loggfiler. Detta m\u00f6jligg\u00f6r en statistisk analys av hur framg\u00e5ngsrika eller misslyckade marknadsf\u00f6ringskampanjer online \u00e4r. P\u00e5 grundval av den inb\u00e4ddade sp\u00e5rningspixeln kan Migatronic A\/S se om och n\u00e4r ett e-postmeddelande \u00f6ppnades av en registrerad person och vilka l\u00e4nkar i e-postmeddelandet som de registrerade personerna anv\u00e4nde.<\/p>\n<p>S\u00e5dana personuppgifter som samlas in i de sp\u00e5rningspixlar som ing\u00e5r i nyhetsbreven lagras och analyseras av den personuppgiftsansvarige f\u00f6r att optimera utskicket av nyhetsbrevet och f\u00f6r att anpassa inneh\u00e5llet i framtida nyhetsbrev \u00e4nnu b\u00e4ttre till den registrerades intressen. Dessa personuppgifter l\u00e4mnas inte vidare till tredje part. De registrerade har n\u00e4r som helst r\u00e4tt att \u00e5terkalla respektive separat samtyckesf\u00f6rklaring som utf\u00e4rdats med hj\u00e4lp av dubbelopt-in-f\u00f6rfarandet. Efter en \u00e5terkallelse kommer dessa personuppgifter att raderas av den registeransvarige. Migatronic A\/S betraktar automatiskt ett \u00e5terkallande av mottagandet av nyhetsbrevet som en \u00e5terkallelse.<\/p>\n<p>&nbsp;<\/p>\n<h2><span class=\"subtitle1\">1.5. Webbplatscookies - <a data-udi=\"umb:\/\/document\/88878c0eb66e470fa58303395e43838e\" href=\"https:\/\/www.migatronic.com\/en\/privacy-policy\/cookies\/\" title=\"Cookies\" target=\"_blank\" rel=\"noopener\">Se och hantera dina cookies h\u00e4r (l\u00e4nk)<\/a><\/span><\/h2>\n<p>Vi behandlar information som samlas in med hj\u00e4lp av cookies och annan teknik som icke-personlig information. I den m\u00e5n IP-adresser (Internet Protocol) eller liknande identifierare betraktas som personlig information enligt lokal lagstiftning behandlar vi \u00e4ven dessa identifierare som personlig information. Om icke-personlig information kombineras med personlig information behandlar vi den kombinerade informationen som personlig information i enlighet med denna sekretesspolicy.<\/p>\n<hr style=\"margin: 2rem 0rem; border: 1px solid #e8ebed;\" \/>\n<h2>2. V\u00e5ra tredjeparts databehandlare<\/h2>\n<p>Vi anv\u00e4nder ett antal tredje parter f\u00f6r att behandla personuppgifter f\u00f6r v\u00e5r r\u00e4kning. Dessa tredje parter har valts ut med omsorg och alla f\u00f6ljer lagstiftningen i EU:s allm\u00e4nna dataskyddsf\u00f6rordning 2018 (GDPR).<\/p>\n<ul>\n<li><a rel=\"noopener\" href=\"https:\/\/policies.google.com\/privacy?hl=en-GB\" target=\"_blank\">Google (sekretesspolicy)<\/a><\/li>\n<li><a rel=\"noopener\" href=\"https:\/\/www.jcd.dk\/jcd-as\/privatlivsbeskyttelse\/\" target=\"_blank\" title=\"JCD A\/S\">JCD A\/S (Integritetspolicy)<\/a><\/li>\n<li><a rel=\"noopener\" href=\"https:\/\/products.office.com\/en-us\/business\/office-365-trust-center-privacy\" target=\"_blank\">Microsoft Office 365 (Integritetspolicy)<\/a><\/li>\n<li><a rel=\"noopener\" href=\"https:\/\/www.microsoft.com\/en-us\/trustcenter\/cloudservices\/dynamics365\" target=\"_blank\">Microsoft Dynamics 365 (s\u00e4kerhet och efterlevnad)<\/a><\/li>\n<\/ul>\n<hr style=\"margin: 2rem 0rem; border: 1px solid #e8ebed;\" \/>\n<h2>3. Hur l\u00e4nge lagrar vi din information<\/h2>\n<p>Vi kommer att beh\u00e5lla dina personuppgifter under den period som kr\u00e4vs f\u00f6r att uppfylla de syften som anges p\u00e5 v\u00e5r \"Samtyckesida\". Du kan alltid kontakta oss om du vill att dina personuppgifter ska raderas fr\u00e5n v\u00e5ra databaser (se avsnitt 6). Vi kommer att svara utan on\u00f6digt dr\u00f6jsm\u00e5l (och under alla omst\u00e4ndigheter inom en m\u00e5nad, \u00e4ven om detta kan f\u00f6rl\u00e4ngas i sv\u00e5ra fall).<\/p>\n<hr style=\"margin: 2rem 0rem; border: 1px solid #e8ebed;\" \/>\n<h2>4. Dataintr\u00e5ng<\/h2>\n<p>Vi kommer att rapportera alla olagliga dataintr\u00e5ng i denna webbplats databas eller i databaserna hos n\u00e5gon av v\u00e5ra tredjepartsdataprocessorer till alla relevanta personer och myndigheter inom 72 timmar efter intr\u00e5nget om det \u00e4r uppenbart att personuppgifter som lagrats p\u00e5 ett identifierbart s\u00e4tt har stulits.<\/p>\n<hr style=\"margin: 2rem 0rem; border: 1px solid #e8ebed;\" \/>\n<h2>5. Personuppgiftsansvarig<\/h2>\n<p>Personuppgiftsansvarig f\u00f6r denna webbplats \u00e4r: Svejsemaskinefabrikken Migatronic A\/S, med organisationsnummer (CVR): 34485216, med s\u00e4te i: Svejsemaskinefabrikken Migatronic A\/S, med organisationsnummer (CVR): 34485216:<\/p>\n<p>Migatronic A\/S<br \/>Aggersundvej 33<br \/>9690 Fjerritslev<\/p>\n<p>Danmark<br \/>Telefon: +45 96 500 600<br \/>E-post: <a rel=\"noopener\" href=\"mailto:sales@migatronic.dk\" target=\"_blank\">sales@migatronic.dk<\/a><br \/>Webbplats: <a rel=\"noopener\" href=\"https:\/\/migatronic.com\" target=\"_blank\">www.migatronic.com<\/a><\/p>\n<hr style=\"margin: 2rem 0rem; border: 1px solid #e8ebed;\" \/>\n<h2>6. R\u00e4tt till tillg\u00e5ng och r\u00e4tt att bli bortgl\u00f6md<\/h2>\n<p>Kontakta oss om du vill beg\u00e4ra tillg\u00e5ng till dina personuppgifter som finns i v\u00e5ra databaser eller om du vill att dina personuppgifter ska raderas fr\u00e5n v\u00e5ra databaser. Vi kommer att svara utan on\u00f6digt dr\u00f6jsm\u00e5l (och under alla omst\u00e4ndigheter inom en m\u00e5nad fr\u00e5n mottagandet av din beg\u00e4ran, \u00e4ven om detta kan f\u00f6rl\u00e4ngas i sv\u00e5ra fall).<\/p>\n<hr style=\"margin: 2rem 0rem; border: 1px solid #e8ebed;\" \/>\n<h2>7. Fr\u00e5gor om integritet<\/h2>\n<p>Om du har n\u00e5gra fr\u00e5gor eller funderingar om sekretesspolicyn eller databehandlingen eller om du vill l\u00e4mna in ett klagom\u00e5l om en eventuell \u00f6vertr\u00e4delse av lokala sekretesslagar, v\u00e4nligen kontakta oss:<\/p>\n<p>N\u00e4r vi f\u00e5r en fr\u00e5ga om integritet eller en beg\u00e4ran om \u00e5tkomst\/nedladdning har vi ett s\u00e4rskilt team som sorterar kontakterna och f\u00f6rs\u00f6ker ta itu med det specifika problemet eller den specifika fr\u00e5ga som du vill ta upp. Om din fr\u00e5ga kan vara mer omfattande kan vi beg\u00e4ra mer information fr\u00e5n dig.<\/p>\n<p>[\/et_pb_text][\/et_pb_column][\/et_pb_row][\/et_pb_section]<\/p>","protected":false},"excerpt":{"rendered":"<p>Privacy Policy We are very delighted that you have shown interest in our enterprise. Data protection is of a particularly high priority for Migatronic A\/S. This Privacy Policy is meant to help you understand what data we collect, why we collect it and what we do with it. This is important, not only to ensure [&hellip;]<\/p>","protected":false},"author":1,"featured_media":0,"parent":0,"menu_order":6,"comment_status":"closed","ping_status":"open","template":"","meta":{"_et_pb_use_builder":"on","_et_pb_old_content":"<!-- wp:heading --><h2>Who we are<\/h2><!-- \/wp:heading --><!-- wp:paragraph --><p><strong class=\"privacy-policy-tutorial\">Suggested text: <\/strong>Our website address is: https:\/\/favourites.migatronic.com\/.<\/p><!-- \/wp:paragraph --><!-- wp:heading --><h2>Comments<\/h2><!-- \/wp:heading --><!-- wp:paragraph --><p><strong class=\"privacy-policy-tutorial\">Suggested text: <\/strong>When visitors leave comments on the site we collect the data shown in the comments form, and also the visitor&#8217;s IP address and browser user agent string to help spam detection.<\/p><!-- \/wp:paragraph --><!-- wp:paragraph --><p>An anonymized string created from your email address (also called a hash) may be provided to the Gravatar service to see if you are using it. The Gravatar service privacy policy is available here: https:\/\/automattic.com\/privacy\/. After approval of your comment, your profile picture is visible to the public in the context of your comment.<\/p><!-- \/wp:paragraph --><!-- wp:heading --><h2>Media<\/h2><!-- \/wp:heading --><!-- wp:paragraph --><p><strong class=\"privacy-policy-tutorial\">Suggested text: <\/strong>If you upload images to the website, you should avoid uploading images with embedded location data (EXIF GPS) included. Visitors to the website can download and extract any location data from images on the website.<\/p><!-- \/wp:paragraph --><!-- wp:heading --><h2>Cookies<\/h2><!-- \/wp:heading --><!-- wp:paragraph --><p><strong class=\"privacy-policy-tutorial\">Suggested text: <\/strong>If you leave a comment on our site you may opt-in to saving your name, email address and website in cookies. These are for your convenience so that you do not have to fill in your details again when you leave another comment. These cookies will last for one year.<\/p><!-- \/wp:paragraph --><!-- wp:paragraph --><p>If you visit our login page, we will set a temporary cookie to determine if your browser accepts cookies. This cookie contains no personal data and is discarded when you close your browser.<\/p><!-- \/wp:paragraph --><!-- wp:paragraph --><p>When you log in, we will also set up several cookies to save your login information and your screen display choices. Login cookies last for two days, and screen options cookies last for a year. If you select &quot;Remember Me&quot;, your login will persist for two weeks. If you log out of your account, the login cookies will be removed.<\/p><!-- \/wp:paragraph --><!-- wp:paragraph --><p>If you edit or publish an article, an additional cookie will be saved in your browser. This cookie includes no personal data and simply indicates the post ID of the article you just edited. It expires after 1 day.<\/p><!-- \/wp:paragraph --><!-- wp:heading --><h2>Embedded content from other websites<\/h2><!-- \/wp:heading --><!-- wp:paragraph --><p><strong class=\"privacy-policy-tutorial\">Suggested text: <\/strong>Articles on this site may include embedded content (e.g. videos, images, articles, etc.). Embedded content from other websites behaves in the exact same way as if the visitor has visited the other website.<\/p><!-- \/wp:paragraph --><!-- wp:paragraph --><p>These websites may collect data about you, use cookies, embed additional third-party tracking, and monitor your interaction with that embedded content, including tracking your interaction with the embedded content if you have an account and are logged in to that website.<\/p><!-- \/wp:paragraph --><!-- wp:heading --><h2>Who we share your data with<\/h2><!-- \/wp:heading --><!-- wp:paragraph --><p><strong class=\"privacy-policy-tutorial\">Suggested text: <\/strong>If you request a password reset, your IP address will be included in the reset email.<\/p><!-- \/wp:paragraph --><!-- wp:heading --><h2>How long we retain your data<\/h2><!-- \/wp:heading --><!-- wp:paragraph --><p><strong class=\"privacy-policy-tutorial\">Suggested text: <\/strong>If you leave a comment, the comment and its metadata are retained indefinitely. This is so we can recognize and approve any follow-up comments automatically instead of holding them in a moderation queue.<\/p><!-- \/wp:paragraph --><!-- wp:paragraph --><p>For users that register on our website (if any), we also store the personal information they provide in their user profile. All users can see, edit, or delete their personal information at any time (except they cannot change their username). Website administrators can also see and edit that information.<\/p><!-- \/wp:paragraph --><!-- wp:heading --><h2>What rights you have over your data<\/h2><!-- \/wp:heading --><!-- wp:paragraph --><p><strong class=\"privacy-policy-tutorial\">Suggested text: <\/strong>If you have an account on this site, or have left comments, you can request to receive an exported file of the personal data we hold about you, including any data you have provided to us. You can also request that we erase any personal data we hold about you. This does not include any data we are obliged to keep for administrative, legal, or security purposes.<\/p><!-- \/wp:paragraph --><!-- wp:heading --><h2>Where we send your data<\/h2><!-- \/wp:heading --><!-- wp:paragraph --><p><strong class=\"privacy-policy-tutorial\">Suggested text: <\/strong>Visitor comments may be checked through an automated spam detection service.<\/p><!-- \/wp:paragraph -->","_et_gb_content_width":"","footnotes":""},"class_list":["post-3","page","type-page","status-publish","hentry"],"_links":{"self":[{"href":"https:\/\/favourites.migatronic.com\/se\/wp-json\/wp\/v2\/pages\/3","targetHints":{"allow":["GET"]}}],"collection":[{"href":"https:\/\/favourites.migatronic.com\/se\/wp-json\/wp\/v2\/pages"}],"about":[{"href":"https:\/\/favourites.migatronic.com\/se\/wp-json\/wp\/v2\/types\/page"}],"author":[{"embeddable":true,"href":"https:\/\/favourites.migatronic.com\/se\/wp-json\/wp\/v2\/users\/1"}],"replies":[{"embeddable":true,"href":"https:\/\/favourites.migatronic.com\/se\/wp-json\/wp\/v2\/comments?post=3"}],"version-history":[{"count":0,"href":"https:\/\/favourites.migatronic.com\/se\/wp-json\/wp\/v2\/pages\/3\/revisions"}],"wp:attachment":[{"href":"https:\/\/favourites.migatronic.com\/se\/wp-json\/wp\/v2\/media?parent=3"}],"curies":[{"name":"wp","href":"https:\/\/api.w.org\/{rel}","templated":true}]}}